{"id":1050,"date":"2021-11-18T17:26:50","date_gmt":"2021-11-18T16:26:50","guid":{"rendered":"https:\/\/certyfikatpolski.pl\/?page_id=1050"},"modified":"2022-10-18T21:39:01","modified_gmt":"2022-10-18T19:39:01","slug":"how-to-obtain-a-state-certificate-in-polish-as-a-foreign-language","status":"publish","type":"page","link":"https:\/\/certyfikatpolski.pl\/en\/w-jaki-sposob-mozna-uzyskac-panstwowy-certyfikat-z-jezyka-polskiego-jako-obcego\/","title":{"rendered":"How can I obtain a state certificate in Polish as a foreign language?"},"content":{"rendered":"<p>Due to numerous questions from potential participants of the state examinations in Polish as a foreign language, we would like to kindly inform you that, in accordance with the Polish Language Act, there are two possibilities to obtain the state certificate in Polish as a foreign language. These are:<\/p>\n\n\n\n<ol class=\"wp-block-list\"><li>taking an examination organised by an approved body,<\/li><li>the procedure for submitting an application together with certain documents confirming the acquisition of an education in Poland.<\/li><\/ol>\n\n\n\n<p>Entitlement to issue a state certificate certifying knowledge of the Polish language <strong>is held only by the State Commission for the Certification of Proficiency in Polish as a Foreign Language.<\/strong>.<\/p>\n\n\n\n<p><strong>Issuing a certificate on the basis of a passed Polish language exam<\/strong><\/p>\n\n\n\n<p>In accordance with Article 11a(1) <em>Laws on the Polish language<\/em> The way to obtain a certificate in Polish as a foreign language is to pass the state examination in Polish as a foreign language.<\/p>\n\n\n\n<p>Only entities authorised to organise certificate examinations are responsible for organising the registration process for state examinations in Polish. The current list of authorised entities is available on the website: <a href=\"https:\/\/www.gov.pl\/web\/edukacja-i-nauka\/lista-podmiotow-uprawnionych-do-organizowania-egzaminow-z-jezyka-polskiego-jako-obcego\">https:\/\/www.gov.pl\/web\/edukacja-i-nauka\/lista-podmiotow-uprawnionych-do-organizowania-egzaminow-z-jezyka-polskiego-jako-obcego<\/a>.<\/p>\n\n\n\n<p>The schedule of examination sessions is set by the State Commission for the Certification of Proficiency in Polish as a Foreign Language.<\/p>\n\n\n\n<p>The schedule of examination sessions for 2022 is available on the website: <a href=\"http:\/\/certyfikatpolski.pl\/en\/news\/dates-of-examination-sessions-in-2022\/\">http:\/\/certyfikatpolski.pl\/aktualnosci\/terminy-sesji-egzaminacyjnych-w-2022-roku\/<\/a>.<\/p>\n\n\n\n<p><strong>Issuing a certificate without examination<\/strong><\/p>\n\n\n\n<p>In accordance with the provisions of <em>Laws on the Polish language<\/em> persons fulfilling certain conditions may obtain a certificate of proficiency in Polish without passing a state examination.<\/p>\n\n\n\n<p>These conditions are laid down in Article 11a(4): <em>A person referred to in paragraph 1 who is <strong>a university graduate who<\/strong> <strong>completed her studies<\/strong> <strong><u>in Polish<\/u><\/strong>, or <strong>a secondary school or a post-secondary school that holds a secondary school certificate, <u>operating in the education system of the Republic of Poland<\/u><\/strong>, upon application and payment of the certificate fee, receives the certificate without having to pass an examination.<\/em><\/p>\n\n\n\n<p>According to the above article, only three documents are eligible to apply for a certificate without having to pass an exam:<\/p>\n\n\n\n<ol class=\"wp-block-list\"><li>(a) a secondary school leaving certificate obtained in the Republic of Poland,<\/li><li>(b) a first-cycle degree obtained in the Republic of Poland,<\/li><li>(c) a second-cycle degree obtained in the Republic of Poland (or a diploma of a uniform 5-year master's degree).<\/li><\/ol>\n\n\n\n<p>The procedure for issuing certificates is regulated in \u00a730&nbsp;<em>Regulation of the Ministry of Education of 26 February 2016 on examinations in Polish as a foreign language<\/em>&nbsp;<a href=\"http:\/\/www.dziennikustaw.gov.pl\/du\/2016\/405\/\" target=\"_blank\" rel=\"noopener\" data-saferedirecturl=\"https:\/\/www.google.com\/url?q=http:\/\/www.dziennikustaw.gov.pl\/du\/2016\/405\/&amp;source=gmail&amp;ust=1637399418285000&amp;usg=AOvVaw2jlr0n7jlU851dNv3kyQWM\">http:\/\/www.<wbr>dziennikustaw.gov.pl\/du\/2016\/<wbr>405\/<\/a>.<\/p>\n\n\n\n<p>At the same time, we would like to inform you that the use of a false certificate or the counterfeiting or alteration of an authentic document may lead to criminal liability under Article 270 of the Penal Code.<\/p>\n\n\n\n<p><a href=\"http:\/\/isap.sejm.gov.pl\/isap.nsf\/download.xsp\/WDU19990900999\/U\/D19990999Lj.pdf\">http:\/\/isap.sejm.gov.pl\/isap.nsf\/download.xsp\/WDU19990900999\/U\/D19990999Lj.pdf<\/a><\/p>","protected":false},"excerpt":{"rendered":"<p>W zwi\u0105zku z licznymi pytaniami potencjalnych uczestnik\u00f3w pa\u0144stwowych egzamin\u00f3w z j\u0119zyka polskiego jako obcego uprzejmie informujemy, \u017ce zgodnie z Ustaw\u0105 o j\u0119zyku polskim istniej\u0105 dwie mo\u017cliwo\u015bci uzyskania pa\u0144stwowego certyfikatu z j\u0119zyka polskiego jako obcego. S\u0105 to: przyst\u0105pienie do egzaminu organizowanego przez podmiot uprawniony, procedura z\u0142o\u017cenia wniosku wraz z okre\u015blonymi dokumentami potwierdzaj\u0105cymi zdobycie wykszta\u0142cenia w Polsce. [&hellip;]<\/p>\n","protected":false},"author":1,"featured_media":0,"parent":0,"menu_order":0,"comment_status":"closed","ping_status":"closed","template":"","meta":{"footnotes":""},"class_list":["post-1050","page","type-page","status-publish","hentry"],"_links":{"self":[{"href":"https:\/\/certyfikatpolski.pl\/en\/wp-json\/wp\/v2\/pages\/1050","targetHints":{"allow":["GET"]}}],"collection":[{"href":"https:\/\/certyfikatpolski.pl\/en\/wp-json\/wp\/v2\/pages"}],"about":[{"href":"https:\/\/certyfikatpolski.pl\/en\/wp-json\/wp\/v2\/types\/page"}],"author":[{"embeddable":true,"href":"https:\/\/certyfikatpolski.pl\/en\/wp-json\/wp\/v2\/users\/1"}],"replies":[{"embeddable":true,"href":"https:\/\/certyfikatpolski.pl\/en\/wp-json\/wp\/v2\/comments?post=1050"}],"version-history":[{"count":4,"href":"https:\/\/certyfikatpolski.pl\/en\/wp-json\/wp\/v2\/pages\/1050\/revisions"}],"predecessor-version":[{"id":109434,"href":"https:\/\/certyfikatpolski.pl\/en\/wp-json\/wp\/v2\/pages\/1050\/revisions\/109434"}],"wp:attachment":[{"href":"https:\/\/certyfikatpolski.pl\/en\/wp-json\/wp\/v2\/media?parent=1050"}],"curies":[{"name":"wp","href":"https:\/\/api.w.org\/{rel}","templated":true}]}}