{"id":11,"date":"2017-03-01T20:56:04","date_gmt":"2017-03-01T19:56:04","guid":{"rendered":"http:\/\/serwer1554250.home.pl\/pl.certyfikatpolski\/?page_id=11"},"modified":"2024-08-16T08:52:43","modified_gmt":"2024-08-16T06:52:43","slug":"state-commission","status":"publish","type":"page","link":"https:\/\/certyfikatpolski.pl\/en\/system-certyfikacji\/panstwowa-komisja\/","title":{"rendered":"State Commission"},"content":{"rendered":"<h3 class=\"wp-block-heading\"><strong>Composition of the State Commission for the Certification of Proficiency in Polish as a Foreign Language<\/strong> <strong>(term of office 2024 - 2028)<\/strong><\/h3>\n\n\n\n<ul class=\"wp-block-list\">\n<li>Chair - Aleksandra Achtelik, PhD, Professor at the University of Silesia,<\/li>\n\n\n\n<li>Secretary - Dr Agnieszka Rabiej, Jagiellonian University,<\/li>\n\n\n\n<li>Dr Iwona Dembowska-Wosik, University of Lodz,<\/li>\n\n\n\n<li>Dr Maciej Ganczar, Professor at the Medical University of Warsaw, Ministry of Science and Higher Education,<\/li>\n\n\n\n<li>Prof. Dr. Przemys\u0142aw G\u0119bal, University of Gda\u0144sk, Ministry of National Education,<\/li>\n\n\n\n<li>Dr Piotr Kajak, University of Warsaw,<\/li>\n\n\n\n<li>Dr Katarzyna K\u0142osi\u0144ska, Professor at the University of Warsaw,<\/li>\n\n\n\n<li>Prof. Dr. Aneta Lewi\u0144ska, University of Gda\u0144sk,<\/li>\n\n\n\n<li>Agata Ma\u0142yska, PhD, Professor at Maria-Curie Sk\u0142odowska University,<\/li>\n\n\n\n<li>Dr Iwona Pa\u0142ucka-Czerniak, Professor at the University of Zielona G\u00f3ra,<\/li>\n\n\n\n<li>Dr Wioletta Pr\u00f3chniak, John Paul II Catholic University of Lublin,<\/li>\n\n\n\n<li>Joanna Stachyra, Ministry of Foreign Affairs,<\/li>\n\n\n\n<li>Dr Marek Szladowski, Ministry of Culture and National Heritage,<\/li>\n\n\n\n<li>Dr Anna \u017burek, Professor at the University of Wroc\u0142aw.<\/li>\n<\/ul>","protected":false},"excerpt":{"rendered":"<p>Sk\u0142ad Pa\u0144stwowej Komisji do spraw Po\u015bwiadczania Znajomo\u015bci J\u0119zyka Polskiego jako Obcego (kadencja 2024 &#8211; 2028)<\/p>","protected":false},"author":1,"featured_media":0,"parent":598,"menu_order":300,"comment_status":"closed","ping_status":"closed","template":"","meta":{"footnotes":""},"class_list":["post-11","page","type-page","status-publish","hentry"],"_links":{"self":[{"href":"https:\/\/certyfikatpolski.pl\/en\/wp-json\/wp\/v2\/pages\/11","targetHints":{"allow":["GET"]}}],"collection":[{"href":"https:\/\/certyfikatpolski.pl\/en\/wp-json\/wp\/v2\/pages"}],"about":[{"href":"https:\/\/certyfikatpolski.pl\/en\/wp-json\/wp\/v2\/types\/page"}],"author":[{"embeddable":true,"href":"https:\/\/certyfikatpolski.pl\/en\/wp-json\/wp\/v2\/users\/1"}],"replies":[{"embeddable":true,"href":"https:\/\/certyfikatpolski.pl\/en\/wp-json\/wp\/v2\/comments?post=11"}],"version-history":[{"count":14,"href":"https:\/\/certyfikatpolski.pl\/en\/wp-json\/wp\/v2\/pages\/11\/revisions"}],"predecessor-version":[{"id":110681,"href":"https:\/\/certyfikatpolski.pl\/en\/wp-json\/wp\/v2\/pages\/11\/revisions\/110681"}],"up":[{"embeddable":true,"href":"https:\/\/certyfikatpolski.pl\/en\/wp-json\/wp\/v2\/pages\/598"}],"wp:attachment":[{"href":"https:\/\/certyfikatpolski.pl\/en\/wp-json\/wp\/v2\/media?parent=11"}],"curies":[{"name":"wp","href":"https:\/\/api.w.org\/{rel}","templated":true}]}}