{"id":110236,"date":"2023-12-27T10:18:46","date_gmt":"2023-12-27T09:18:46","guid":{"rendered":"https:\/\/certyfikatpolski.pl\/?page_id=110236"},"modified":"2025-09-01T13:09:19","modified_gmt":"2025-09-01T11:09:19","slug":"submission-of-an-application","status":"publish","type":"page","link":"https:\/\/certyfikatpolski.pl\/en\/wydawanie-certyfikatu-bez-egzaminu\/skladanie-wniosku\/","title":{"rendered":"Submission of the application"},"content":{"rendered":"<p>An application for a certificate without passing an examination should be submitted to the Commission via the National Academic Exchange Agency.<\/p>\n\n\n\n<p>Applications may be submitted at&nbsp;<a href=\"https:\/\/programs.nawa.gov.pl\/login\" target=\"_blank\" rel=\"noreferrer noopener\">NAWA ICT system<\/a><\/p>\n\n\n\n<p>Application instructions -&nbsp;<a href=\"https:\/\/certyfikatpolski.pl\/wp-content\/uploads\/2023\/12\/Instrukcja_wniosek-NAWA.pdf\">for<\/a><a href=\"https:\/\/certyfikatpolski.pl\/wp-content\/uploads\/2023\/12\/Instrukcja_wniosek-NAWA.pdf\" target=\"_blank\" rel=\"noreferrer noopener\">b<\/a><a href=\"https:\/\/certyfikatpolski.pl\/wp-content\/uploads\/2023\/12\/Instrukcja_wniosek-NAWA.pdf\">rania<\/a><\/p>\n\n\n\n<p>The application is examined by the State Commission for the Certification of Proficiency in Polish as a Foreign Language, which adopts a relevant resolution.<\/p>\n\n\n\n<p>&nbsp;Information on the result of the Commission's consideration of the application and data for the transfer of the fee for the issue of the certificate (equivalent of 20 Euros in PLN) are sent by e-mail to the address given in the application. The Commission's resolution is uploaded to the NAWA system.<\/p>\n\n\n\n<p><strong>Please do not send a transfer confirmation.<\/strong><\/p>\n\n\n\n<p>The certificate is issued within 30 days from the date the fee is credited.<\/p>\n\n\n\n<p><strong>NOTE!<\/strong> Due to the large number of applications for certification without having to pass an exam, the waiting period for the Commission to process an application is approximately 120 days.<\/p>\n\n\n\n<p>If you have any questions, please contact us by email:&nbsp;<a href=\"mailto:certyfikat_wniosek@nawa.gov.pl\">certyfikat.wniosek@nawa.gov.pl<\/a>&nbsp;or by telephone: +48 509 359 543, +48 451 058 652<br>(Telephone duty hours: Monday: 13:00 - 15:00, Tuesday - Friday: 09:00 - 11:00)<\/p>","protected":false},"excerpt":{"rendered":"<p>Wniosek o wydanie certyfikatu bez zdawania egzaminu nale\u017cy z\u0142o\u017cy\u0107 do Komisji za po\u015brednictwem Narodowej Agencji Wymiany Akademickiej. Wnioski mo\u017cna sk\u0142ada\u0107 w&nbsp;systemie teleinformatycznym NAWA Instrukcja sk\u0142adania wniosku \u2013&nbsp;do pobrania Wniosek jest rozpatrywany przez Pa\u0144stwow\u0105 Komisj\u0119 ds. Po\u015bwiadczania Znajomo\u015bci J\u0119zyka Polskiego jako Obcego, kt\u00f3ra podejmuje stosown\u0105 uchwa\u0142\u0119. &nbsp;Informacja o wyniku rozpatrzenia wniosku przez Komisj\u0119&nbsp; oraz dane do [&hellip;]<\/p>\n","protected":false},"author":1,"featured_media":0,"parent":40,"menu_order":0,"comment_status":"closed","ping_status":"closed","template":"","meta":{"footnotes":""},"class_list":["post-110236","page","type-page","status-publish","hentry"],"_links":{"self":[{"href":"https:\/\/certyfikatpolski.pl\/en\/wp-json\/wp\/v2\/pages\/110236","targetHints":{"allow":["GET"]}}],"collection":[{"href":"https:\/\/certyfikatpolski.pl\/en\/wp-json\/wp\/v2\/pages"}],"about":[{"href":"https:\/\/certyfikatpolski.pl\/en\/wp-json\/wp\/v2\/types\/page"}],"author":[{"embeddable":true,"href":"https:\/\/certyfikatpolski.pl\/en\/wp-json\/wp\/v2\/users\/1"}],"replies":[{"embeddable":true,"href":"https:\/\/certyfikatpolski.pl\/en\/wp-json\/wp\/v2\/comments?post=110236"}],"version-history":[{"count":16,"href":"https:\/\/certyfikatpolski.pl\/en\/wp-json\/wp\/v2\/pages\/110236\/revisions"}],"predecessor-version":[{"id":111143,"href":"https:\/\/certyfikatpolski.pl\/en\/wp-json\/wp\/v2\/pages\/110236\/revisions\/111143"}],"up":[{"embeddable":true,"href":"https:\/\/certyfikatpolski.pl\/en\/wp-json\/wp\/v2\/pages\/40"}],"wp:attachment":[{"href":"https:\/\/certyfikatpolski.pl\/en\/wp-json\/wp\/v2\/media?parent=110236"}],"curies":[{"name":"wp","href":"https:\/\/api.w.org\/{rel}","templated":true}]}}