{"id":19,"date":"2025-06-30T21:35:06","date_gmt":"2025-06-30T19:35:06","guid":{"rendered":"http:\/\/serwer1554250.home.pl\/pl.certyfikatpolski\/?page_id=19"},"modified":"2025-06-30T21:32:42","modified_gmt":"2025-06-30T19:32:42","slug":"faqs","status":"publish","type":"page","link":"https:\/\/certyfikatpolski.pl\/en\/najczesciej-zadawane-pytania\/","title":{"rendered":"FAQ"},"content":{"rendered":"<p><strong>What are the examination dates?<br><\/strong>The examination dates are set by the PKdsPZJPjO. They are published at&nbsp;<a href=\"http:\/\/certyfikatpolski.pl\/en\/\">certyfikatpolski.pl<\/a> under <em>Examination dates <\/em>approximately three months before the first examination of the year. <\/p>\n\n\n\n<hr class=\"wp-block-separator alignfull has-alpha-channel-opacity is-style-wide\"\/>\n\n\n\n<p><strong>In which cities can the exam be taken?<br><\/strong>The list of examination centres is published at&nbsp;<a href=\"http:\/\/certyfikatpolski.pl\/en\/\">certyfikatpolski.pl<\/a> under <em>News<\/em> Approximately 2 months before the examination, after receiving a declaration from the centres of their intention to hold the examination on the date announced by the PKdsPZJPjO. <\/p>\n\n\n\n<hr class=\"wp-block-separator alignfull has-alpha-channel-opacity is-style-wide\"\/>\n\n\n\n<p><strong>Where can I find a list of centres authorised to conduct examinations?<br><\/strong>The current list is available at <a href=\"http:\/\/certyfikatpolski.pl\/en\/\">certyfikatpolski.pl<\/a> under <em><em>About the exam.<\/em><\/em><\/p>\n\n\n\n<hr class=\"wp-block-separator alignfull has-alpha-channel-opacity is-style-wide\"\/>\n\n\n\n<p><strong>How do I register for the exam?<br><\/strong>Information on registration is available at <a href=\"http:\/\/certyfikatpolski.pl\/en\/\">certyfikatpolski.pl<\/a> under <em><em>Registration for the exam.<\/em><\/em><\/p>\n\n\n\n<hr class=\"wp-block-separator alignfull has-alpha-channel-opacity is-style-wide\"\/>\n\n\n\n<p><strong>By what date can I register for the examination and pay the examination fee?<br><\/strong>The registration deadline does not start earlier than two months before the examination, while the payment deadline is set individually by each examination centre and is published on the centre's website. <\/p>\n\n\n\n<hr class=\"wp-block-separator alignfull has-alpha-channel-opacity is-style-wide\"\/>\n\n\n\n<p><strong>What is the cost of the exam?<br><\/strong>The amount of the examination fee is set by each centre individually, but the fee may not be higher than:<br>a. 90 euros for levels: A1, A2, B1 and B2 (exam adapted for children and young people)<br>b. 120 euros for levels: A1 and A2 (exam adapted for adults)<br>c. 150 euros for levels: B1 and B2 (exam adapted to adults)<br>d. 180 euros for levels: C1 and C2 (exam adapted for adults) <\/p>\n\n\n\n<hr class=\"wp-block-separator alignfull has-alpha-channel-opacity is-style-wide\"\/>\n\n\n\n<p><strong>How many points do you need to get to pass the exam?<br><\/strong>To pass the examination&nbsp;<strong>for adults is to obtain at<\/strong>:<br>*&nbsp;<strong>A1, A2<\/strong>: at least 50% marks in the written part of the examination and 50% marks in the oral part of the examination<br>*&nbsp;<strong>B1<\/strong>: at least 50% marks in each module of the written part of the examination and 50% marks in the oral part of the examination<br>*&nbsp;<strong>B2, C1, C2<\/strong>: at least 60% marks in each module of the written part of the examination and 60% marks in the oral part of the examination<br><strong>Examination for children and young people<\/strong>&nbsp;is passed after scoring at least 50% in the written part of the examination and 50% in the oral part of the examination at all language proficiency levels (A1, A2, B1, B2). <\/p>\n\n\n\n<hr class=\"wp-block-separator alignfull has-alpha-channel-opacity is-style-wide\"\/>\n\n\n\n<p><strong>What level of examination is sufficient to apply for Polish citizenship?<br><\/strong>Information on this matter can be obtained from the local provincial office processing citizenship applications (Foreigners Division). <\/p>\n\n\n\n<hr class=\"wp-block-separator alignfull has-alpha-channel-opacity is-style-wide\"\/>\n\n\n\n<p><strong>Where can I find sample tests for a particular level?<br><\/strong>Sample tests are available at&nbsp;<a href=\"http:\/\/certyfikatpolski.pl\/en\/\">certyfikatpolski.pl<\/a> under <em><em>About the exam.<\/em><\/em><\/p>\n\n\n\n<hr class=\"wp-block-separator alignfull has-alpha-channel-opacity is-style-wide\"\/>\n\n\n\n<p><strong>At what date after the exam is the certificate issued?<br><\/strong>The certificate is issued within 30 days of receipt of the examination report and its annexes and payment by the examination centre of a fee of \u20ac20 per certificate for each person who has passed the examination.  <\/p>\n\n\n\n<hr class=\"wp-block-separator alignfull has-alpha-channel-opacity is-style-wide\"\/>\n\n\n\n<p><strong>What is the certificate for?<br><\/strong>The certificate in Polish as a foreign language is the only state document certifying knowledge of Polish. The examination is taken by people who would like to document their level of proficiency in Polish. So far, this has most often been done by foreigners studying or working in Poland, but recently there have also been many people who wish to certify their knowledge of Polish when applying for Polish citizenship (based on the Act on Polish Citizenship of 15 August 2012). The certificate is also sought by Poles residing permanently abroad, who see their knowledge of Polish as a strong asset on the global labour market. More and more often, a language certificate is required from foreigners employed in Poland in the case of positions where they will use the Polish language. This is the case, among others, in the health service (e.g. Nursing Boards expect foreigners employed in Polish hospitals and outpatient clinics to certify their Polish language skills at B1 level) or in the civil service (a foreigner taking up a job in the civil service in Poland is expected to have a Polish language certificate at B2 level). There is also growing interest in the examination among secondary school graduates in e.g. Germany, Belarus or the USA. Educational authorities in some countries recognise the certificate of proficiency in Polish as another foreign language as a document entitling to additional points during the matriculation examination. The certificate is also obtained by foreign students studying in Poland or foreigners applying for a place at a Polish university. The certificate exempts those planning to continue their studies in Poland from language preparatory courses before beginning their studies. Depending on the type of studies, universities impose different Polish language requirements on foreigners. For artistic and performance faculties (studies in music, fine arts, physical education), knowledge of Polish at B1 level is required, for other university faculties it is generally necessary to know Polish at the general intermediate level - B2. Among the foreigners taking the certificate examination are also employees of international corporations, civil servants, teachers, managers, employees of foreign banks, insurance companies. A positive result in the exam makes it easier for them to obtain a permanent work contract and settle in Poland. <\/p>\n\n\n\n<hr class=\"wp-block-separator alignfull has-alpha-channel-opacity is-style-wide\"\/>\n\n\n\n<p><strong>How long is the certificate valid?<\/strong><br>The certificate is valid indefinitely. <\/p>\n\n\n\n<hr class=\"wp-block-separator alignfull has-alpha-channel-opacity is-style-wide\"\/>\n\n\n\n<p><strong>After what period of time is it possible to take the exam again in the event of a negative result?<br><\/strong>There is no set period of time to wait after a failed exam and therefore it is possible to take the exam as early as the next examination session.<\/p>\n\n\n\n<p><\/p>","protected":false},"excerpt":{"rendered":"<p>Jakie s\u0105 terminy egzamin\u00f3w?Terminy egzamin\u00f3w ustala PKdsPZJPjO. S\u0105 one publikowane na stronie&nbsp;certyfikatpolski.pl w zak\u0142adce Terminy egzamin\u00f3w na ok. 3 miesi\u0105ce przed pierwszym egzaminem w danym roku. W jakich miastach mo\u017cna zda\u0107 egzamin?Lista o\u015brodk\u00f3w egzaminacyjnych publikowana jest na stronie&nbsp;certyfikatpolski.pl w zak\u0142adce Aktualno\u015bci na ok. 2 miesi\u0105ce przed egzaminem, po uprzednim otrzymaniu deklaracji z o\u015brodk\u00f3w o zamiarze [&hellip;]<\/p>\n","protected":false},"author":1,"featured_media":0,"parent":0,"menu_order":700,"comment_status":"closed","ping_status":"closed","template":"","meta":{"footnotes":""},"class_list":["post-19","page","type-page","status-publish","hentry"],"_links":{"self":[{"href":"https:\/\/certyfikatpolski.pl\/en\/wp-json\/wp\/v2\/pages\/19","targetHints":{"allow":["GET"]}}],"collection":[{"href":"https:\/\/certyfikatpolski.pl\/en\/wp-json\/wp\/v2\/pages"}],"about":[{"href":"https:\/\/certyfikatpolski.pl\/en\/wp-json\/wp\/v2\/types\/page"}],"author":[{"embeddable":true,"href":"https:\/\/certyfikatpolski.pl\/en\/wp-json\/wp\/v2\/users\/1"}],"replies":[{"embeddable":true,"href":"https:\/\/certyfikatpolski.pl\/en\/wp-json\/wp\/v2\/comments?post=19"}],"version-history":[{"count":17,"href":"https:\/\/certyfikatpolski.pl\/en\/wp-json\/wp\/v2\/pages\/19\/revisions"}],"predecessor-version":[{"id":111064,"href":"https:\/\/certyfikatpolski.pl\/en\/wp-json\/wp\/v2\/pages\/19\/revisions\/111064"}],"wp:attachment":[{"href":"https:\/\/certyfikatpolski.pl\/en\/wp-json\/wp\/v2\/media?parent=19"}],"curies":[{"name":"wp","href":"https:\/\/api.w.org\/{rel}","templated":true}]}}