{"id":21,"date":"2017-03-01T20:57:48","date_gmt":"2017-03-01T19:57:48","guid":{"rendered":"http:\/\/serwer1554250.home.pl\/pl.certyfikatpolski\/?page_id=21"},"modified":"2026-01-28T16:37:39","modified_gmt":"2026-01-28T15:37:39","slug":"contact","status":"publish","type":"page","link":"https:\/\/certyfikatpolski.pl\/en\/kontakt\/","title":{"rendered":"Contact"},"content":{"rendered":"<h3 class=\"wp-block-heading\">Address<\/h3>\n\n\n\n<p>Secretariat of the State Commission for the Certification of Proficiency in Polish as a Foreign Language<br>PL-00-635 Warsaw, ul. Polna 40<\/p>\n\n\n\n<h3 class=\"wp-block-heading\">E-mail<\/h3>\n\n\n\n<p><a href=\"mailto:certyfikacja@nawa.gov.pl\">certyfikacja@nawa.gov.pl<\/a><\/p>\n\n\n\n<h3 class=\"wp-block-heading\">Phone<\/h3>\n\n\n\n<p>+48 (22) 390 35 37<br>+48 (22) 390 35 87<\/p>\n\n\n\n<p><\/p>\n\n\n\n<p>Telephone duty hours:<br>Monday: 13:00 - 15:00<br>Tuesday - Friday: 09:00 - 11:00<\/p>\n\n\n\n<hr class=\"wp-block-separator has-alpha-channel-opacity is-style-wide\"\/>\n\n\n\n<p><\/p>\n\n\n\n<h3 class=\"wp-block-heading\">Applications for certification without examination<\/h3>\n\n\n\n<p>Contact details<br>e-mail <a href=\"mailto:certyfikat_wniosek@nawa.gov.pl\">certyfikat.wniosek@nawa.gov.pl<\/a><br><br>tel. +48 451 058 645<br>tel. +48 509 359 543<br>tel. +48 451 058 652<\/p>\n\n\n\n<p>Telephone duty hours:<br>Monday: 13:00 - 15:00<br>Tuesday - Friday: 09:00 - 11:00<\/p>","protected":false},"excerpt":{"rendered":"<p>Adres Sekretariat Pa\u0144stwowej Komisji do spraw Po\u015bwiadczania Znajomo\u015bci J\u0119zyka Polskiego jako ObcegoPL-00-635 Warszawa, ul. Polna 40 E-mail certyfikacja@nawa.gov.pl Telefon +48 (22) 390 35 37+48 (22) 390 35 87 Godziny dy\u017cur\u00f3w telefonicznych:poniedzia\u0142ek: 13:00 \u2013 15:00wtorek \u2013 pi\u0105tek: 09:00 \u2013 11:00 Wnioski o wydanie certyfikatu bez egzaminu Dane kontaktowee-mail certyfikat.wniosek@nawa.gov.pl tel. +48 451 058 645tel. +48 509 [&hellip;]<\/p>\n","protected":false},"author":1,"featured_media":0,"parent":0,"menu_order":800,"comment_status":"closed","ping_status":"closed","template":"","meta":{"footnotes":""},"class_list":["post-21","page","type-page","status-publish","hentry"],"_links":{"self":[{"href":"https:\/\/certyfikatpolski.pl\/en\/wp-json\/wp\/v2\/pages\/21","targetHints":{"allow":["GET"]}}],"collection":[{"href":"https:\/\/certyfikatpolski.pl\/en\/wp-json\/wp\/v2\/pages"}],"about":[{"href":"https:\/\/certyfikatpolski.pl\/en\/wp-json\/wp\/v2\/types\/page"}],"author":[{"embeddable":true,"href":"https:\/\/certyfikatpolski.pl\/en\/wp-json\/wp\/v2\/users\/1"}],"replies":[{"embeddable":true,"href":"https:\/\/certyfikatpolski.pl\/en\/wp-json\/wp\/v2\/comments?post=21"}],"version-history":[{"count":24,"href":"https:\/\/certyfikatpolski.pl\/en\/wp-json\/wp\/v2\/pages\/21\/revisions"}],"predecessor-version":[{"id":111227,"href":"https:\/\/certyfikatpolski.pl\/en\/wp-json\/wp\/v2\/pages\/21\/revisions\/111227"}],"wp:attachment":[{"href":"https:\/\/certyfikatpolski.pl\/en\/wp-json\/wp\/v2\/media?parent=21"}],"curies":[{"name":"wp","href":"https:\/\/api.w.org\/{rel}","templated":true}]}}