{"id":36,"date":"2017-03-01T22:31:21","date_gmt":"2017-03-01T21:31:21","guid":{"rendered":"http:\/\/serwer1554250.home.pl\/pl.certyfikatpolski\/?page_id=36"},"modified":"2022-10-18T21:55:57","modified_gmt":"2022-10-18T19:55:57","slug":"examination-fees","status":"publish","type":"page","link":"https:\/\/certyfikatpolski.pl\/en\/o-egzaminie\/oplaty-za-egzamin\/","title":{"rendered":"Examination fees"},"content":{"rendered":"<p>There is a fee for the examinations, but the amount of the fees is set by each examination centre (authorised entities), not exceeding the maximum amount for an examination at a given level, as defined by the legislator:<\/p>\n\n\n\n<ul class=\"wp-block-list\"><li>90 \u20ac - A1-B2 exams for children and young people,<\/li><li>120 \u20ac - level A1, A2 in a group of adults,<\/li><li>150 \u20ac - B1 level, B2 in adult group,<\/li><li>180 \u20ac - level C1, C2 in adult group.<\/li><\/ul>\n\n\n\n<p><i>The fee for issuing the certificate is the PLN equivalent of \u20ac20.<\/i><\/p>","protected":false},"excerpt":{"rendered":"<p>Egzaminy s\u0105 odp\u0142atne, ale wysoko\u015b\u0107 op\u0142at ustala ka\u017cdy z o\u015brodk\u00f3w egzaminacyjnych (podmiot\u00f3w uprawnionych), nie przekraczaj\u0105c maksymalnej sumy za egzamin na danym poziomie zaawansowania, okre\u015blonej przez ustawodawc\u0119: 90 \u20ac \u2013 egzaminy A1-B2 dla dzieci i m\u0142odzie\u017cy, 120 \u20ac \u2013 poziom A1, A2 w grupie doros\u0142ych, 150 \u20ac \u2013 poziom B1, B2 w grupie doros\u0142ych, 180 \u20ac [&hellip;]<\/p>\n","protected":false},"author":1,"featured_media":0,"parent":13,"menu_order":0,"comment_status":"closed","ping_status":"closed","template":"","meta":{"footnotes":""},"class_list":["post-36","page","type-page","status-publish","hentry"],"_links":{"self":[{"href":"https:\/\/certyfikatpolski.pl\/en\/wp-json\/wp\/v2\/pages\/36","targetHints":{"allow":["GET"]}}],"collection":[{"href":"https:\/\/certyfikatpolski.pl\/en\/wp-json\/wp\/v2\/pages"}],"about":[{"href":"https:\/\/certyfikatpolski.pl\/en\/wp-json\/wp\/v2\/types\/page"}],"author":[{"embeddable":true,"href":"https:\/\/certyfikatpolski.pl\/en\/wp-json\/wp\/v2\/users\/1"}],"replies":[{"embeddable":true,"href":"https:\/\/certyfikatpolski.pl\/en\/wp-json\/wp\/v2\/comments?post=36"}],"version-history":[{"count":2,"href":"https:\/\/certyfikatpolski.pl\/en\/wp-json\/wp\/v2\/pages\/36\/revisions"}],"predecessor-version":[{"id":109451,"href":"https:\/\/certyfikatpolski.pl\/en\/wp-json\/wp\/v2\/pages\/36\/revisions\/109451"}],"up":[{"embeddable":true,"href":"https:\/\/certyfikatpolski.pl\/en\/wp-json\/wp\/v2\/pages\/13"}],"wp:attachment":[{"href":"https:\/\/certyfikatpolski.pl\/en\/wp-json\/wp\/v2\/media?parent=36"}],"curies":[{"name":"wp","href":"https:\/\/api.w.org\/{rel}","templated":true}]}}