{"id":38,"date":"2017-03-01T22:31:29","date_gmt":"2017-03-01T21:31:29","guid":{"rendered":"http:\/\/serwer1554250.home.pl\/pl.certyfikatpolski\/?page_id=38"},"modified":"2022-10-18T21:58:51","modified_gmt":"2022-10-18T19:58:51","slug":"applications-for-examination","status":"publish","type":"page","link":"https:\/\/certyfikatpolski.pl\/en\/o-egzaminie\/zgloszenia-na-egzamin\/","title":{"rendered":"Applications for the examination"},"content":{"rendered":"<p>Candidates should apply to the centres that will organise the examinations. The Minister of Science and Higher Education grants, administratively, the authority to organise examinations. According to the Act, examination centres can be Polish or foreign higher education institutions which offer studies in Polish philology and Polish or foreign institutions which have been teaching Polish as a foreign language or other classes in Polish for at least three years. Once the candidates are registered in the electronic database, the examinations are conducted by examiners - the chairpersons of the committees - who are included in the ministerial list and the members of the committees associated with the given centre. Their qualifications and tasks are specified in the Act.<\/p>\n\n\n\n<p>The list of entities authorised to conduct examinations in Polish as a foreign language is available on the BIP website of the Ministry of Science and Higher Education at<\/p>\n\n\n\n<p><a href=\"http:\/\/www.bip.nauka.gov.pl\/certyfikacja-jezyka-polskiego-jako-obcego\/lista-podmiotow-uprawnionych-do-organizowania-egzaminow-z-jezyka-polskiego-jako-obcego_mnisw.html\" target=\"_blank\" rel=\"noopener\">http:\/\/www.bip.nauka.gov.pl\/certyfikacja-jezyka-polskiego-jako-obcego\/lista-podmiotow-uprawnionych-do-organizowania-egzaminow-z-jezyka-polskiego-jako-obcego_mnisw.html<\/a><\/p>","protected":false},"excerpt":{"rendered":"<p>Kandydaci powinni si\u0119 zg\u0142asza\u0107 do o\u015brodk\u00f3w, kt\u00f3re b\u0119d\u0105 organizowa\u0107 egzaminy. Minister Nauki i Szkolnictwa Wy\u017cszego nadaje, na drodze administracyjnej, uprawnienia do organizowania egzamin\u00f3w. Wed\u0142ug ustawy o\u015brodkiem egzaminacyjnym mog\u0105 by\u0107 polskie lub zagraniczne szko\u0142y wy\u017csze prowadz\u0105ce studia w zakresie filologii polskiej oraz polskie lub zagraniczne plac\u00f3wki, kt\u00f3re od co najmniej trzech lat prowadz\u0105 zaj\u0119cia dydaktyczne z [&hellip;]<\/p>\n","protected":false},"author":1,"featured_media":0,"parent":13,"menu_order":0,"comment_status":"closed","ping_status":"closed","template":"","meta":{"footnotes":""},"class_list":["post-38","page","type-page","status-publish","hentry"],"_links":{"self":[{"href":"https:\/\/certyfikatpolski.pl\/en\/wp-json\/wp\/v2\/pages\/38","targetHints":{"allow":["GET"]}}],"collection":[{"href":"https:\/\/certyfikatpolski.pl\/en\/wp-json\/wp\/v2\/pages"}],"about":[{"href":"https:\/\/certyfikatpolski.pl\/en\/wp-json\/wp\/v2\/types\/page"}],"author":[{"embeddable":true,"href":"https:\/\/certyfikatpolski.pl\/en\/wp-json\/wp\/v2\/users\/1"}],"replies":[{"embeddable":true,"href":"https:\/\/certyfikatpolski.pl\/en\/wp-json\/wp\/v2\/comments?post=38"}],"version-history":[{"count":2,"href":"https:\/\/certyfikatpolski.pl\/en\/wp-json\/wp\/v2\/pages\/38\/revisions"}],"predecessor-version":[{"id":109458,"href":"https:\/\/certyfikatpolski.pl\/en\/wp-json\/wp\/v2\/pages\/38\/revisions\/109458"}],"up":[{"embeddable":true,"href":"https:\/\/certyfikatpolski.pl\/en\/wp-json\/wp\/v2\/pages\/13"}],"wp:attachment":[{"href":"https:\/\/certyfikatpolski.pl\/en\/wp-json\/wp\/v2\/media?parent=38"}],"curies":[{"name":"wp","href":"https:\/\/api.w.org\/{rel}","templated":true}]}}