{"id":40,"date":"2017-03-01T22:31:37","date_gmt":"2017-03-01T21:31:37","guid":{"rendered":"http:\/\/serwer1554250.home.pl\/pl.certyfikatpolski\/?page_id=40"},"modified":"2026-01-28T16:38:33","modified_gmt":"2026-01-28T15:38:33","slug":"issue-of-a-certificate-without-examination","status":"publish","type":"page","link":"https:\/\/certyfikatpolski.pl\/en\/wydawanie-certyfikatu-bez-egzaminu\/","title":{"rendered":"Issuing a certificate without examination"},"content":{"rendered":"<p>From 1 July 2025, the provisions are changing&nbsp;<em>Laws on the Polish language<\/em>. According to the regulations in force as of that date, persons who:<\/p>\n\n\n\n<p>- have obtained the degree of doctor on the basis of a doctoral dissertation written and defended in the Polish language in a higher education institution or an entity operating in the higher education and science system of the Republic of Poland.<\/p>\n\n\n\n<p><strong>(REQUIRED DOCUMENTS: Doctoral diploma and certificate from the university, confirming that the doctoral dissertation was written and defended in Polish.<\/strong>);<\/p>\n\n\n\n<p>- have graduated from a tertiary programme taught in Polish in a higher education institution operating within the higher education and science system of the Republic of Poland;<\/p>\n\n\n\n<p><strong>(DOCUMENTS REQUIRED: Graduation diploma with diploma supplement);<\/strong><\/p>\n\n\n\n<p>- received a secondary school certificate in the educational system of the Republic of Poland.<\/p>\n\n\n\n<p><strong>(REQUIRED DOCUMENTS: School Leaving Certificate);<\/strong><\/p>\n\n\n\n<p>The certificate can also be awarded to those who have completed:<\/p>\n\n\n\n<p>- school at the diplomatic representations, consular offices and military representations of the Republic of Poland;<\/p>\n\n\n\n<p><strong>(REQUIRED DOCUMENT: Certificate of completion of supplementary education in general secondary education);<\/strong><\/p>\n\n\n\n<p>- a school in a country other than Poland in which they have studied the Polish language and other subjects in that language and have completed secondary education;<\/p>\n\n\n\n<p><strong>(REQUIRED DOCUMENTS: Diploma of secondary education obtained in a school with Polish as the language of instruction functioning in the educational system of another country together with sworn translation of documents into Polish);<\/strong><\/p>\n\n\n\n<p>- European School and have a European Baccalaureate diploma, including the result of an examination in Polish as a mother tongue,<\/p>\n\n\n\n<p><strong>(DOCUMENT REQUIRED: European School Leaving Certificate with European Baccalaureate Diploma<\/strong>);<\/p>\n\n\n\n<p>- a form of education provided by a social organisation registered abroad or by another foreign entity in which teaching of the Polish language or other subjects in the Polish language is provided abroad. A necessary condition is to have been taught the Polish language or other subjects in the Polish language for at least 11 years;<\/p>\n\n\n\n<p><strong>(REQUIRED DOCUMENTS: Consul's certificate - model certificate available under \u201eDocuments required\u201d).<\/strong><\/p>\n\n\n\n<p><strong>PLEASE NOTE: completion of post-secondary school and post-graduate studies does not entitle you to receive a certificate without examination.<\/strong><\/p>\n\n\n\n<p>Applications must be submitted at&nbsp;<a href=\"https:\/\/programs.nawa.gov.pl\/login\" target=\"_blank\" rel=\"noreferrer noopener\">NAWA ICT system<\/a><\/p>\n\n\n\n<p>Application instructions -&nbsp;<a href=\"https:\/\/certyfikatpolski.pl\/wp-content\/uploads\/2023\/12\/Instrukcja_wniosek-NAWA.pdf\" target=\"_blank\" rel=\"noreferrer noopener\">downloadable<\/a><\/p>\n\n\n\n<p>Anyone interested in the procedure should contact us by email or telephone: <br>+48 451\u00a0058\u00a0645<br>+48 509 359\u00a0543<br>+48 451 058\u00a0652<\/p>\n\n\n\n<p>Telephone duty hours:<\/p>\n\n\n\n<p>Monday: 13:00 - 15:00<br>Tuesday - Friday: 9:00 - 11:00 a.m.<\/p>\n\n\n\n<div style=\"height:50px\" aria-hidden=\"true\" class=\"wp-block-spacer\"><\/div>\n\n\n\n<div class=\"wp-block-columns is-layout-flex wp-container-core-columns-is-layout-9d6595d7 wp-block-columns-is-layout-flex\">\n<div class=\"wp-block-column is-layout-flow wp-block-column-is-layout-flow\">\n<figure class=\"wp-block-embed is-type-wp-embed is-provider-certyfikatpolski-pl wp-block-embed-certyfikatpolski-pl\"><div class=\"wp-block-embed__wrapper\">\n<blockquote class=\"wp-embedded-content\" data-secret=\"hOIY6gezP3\"><a href=\"https:\/\/certyfikatpolski.pl\/en\/issue-of-a-certificate-without-examination\/legal-basis\/\">Legal basis<\/a><\/blockquote><iframe loading=\"lazy\" class=\"wp-embedded-content\" sandbox=\"allow-scripts\" security=\"restricted\" style=\"position: absolute; visibility: hidden;\" title=\"\u201eLegal basis\u201d - certyfikatpolski.pl\" src=\"https:\/\/certyfikatpolski.pl\/wydawanie-certyfikatu-bez-egzaminu\/podstawa-prawna\/embed\/#?secret=TCXPVYYzH6#?secret=hOIY6gezP3\" data-secret=\"hOIY6gezP3\" width=\"600\" height=\"338\" frameborder=\"0\" marginwidth=\"0\" marginheight=\"0\" scrolling=\"no\"><\/iframe>\n<\/div><\/figure>\n\n\n\n<figure class=\"wp-block-embed is-type-wp-embed is-provider-certyfikatpolski-pl wp-block-embed-certyfikatpolski-pl\"><div class=\"wp-block-embed__wrapper\">\n<blockquote class=\"wp-embedded-content\" data-secret=\"RlcUuM1g3s\"><a href=\"https:\/\/certyfikatpolski.pl\/en\/issue-of-a-certificate-without-examination\/documents-required\/\">Documents required<\/a><\/blockquote><iframe loading=\"lazy\" class=\"wp-embedded-content\" sandbox=\"allow-scripts\" security=\"restricted\" style=\"position: absolute; visibility: hidden;\" title=\"\u201eDocuments required\u201d - certyfikatpolski.pl\" src=\"https:\/\/certyfikatpolski.pl\/wydawanie-certyfikatu-bez-egzaminu\/wymagane-dokumenty\/embed\/#?secret=0h3tZtcbcv#?secret=RlcUuM1g3s\" data-secret=\"RlcUuM1g3s\" width=\"600\" height=\"338\" frameborder=\"0\" marginwidth=\"0\" marginheight=\"0\" scrolling=\"no\"><\/iframe>\n<\/div><\/figure>\n\n\n\n<figure class=\"wp-block-embed is-type-wp-embed is-provider-certyfikatpolski-pl wp-block-embed-certyfikatpolski-pl\"><div class=\"wp-block-embed__wrapper\">\n<blockquote class=\"wp-embedded-content\" data-secret=\"cMDjwcRusK\"><a href=\"https:\/\/certyfikatpolski.pl\/en\/annual-schedule-of-meetings-of-the-national-commission\/\">Schedule of meetings of the State Commission<\/a><\/blockquote><iframe loading=\"lazy\" class=\"wp-embedded-content\" sandbox=\"allow-scripts\" security=\"restricted\" style=\"position: absolute; visibility: hidden;\" title=\"\u201eSchedule of meetings of the State Commission\u201d. - certyfikatpolski.pl\" src=\"https:\/\/certyfikatpolski.pl\/roczny-harmonogram-posiedzen-panstwowej-komisji\/embed\/#?secret=UpZJt3QykR#?secret=cMDjwcRusK\" data-secret=\"cMDjwcRusK\" width=\"600\" height=\"338\" frameborder=\"0\" marginwidth=\"0\" marginheight=\"0\" scrolling=\"no\"><\/iframe>\n<\/div><\/figure>\n<\/div>\n\n\n\n<div class=\"wp-block-column is-layout-flow wp-block-column-is-layout-flow\">\n<figure class=\"wp-block-embed is-type-wp-embed is-provider-certyfikatpolski-pl wp-block-embed-certyfikatpolski-pl\"><div class=\"wp-block-embed__wrapper\">\n<blockquote class=\"wp-embedded-content\" data-secret=\"YnNBMp4yay\"><a href=\"https:\/\/certyfikatpolski.pl\/en\/issue-of-a-certificate-without-examination\/submission-of-an-application\/\">Submission of the application<\/a><\/blockquote><iframe loading=\"lazy\" class=\"wp-embedded-content\" sandbox=\"allow-scripts\" security=\"restricted\" style=\"position: absolute; visibility: hidden;\" title=\"\u201eMaking an application\u201d - certyfikatpolski.pl\" src=\"https:\/\/certyfikatpolski.pl\/wydawanie-certyfikatu-bez-egzaminu\/skladanie-wniosku\/embed\/#?secret=jyysvPhx9h#?secret=YnNBMp4yay\" data-secret=\"YnNBMp4yay\" width=\"600\" height=\"338\" frameborder=\"0\" marginwidth=\"0\" marginheight=\"0\" scrolling=\"no\"><\/iframe>\n<\/div><\/figure>\n\n\n\n<figure class=\"wp-block-embed is-type-wp-embed is-provider-certyfikatpolski-pl wp-block-embed-certyfikatpolski-pl\"><div class=\"wp-block-embed__wrapper\">\n<blockquote class=\"wp-embedded-content\" data-secret=\"FjMuZU1sX7\"><a href=\"https:\/\/certyfikatpolski.pl\/en\/issue-of-a-certificate-without-examination\/level-of-linguistic-proficiency\/\">Language proficiency level<\/a><\/blockquote><iframe loading=\"lazy\" class=\"wp-embedded-content\" sandbox=\"allow-scripts\" security=\"restricted\" style=\"position: absolute; visibility: hidden;\" title=\"\u201eLanguage proficiency level\u201d - certyfikatpolski.pl\" src=\"https:\/\/certyfikatpolski.pl\/wydawanie-certyfikatu-bez-egzaminu\/poziom-bieglosci-jezykowej\/embed\/#?secret=rge7hHQ9ZL#?secret=FjMuZU1sX7\" data-secret=\"FjMuZU1sX7\" width=\"600\" height=\"338\" frameborder=\"0\" marginwidth=\"0\" marginheight=\"0\" scrolling=\"no\"><\/iframe>\n<\/div><\/figure>\n<\/div>\n<\/div>","protected":false},"excerpt":{"rendered":"<p>Od 1 lipca 2025 r. zmianie ulegaj\u0105 zapisy&nbsp;Ustawy o j\u0119zyku polskim. Zgodnie z obowi\u0105zuj\u0105cymi od tego dnia przepisami, o wydanie certyfikatu po\u015bwiadczaj\u0105cego znajomo\u015b\u0107 j\u0119zyka polskiego jako obcego bez zdawania egzaminu mog\u0105 si\u0119 ubiega\u0107 osoby, kt\u00f3re: \u2013 uzyska\u0142y stopie\u0144 doktora na podstawie rozprawy doktorskiej napisanej i obronionej w j\u0119zyku polskim w uczelni lub podmiocie, dzia\u0142aj\u0105cych w [&hellip;]<\/p>\n","protected":false},"author":1,"featured_media":0,"parent":0,"menu_order":0,"comment_status":"closed","ping_status":"closed","template":"","meta":{"footnotes":""},"class_list":["post-40","page","type-page","status-publish","hentry"],"_links":{"self":[{"href":"https:\/\/certyfikatpolski.pl\/en\/wp-json\/wp\/v2\/pages\/40","targetHints":{"allow":["GET"]}}],"collection":[{"href":"https:\/\/certyfikatpolski.pl\/en\/wp-json\/wp\/v2\/pages"}],"about":[{"href":"https:\/\/certyfikatpolski.pl\/en\/wp-json\/wp\/v2\/types\/page"}],"author":[{"embeddable":true,"href":"https:\/\/certyfikatpolski.pl\/en\/wp-json\/wp\/v2\/users\/1"}],"replies":[{"embeddable":true,"href":"https:\/\/certyfikatpolski.pl\/en\/wp-json\/wp\/v2\/comments?post=40"}],"version-history":[{"count":22,"href":"https:\/\/certyfikatpolski.pl\/en\/wp-json\/wp\/v2\/pages\/40\/revisions"}],"predecessor-version":[{"id":111228,"href":"https:\/\/certyfikatpolski.pl\/en\/wp-json\/wp\/v2\/pages\/40\/revisions\/111228"}],"wp:attachment":[{"href":"https:\/\/certyfikatpolski.pl\/en\/wp-json\/wp\/v2\/media?parent=40"}],"curies":[{"name":"wp","href":"https:\/\/api.w.org\/{rel}","templated":true}]}}