{"id":46,"date":"2017-03-01T22:32:40","date_gmt":"2017-03-01T21:32:40","guid":{"rendered":"http:\/\/serwer1554250.home.pl\/pl.certyfikatpolski\/?page_id=46"},"modified":"2022-10-18T22:30:26","modified_gmt":"2022-10-18T20:30:26","slug":"structure-of-the-examination","status":"publish","type":"page","link":"https:\/\/certyfikatpolski.pl\/en\/o-egzaminie\/struktura-egzaminu\/","title":{"rendered":"Structure of the examination"},"content":{"rendered":"<figure class=\"wp-block-table\"><table><thead><tr><th class=\"has-text-align-center\" data-align=\"center\">\n\t\t\t\t\t<strong>Proficiency level \/ target group<\/strong><\/th><th class=\"has-text-align-center\" data-align=\"center\"><strong>Duration of written test<\/strong>\n\t\t\t\t<\/th><th>\n\t\t\t\t\t<strong>Components of the written examination (skills tested)<\/strong>\n\t\t\t\t<\/th><th class=\"has-text-align-center\" data-align=\"center\">\n\t\t\t\t\t<strong>Duration of the oral examination<\/strong>\n\t\t\t\t<\/th><th class=\"has-text-align-center\" data-align=\"center\">\n\t\t\t\t\t<strong>Threshold for passing the examination<\/strong>\n\t\t\t\t<\/th><\/tr><\/thead><tbody><tr><td class=\"has-text-align-center\" data-align=\"center\"><strong style=\"font-size: revert; font-family: inherit;\">A1 adults<\/strong>\t\t\t\t<\/td><td class=\"has-text-align-center\" data-align=\"center\">no longer than 120 minutes<\/td><td><ul><li>listening comprehension<\/li><li>reading comprehension<\/li><li>written expression<\/li><\/ul><\/td><td class=\"has-text-align-center\" data-align=\"center\">no more than 10 minutes<\/td><td class=\"has-text-align-center\" data-align=\"center\">at least 50% marks in the written part and 50% marks in the oral part of the examination<\/td><\/tr><tr><td class=\"has-text-align-center\" data-align=\"center\"><strong style=\"font-size: revert; font-family: inherit;\">A2 adults<\/strong><\/td><td class=\"has-text-align-center\" data-align=\"center\">no more than 160 minutes<\/td><td><ul><li>listening comprehension<\/li><li>reading comprehension with recognition of grammatical structures<\/li><li>written expression<\/li><\/ul><\/td><td class=\"has-text-align-center\" data-align=\"center\">no more than 10 minutes<\/td><td class=\"has-text-align-center\" data-align=\"center\">at least 50% marks in the written part and 50% marks in the oral part of the examination<\/td><\/tr><tr><td class=\"has-text-align-center\" data-align=\"center\"><strong style=\"font-size: revert; font-family: inherit;\">B1 adults<\/strong><\/td><td class=\"has-text-align-center\" data-align=\"center\">no longer than 190 minutes<\/td><td><ul><li>listening comprehension<\/li><li>reading comprehension<\/li><li>grammatical correctness<\/li><li>written expression<\/li><\/ul><\/td><td class=\"has-text-align-center\" data-align=\"center\">no longer than 15 minutes<\/td><td class=\"has-text-align-center\" data-align=\"center\">at least 50% marks in each part of the examination<\/td><\/tr><tr><td class=\"has-text-align-center\" data-align=\"center\"><strong style=\"font-size: revert; font-family: inherit;\">B2 adults<\/strong><\/td><td class=\"has-text-align-center\" data-align=\"center\">no more than 250 minutes<\/td><td><ul><li>listening comprehension<\/li><li>reading comprehension<\/li><li>grammatical correctness<\/li><li>written expression<\/li><\/ul><\/td><td class=\"has-text-align-center\" data-align=\"center\">no longer than 15 minutes<\/td><td class=\"has-text-align-center\" data-align=\"center\">at least 60% points in each part of the examination<\/td><\/tr><tr><td class=\"has-text-align-center\" data-align=\"center\"><strong style=\"font-size: revert; font-family: inherit;\">C1 adults<\/strong><\/td><td class=\"has-text-align-center\" data-align=\"center\">no more than 250 minutes<\/td><td><ul><li>listening comprehension<\/li><li>reading comprehension<\/li><li>grammatical correctness<\/li><li>written expression<\/li><\/ul><\/td><td class=\"has-text-align-center\" data-align=\"center\">no longer than 20 minutes<\/td><td class=\"has-text-align-center\" data-align=\"center\">at least 60% points in each part of the examination<\/td><\/tr><tr><td class=\"has-text-align-center\" data-align=\"center\"><strong style=\"font-size: revert; font-family: inherit;\">C2 adults<\/strong><\/td><td class=\"has-text-align-center\" data-align=\"center\">no longer than 290 minutes<\/td><td><ul><li>listening comprehension<\/li><li>reading comprehension<\/li><li>grammatical correctness<\/li><li>written expression<\/li><\/ul><\/td><td class=\"has-text-align-center\" data-align=\"center\">no longer than 30 minutes<\/td><td class=\"has-text-align-center\" data-align=\"center\">at least 60% points in each part of the examination<\/td><\/tr><tr><td class=\"has-text-align-center\" data-align=\"center\"><strong style=\"font-size: revert; font-family: inherit;\">A1 children and adolescents<\/strong><\/td><td class=\"has-text-align-center\" data-align=\"center\">no longer than 120 minutes<\/td><td><ul><li>listening comprehension<\/li><li>reading comprehension<\/li><li>written expression<\/li><\/ul><\/td><td class=\"has-text-align-center\" data-align=\"center\">no more than 10 minutes<\/td><td class=\"has-text-align-center\" data-align=\"center\">at least 50% marks in the written part and 50% marks in the oral part of the examination<\/td><\/tr><tr><td class=\"has-text-align-center\" data-align=\"center\"><strong style=\"font-size: revert; font-family: inherit;\">A2 children and adolescents<\/strong><\/td><td class=\"has-text-align-center\" data-align=\"center\">no more than 160 minutes<\/td><td><ul><li>listening comprehension<\/li><li>reading comprehension with recognition of grammatical structures<\/li><li>written expression<\/li><\/ul><\/td><td class=\"has-text-align-center\" data-align=\"center\">no more than 10 minutes<\/td><td class=\"has-text-align-center\" data-align=\"center\">at least 50% marks in the written part and 50% marks in the oral part of the examination<\/td><\/tr><tr><td class=\"has-text-align-center\" data-align=\"center\"><strong style=\"font-size: revert; font-family: inherit;\">B1 children and adolescents<\/strong><\/td><td class=\"has-text-align-center\" data-align=\"center\">no longer than 190 minutes<\/td><td><ul><li>listening comprehension<\/li><li>reading comprehension with recognition of grammatical structures<\/li><li>written expression<\/li><\/ul><\/td><td class=\"has-text-align-center\" data-align=\"center\">no longer than 15 minutes<\/td><td class=\"has-text-align-center\" data-align=\"center\">at least 50% marks in the written part and 50% marks in the oral part of the examination<\/td><\/tr><tr><td class=\"has-text-align-center\" data-align=\"center\"><strong style=\"font-size: revert; font-family: inherit;\">B2 children and adolescents<\/strong><\/td><td class=\"has-text-align-center\" data-align=\"center\">no more than 250 minutes<\/td><td><ul><li>listening comprehension<\/li><li>reading comprehension<\/li><li>grammatical correctness<\/li><li>written expression<\/li><\/ul><\/td><td class=\"has-text-align-center\" data-align=\"center\">no longer than 15 minutes<\/td><td class=\"has-text-align-center\" data-align=\"center\">at least 50% marks in the written part and 50% marks in the oral part of the examination<\/td><\/tr><\/tbody><\/table><\/figure>\n\n\n\n<p><i>* Currently, the examinations can be taken at A2, B1, B2, C1 and C2 level in the group adapted to adults and at B1 and B2 level in the group adapted to children and young people.<\/i><\/p>\n\n\n\n<div style=\"height:30px\" aria-hidden=\"true\" class=\"wp-block-spacer\"><\/div>\n\n\n\n<h2 class=\"wp-block-heading\"><strong>Written examination<\/strong><\/h2>\n\n\n\n<div style=\"height:30px\" aria-hidden=\"true\" class=\"wp-block-spacer\"><\/div>\n\n\n\n<h4 class=\"wp-block-heading\">Listening comprehension<\/h4>\n\n\n\n<p>In this part of the examination, candidates listen to the recordings once or twice. While listening, they solve tasks: marking the correct answers or filling in gaps in the text or answering questions. The tasks test your understanding of the text.<\/p>\n\n\n\n<h4 class=\"wp-block-heading\">Reading comprehension<\/h4>\n\n\n\n<p>In this part of the examination, candidates read texts. The task is to read the texts (single-sentence texts, paragraphs, longer texts) carefully and mark or give the correct answer to the questions on each text. The tasks test general and selective reading comprehension.<\/p>\n\n\n\n<h4 class=\"wp-block-heading\">Grammatical correctness<\/h4>\n\n\n\n<p>Tasks in this part of the examination involve either identifying and marking the correct form (choice task) or creating and writing down the correct grammatical form. The aim of this part of the test is to test the ability to use correct grammatical forms in practice, which is why the tasks usually take the form of short texts which form a logical whole.<\/p>\n\n\n\n<h4 class=\"wp-block-heading\">Written statement<\/h4>\n\n\n\n<p>The task for the candidates is to choose one of the task sets and write the texts as instructed. The topics are formulated in such a way that they do not require specialist knowledge. The aim of this part of the examination is to test the ability to formulate a written statement and not to test the candidates' knowledge of a specific topic.<\/p>\n\n\n\n<h3 class=\"wp-block-heading\">&nbsp;<\/h3>\n\n\n\n<h2 class=\"wp-block-heading\"><strong>Oral examination<\/strong><\/h2>\n\n\n\n<p>In this part of the examination, the task is to create an oral statement based on a variety of material - textual and iconographic. Candidates draw one of three sets, each consisting of two or three tasks, and then perform the tasks in front of a panel.<\/p>","protected":false},"excerpt":{"rendered":"<p>Poziom zaawansowania \/ grupa docelowa Czas trwania egzaminu pisemnego Cz\u0119\u015bci sk\u0142adowe egzaminu pisemnego (testowane umiej\u0119tno\u015bci) Czas trwania egzaminu ustnego Pr\u00f3g zaliczenia egzaminu A1 doro\u015bli nie d\u0142u\u017cej ni\u017c 120 minut rozumienie ze s\u0142uchu rozumienie tekst\u00f3w pisanych wypowied\u017a pisemna nie d\u0142u\u017cej ni\u017c 10 minut co najmniej 50% punkt\u00f3w z cz\u0119\u015bci pisemnej i 50% punkt\u00f3w z cz\u0119\u015bci ustnej [&hellip;]<\/p>\n","protected":false},"author":1,"featured_media":0,"parent":13,"menu_order":10,"comment_status":"closed","ping_status":"closed","template":"","meta":{"footnotes":""},"class_list":["post-46","page","type-page","status-publish","hentry"],"_links":{"self":[{"href":"https:\/\/certyfikatpolski.pl\/en\/wp-json\/wp\/v2\/pages\/46","targetHints":{"allow":["GET"]}}],"collection":[{"href":"https:\/\/certyfikatpolski.pl\/en\/wp-json\/wp\/v2\/pages"}],"about":[{"href":"https:\/\/certyfikatpolski.pl\/en\/wp-json\/wp\/v2\/types\/page"}],"author":[{"embeddable":true,"href":"https:\/\/certyfikatpolski.pl\/en\/wp-json\/wp\/v2\/users\/1"}],"replies":[{"embeddable":true,"href":"https:\/\/certyfikatpolski.pl\/en\/wp-json\/wp\/v2\/comments?post=46"}],"version-history":[{"count":9,"href":"https:\/\/certyfikatpolski.pl\/en\/wp-json\/wp\/v2\/pages\/46\/revisions"}],"predecessor-version":[{"id":109472,"href":"https:\/\/certyfikatpolski.pl\/en\/wp-json\/wp\/v2\/pages\/46\/revisions\/109472"}],"up":[{"embeddable":true,"href":"https:\/\/certyfikatpolski.pl\/en\/wp-json\/wp\/v2\/pages\/13"}],"wp:attachment":[{"href":"https:\/\/certyfikatpolski.pl\/en\/wp-json\/wp\/v2\/media?parent=46"}],"curies":[{"name":"wp","href":"https:\/\/api.w.org\/{rel}","templated":true}]}}