{"id":52,"date":"2017-03-01T22:33:20","date_gmt":"2017-03-01T21:33:20","guid":{"rendered":"http:\/\/serwer1554250.home.pl\/pl.certyfikatpolski\/?page_id=52"},"modified":"2022-10-18T22:33:02","modified_gmt":"2022-10-18T20:33:02","slug":"materials-and-manuals","status":"publish","type":"page","link":"https:\/\/certyfikatpolski.pl\/en\/o-egzaminie\/materialy-i-podreczniki\/","title":{"rendered":"Materials and manuals"},"content":{"rendered":"<p>There are a number of teaching aids available on the market which can be used to prepare for the certificate examination in Polish as a foreign language. A list of publications for each language level is presented below. However, this is not an exhaustive list, but a selection of materials published after 2000. The lists of publications presented (updated in December 2016) are not an official recommendation and do not exclude the use of other aids.<\/p>\n\n\n\n<p><strong>LIST OF TEACHING AIDS FOR EACH LEVEL<\/strong><\/p>\n\n\n\n<ul class=\"wp-block-list\"><li><a href=\"http:\/\/certyfikatpolski.pl\/wp-content\/uploads\/2017\/03\/7_PUB_A1.pdf\">LEVEL A1<\/a><\/li><li><a href=\"http:\/\/certyfikatpolski.pl\/wp-content\/uploads\/2017\/03\/7_PUB_A2.pdf\">LEVEL A2<\/a><\/li><li><a href=\"http:\/\/certyfikatpolski.pl\/wp-content\/uploads\/2017\/03\/7_PUB_B1.pdf\">LEVEL B1<\/a><\/li><li><a href=\"http:\/\/certyfikatpolski.pl\/wp-content\/uploads\/2017\/03\/7_PUB_B2.pdf\">LEVEL B2<\/a><\/li><li><a href=\"http:\/\/certyfikatpolski.pl\/wp-content\/uploads\/2017\/03\/7_PUB_C1.pdf\">LEVEL C1<\/a><\/li><li><a href=\"http:\/\/certyfikatpolski.pl\/wp-content\/uploads\/2017\/03\/7_PUB_C2.pdf\">LEVEL C2<\/a><\/li><\/ul>","protected":false},"excerpt":{"rendered":"<p>Na rynku wydawniczym istnieje szereg pomocy dydaktycznych, przy pomocy kt\u00f3rych mo\u017cna przygotowywa\u0107 si\u0119 do egzaminu certyfikatowego z j\u0119zyka polskiego jako obcego. Spis publikacji dla ka\u017cdego z poziom\u00f3w zaawansowania j\u0119zykowego zamieszczono poni\u017cej. Nie jest to jednak wyczerpuj\u0105ca lista, lecz wyb\u00f3r materia\u0142\u00f3w, kt\u00f3re ukaza\u0142y si\u0119 po 2000 r. Przedstawione listy publikacji (uaktualnione w grudniu 2016 r.) nie [&hellip;]<\/p>\n","protected":false},"author":1,"featured_media":0,"parent":13,"menu_order":40,"comment_status":"closed","ping_status":"closed","template":"","meta":{"footnotes":""},"class_list":["post-52","page","type-page","status-publish","hentry"],"_links":{"self":[{"href":"https:\/\/certyfikatpolski.pl\/en\/wp-json\/wp\/v2\/pages\/52","targetHints":{"allow":["GET"]}}],"collection":[{"href":"https:\/\/certyfikatpolski.pl\/en\/wp-json\/wp\/v2\/pages"}],"about":[{"href":"https:\/\/certyfikatpolski.pl\/en\/wp-json\/wp\/v2\/types\/page"}],"author":[{"embeddable":true,"href":"https:\/\/certyfikatpolski.pl\/en\/wp-json\/wp\/v2\/users\/1"}],"replies":[{"embeddable":true,"href":"https:\/\/certyfikatpolski.pl\/en\/wp-json\/wp\/v2\/comments?post=52"}],"version-history":[{"count":2,"href":"https:\/\/certyfikatpolski.pl\/en\/wp-json\/wp\/v2\/pages\/52\/revisions"}],"predecessor-version":[{"id":109480,"href":"https:\/\/certyfikatpolski.pl\/en\/wp-json\/wp\/v2\/pages\/52\/revisions\/109480"}],"up":[{"embeddable":true,"href":"https:\/\/certyfikatpolski.pl\/en\/wp-json\/wp\/v2\/pages\/13"}],"wp:attachment":[{"href":"https:\/\/certyfikatpolski.pl\/en\/wp-json\/wp\/v2\/media?parent=52"}],"curies":[{"name":"wp","href":"https:\/\/api.w.org\/{rel}","templated":true}]}}