{"id":598,"date":"2019-11-26T05:52:44","date_gmt":"2019-11-26T04:52:44","guid":{"rendered":"http:\/\/certyfikatpolski.pl\/?page_id=598"},"modified":"2025-02-21T22:53:00","modified_gmt":"2025-02-21T21:53:00","slug":"certification-scheme","status":"publish","type":"page","link":"https:\/\/certyfikatpolski.pl\/en\/system-certyfikacji\/","title":{"rendered":"Certification scheme"},"content":{"rendered":"<p>The first state certificate examinations in Polish as a foreign language were held in 2004. This event of great importance for the promotion of the Polish language was the culmination of many years of work by a team of specialists - representatives of academic centres involved in the education of foreigners in Poland.<\/p>\n\n\n\n<p>At that time, the general framework for official certification of knowledge of the Polish language and the issuance of certificates was set out in the Act of 11 April 2003 (Act amending the Act on the Polish language - Journal of Laws of the Republic of Poland No. 73 of 30 April 2003). Two detailed provisions (Regulations of the Minister of National Education and Sport on the State Commission for the Certification of Proficiency in Polish as a Foreign Language and on the Polish Language as a Foreign Language Examinations of 15 October 2003 - Journal of Laws of the Republic of Poland No. 191 of 12 November 2003) to this Act, issued in the same year, specified the tasks and rules of operation of the State Commission for the Certification of Proficiency in Polish as a Foreign Language and the State Examination Boards, as well as detailed conditions for holding examinations and issuing certificates called certificates of proficiency in Polish, and standards of requirements for particular proficiency levels. The aforementioned legal acts were the basis for holding examinations for adults at three proficiency levels: B1, B2 and C2 for 11 years (2004-2015). During this period, 10,029 people took the Polish language exam.<\/p>\n\n\n\n<p>A reform of the system was launched in 2015. The basic legal acts on which the current system is based are the Polish Language Act (see below) and two regulations governing the functioning of the State Commission for the Certification of Proficiency in Polish as a Foreign Language (see below) and the rules for the organisation of examinations (see below). The mentioned legal acts provide for examinations at 6 language proficiency levels: A1 - C2 in the group adapted to adults and A1 - B2 in the group adapted to children and adolescents. The Ordinance on examinations also sets out the rules for issuing certificates without passing an exam, which can be applied for by graduates of Polish upper secondary schools, secondary schools and higher education institutions.<\/p>\n\n\n\n<p><a href=\"http:\/\/certyfikatpolski.pl\/wp-content\/uploads\/2017\/03\/1_Ustawa.pdf\" target=\"_blank\" rel=\"noopener noreferrer\">Polish Language Act of 12 June 2015 amending the Polish Language Act<\/a><\/p>\n\n\n\n<p><a href=\"http:\/\/certyfikatpolski.pl\/wp-content\/uploads\/2017\/03\/2_Rozporzadzenie-o-PKdsPZJPjO.pdf\" target=\"_blank\" rel=\"noopener noreferrer\">Regulation of the Minister of Science and Higher Education of 11 December 2015 on the State Commission for the Certification of Proficiency in Polish as a Foreign Language<\/a><\/p>\n\n\n\n<p><a href=\"https:\/\/dziennikustaw.gov.pl\/D2025000021701.pdf\" target=\"_blank\" rel=\"noreferrer noopener\">Regulation of the Minister of Science and Higher Education of 14 February 2025 on examinations in Polish as a foreign language<\/a><\/p>","protected":false},"excerpt":{"rendered":"<p>Pierwsze pa\u0144stwowe egzaminy certyfikatowe z j\u0119zyka polskiego jako obcego odby\u0142y si\u0119 w 2004 roku. To wydarzenie wielkiej wagi dla promocji j\u0119zyka polskiego by\u0142o ukoronowaniem wieloletniej pracy zespo\u0142u specjalist\u00f3w \u2013 przedstawicieli o\u015brodk\u00f3w akademickich zajmuj\u0105cych si\u0119 kszta\u0142ceniem obcokrajowc\u00f3w w Polsce. Og\u00f3lne ramy urz\u0119dowego po\u015bwiadczania znajomo\u015bci j\u0119zyka polskiego i wydawania certyfikat\u00f3w okre\u015bla\u0142a w\u00f3wczas ustawa z 11 kwietnia 2003 [&hellip;]<\/p>\n","protected":false},"author":1,"featured_media":0,"parent":0,"menu_order":0,"comment_status":"closed","ping_status":"closed","template":"","meta":{"footnotes":""},"class_list":["post-598","page","type-page","status-publish","hentry"],"_links":{"self":[{"href":"https:\/\/certyfikatpolski.pl\/en\/wp-json\/wp\/v2\/pages\/598","targetHints":{"allow":["GET"]}}],"collection":[{"href":"https:\/\/certyfikatpolski.pl\/en\/wp-json\/wp\/v2\/pages"}],"about":[{"href":"https:\/\/certyfikatpolski.pl\/en\/wp-json\/wp\/v2\/types\/page"}],"author":[{"embeddable":true,"href":"https:\/\/certyfikatpolski.pl\/en\/wp-json\/wp\/v2\/users\/1"}],"replies":[{"embeddable":true,"href":"https:\/\/certyfikatpolski.pl\/en\/wp-json\/wp\/v2\/comments?post=598"}],"version-history":[{"count":5,"href":"https:\/\/certyfikatpolski.pl\/en\/wp-json\/wp\/v2\/pages\/598\/revisions"}],"predecessor-version":[{"id":111012,"href":"https:\/\/certyfikatpolski.pl\/en\/wp-json\/wp\/v2\/pages\/598\/revisions\/111012"}],"wp:attachment":[{"href":"https:\/\/certyfikatpolski.pl\/en\/wp-json\/wp\/v2\/media?parent=598"}],"curies":[{"name":"wp","href":"https:\/\/api.w.org\/{rel}","templated":true}]}}