{"id":62,"date":"2017-03-01T22:34:29","date_gmt":"2017-03-01T21:34:29","guid":{"rendered":"http:\/\/serwer1554250.home.pl\/pl.certyfikatpolski\/?page_id=62"},"modified":"2023-01-19T07:52:23","modified_gmt":"2023-01-19T06:52:23","slug":"european-innovation-mark","status":"publish","type":"page","link":"https:\/\/certyfikatpolski.pl\/en\/system-certyfikacji\/europejski-znak-innowacyjnosci\/","title":{"rendered":"European innovation mark"},"content":{"rendered":"<p>We are delighted to announce that on 23 September 2015, Prof W\u0142adys\u0142aw Miodunka and Dr Gra\u017cyna Przechodzka received the EUROPEAN SIGN OF INNOVATION IN THE FOREIGN LANGUAGE TEACHING AND LEARNING at the European Commission Representation in Poland.<\/p>\n\n\n\n<p>The Chair of the European Language Label competition jury, Professor Anna Komorowska, presented the President of the PKPZJPjO and Dr G. Przechodzka, coordinator of the Task Authors and Examiners Team, with a diploma signed by the EU Commissioner for Education, Culture, Youth and Sport and the Minister of National Education.<\/p>\n\n\n\n<p>The subject of the project awarded the European Language Label 2015 honorary certificate is a system of certification of language proficiency in Polish as a foreign language. This system, after four years of preparation, was implemented in 2004 by virtue of the amendment to the Act on the Polish Language of 11 April 2003. The project was developed by the State Commission for the Certification of Proficiency in Polish as a Foreign Language and a Team of Task Authors and Examiners headed by Professor W\u0142adys\u0142aw Miodunka.<\/p>\n\n\n\n<p><a href=\"http:\/\/certyfikatpolski.pl\/wp-content\/uploads\/2017\/03\/ELL-2015.pdf\">European innovation mark<\/a><\/p>\n\n\n<a href=\"https:\/\/certyfikatpolski.pl\/wp-content\/uploads\/2017\/03\/ELL-2015.pdf\" class=\"pdfemb-viewer\" style=\"\" data-width=\"max\" data-height=\"max\" data-toolbar=\"both\" data-toolbar-fixed=\"on\">ELL-2015<\/a>\n<p class=\"wp-block-pdfemb-pdf-embedder-viewer\"><\/p>","protected":false},"excerpt":{"rendered":"<p>Z rado\u015bci\u0105 informujemy, \u017ce 23 wrze\u015bnia 2015 r. prof. W\u0142adys\u0142aw Miodunka i dr Gra\u017cyna Przechodzka odebrali w siedzibie Przedstawicielstwa Komisji Europejskiej w Polsce EUROPEJSKI ZNAK INNOWACYJNO\u015aCI W DZIEDZINIE NAUCZANIA I UCZENIA SI\u0118 J\u0118ZYK\u00d3W OBCYCH. Przewodnicz\u0105ca jury konkursu European Language Label prof. Anna Komorowska wr\u0119czy\u0142a Przewodnicz\u0105cemu PKPZJPjO i dr G. Przechodzkiej, koordynatorowi Zespo\u0142u Autor\u00f3w Zada\u0144 i [&hellip;]<\/p>\n","protected":false},"author":1,"featured_media":0,"parent":598,"menu_order":40,"comment_status":"closed","ping_status":"closed","template":"","meta":{"footnotes":""},"class_list":["post-62","page","type-page","status-publish","hentry"],"_links":{"self":[{"href":"https:\/\/certyfikatpolski.pl\/en\/wp-json\/wp\/v2\/pages\/62","targetHints":{"allow":["GET"]}}],"collection":[{"href":"https:\/\/certyfikatpolski.pl\/en\/wp-json\/wp\/v2\/pages"}],"about":[{"href":"https:\/\/certyfikatpolski.pl\/en\/wp-json\/wp\/v2\/types\/page"}],"author":[{"embeddable":true,"href":"https:\/\/certyfikatpolski.pl\/en\/wp-json\/wp\/v2\/users\/1"}],"replies":[{"embeddable":true,"href":"https:\/\/certyfikatpolski.pl\/en\/wp-json\/wp\/v2\/comments?post=62"}],"version-history":[{"count":1,"href":"https:\/\/certyfikatpolski.pl\/en\/wp-json\/wp\/v2\/pages\/62\/revisions"}],"predecessor-version":[{"id":109402,"href":"https:\/\/certyfikatpolski.pl\/en\/wp-json\/wp\/v2\/pages\/62\/revisions\/109402"}],"up":[{"embeddable":true,"href":"https:\/\/certyfikatpolski.pl\/en\/wp-json\/wp\/v2\/pages\/598"}],"wp:attachment":[{"href":"https:\/\/certyfikatpolski.pl\/en\/wp-json\/wp\/v2\/media?parent=62"}],"curies":[{"name":"wp","href":"https:\/\/api.w.org\/{rel}","templated":true}]}}