{"id":640,"date":"2019-11-29T05:39:18","date_gmt":"2019-11-29T04:39:18","guid":{"rendered":"http:\/\/certyfikatpolski.pl\/?page_id=640"},"modified":"2024-05-24T18:01:19","modified_gmt":"2024-05-24T16:01:19","slug":"documents-required","status":"publish","type":"page","link":"https:\/\/certyfikatpolski.pl\/en\/wydawanie-certyfikatu-bez-egzaminu\/wymagane-dokumenty\/","title":{"rendered":"Documents required"},"content":{"rendered":"\n<p>Zgodnie z zapisami art. 11aa ust. 3 <em>Ustawy o j\u0119zyku polskim <\/em>od 1 stycznia 2024 r.do wniosku o wydanie certyfikatu do\u0142\u0105cza si\u0119 kopi\u0119 lub odwzorowanie cyfrowe odpowiednio:<\/p>\n\n\n\n<ol class=\"wp-block-list\">\n<li>dyplomu doktorskiego,<\/li>\n\n\n\n<li>dyplomu uko\u0144czenia studi\u00f3w wraz z suplementem do dyplomu,<\/li>\n\n\n\n<li>\u015bwiadectwa lub \u015bwiadectwa i innego dokumentu, o kt\u00f3rych mowa w art. 93 ust. 1\u20133 ustawy z dnia 7 wrze\u015bnia 1991 r. o systemie o\u015bwiaty,<\/li>\n\n\n\n<li>dokumentu uko\u0144czenia formy nauczania, o kt\u00f3rej mowa w art. 11a ust. 4 pkt 2 lit. f, wydanego przez osob\u0119 kieruj\u0105c\u0105 organizacj\u0105 spo\u0142eczn\u0105 zarejestrowan\u0105 za granic\u0105 albo innym podmiotem zagranicznym, prowadz\u0105cymi t\u0119 form\u0119 nauczania<\/li>\n<\/ol>\n\n\n\n<p>\u2013 potwierdzaj\u0105cych spe\u0142nienie warunk\u00f3w otrzymania certyfikatu po\u015bwiadczaj\u0105cego znajomo\u015b\u0107 j\u0119zyka polskiego na danym poziomie bieg\u0142o\u015bci j\u0119zykowej.<\/p>\n\n\n\n<p>W przypadku uko\u0144czenia formy kszta\u0142cenia, o kt\u00f3rej mowa w art. 11a ust. 4 pkt 2 lit. f, (forma nauczania prowadzona przez organizacj\u0119 spo\u0142eczn\u0105 zarejestrowan\u0105 za granic\u0105 lub przez inny podmiot zagraniczny, w kt\u00f3rej jest prowadzone za granic\u0105 nauczanie j\u0119zyka polskiego lub innych przedmiot\u00f3w w j\u0119zyku polskim), do wniosku o wydanie certyfikatu, o kt\u00f3rym mowa w art. 11a ust. 4, do\u0142\u0105cza si\u0119 r\u00f3wnie\u017c kopi\u0119 albo odwzorowanie cyfrowe za\u015bwiadczenia konsula Rzeczypospolitej Polskiej w\u0142a\u015bciwego ze wzgl\u0119du na siedzib\u0119 organizacji spo\u0142ecznej zarejestrowanej za granic\u0105 albo innego podmiotu zagranicznego, prowadz\u0105cych t\u0119 form\u0119 nauczania, kt\u00f3re potwierdza:<\/p>\n\n\n\n<ol class=\"wp-block-list\" start=\"1\">\n<li>prowadzenie przez organizacj\u0119 spo\u0142eczn\u0105 zarejestrowan\u0105 za granic\u0105 lub inny podmiot zagraniczny formy nauczania, o kt\u00f3rej mowa w art. 11a ust. 4 pkt 2 lit. f, kt\u00f3ry wyda\u0142 dokument, o kt\u00f3rym mowa w ust. 3 pkt 4;<\/li>\n\n\n\n<li>pobieranie nauki j\u0119zyka polskiego lub innych przedmiot\u00f3w nauczanych w j\u0119zyku polskim przez osob\u0119, o kt\u00f3rej mowa w art. 11a ust. 4 pkt 2 lit. f, przez co najmniej 11 lat.<\/li>\n<\/ol>\n\n\n\n<p>Podstaw\u0105 wydania za\u015bwiadczenia przez konsula RP <strong>[<a href=\"https:\/\/certyfikatpolski.pl\/wp-content\/uploads\/2024\/05\/zal.1-zaswiadczenie-konsula.docx\" target=\"_blank\" rel=\"noreferrer noopener\">za\u0142.1 za\u015bwiadczenie konsula<\/a>]<\/strong> jest przed\u0142o\u017cenie 11 \u015bwiadectw uko\u0144czenia kolejnych lat szkolnych.<\/p>\n\n\n\n<p>W przypadku, kiedy wnioskodawca nie posiada wszystkich dokument\u00f3w uko\u0144czenia lat szkolnych, konieczne jest do\u0142\u0105czenie za\u015bwiadczenia wystawianego przez odpowiedniego dla okresu pobierania nauki kierownika szko\u0142y <strong>[<a href=\"https:\/\/certyfikatpolski.pl\/wp-content\/uploads\/2024\/05\/zal.2-zaswiadczenie-dyrektora-szkoly.docx\">za\u0142.2 za\u015bwiadczenie dyrektora szko\u0142y<\/a>]<\/strong>. Za\u015bwiadczenie dyrektora potwierdzi, \u017ce wnioskodawca w okre\u015blonych latach pobiera\u0142 nauk\u0119 j\u0119zyka polskiego lub innych przedmiot\u00f3w w j\u0119zyku polskim. Bez ci\u0105g\u0142o\u015bci \u015bwiadectw szkolnych lub w przypadku braku za\u015bwiadczenia od dyrektora plac\u00f3wki, konsul nie b\u0119dzie m\u00f3g\u0142 wystawi\u0107 za\u015bwiadczenia niezb\u0119dnego do z\u0142o\u017cenia wniosku o wydanie certyfikatu znajomo\u015bci j\u0119zyka polskiego bez konieczno\u015bci zdawania egzaminu.<\/p>\n","protected":false},"excerpt":{"rendered":"<p>Zgodnie z zapisami art. 11aa ust. 3 Ustawy o j\u0119zyku polskim od 1 stycznia 2024 r.do wniosku o wydanie certyfikatu do\u0142\u0105cza si\u0119 kopi\u0119 lub odwzorowanie cyfrowe odpowiednio: \u2013 potwierdzaj\u0105cych spe\u0142nienie warunk\u00f3w otrzymania certyfikatu po\u015bwiadczaj\u0105cego znajomo\u015b\u0107 j\u0119zyka polskiego na danym poziomie bieg\u0142o\u015bci j\u0119zykowej. W przypadku uko\u0144czenia formy kszta\u0142cenia, o kt\u00f3rej mowa w art. 11a ust. 4 [&hellip;]<\/p>\n","protected":false},"author":1,"featured_media":0,"parent":40,"menu_order":0,"comment_status":"closed","ping_status":"closed","template":"","meta":{"footnotes":""},"class_list":["post-640","page","type-page","status-publish","hentry"],"_links":{"self":[{"href":"https:\/\/certyfikatpolski.pl\/en\/wp-json\/wp\/v2\/pages\/640","targetHints":{"allow":["GET"]}}],"collection":[{"href":"https:\/\/certyfikatpolski.pl\/en\/wp-json\/wp\/v2\/pages"}],"about":[{"href":"https:\/\/certyfikatpolski.pl\/en\/wp-json\/wp\/v2\/types\/page"}],"author":[{"embeddable":true,"href":"https:\/\/certyfikatpolski.pl\/en\/wp-json\/wp\/v2\/users\/1"}],"replies":[{"embeddable":true,"href":"https:\/\/certyfikatpolski.pl\/en\/wp-json\/wp\/v2\/comments?post=640"}],"version-history":[{"count":10,"href":"https:\/\/certyfikatpolski.pl\/en\/wp-json\/wp\/v2\/pages\/640\/revisions"}],"predecessor-version":[{"id":110645,"href":"https:\/\/certyfikatpolski.pl\/en\/wp-json\/wp\/v2\/pages\/640\/revisions\/110645"}],"up":[{"embeddable":true,"href":"https:\/\/certyfikatpolski.pl\/en\/wp-json\/wp\/v2\/pages\/40"}],"wp:attachment":[{"href":"https:\/\/certyfikatpolski.pl\/en\/wp-json\/wp\/v2\/media?parent=640"}],"curies":[{"name":"wp","href":"https:\/\/api.w.org\/{rel}","templated":true}]}}