{"id":677,"date":"2019-12-10T08:18:20","date_gmt":"2019-12-10T07:18:20","guid":{"rendered":"http:\/\/certyfikatpolski.pl\/?page_id=677"},"modified":"2026-03-09T12:26:15","modified_gmt":"2026-03-09T11:26:15","slug":"registration-for-the-examination","status":"publish","type":"page","link":"https:\/\/certyfikatpolski.pl\/en\/rejestracja-na-egzamin\/","title":{"rendered":"REGISTRATION FOR THE EXAMINATION"},"content":{"rendered":"<p><strong>STEP 1<\/strong><\/p>\n\n\n\n<p>Please select from the list below the centre where you plan to take your exam.<\/p>\n\n\n\n<div class=\"wp-block-buttons alignfull is-content-justification-left is-layout-flex wp-container-core-buttons-is-layout-45245d17 wp-block-buttons-is-layout-flex\">\n<div class=\"wp-block-button is-style-outline is-style-outline--1\"><a class=\"wp-block-button__link wp-element-button\" href=\"https:\/\/certyfikatpolski.pl\/wp-content\/uploads\/2026\/03\/LO_2026_04_25_26_v4.pdf\" target=\"_blank\" rel=\"noreferrer noopener\">List of centres<\/a><\/div>\n<\/div>\n\n\n\n<p><br><strong>STEP 2<\/strong><\/p>\n\n\n\n<p>Please visit the website of the centre of your choice and register by the deadline set by the centre.<\/p>\n\n\n\n<p><strong>STEP 3<\/strong><\/p>\n\n\n\n<p>Please pay the examination fee to the centre where you registered. You will find the transfer details on the centre's website.<\/p>\n\n\n\n<p><strong>NOTE!<\/strong><\/p>\n\n\n\n<p>Lists of centres organising the examination in a given session are published two months before the examination. This is also when registration begins at the individual centres.<\/p>\n\n\n\n<p><\/p>\n\n\n\n<div class=\"wp-block-buttons alignfull is-horizontal is-content-justification-left is-layout-flex wp-container-core-buttons-is-layout-3c257f7b wp-block-buttons-is-layout-flex\">\n<div class=\"wp-block-button is-style-outline is-style-outline--2\"><a class=\"wp-block-button__link wp-element-button\" href=\"https:\/\/certyfikatpolski.pl\/wp-content\/uploads\/2023\/05\/terminy-wydawania-certyfikatow.pdf\" target=\"_blank\" rel=\"noreferrer noopener\">Information on deadlines for issuing certificates<\/a><\/div>\n<\/div>","protected":false},"excerpt":{"rendered":"<p>KROK 1 Prosz\u0119 wybra\u0107 z poni\u017cszej listy o\u015brodek, w kt\u00f3rym planuje Pan\/Pani zdawa\u0107 egzamin. KROK 2 Prosz\u0119 wej\u015b\u0107 na stron\u0119 wybranego o\u015brodka i dokona\u0107 rejestracji w terminie wyznaczonym przez o\u015brodek. KROK 3 Prosz\u0119 dokona\u0107 op\u0142aty za egzamin na konto o\u015brodka, w kt\u00f3rym zosta\u0142a dokonana rejestracja. Dane do przelewu znajdzie Pan\/Pani na stronie o\u015brodka. UWAGA! Listy [&hellip;]<\/p>\n","protected":false},"author":1,"featured_media":0,"parent":0,"menu_order":0,"comment_status":"closed","ping_status":"closed","template":"","meta":{"footnotes":""},"class_list":["post-677","page","type-page","status-publish","hentry"],"_links":{"self":[{"href":"https:\/\/certyfikatpolski.pl\/en\/wp-json\/wp\/v2\/pages\/677","targetHints":{"allow":["GET"]}}],"collection":[{"href":"https:\/\/certyfikatpolski.pl\/en\/wp-json\/wp\/v2\/pages"}],"about":[{"href":"https:\/\/certyfikatpolski.pl\/en\/wp-json\/wp\/v2\/types\/page"}],"author":[{"embeddable":true,"href":"https:\/\/certyfikatpolski.pl\/en\/wp-json\/wp\/v2\/users\/1"}],"replies":[{"embeddable":true,"href":"https:\/\/certyfikatpolski.pl\/en\/wp-json\/wp\/v2\/comments?post=677"}],"version-history":[{"count":48,"href":"https:\/\/certyfikatpolski.pl\/en\/wp-json\/wp\/v2\/pages\/677\/revisions"}],"predecessor-version":[{"id":111313,"href":"https:\/\/certyfikatpolski.pl\/en\/wp-json\/wp\/v2\/pages\/677\/revisions\/111313"}],"wp:attachment":[{"href":"https:\/\/certyfikatpolski.pl\/en\/wp-json\/wp\/v2\/media?parent=677"}],"curies":[{"name":"wp","href":"https:\/\/api.w.org\/{rel}","templated":true}]}}