{"id":9,"date":"2017-03-01T20:55:47","date_gmt":"2017-03-01T19:55:47","guid":{"rendered":"http:\/\/serwer1554250.home.pl\/pl.certyfikatpolski\/?page_id=9"},"modified":"2022-10-18T21:29:18","modified_gmt":"2022-10-18T19:29:18","slug":"about-the-polish-language","status":"publish","type":"page","link":"https:\/\/certyfikatpolski.pl\/en\/system-certyfikacji\/o-jezyku-polskim\/","title":{"rendered":"About the Polish language"},"content":{"rendered":"<p>Polish belongs to the West Slavic group of Indo-European languages. Due to its structure, it is classified as an inflectional, synthetic language. As a separate language, Polish began to form in the 10th century, playing an important role in the establishment and development of the Polish state. The earliest surviving records of single words in Polish date back to the 12th century. The oldest surviving complete sentence written in Polish is \u201eDaj, a\u0107 ja pobrusz\u0119, a ty poczywaj\u201d. It was found in a Latin text from 1270. Until the 14th century, Polish existed only in regional and folk spoken varieties. A literary, supra-regional variety of the language developed in the 15th and 16th centuries, as evidenced by the rich Renaissance literature written in Polish. Initially, the development of Polish was strongly influenced by the languages of its neighbours - German and Czech, as well as Latin. Later centuries saw a significant influence of French, while today Polish, like other European languages, has adopted much from English.<\/p>\n\n\n\n<p>The number of Polish language users can be estimated at over 45 million people, of which approximately 38 million live in Poland. Polish is also spoken by numerous groups of Poles or people of Polish origin living abroad, including in the USA, Canada, Australia, Germany, Great Britain, France, Ireland, Iceland, as well as in Belarus, Kazakhstan, Lithuania and Ukraine.<\/p>\n\n\n\n<p>Nowadays, Polish is used in Poland in the form of an official, literary all-Polish form, which originated from the dialects of Wielkopolska and Ma\u0142opolska, as well as under the influence of the dialect of Mazovia. Locally, dialects such as Kashubian, Silesian, Malopolska, Mazovian and Wielkopolska are used most often in spoken variety.<\/p>\n\n\n\n<p>The most comprehensive dictionaries of the Polish language include more than 130 000 units, of which approximately 20 000 are in daily use. An increasing number of people are learning Polish as a foreign language. Their number can be estimated at nearly 10 000 worldwide, of which about one third study Polish at universities and language schools in Poland. They are intrigued by the fact that some nouns in Polish can have as many as 14 different inflectional forms, and are not afraid of pronouncing linguistic jumbles such as \u201eW Szczebrzeszynie chrz\u0105szcz brzmi w trzcinie\u201d. They are amazed to find words in Polish that are familiar to them from their own languages. For the Germans, these will be e.g.: roof, metal sheet, fair, edifice, town hall; for the Italians: fountain, grace, tomato, windowsill; for the French: luggage, ticket, bouquet, affair, visit; for the English and Americans: coach, computer, floppy disk, businessman, folder, mixer, dribbling, relax, ketchup, jeans. Everyone will easily recognise the subject matter of newspaper texts whose titles sound like this, for example: \u201eRational economic policy\u201d, \u201eCatastrophic inflation - the central bank intervenes\u201d, \u201ePress conference of the finance minister\u201d, \u201eCorruption in local administration\u201d, \u201eNew doping scandal in tennis\u201d. And it's all in Polish!<\/p>","protected":false},"excerpt":{"rendered":"<p>J\u0119zyk polski nale\u017cy do zachodnios\u0142owia\u0144skiej grupy j\u0119zyk\u00f3w indoeuropejskich. Ze wzgl\u0119du na swoj\u0105 struktur\u0119 zaliczany jest do j\u0119zyk\u00f3w fleksyjnych, syntetycznych. Jako odr\u0119bny j\u0119zyk polszczyzna zacz\u0119\u0142a si\u0119 kszta\u0142towa\u0107 w X wieku, pe\u0142ni\u0105c wa\u017cn\u0105 rol\u0119 w powstaniu i rozwoju pa\u0144stwa polskiego. Najdawniejsze zachowane zapisy pojedynczych s\u0142\u00f3w w j\u0119zyku polskim pochodz\u0105 z XII wieku. Najstarsze zachowane pe\u0142ne zdanie zapisane [&hellip;]<\/p>\n","protected":false},"author":1,"featured_media":0,"parent":598,"menu_order":200,"comment_status":"closed","ping_status":"closed","template":"","meta":{"footnotes":""},"class_list":["post-9","page","type-page","status-publish","hentry"],"_links":{"self":[{"href":"https:\/\/certyfikatpolski.pl\/en\/wp-json\/wp\/v2\/pages\/9","targetHints":{"allow":["GET"]}}],"collection":[{"href":"https:\/\/certyfikatpolski.pl\/en\/wp-json\/wp\/v2\/pages"}],"about":[{"href":"https:\/\/certyfikatpolski.pl\/en\/wp-json\/wp\/v2\/types\/page"}],"author":[{"embeddable":true,"href":"https:\/\/certyfikatpolski.pl\/en\/wp-json\/wp\/v2\/users\/1"}],"replies":[{"embeddable":true,"href":"https:\/\/certyfikatpolski.pl\/en\/wp-json\/wp\/v2\/comments?post=9"}],"version-history":[{"count":2,"href":"https:\/\/certyfikatpolski.pl\/en\/wp-json\/wp\/v2\/pages\/9\/revisions"}],"predecessor-version":[{"id":109405,"href":"https:\/\/certyfikatpolski.pl\/en\/wp-json\/wp\/v2\/pages\/9\/revisions\/109405"}],"up":[{"embeddable":true,"href":"https:\/\/certyfikatpolski.pl\/en\/wp-json\/wp\/v2\/pages\/598"}],"wp:attachment":[{"href":"https:\/\/certyfikatpolski.pl\/en\/wp-json\/wp\/v2\/media?parent=9"}],"curies":[{"name":"wp","href":"https:\/\/api.w.org\/{rel}","templated":true}]}}