{"id":1050,"date":"2021-11-18T17:26:50","date_gmt":"2021-11-18T16:26:50","guid":{"rendered":"https:\/\/certyfikatpolski.pl\/?page_id=1050"},"modified":"2022-10-18T21:39:01","modified_gmt":"2022-10-18T19:39:01","slug":"%d1%8f%d0%ba-%d0%be%d1%82%d1%80%d0%b8%d0%bc%d0%b0%d1%82%d0%b8-%d0%b4%d0%b5%d1%80%d0%b6%d0%b0%d0%b2%d0%bd%d0%b8%d0%b9-%d1%81%d0%b5%d1%80%d1%82%d0%b8%d1%84%d1%96%d0%ba%d0%b0%d1%82-%d0%b7-%d0%bf%d0%be","status":"publish","type":"page","link":"https:\/\/certyfikatpolski.pl\/uk\/w-jaki-sposob-mozna-uzyskac-panstwowy-certyfikat-z-jezyka-polskiego-jako-obcego\/","title":{"rendered":"\u042f\u043a \u043e\u0442\u0440\u0438\u043c\u0430\u0442\u0438 \u0434\u0435\u0440\u0436\u0430\u0432\u043d\u0438\u0439 \u0441\u0435\u0440\u0442\u0438\u0444\u0456\u043a\u0430\u0442 \u0437 \u043f\u043e\u043b\u044c\u0441\u044c\u043a\u043e\u0457 \u043c\u043e\u0432\u0438 \u044f\u043a \u0456\u043d\u043e\u0437\u0435\u043c\u043d\u043e\u0457?"},"content":{"rendered":"<p>\u0423 \u0437\u0432'\u044f\u0437\u043a\u0443 \u0437 \u0447\u0438\u0441\u043b\u0435\u043d\u043d\u0438\u043c\u0438 \u0437\u0430\u043f\u0438\u0442\u0430\u043d\u043d\u044f\u043c\u0438 \u0432\u0456\u0434 \u043f\u043e\u0442\u0435\u043d\u0446\u0456\u0439\u043d\u0438\u0445 \u0443\u0447\u0430\u0441\u043d\u0438\u043a\u0456\u0432 \u0434\u0435\u0440\u0436\u0430\u0432\u043d\u0438\u0445 \u0456\u0441\u043f\u0438\u0442\u0456\u0432 \u0437 \u043f\u043e\u043b\u044c\u0441\u044c\u043a\u043e\u0457 \u043c\u043e\u0432\u0438 \u044f\u043a \u0456\u043d\u043e\u0437\u0435\u043c\u043d\u043e\u0457, \u043f\u043e\u0432\u0456\u0434\u043e\u043c\u043b\u044f\u0454\u043c\u043e, \u0449\u043e \u0432\u0456\u0434\u043f\u043e\u0432\u0456\u0434\u043d\u043e \u0434\u043e \u0417\u0430\u043a\u043e\u043d\u0443 \u043f\u0440\u043e \u043f\u043e\u043b\u044c\u0441\u044c\u043a\u0443 \u043c\u043e\u0432\u0443 \u0456\u0441\u043d\u0443\u0454 \u0434\u0432\u0456 \u043c\u043e\u0436\u043b\u0438\u0432\u043e\u0441\u0442\u0456 \u043e\u0442\u0440\u0438\u043c\u0430\u0442\u0438 \u0434\u0435\u0440\u0436\u0430\u0432\u043d\u0438\u0439 \u0441\u0435\u0440\u0442\u0438\u0444\u0456\u043a\u0430\u0442 \u0437 \u043f\u043e\u043b\u044c\u0441\u044c\u043a\u043e\u0457 \u043c\u043e\u0432\u0438 \u044f\u043a \u0456\u043d\u043e\u0437\u0435\u043c\u043d\u043e\u0457. \u0426\u0435:<\/p>\n\n\n\n<ol class=\"wp-block-list\"><li>\u043f\u0440\u043e\u0445\u043e\u0434\u0436\u0435\u043d\u043d\u044f \u0456\u0441\u043f\u0438\u0442\u0443, \u043e\u0440\u0433\u0430\u043d\u0456\u0437\u043e\u0432\u0430\u043d\u043e\u0433\u043e \u0443\u043f\u043e\u0432\u043d\u043e\u0432\u0430\u0436\u0435\u043d\u0438\u043c \u043e\u0440\u0433\u0430\u043d\u043e\u043c,<\/li><li>\u043f\u043e\u0440\u044f\u0434\u043e\u043a \u043f\u043e\u0434\u0430\u043d\u043d\u044f \u0437\u0430\u044f\u0432\u0438 \u0440\u0430\u0437\u043e\u043c \u0437 \u043f\u0435\u0432\u043d\u0438\u043c\u0438 \u0434\u043e\u043a\u0443\u043c\u0435\u043d\u0442\u0430\u043c\u0438, \u0449\u043e \u043f\u0456\u0434\u0442\u0432\u0435\u0440\u0434\u0436\u0443\u044e\u0442\u044c \u0437\u0434\u043e\u0431\u0443\u0442\u0442\u044f \u043e\u0441\u0432\u0456\u0442\u0438 \u0432 \u041f\u043e\u043b\u044c\u0449\u0456.<\/li><\/ol>\n\n\n\n<p>\u041f\u0440\u0430\u0432\u043e \u043d\u0430 \u0432\u0438\u0434\u0430\u0447\u0443 \u0434\u0435\u0440\u0436\u0430\u0432\u043d\u043e\u0433\u043e \u0441\u0435\u0440\u0442\u0438\u0444\u0456\u043a\u0430\u0442\u0443, \u0449\u043e \u0437\u0430\u0441\u0432\u0456\u0434\u0447\u0443\u0454 \u0437\u043d\u0430\u043d\u043d\u044f \u043f\u043e\u043b\u044c\u0441\u044c\u043a\u043e\u0457 \u043c\u043e\u0432\u0438 <strong>\u043f\u0440\u043e\u0432\u043e\u0434\u0438\u0442\u044c\u0441\u044f \u043b\u0438\u0448\u0435 \u0414\u0435\u0440\u0436\u0430\u0432\u043d\u043e\u044e \u043a\u043e\u043c\u0456\u0441\u0456\u0454\u044e \u0437 \u043f\u0438\u0442\u0430\u043d\u044c \u0441\u0435\u0440\u0442\u0438\u0444\u0456\u043a\u0430\u0446\u0456\u0457 \u0440\u0456\u0432\u043d\u044f \u0432\u043e\u043b\u043e\u0434\u0456\u043d\u043d\u044f \u043f\u043e\u043b\u044c\u0441\u044c\u043a\u043e\u044e \u043c\u043e\u0432\u043e\u044e \u044f\u043a \u0456\u043d\u043e\u0437\u0435\u043c\u043d\u043e\u044e.<\/strong>.<\/p>\n\n\n\n<p><strong>\u0412\u0438\u0434\u0430\u0447\u0430 \u0441\u0435\u0440\u0442\u0438\u0444\u0456\u043a\u0430\u0442\u0443 \u043d\u0430 \u043e\u0441\u043d\u043e\u0432\u0456 \u0441\u043a\u043b\u0430\u0434\u0435\u043d\u043e\u0433\u043e \u0456\u0441\u043f\u0438\u0442\u0443 \u0437 \u043f\u043e\u043b\u044c\u0441\u044c\u043a\u043e\u0457 \u043c\u043e\u0432\u0438<\/strong><\/p>\n\n\n\n<p>\u0412\u0456\u0434\u043f\u043e\u0432\u0456\u0434\u043d\u043e \u0434\u043e \u0441\u0442\u0430\u0442\u0442\u0456 11\u0430(1) <em>\u0417\u0430\u043a\u043e\u043d\u0438 \u043f\u0440\u043e \u043f\u043e\u043b\u044c\u0441\u044c\u043a\u0443 \u043c\u043e\u0432\u0443<\/em> \u0428\u043b\u044f\u0445 \u0434\u043e \u043e\u0442\u0440\u0438\u043c\u0430\u043d\u043d\u044f \u0441\u0435\u0440\u0442\u0438\u0444\u0456\u043a\u0430\u0442\u0443 \u0437 \u043f\u043e\u043b\u044c\u0441\u044c\u043a\u043e\u0457 \u043c\u043e\u0432\u0438 \u044f\u043a \u0456\u043d\u043e\u0437\u0435\u043c\u043d\u043e\u0457 - \u0446\u0435 \u0441\u043a\u043b\u0430\u0434\u0430\u043d\u043d\u044f \u0434\u0435\u0440\u0436\u0430\u0432\u043d\u043e\u0433\u043e \u0456\u0441\u043f\u0438\u0442\u0443 \u0437 \u043f\u043e\u043b\u044c\u0441\u044c\u043a\u043e\u0457 \u043c\u043e\u0432\u0438 \u044f\u043a \u0456\u043d\u043e\u0437\u0435\u043c\u043d\u043e\u0457.<\/p>\n\n\n\n<p>\u0417\u0430 \u043e\u0440\u0433\u0430\u043d\u0456\u0437\u0430\u0446\u0456\u044e \u043f\u0440\u043e\u0446\u0435\u0441\u0443 \u0440\u0435\u0454\u0441\u0442\u0440\u0430\u0446\u0456\u0457 \u043d\u0430 \u0434\u0435\u0440\u0436\u0430\u0432\u043d\u0456 \u0456\u0441\u043f\u0438\u0442\u0438 \u0437 \u043f\u043e\u043b\u044c\u0441\u044c\u043a\u043e\u0457 \u043c\u043e\u0432\u0438 \u0432\u0456\u0434\u043f\u043e\u0432\u0456\u0434\u0430\u044e\u0442\u044c \u043b\u0438\u0448\u0435 \u0441\u0443\u0431'\u0454\u043a\u0442\u0438, \u0443\u043f\u043e\u0432\u043d\u043e\u0432\u0430\u0436\u0435\u043d\u0456 \u043e\u0440\u0433\u0430\u043d\u0456\u0437\u043e\u0432\u0443\u0432\u0430\u0442\u0438 \u0441\u0435\u0440\u0442\u0438\u0444\u0456\u043a\u0430\u0446\u0456\u0439\u043d\u0456 \u0456\u0441\u043f\u0438\u0442\u0438. \u0410\u043a\u0442\u0443\u0430\u043b\u044c\u043d\u0438\u0439 \u0441\u043f\u0438\u0441\u043e\u043a \u0443\u043f\u043e\u0432\u043d\u043e\u0432\u0430\u0436\u0435\u043d\u0438\u0445 \u0441\u0443\u0431'\u0454\u043a\u0442\u0456\u0432 \u0434\u043e\u0441\u0442\u0443\u043f\u043d\u0438\u0439 \u043d\u0430 \u0441\u0430\u0439\u0442\u0456: <a href=\"https:\/\/www.gov.pl\/web\/edukacja-i-nauka\/lista-podmiotow-uprawnionych-do-organizowania-egzaminow-z-jezyka-polskiego-jako-obcego\">https:\/\/www.gov.pl\/web\/edukacja-i-nauka\/lista-podmiotow-uprawnionych-do-organizowania-egzaminow-z-jezyka-polskiego-jako-obcego<\/a>.<\/p>\n\n\n\n<p>\u0420\u043e\u0437\u043a\u043b\u0430\u0434 \u0435\u043a\u0437\u0430\u043c\u0435\u043d\u0430\u0446\u0456\u0439\u043d\u0438\u0445 \u0441\u0435\u0441\u0456\u0439 \u0432\u0441\u0442\u0430\u043d\u043e\u0432\u043b\u044e\u0454 \u0414\u0435\u0440\u0436\u0430\u0432\u043d\u0430 \u043a\u043e\u043c\u0456\u0441\u0456\u044f \u0437 \u043f\u0438\u0442\u0430\u043d\u044c \u0441\u0435\u0440\u0442\u0438\u0444\u0456\u043a\u0430\u0446\u0456\u0457 \u0440\u0456\u0432\u043d\u044f \u0432\u043e\u043b\u043e\u0434\u0456\u043d\u043d\u044f \u043f\u043e\u043b\u044c\u0441\u044c\u043a\u043e\u044e \u043c\u043e\u0432\u043e\u044e \u044f\u043a \u0456\u043d\u043e\u0437\u0435\u043c\u043d\u043e\u044e.<\/p>\n\n\n\n<p>\u0420\u043e\u0437\u043a\u043b\u0430\u0434 \u0435\u043a\u0437\u0430\u043c\u0435\u043d\u0430\u0446\u0456\u0439\u043d\u0438\u0445 \u0441\u0435\u0441\u0456\u0439 \u043d\u0430 2022 \u0440\u0456\u043a \u0434\u043e\u0441\u0442\u0443\u043f\u043d\u0438\u0439 \u043d\u0430 \u0441\u0430\u0439\u0442\u0456: <a href=\"http:\/\/certyfikatpolski.pl\/uk\/%d0%bd%d0%be%d0%b2%d0%b8%d0%bd%d0%b8\/%d0%b4%d0%b0%d1%82%d0%b8-%d0%b5%d0%ba%d0%b7%d0%b0%d0%bc%d0%b5%d0%bd%d0%b0%d1%86%d1%96%d0%b9%d0%bd%d0%b8%d1%85-%d1%81%d0%b5%d1%81%d1%96%d0%b9-%d1%83-2022-%d1%80%d0%be%d1%86%d1%96\/\">http:\/\/certyfikatpolski.pl\/aktualnosci\/terminy-sesji-egzaminacyjnych-w-2022-roku\/<\/a>.<\/p>\n\n\n\n<p><strong>\u0412\u0438\u0434\u0430\u0447\u0430 \u0441\u0435\u0440\u0442\u0438\u0444\u0456\u043a\u0430\u0442\u0430 \u0431\u0435\u0437 \u0456\u0441\u043f\u0438\u0442\u0443<\/strong><\/p>\n\n\n\n<p>\u0412\u0456\u0434\u043f\u043e\u0432\u0456\u0434\u043d\u043e \u0434\u043e \u043f\u043e\u043b\u043e\u0436\u0435\u043d\u044c <em>\u0417\u0430\u043a\u043e\u043d\u0438 \u043f\u0440\u043e \u043f\u043e\u043b\u044c\u0441\u044c\u043a\u0443 \u043c\u043e\u0432\u0443<\/em> \u043e\u0441\u043e\u0431\u0438, \u044f\u043a\u0456 \u0432\u0456\u0434\u043f\u043e\u0432\u0456\u0434\u0430\u044e\u0442\u044c \u043f\u0435\u0432\u043d\u0438\u043c \u0443\u043c\u043e\u0432\u0430\u043c, \u043c\u043e\u0436\u0443\u0442\u044c \u043e\u0442\u0440\u0438\u043c\u0430\u0442\u0438 \u0441\u0435\u0440\u0442\u0438\u0444\u0456\u043a\u0430\u0442 \u043f\u0440\u043e \u0437\u043d\u0430\u043d\u043d\u044f \u043f\u043e\u043b\u044c\u0441\u044c\u043a\u043e\u0457 \u043c\u043e\u0432\u0438 \u0431\u0435\u0437 \u0441\u043a\u043b\u0430\u0434\u0430\u043d\u043d\u044f \u0434\u0435\u0440\u0436\u0430\u0432\u043d\u043e\u0433\u043e \u0456\u0441\u043f\u0438\u0442\u0443.<\/p>\n\n\n\n<p>\u0426\u0456 \u0443\u043c\u043e\u0432\u0438 \u0432\u0438\u043a\u043b\u0430\u0434\u0435\u043d\u0456 \u0432 \u0441\u0442\u0430\u0442\u0442\u0456 11\u0430(4): <em>\u041e\u0441\u043e\u0431\u0430, \u0437\u0430\u0437\u043d\u0430\u0447\u0435\u043d\u0430 \u0432 \u043f\u0443\u043d\u043a\u0442\u0456 1, \u044f\u043a\u0430 \u0454 <strong>\u0432\u0438\u043f\u0443\u0441\u043a\u043d\u0438\u043a \u0443\u043d\u0456\u0432\u0435\u0440\u0441\u0438\u0442\u0435\u0442\u0443, \u044f\u043a\u0438\u0439<\/strong> <strong>\u0437\u0430\u043a\u0456\u043d\u0447\u0438\u043b\u0430 \u043d\u0430\u0432\u0447\u0430\u043d\u043d\u044f<\/strong> <strong><u>\u043f\u043e\u043b\u044c\u0441\u044c\u043a\u043e\u044e \u043c\u043e\u0432\u043e\u044e<\/u><\/strong>, \u0430\u0431\u043e <strong>\u0441\u0435\u0440\u0435\u0434\u043d\u044f \u0448\u043a\u043e\u043b\u0430 \u0430\u0431\u043e \u0432\u0438\u0449\u0438\u0439 \u043d\u0430\u0432\u0447\u0430\u043b\u044c\u043d\u0438\u0439 \u0437\u0430\u043a\u043b\u0430\u0434, \u044f\u043a\u0438\u0439 \u043c\u0430\u0454 \u0430\u0442\u0435\u0441\u0442\u0430\u0442 \u043f\u0440\u043e \u043f\u043e\u0432\u043d\u0443 \u0437\u0430\u0433\u0430\u043b\u044c\u043d\u0443 \u0441\u0435\u0440\u0435\u0434\u043d\u044e \u043e\u0441\u0432\u0456\u0442\u0443, <u>\u0449\u043e \u0434\u0456\u044e\u0442\u044c \u0432 \u0441\u0438\u0441\u0442\u0435\u043c\u0456 \u043e\u0441\u0432\u0456\u0442\u0438 \u0420\u0435\u0441\u043f\u0443\u0431\u043b\u0456\u043a\u0438 \u041f\u043e\u043b\u044c\u0449\u0430<\/u><\/strong>, \u043f\u0456\u0441\u043b\u044f \u043f\u043e\u0434\u0430\u043d\u043d\u044f \u0437\u0430\u044f\u0432\u0438 \u0442\u0430 \u0441\u043f\u043b\u0430\u0442\u0438 \u0437\u0431\u043e\u0440\u0443 \u0437\u0430 \u0432\u0438\u0434\u0430\u0447\u0443 \u0441\u0435\u0440\u0442\u0438\u0444\u0456\u043a\u0430\u0442\u0430, \u043e\u0442\u0440\u0438\u043c\u0443\u0454 \u0441\u0435\u0440\u0442\u0438\u0444\u0456\u043a\u0430\u0442 \u0431\u0435\u0437 \u043d\u0435\u043e\u0431\u0445\u0456\u0434\u043d\u043e\u0441\u0442\u0456 \u0441\u043a\u043b\u0430\u0434\u0430\u043d\u043d\u044f \u0456\u0441\u043f\u0438\u0442\u0443.<\/em><\/p>\n\n\n\n<p>\u0417\u0433\u0456\u0434\u043d\u043e \u0437 \u0432\u0438\u0449\u0435\u0437\u0433\u0430\u0434\u0430\u043d\u043e\u044e \u0441\u0442\u0430\u0442\u0442\u0435\u044e, \u043b\u0438\u0448\u0435 \u0442\u0440\u0438 \u0434\u043e\u043a\u0443\u043c\u0435\u043d\u0442\u0438 \u0434\u0430\u044e\u0442\u044c \u043f\u0440\u0430\u0432\u043e \u043f\u043e\u0434\u0430\u0442\u0438 \u0437\u0430\u044f\u0432\u0443 \u043d\u0430 \u043e\u0442\u0440\u0438\u043c\u0430\u043d\u043d\u044f \u0441\u0435\u0440\u0442\u0438\u0444\u0456\u043a\u0430\u0442\u0430 \u0431\u0435\u0437 \u043d\u0435\u043e\u0431\u0445\u0456\u0434\u043d\u043e\u0441\u0442\u0456 \u0441\u043a\u043b\u0430\u0434\u0430\u043d\u043d\u044f \u0456\u0441\u043f\u0438\u0442\u0443:<\/p>\n\n\n\n<ol class=\"wp-block-list\"><li>(a) \u0430\u0442\u0435\u0441\u0442\u0430\u0442 \u0437\u0440\u0456\u043b\u043e\u0441\u0442\u0456, \u043e\u0442\u0440\u0438\u043c\u0430\u043d\u0438\u0439 \u0432 \u0420\u041f,<\/li><li>(b) \u0434\u0438\u043f\u043b\u043e\u043c \u043f\u0440\u043e \u0432\u0438\u0449\u0443 \u043e\u0441\u0432\u0456\u0442\u0443 \u043f\u0435\u0440\u0448\u043e\u0433\u043e \u0446\u0438\u043a\u043b\u0443, \u043e\u0442\u0440\u0438\u043c\u0430\u043d\u0438\u0439 \u0432 \u0420\u0435\u0441\u043f\u0443\u0431\u043b\u0456\u0446\u0456 \u041f\u043e\u043b\u044c\u0449\u0430,<\/li><li>(c) \u0434\u0438\u043f\u043b\u043e\u043c \u0434\u0440\u0443\u0433\u043e\u0433\u043e \u0446\u0438\u043a\u043b\u0443, \u043e\u0442\u0440\u0438\u043c\u0430\u043d\u0438\u0439 \u0432 \u0420\u0435\u0441\u043f\u0443\u0431\u043b\u0456\u0446\u0456 \u041f\u043e\u043b\u044c\u0449\u0430 (\u0430\u0431\u043e \u0434\u0438\u043f\u043b\u043e\u043c \u0454\u0434\u0438\u043d\u043e\u0457 5-\u0440\u0456\u0447\u043d\u043e\u0457 \u043c\u0430\u0433\u0456\u0441\u0442\u0440\u0430\u0442\u0443\u0440\u0438).<\/li><\/ol>\n\n\n\n<p>\u041f\u0440\u043e\u0446\u0435\u0434\u0443\u0440\u0430 \u0432\u0438\u0434\u0430\u0447\u0456 \u0441\u0435\u0440\u0442\u0438\u0444\u0456\u043a\u0430\u0442\u0456\u0432 \u0440\u0435\u0433\u0443\u043b\u044e\u0454\u0442\u044c\u0441\u044f \u00a730&nbsp;<em>\u0420\u043e\u0437\u043f\u043e\u0440\u044f\u0434\u0436\u0435\u043d\u043d\u044f \u041c\u0456\u043d\u0456\u0441\u0442\u0435\u0440\u0441\u0442\u0432\u0430 \u043e\u0441\u0432\u0456\u0442\u0438 \u0432\u0456\u0434 26 \u043b\u044e\u0442\u043e\u0433\u043e 2016 \u0440\u043e\u043a\u0443 \u043f\u0440\u043e \u0456\u0441\u043f\u0438\u0442\u0438 \u0437 \u043f\u043e\u043b\u044c\u0441\u044c\u043a\u043e\u0457 \u043c\u043e\u0432\u0438 \u044f\u043a \u0456\u043d\u043e\u0437\u0435\u043c\u043d\u043e\u0457<\/em>&nbsp;<a href=\"http:\/\/www.dziennikustaw.gov.pl\/du\/2016\/405\/\" target=\"_blank\" rel=\"noopener\" data-saferedirecturl=\"https:\/\/www.google.com\/url?q=http:\/\/www.dziennikustaw.gov.pl\/du\/2016\/405\/&amp;source=gmail&amp;ust=1637399418285000&amp;usg=AOvVaw2jlr0n7jlU851dNv3kyQWM\">http:\/\/www.<wbr>dziennikustaw.gov.pl\/du\/2016\/<wbr>405\/<\/a>.<\/p>\n\n\n\n<p>\u0412\u043e\u0434\u043d\u043e\u0447\u0430\u0441 \u043f\u043e\u0432\u0456\u0434\u043e\u043c\u043b\u044f\u0454\u043c\u043e, \u0449\u043e \u0432\u0438\u043a\u043e\u0440\u0438\u0441\u0442\u0430\u043d\u043d\u044f \u0444\u0430\u043b\u044c\u0448\u0438\u0432\u043e\u0433\u043e \u043f\u043e\u0441\u0432\u0456\u0434\u0447\u0435\u043d\u043d\u044f, \u043f\u0456\u0434\u0440\u043e\u0431\u043a\u0430 \u0430\u0431\u043e \u0437\u043c\u0456\u043d\u0430 \u0441\u043f\u0440\u0430\u0432\u0436\u043d\u044c\u043e\u0433\u043e \u0434\u043e\u043a\u0443\u043c\u0435\u043d\u0442\u0430 \u043c\u043e\u0436\u0435 \u043f\u0440\u0438\u0437\u0432\u0435\u0441\u0442\u0438 \u0434\u043e \u043a\u0440\u0438\u043c\u0456\u043d\u0430\u043b\u044c\u043d\u043e\u0457 \u0432\u0456\u0434\u043f\u043e\u0432\u0456\u0434\u0430\u043b\u044c\u043d\u043e\u0441\u0442\u0456 \u0437\u0430 \u0441\u0442\u0430\u0442\u0442\u0435\u044e 270 \u041a\u0440\u0438\u043c\u0456\u043d\u0430\u043b\u044c\u043d\u043e\u0433\u043e \u043a\u043e\u0434\u0435\u043a\u0441\u0443 \u0423\u043a\u0440\u0430\u0457\u043d\u0438.<\/p>\n\n\n\n<p><a href=\"http:\/\/isap.sejm.gov.pl\/isap.nsf\/download.xsp\/WDU19990900999\/U\/D19990999Lj.pdf\">http:\/\/isap.sejm.gov.pl\/isap.nsf\/download.xsp\/WDU19990900999\/U\/D19990999Lj.pdf<\/a><\/p>","protected":false},"excerpt":{"rendered":"<p>W zwi\u0105zku z licznymi pytaniami potencjalnych uczestnik\u00f3w pa\u0144stwowych egzamin\u00f3w z j\u0119zyka polskiego jako obcego uprzejmie informujemy, \u017ce zgodnie z Ustaw\u0105 o j\u0119zyku polskim istniej\u0105 dwie mo\u017cliwo\u015bci uzyskania pa\u0144stwowego certyfikatu z j\u0119zyka polskiego jako obcego. S\u0105 to: przyst\u0105pienie do egzaminu organizowanego przez podmiot uprawniony, procedura z\u0142o\u017cenia wniosku wraz z okre\u015blonymi dokumentami potwierdzaj\u0105cymi zdobycie wykszta\u0142cenia w Polsce. [&hellip;]<\/p>\n","protected":false},"author":1,"featured_media":0,"parent":0,"menu_order":0,"comment_status":"closed","ping_status":"closed","template":"","meta":{"footnotes":""},"class_list":["post-1050","page","type-page","status-publish","hentry"],"_links":{"self":[{"href":"https:\/\/certyfikatpolski.pl\/uk\/wp-json\/wp\/v2\/pages\/1050","targetHints":{"allow":["GET"]}}],"collection":[{"href":"https:\/\/certyfikatpolski.pl\/uk\/wp-json\/wp\/v2\/pages"}],"about":[{"href":"https:\/\/certyfikatpolski.pl\/uk\/wp-json\/wp\/v2\/types\/page"}],"author":[{"embeddable":true,"href":"https:\/\/certyfikatpolski.pl\/uk\/wp-json\/wp\/v2\/users\/1"}],"replies":[{"embeddable":true,"href":"https:\/\/certyfikatpolski.pl\/uk\/wp-json\/wp\/v2\/comments?post=1050"}],"version-history":[{"count":4,"href":"https:\/\/certyfikatpolski.pl\/uk\/wp-json\/wp\/v2\/pages\/1050\/revisions"}],"predecessor-version":[{"id":109434,"href":"https:\/\/certyfikatpolski.pl\/uk\/wp-json\/wp\/v2\/pages\/1050\/revisions\/109434"}],"wp:attachment":[{"href":"https:\/\/certyfikatpolski.pl\/uk\/wp-json\/wp\/v2\/media?parent=1050"}],"curies":[{"name":"wp","href":"https:\/\/api.w.org\/{rel}","templated":true}]}}