{"id":110236,"date":"2023-12-27T10:18:46","date_gmt":"2023-12-27T09:18:46","guid":{"rendered":"https:\/\/certyfikatpolski.pl\/?page_id=110236"},"modified":"2025-09-01T13:09:19","modified_gmt":"2025-09-01T11:09:19","slug":"%d0%bf%d0%be%d0%b4%d0%b0%d1%87%d0%b0-%d0%b7%d0%b0%d1%8f%d0%b2%d0%ba%d0%b8","status":"publish","type":"page","link":"https:\/\/certyfikatpolski.pl\/uk\/wydawanie-certyfikatu-bez-egzaminu\/skladanie-wniosku\/","title":{"rendered":"\u041f\u043e\u0434\u0430\u043d\u043d\u044f \u0437\u0430\u044f\u0432\u043a\u0438"},"content":{"rendered":"<p>\u0417\u0430\u044f\u0432\u0430 \u043d\u0430 \u043e\u0442\u0440\u0438\u043c\u0430\u043d\u043d\u044f \u0441\u0435\u0440\u0442\u0438\u0444\u0456\u043a\u0430\u0442\u0443 \u0431\u0435\u0437 \u0441\u043a\u043b\u0430\u0434\u0430\u043d\u043d\u044f \u0456\u0441\u043f\u0438\u0442\u0443 \u043f\u043e\u0434\u0430\u0454\u0442\u044c\u0441\u044f \u0434\u043e \u041a\u043e\u043c\u0456\u0441\u0456\u0457 \u0447\u0435\u0440\u0435\u0437 \u041d\u0430\u0446\u0456\u043e\u043d\u0430\u043b\u044c\u043d\u0435 \u0430\u0433\u0435\u043d\u0442\u0441\u0442\u0432\u043e \u0430\u043a\u0430\u0434\u0435\u043c\u0456\u0447\u043d\u0438\u0445 \u043e\u0431\u043c\u0456\u043d\u0456\u0432.<\/p>\n\n\n\n<p>\u0417\u0430\u044f\u0432\u043a\u0438 \u043c\u043e\u0436\u043d\u0430 \u043f\u043e\u0434\u0430\u0432\u0430\u0442\u0438 \u0437\u0430 \u0430\u0434\u0440\u0435\u0441\u043e\u044e&nbsp;<a href=\"https:\/\/programs.nawa.gov.pl\/login\" target=\"_blank\" rel=\"noreferrer noopener\">\u0406\u041a\u0422-\u0441\u0438\u0441\u0442\u0435\u043c\u0430 NAWA<\/a><\/p>\n\n\n\n<p>\u0406\u043d\u0441\u0442\u0440\u0443\u043a\u0446\u0456\u044f \u043f\u043e \u0437\u0430\u0441\u0442\u043e\u0441\u0443\u0432\u0430\u043d\u043d\u044e -&nbsp;<a href=\"https:\/\/certyfikatpolski.pl\/wp-content\/uploads\/2023\/12\/Instrukcja_wniosek-NAWA.pdf\">\u0437\u0430<\/a><a href=\"https:\/\/certyfikatpolski.pl\/wp-content\/uploads\/2023\/12\/Instrukcja_wniosek-NAWA.pdf\" target=\"_blank\" rel=\"noreferrer noopener\">b<\/a><a href=\"https:\/\/certyfikatpolski.pl\/wp-content\/uploads\/2023\/12\/Instrukcja_wniosek-NAWA.pdf\">\u0440\u0430\u043d\u0456\u044f<\/a><\/p>\n\n\n\n<p>\u0417\u0430\u044f\u0432\u0443 \u0440\u043e\u0437\u0433\u043b\u044f\u0434\u0430\u0454 \u0414\u0435\u0440\u0436\u0430\u0432\u043d\u0430 \u043a\u043e\u043c\u0456\u0441\u0456\u044f \u0437 \u043f\u0438\u0442\u0430\u043d\u044c \u0430\u0442\u0435\u0441\u0442\u0430\u0446\u0456\u0457 \u0437\u043d\u0430\u043d\u044c \u043f\u043e\u043b\u044c\u0441\u044c\u043a\u043e\u0457 \u043c\u043e\u0432\u0438 \u044f\u043a \u0456\u043d\u043e\u0437\u0435\u043c\u043d\u043e\u0457, \u044f\u043a\u0430 \u043f\u0440\u0438\u0439\u043c\u0430\u0454 \u0432\u0456\u0434\u043f\u043e\u0432\u0456\u0434\u043d\u0435 \u0440\u0456\u0448\u0435\u043d\u043d\u044f.<\/p>\n\n\n\n<p>&nbsp;\u0406\u043d\u0444\u043e\u0440\u043c\u0430\u0446\u0456\u044f \u043f\u0440\u043e \u0440\u0435\u0437\u0443\u043b\u044c\u0442\u0430\u0442 \u0440\u043e\u0437\u0433\u043b\u044f\u0434\u0443 \u041a\u043e\u043c\u0456\u0441\u0456\u0454\u044e \u0437\u0430\u044f\u0432\u0438 \u0442\u0430 \u0434\u0430\u043d\u0456 \u0434\u043b\u044f \u043f\u0435\u0440\u0435\u043a\u0430\u0437\u0443 \u0437\u0431\u043e\u0440\u0443 \u0437\u0430 \u0432\u0438\u0434\u0430\u0447\u0443 \u043f\u043e\u0441\u0432\u0456\u0434\u0447\u0435\u043d\u043d\u044f (\u0435\u043a\u0432\u0456\u0432\u0430\u043b\u0435\u043d\u0442 20 \u0454\u0432\u0440\u043e \u0432 \u0437\u043b\u043e\u0442\u0438\u0445) \u043d\u0430\u0434\u0441\u0438\u043b\u0430\u044e\u0442\u044c\u0441\u044f \u0435\u043b\u0435\u043a\u0442\u0440\u043e\u043d\u043d\u043e\u044e \u043f\u043e\u0448\u0442\u043e\u044e \u043d\u0430 \u0430\u0434\u0440\u0435\u0441\u0443, \u0432\u043a\u0430\u0437\u0430\u043d\u0443 \u0432 \u0437\u0430\u044f\u0432\u0456. \u0420\u0456\u0448\u0435\u043d\u043d\u044f \u041a\u043e\u043c\u0456\u0441\u0456\u0457 \u0437\u0430\u0432\u0430\u043d\u0442\u0430\u0436\u0443\u0454\u0442\u044c\u0441\u044f \u0432 \u0441\u0438\u0441\u0442\u0435\u043c\u0443 NAWA.<\/p>\n\n\n\n<p><strong>\u0411\u0443\u0434\u044c \u043b\u0430\u0441\u043a\u0430, \u043d\u0435 \u043d\u0430\u0434\u0441\u0438\u043b\u0430\u0439\u0442\u0435 \u043f\u0456\u0434\u0442\u0432\u0435\u0440\u0434\u0436\u0435\u043d\u043d\u044f \u043f\u0435\u0440\u0435\u043a\u0430\u0437\u0443.<\/strong><\/p>\n\n\n\n<p>\u0421\u0435\u0440\u0442\u0438\u0444\u0456\u043a\u0430\u0442 \u0432\u0438\u0434\u0430\u0454\u0442\u044c\u0441\u044f \u043f\u0440\u043e\u0442\u044f\u0433\u043e\u043c 30 \u0434\u043d\u0456\u0432 \u0437 \u043c\u043e\u043c\u0435\u043d\u0442\u0443 \u0437\u0430\u0440\u0430\u0445\u0443\u0432\u0430\u043d\u043d\u044f \u0437\u0431\u043e\u0440\u0443.<\/p>\n\n\n\n<p><strong>\u0423\u0412\u0410\u0413\u0410!<\/strong> \u0427\u0435\u0440\u0435\u0437 \u0432\u0435\u043b\u0438\u043a\u0443 \u043a\u0456\u043b\u044c\u043a\u0456\u0441\u0442\u044c \u0437\u0430\u044f\u0432\u043e\u043a \u043d\u0430 \u0441\u0435\u0440\u0442\u0438\u0444\u0456\u043a\u0430\u0446\u0456\u044e \u0431\u0435\u0437 \u043d\u0435\u043e\u0431\u0445\u0456\u0434\u043d\u043e\u0441\u0442\u0456 \u0441\u043a\u043b\u0430\u0434\u0430\u043d\u043d\u044f \u0456\u0441\u043f\u0438\u0442\u0443, \u043f\u0435\u0440\u0456\u043e\u0434 \u043e\u0447\u0456\u043a\u0443\u0432\u0430\u043d\u043d\u044f \u0440\u043e\u0437\u0433\u043b\u044f\u0434\u0443 \u0437\u0430\u044f\u0432\u043a\u0438 \u041a\u043e\u043c\u0456\u0441\u0456\u0454\u044e \u0441\u0442\u0430\u043d\u043e\u0432\u0438\u0442\u044c \u043f\u0440\u0438\u0431\u043b\u0438\u0437\u043d\u043e 120 \u0434\u043d\u0456\u0432.<\/p>\n\n\n\n<p>\u042f\u043a\u0449\u043e \u0443 \u0432\u0430\u0441 \u0432\u0438\u043d\u0438\u043a\u043b\u0438 \u0437\u0430\u043f\u0438\u0442\u0430\u043d\u043d\u044f, \u0431\u0443\u0434\u044c \u043b\u0430\u0441\u043a\u0430, \u0437\u0432'\u044f\u0436\u0456\u0442\u044c\u0441\u044f \u0437 \u043d\u0430\u043c\u0438 \u0435\u043b\u0435\u043a\u0442\u0440\u043e\u043d\u043d\u043e\u044e \u043f\u043e\u0448\u0442\u043e\u044e:&nbsp;<a href=\"mailto:certyfikat_wniosek@nawa.gov.pl\">certyfikat.wniosek@nawa.gov.pl<\/a>&nbsp;\u0430\u0431\u043e \u0437\u0430 \u0442\u0435\u043b\u0435\u0444\u043e\u043d\u0430\u043c\u0438: +48 509 359 543, +48 451 058 652<br>(\u0413\u0440\u0430\u0444\u0456\u043a \u0440\u043e\u0431\u043e\u0442\u0438 \u043f\u043e \u0442\u0435\u043b\u0435\u0444\u043e\u043d\u0443: \u043f\u043e\u043d\u0435\u0434\u0456\u043b\u043e\u043a: 13:00 - 15:00, \u0432\u0456\u0432\u0442\u043e\u0440\u043e\u043a - \u043f'\u044f\u0442\u043d\u0438\u0446\u044f: 09:00 - 11:00)<\/p>","protected":false},"excerpt":{"rendered":"<p>Wniosek o wydanie certyfikatu bez zdawania egzaminu nale\u017cy z\u0142o\u017cy\u0107 do Komisji za po\u015brednictwem Narodowej Agencji Wymiany Akademickiej. Wnioski mo\u017cna sk\u0142ada\u0107 w&nbsp;systemie teleinformatycznym NAWA Instrukcja sk\u0142adania wniosku \u2013&nbsp;do pobrania Wniosek jest rozpatrywany przez Pa\u0144stwow\u0105 Komisj\u0119 ds. Po\u015bwiadczania Znajomo\u015bci J\u0119zyka Polskiego jako Obcego, kt\u00f3ra podejmuje stosown\u0105 uchwa\u0142\u0119. &nbsp;Informacja o wyniku rozpatrzenia wniosku przez Komisj\u0119&nbsp; oraz dane do [&hellip;]<\/p>\n","protected":false},"author":1,"featured_media":0,"parent":40,"menu_order":0,"comment_status":"closed","ping_status":"closed","template":"","meta":{"footnotes":""},"class_list":["post-110236","page","type-page","status-publish","hentry"],"_links":{"self":[{"href":"https:\/\/certyfikatpolski.pl\/uk\/wp-json\/wp\/v2\/pages\/110236","targetHints":{"allow":["GET"]}}],"collection":[{"href":"https:\/\/certyfikatpolski.pl\/uk\/wp-json\/wp\/v2\/pages"}],"about":[{"href":"https:\/\/certyfikatpolski.pl\/uk\/wp-json\/wp\/v2\/types\/page"}],"author":[{"embeddable":true,"href":"https:\/\/certyfikatpolski.pl\/uk\/wp-json\/wp\/v2\/users\/1"}],"replies":[{"embeddable":true,"href":"https:\/\/certyfikatpolski.pl\/uk\/wp-json\/wp\/v2\/comments?post=110236"}],"version-history":[{"count":16,"href":"https:\/\/certyfikatpolski.pl\/uk\/wp-json\/wp\/v2\/pages\/110236\/revisions"}],"predecessor-version":[{"id":111143,"href":"https:\/\/certyfikatpolski.pl\/uk\/wp-json\/wp\/v2\/pages\/110236\/revisions\/111143"}],"up":[{"embeddable":true,"href":"https:\/\/certyfikatpolski.pl\/uk\/wp-json\/wp\/v2\/pages\/40"}],"wp:attachment":[{"href":"https:\/\/certyfikatpolski.pl\/uk\/wp-json\/wp\/v2\/media?parent=110236"}],"curies":[{"name":"wp","href":"https:\/\/api.w.org\/{rel}","templated":true}]}}