{"id":21,"date":"2017-03-01T20:57:48","date_gmt":"2017-03-01T19:57:48","guid":{"rendered":"http:\/\/serwer1554250.home.pl\/pl.certyfikatpolski\/?page_id=21"},"modified":"2026-01-28T16:37:39","modified_gmt":"2026-01-28T15:37:39","slug":"%d0%ba%d0%be%d0%bd%d1%82%d0%b0%d0%ba%d1%82%d0%b8","status":"publish","type":"page","link":"https:\/\/certyfikatpolski.pl\/uk\/kontakt\/","title":{"rendered":"\u041a\u043e\u043d\u0442\u0430\u043a\u0442\u0438"},"content":{"rendered":"<h3 class=\"wp-block-heading\">\u0410\u0434\u0440\u0435\u0441\u0430<\/h3>\n\n\n\n<p>\u0421\u0435\u043a\u0440\u0435\u0442\u0430\u0440\u0456\u0430\u0442 \u0414\u0435\u0440\u0436\u0430\u0432\u043d\u043e\u0457 \u043a\u043e\u043c\u0456\u0441\u0456\u0457 \u0437 \u043f\u0438\u0442\u0430\u043d\u044c \u0430\u0442\u0435\u0441\u0442\u0430\u0446\u0456\u0457 \u0440\u0456\u0432\u043d\u044f \u0432\u043e\u043b\u043e\u0434\u0456\u043d\u043d\u044f \u043f\u043e\u043b\u044c\u0441\u044c\u043a\u043e\u044e \u043c\u043e\u0432\u043e\u044e \u044f\u043a \u0456\u043d\u043e\u0437\u0435\u043c\u043d\u043e\u044e<br>PL-00-635 \u0412\u0430\u0440\u0448\u0430\u0432\u0430, \u0432\u0443\u043b. \u041f\u043e\u043b\u044c\u043d\u0430 40<\/p>\n\n\n\n<h3 class=\"wp-block-heading\">\u0415\u043b\u0435\u043a\u0442\u0440\u043e\u043d\u043d\u0430 \u043f\u043e\u0448\u0442\u0430<\/h3>\n\n\n\n<p><a href=\"mailto:certyfikacja@nawa.gov.pl\">certyfikacja@nawa.gov.pl<\/a><\/p>\n\n\n\n<h3 class=\"wp-block-heading\">\u0422\u0435\u043b\u0435\u0444\u043e\u043d<\/h3>\n\n\n\n<p>+48 (22) 390 35 37<br>+48 (22) 390 35 87<\/p>\n\n\n\n<p><\/p>\n\n\n\n<p>\u0413\u043e\u0434\u0438\u043d\u0438 \u0447\u0435\u0440\u0433\u0443\u0432\u0430\u043d\u043d\u044f \u043f\u043e \u0442\u0435\u043b\u0435\u0444\u043e\u043d\u0443:<br>\u041f\u043e\u043d\u0435\u0434\u0456\u043b\u043e\u043a: 13:00 - 15:00<br>\u0412\u0456\u0432\u0442\u043e\u0440\u043e\u043a - \u043f'\u044f\u0442\u043d\u0438\u0446\u044f: 09:00 - 11:00<\/p>\n\n\n\n<hr class=\"wp-block-separator has-alpha-channel-opacity is-style-wide\"\/>\n\n\n\n<p><\/p>\n\n\n\n<h3 class=\"wp-block-heading\">\u0417\u0430\u044f\u0432\u043a\u0438 \u043d\u0430 \u0441\u0435\u0440\u0442\u0438\u0444\u0456\u043a\u0430\u0446\u0456\u044e \u0431\u0435\u0437 \u0456\u0441\u043f\u0438\u0442\u0443<\/h3>\n\n\n\n<p>\u041a\u043e\u043d\u0442\u0430\u043a\u0442\u043d\u0456 \u0434\u0430\u043d\u0456<br>e-mail <a href=\"mailto:certyfikat_wniosek@nawa.gov.pl\">certyfikat.wniosek@nawa.gov.pl<\/a><br><br>\u0442\u0435\u043b. +48 451 058 645<br>\u0442\u0435\u043b. +48 509 359 543<br>\u0442\u0435\u043b. +48 451 058 652<\/p>\n\n\n\n<p>\u0413\u043e\u0434\u0438\u043d\u0438 \u0447\u0435\u0440\u0433\u0443\u0432\u0430\u043d\u043d\u044f \u043f\u043e \u0442\u0435\u043b\u0435\u0444\u043e\u043d\u0443:<br>\u041f\u043e\u043d\u0435\u0434\u0456\u043b\u043e\u043a: 13:00 - 15:00<br>\u0412\u0456\u0432\u0442\u043e\u0440\u043e\u043a - \u043f'\u044f\u0442\u043d\u0438\u0446\u044f: 09:00 - 11:00<\/p>","protected":false},"excerpt":{"rendered":"<p>Adres Sekretariat Pa\u0144stwowej Komisji do spraw Po\u015bwiadczania Znajomo\u015bci J\u0119zyka Polskiego jako ObcegoPL-00-635 Warszawa, ul. Polna 40 E-mail certyfikacja@nawa.gov.pl Telefon +48 (22) 390 35 37+48 (22) 390 35 87 Godziny dy\u017cur\u00f3w telefonicznych:poniedzia\u0142ek: 13:00 \u2013 15:00wtorek \u2013 pi\u0105tek: 09:00 \u2013 11:00 Wnioski o wydanie certyfikatu bez egzaminu Dane kontaktowee-mail certyfikat.wniosek@nawa.gov.pl tel. +48 451 058 645tel. +48 509 [&hellip;]<\/p>\n","protected":false},"author":1,"featured_media":0,"parent":0,"menu_order":800,"comment_status":"closed","ping_status":"closed","template":"","meta":{"footnotes":""},"class_list":["post-21","page","type-page","status-publish","hentry"],"_links":{"self":[{"href":"https:\/\/certyfikatpolski.pl\/uk\/wp-json\/wp\/v2\/pages\/21","targetHints":{"allow":["GET"]}}],"collection":[{"href":"https:\/\/certyfikatpolski.pl\/uk\/wp-json\/wp\/v2\/pages"}],"about":[{"href":"https:\/\/certyfikatpolski.pl\/uk\/wp-json\/wp\/v2\/types\/page"}],"author":[{"embeddable":true,"href":"https:\/\/certyfikatpolski.pl\/uk\/wp-json\/wp\/v2\/users\/1"}],"replies":[{"embeddable":true,"href":"https:\/\/certyfikatpolski.pl\/uk\/wp-json\/wp\/v2\/comments?post=21"}],"version-history":[{"count":24,"href":"https:\/\/certyfikatpolski.pl\/uk\/wp-json\/wp\/v2\/pages\/21\/revisions"}],"predecessor-version":[{"id":111227,"href":"https:\/\/certyfikatpolski.pl\/uk\/wp-json\/wp\/v2\/pages\/21\/revisions\/111227"}],"wp:attachment":[{"href":"https:\/\/certyfikatpolski.pl\/uk\/wp-json\/wp\/v2\/media?parent=21"}],"curies":[{"name":"wp","href":"https:\/\/api.w.org\/{rel}","templated":true}]}}