{"id":222,"date":"2017-03-20T13:54:33","date_gmt":"2017-03-20T12:54:33","guid":{"rendered":"http:\/\/serwer1554250.home.pl\/pl.certyfikatpolski\/?page_id=222"},"modified":"2023-02-05T21:32:28","modified_gmt":"2023-02-05T20:32:28","slug":"%d0%bd%d0%be%d0%b2%d0%b0-%d1%81%d0%b8%d1%81%d1%82%d0%b5%d0%bc%d0%b0-%d0%be%d1%80%d0%b3%d0%b0%d0%bd%d1%96%d0%b7%d0%b0%d1%86%d1%96%d1%97-%d1%96%d1%81%d0%bf%d0%b8%d1%82%d1%96%d0%b2","status":"publish","type":"page","link":"https:\/\/certyfikatpolski.pl\/uk\/o-egzaminie\/nowy-system-organizacji-egzaminow\/","title":{"rendered":"\u041d\u043e\u0432\u0430 \u0441\u0438\u0441\u0442\u0435\u043c\u0430 \u043e\u0440\u0433\u0430\u043d\u0456\u0437\u0430\u0446\u0456\u0457 \u0456\u0441\u043f\u0438\u0442\u0456\u0432"},"content":{"rendered":"<p>\u041f\u0456\u0441\u043b\u044f \u043d\u0430\u0431\u0440\u0430\u043d\u043d\u044f \u0447\u0438\u043d\u043d\u043e\u0441\u0442\u0456 12 \u043b\u0438\u0441\u0442\u043e\u043f\u0430\u0434\u0430 2015 \u0440\u043e\u043a\u0443 \u0437\u043c\u0456\u043d\u0435\u043d\u043e\u0457 \u0440\u0435\u0434\u0430\u043a\u0446\u0456\u0457 \u0417\u0430\u043a\u043e\u043d\u0443 \u0423\u043a\u0440\u0430\u0457\u043d\u0438 \"\u041f\u0440\u043e \u0432\u043d\u0435\u0441\u0435\u043d\u043d\u044f \u0437\u043c\u0456\u043d \u0434\u043e \u0434\u0435\u044f\u043a\u0438\u0445 \u0437\u0430\u043a\u043e\u043d\u043e\u0434\u0430\u0432\u0447\u0438\u0445 \u0430\u043a\u0442\u0456\u0432 \u0423\u043a\u0440\u0430\u0457\u043d\u0438&nbsp;<em>\u0417\u0430\u043a\u043e\u043d\u0438 \u043f\u0440\u043e \u043f\u043e\u043b\u044c\u0441\u044c\u043a\u0443 \u043c\u043e\u0432\u0443<\/em>&nbsp;\u0441\u0435\u0440\u0442\u0438\u0444\u0456\u043a\u0430\u0446\u0456\u0439\u043d\u0456 \u0456\u0441\u043f\u0438\u0442\u0438 \u0437 \u043f\u043e\u043b\u044c\u0441\u044c\u043a\u043e\u0457 \u043c\u043e\u0432\u0438 \u044f\u043a \u0456\u043d\u043e\u0437\u0435\u043c\u043d\u043e\u0457 \u0431\u0443\u0434\u0443\u0442\u044c \u043e\u0440\u0433\u0430\u043d\u0456\u0437\u043e\u0432\u0430\u043d\u0456 \u0437\u0430 \u043d\u043e\u0432\u0438\u043c\u0438 \u043f\u0440\u0430\u0432\u0438\u043b\u0430\u043c\u0438, \u044f\u043a\u0456 \u0432\u0438\u043a\u043b\u0430\u0434\u0435\u043d\u0456 \u0443 \u043f\u0435\u0440\u0435\u0433\u043b\u044f\u043d\u0443\u0442\u0456\u0439 \u0440\u0435\u0434\u0430\u043a\u0446\u0456\u0457&nbsp;<a href=\"https:\/\/www.dziennikustaw.gov.pl\/du\/2015\/1132\"><em>\u0417\u0430\u043a\u043e\u043d \u043f\u0440\u043e \u043f\u043e\u043b\u044c\u0441\u044c\u043a\u0443 \u043c\u043e\u0432\u0443 \u0432\u0456\u0434 12 \u0447\u0435\u0440\u0432\u043d\u044f 2015 \u0440\u043e\u043a\u0443<\/em>.<\/a> \u0442\u0430 \u0434\u0432\u0430 \u0456\u043c\u043f\u043b\u0435\u043c\u0435\u043d\u0442\u0430\u0446\u0456\u0439\u043d\u0456 \u0430\u043a\u0442\u0438:&nbsp;<a href=\"https:\/\/isap.sejm.gov.pl\/isap.nsf\/DocDetails.xsp?id=WDU20150002288\"><em>\u041f\u043e\u043b\u043e\u0436\u0435\u043d\u043d\u044f \u043f\u0440\u043e \u0414\u0435\u0440\u0436\u0430\u0432\u043d\u0443 \u043a\u043e\u043c\u0456\u0441\u0456\u044e \u0437 \u043f\u0438\u0442\u0430\u043d\u044c \u0430\u0442\u0435\u0441\u0442\u0430\u0446\u0456\u0457 \u0449\u043e\u0434\u043e \u0432\u0456\u043b\u044c\u043d\u043e\u0433\u043e \u0432\u043e\u043b\u043e\u0434\u0456\u043d\u043d\u044f \u043f\u043e\u043b\u044c\u0441\u044c\u043a\u043e\u044e \u043c\u043e\u0432\u043e\u044e \u044f\u043a \u0456\u043d\u043e\u0437\u0435\u043c\u043d\u043e\u044e \u0432\u0456\u0434 11 \u0433\u0440\u0443\u0434\u043d\u044f 2015 \u0440\u043e\u043a\u0443<\/em><em>&nbsp;r<\/em><\/a>. \u0456&nbsp;<a href=\"https:\/\/www.dziennikustaw.gov.pl\/du\/2016\/405\/\"><em>\u041f\u043e\u043b\u043e\u0436\u0435\u043d\u043d\u044f \u043f\u0440\u043e \u0456\u0441\u043f\u0438\u0442\u0438 \u0437 \u043f\u043e\u043b\u044c\u0441\u044c\u043a\u043e\u0457 \u043c\u043e\u0432\u0438 \u044f\u043a \u0456\u043d\u043e\u0437\u0435\u043c\u043d\u043e\u0457 \u0432\u0456\u0434 26 \u043b\u044e\u0442\u043e\u0433\u043e 2016 \u0440\u043e\u043a\u0443.&nbsp;<\/em><\/a><\/p>\n\n\n\n<p>\u0406\u0441\u043f\u0438\u0442\u0438 \u0431\u0443\u0434\u0443\u0442\u044c \u043e\u0440\u0433\u0430\u043d\u0456\u0437\u043e\u0432\u0430\u043d\u0456 \u043e\u0440\u0433\u0430\u043d\u0456\u0437\u0430\u0446\u0456\u044f\u043c\u0438, \u0443\u043f\u043e\u0432\u043d\u043e\u0432\u0430\u0436\u0435\u043d\u0438\u043c\u0438 \u043f\u0440\u043e\u0432\u043e\u0434\u0438\u0442\u0438 \u0441\u0435\u0440\u0442\u0438\u0444\u0456\u043a\u0430\u0446\u0456\u0439\u043d\u0456 \u0456\u0441\u043f\u0438\u0442\u0438. \u0407\u0445 \u043f\u0435\u0440\u0435\u043b\u0456\u043a \u0431\u0443\u0434\u0435 \u043e\u043f\u0443\u0431\u043b\u0456\u043a\u043e\u0432\u0430\u043d\u0438\u0439 \u041c\u0456\u043d\u0456\u0441\u0442\u0435\u0440\u0441\u0442\u0432\u043e\u043c \u043d\u0430\u0443\u043a\u0438 \u0456 \u0432\u0438\u0449\u043e\u0457 \u043e\u0441\u0432\u0456\u0442\u0438, \u044f\u043a\u0435 \u043f\u0440\u0438\u0439\u043c\u0430\u0454 \u0437\u0430\u044f\u0432\u043a\u0438 \u043d\u0430 \u043e\u0442\u0440\u0438\u043c\u0430\u043d\u043d\u044f \u0446\u0438\u0445 \u043f\u043e\u0432\u043d\u043e\u0432\u0430\u0436\u0435\u043d\u044c (\u0434\u0435\u0442\u0430\u043b\u044c\u043d\u0430 \u0456\u043d\u0444\u043e\u0440\u043c\u0430\u0446\u0456\u044f \u0434\u043e\u0441\u0442\u0443\u043f\u043d\u0430 \u0437\u0430 \u043f\u043e\u0441\u0438\u043b\u0430\u043d\u043d\u044f\u043c <a href=\"https:\/\/www.gov.pl\/web\/edukacja-i-nauka\/wnioski-o-nadanie-uprawnienia-do-organizowania-egzaminow-z-jezyka-polskiego-jako-obcego\">\u0442\u0443\u0442.<\/a>).<\/p>\n\n\n\n<p>\u041c\u0438 \u043d\u0430\u0434\u0430\u043c\u043e \u0434\u0435\u0442\u0430\u043b\u044c\u043d\u0443 \u0456\u043d\u0444\u043e\u0440\u043c\u0430\u0446\u0456\u044e \u043f\u0440\u043e \u0437\u0430\u043f\u043b\u0430\u043d\u043e\u0432\u0430\u043d\u0456 \u043d\u0430 \u0446\u0435\u0439 \u0440\u0456\u043a \u0456\u0441\u043f\u0438\u0442\u0438 (\u043d\u0430\u043f\u0440\u0438\u043a\u043b\u0430\u0434, \u044f\u043a \u043f\u043e\u0434\u0430\u0442\u0438 \u0437\u0430\u044f\u0432\u043a\u0443, \u043d\u0430\u0437\u0432\u0438 \u0435\u043a\u0437\u0430\u043c\u0435\u043d\u0430\u0446\u0456\u0439\u043d\u0438\u0445 \u0446\u0435\u043d\u0442\u0440\u0456\u0432), \u044f\u043a \u0442\u0456\u043b\u044c\u043a\u0438 \u043e\u0442\u0440\u0438\u043c\u0430\u0454\u043c\u043e \u0456\u043d\u0444\u043e\u0440\u043c\u0430\u0446\u0456\u044e \u0432\u0456\u0434 \u043e\u0440\u0433\u0430\u043d\u0456\u0437\u0430\u0442\u043e\u0440\u0456\u0432 \u0456\u0441\u043f\u0438\u0442\u0456\u0432.<\/p>","protected":false},"excerpt":{"rendered":"<p>W zwi\u0105zku z wej\u015bciem w \u017cycie 12 listopada 2015 r. znowelizowanej&nbsp;Ustawy o j\u0119zyku polskim&nbsp;egzaminy certyfikatowe z j\u0119zyka polskiego jako obcego b\u0119d\u0105 organizowane wed\u0142ug nowych zasad, kt\u00f3re okre\u015bla znowelizowana&nbsp;Ustawa o j\u0119zyku polskim z 12 czerwca 2015 r. oraz dwa akty wykonawcze:&nbsp;Rozporz\u0105dzenie w sprawie Pa\u0144stwowej Komisji do spraw Po\u015bwiadczania Znajomo\u015bci J\u0119zyka Polskiego jako Obcego z 11 grudnia [&hellip;]<\/p>\n","protected":false},"author":1,"featured_media":0,"parent":13,"menu_order":0,"comment_status":"closed","ping_status":"closed","template":"","meta":{"footnotes":""},"class_list":["post-222","page","type-page","status-publish","hentry"],"_links":{"self":[{"href":"https:\/\/certyfikatpolski.pl\/uk\/wp-json\/wp\/v2\/pages\/222","targetHints":{"allow":["GET"]}}],"collection":[{"href":"https:\/\/certyfikatpolski.pl\/uk\/wp-json\/wp\/v2\/pages"}],"about":[{"href":"https:\/\/certyfikatpolski.pl\/uk\/wp-json\/wp\/v2\/types\/page"}],"author":[{"embeddable":true,"href":"https:\/\/certyfikatpolski.pl\/uk\/wp-json\/wp\/v2\/users\/1"}],"replies":[{"embeddable":true,"href":"https:\/\/certyfikatpolski.pl\/uk\/wp-json\/wp\/v2\/comments?post=222"}],"version-history":[{"count":2,"href":"https:\/\/certyfikatpolski.pl\/uk\/wp-json\/wp\/v2\/pages\/222\/revisions"}],"predecessor-version":[{"id":109988,"href":"https:\/\/certyfikatpolski.pl\/uk\/wp-json\/wp\/v2\/pages\/222\/revisions\/109988"}],"up":[{"embeddable":true,"href":"https:\/\/certyfikatpolski.pl\/uk\/wp-json\/wp\/v2\/pages\/13"}],"wp:attachment":[{"href":"https:\/\/certyfikatpolski.pl\/uk\/wp-json\/wp\/v2\/media?parent=222"}],"curies":[{"name":"wp","href":"https:\/\/api.w.org\/{rel}","templated":true}]}}