{"id":36,"date":"2017-03-01T22:31:21","date_gmt":"2017-03-01T21:31:21","guid":{"rendered":"http:\/\/serwer1554250.home.pl\/pl.certyfikatpolski\/?page_id=36"},"modified":"2022-10-18T21:55:57","modified_gmt":"2022-10-18T19:55:57","slug":"%d0%bf%d0%bb%d0%b0%d1%82%d0%b0-%d0%b7%d0%b0-%d1%96%d1%81%d0%bf%d0%b8%d1%82","status":"publish","type":"page","link":"https:\/\/certyfikatpolski.pl\/uk\/o-egzaminie\/oplaty-za-egzamin\/","title":{"rendered":"\u041f\u043b\u0430\u0442\u0430 \u0437\u0430 \u0456\u0441\u043f\u0438\u0442"},"content":{"rendered":"<p>\u0406\u0441\u043f\u0438\u0442\u0438 \u0454 \u043f\u043b\u0430\u0442\u043d\u0438\u043c\u0438, \u0430\u043b\u0435 \u0440\u043e\u0437\u043c\u0456\u0440 \u043f\u043b\u0430\u0442\u0438 \u0432\u0441\u0442\u0430\u043d\u043e\u0432\u043b\u044e\u0454\u0442\u044c\u0441\u044f \u043a\u043e\u0436\u043d\u0438\u043c \u0435\u043a\u0437\u0430\u043c\u0435\u043d\u0430\u0446\u0456\u0439\u043d\u0438\u043c \u0446\u0435\u043d\u0442\u0440\u043e\u043c (\u0443\u043f\u043e\u0432\u043d\u043e\u0432\u0430\u0436\u0435\u043d\u0438\u043c\u0438 \u0441\u0443\u0431'\u0454\u043a\u0442\u0430\u043c\u0438), \u043d\u0435 \u043f\u0435\u0440\u0435\u0432\u0438\u0449\u0443\u044e\u0447\u0438 \u043c\u0430\u043a\u0441\u0438\u043c\u0430\u043b\u044c\u043d\u043e\u0433\u043e \u0440\u043e\u0437\u043c\u0456\u0440\u0443 \u043f\u043b\u0430\u0442\u0438 \u0437\u0430 \u0456\u0441\u043f\u0438\u0442 \u043f\u0435\u0432\u043d\u043e\u0433\u043e \u0440\u0456\u0432\u043d\u044f, \u0432\u0438\u0437\u043d\u0430\u0447\u0435\u043d\u043e\u0433\u043e \u0437\u0430\u043a\u043e\u043d\u043e\u0434\u0430\u0432\u0446\u0435\u043c:<\/p>\n\n\n\n<ul class=\"wp-block-list\"><li>90 \u20ac - \u0456\u0441\u043f\u0438\u0442\u0438 A1-B2 \u0434\u043b\u044f \u0434\u0456\u0442\u0435\u0439 \u0442\u0430 \u043c\u043e\u043b\u043e\u0434\u0456,<\/li><li>120 \u20ac - \u0440\u0456\u0432\u0435\u043d\u044c \u04101, \u04102 \u0443 \u0433\u0440\u0443\u043f\u0456 \u0434\u043b\u044f \u0434\u043e\u0440\u043e\u0441\u043b\u0438\u0445,<\/li><li>150 \u20ac - \u0440\u0456\u0432\u0435\u043d\u044c B1, B2 \u0443 \u0434\u043e\u0440\u043e\u0441\u043b\u0456\u0439 \u0433\u0440\u0443\u043f\u0456,<\/li><li>180 \u20ac - \u0440\u0456\u0432\u0435\u043d\u044c \u04211, \u04212 \u0443 \u0434\u043e\u0440\u043e\u0441\u043b\u0456\u0439 \u0433\u0440\u0443\u043f\u0456.<\/li><\/ul>\n\n\n\n<p><i>\u041f\u043b\u0430\u0442\u0430 \u0437\u0430 \u0432\u0438\u0434\u0430\u0447\u0443 \u0441\u0435\u0440\u0442\u0438\u0444\u0456\u043a\u0430\u0442\u0430 \u0441\u0442\u0430\u043d\u043e\u0432\u0438\u0442\u044c 20 \u0437\u043b\u043e\u0442\u0438\u0445, \u0449\u043e \u0435\u043a\u0432\u0456\u0432\u0430\u043b\u0435\u043d\u0442\u043d\u043e 20 \u0454\u0432\u0440\u043e.<\/i><\/p>","protected":false},"excerpt":{"rendered":"<p>Egzaminy s\u0105 odp\u0142atne, ale wysoko\u015b\u0107 op\u0142at ustala ka\u017cdy z o\u015brodk\u00f3w egzaminacyjnych (podmiot\u00f3w uprawnionych), nie przekraczaj\u0105c maksymalnej sumy za egzamin na danym poziomie zaawansowania, okre\u015blonej przez ustawodawc\u0119: 90 \u20ac \u2013 egzaminy A1-B2 dla dzieci i m\u0142odzie\u017cy, 120 \u20ac \u2013 poziom A1, A2 w grupie doros\u0142ych, 150 \u20ac \u2013 poziom B1, B2 w grupie doros\u0142ych, 180 \u20ac [&hellip;]<\/p>\n","protected":false},"author":1,"featured_media":0,"parent":13,"menu_order":0,"comment_status":"closed","ping_status":"closed","template":"","meta":{"footnotes":""},"class_list":["post-36","page","type-page","status-publish","hentry"],"_links":{"self":[{"href":"https:\/\/certyfikatpolski.pl\/uk\/wp-json\/wp\/v2\/pages\/36","targetHints":{"allow":["GET"]}}],"collection":[{"href":"https:\/\/certyfikatpolski.pl\/uk\/wp-json\/wp\/v2\/pages"}],"about":[{"href":"https:\/\/certyfikatpolski.pl\/uk\/wp-json\/wp\/v2\/types\/page"}],"author":[{"embeddable":true,"href":"https:\/\/certyfikatpolski.pl\/uk\/wp-json\/wp\/v2\/users\/1"}],"replies":[{"embeddable":true,"href":"https:\/\/certyfikatpolski.pl\/uk\/wp-json\/wp\/v2\/comments?post=36"}],"version-history":[{"count":2,"href":"https:\/\/certyfikatpolski.pl\/uk\/wp-json\/wp\/v2\/pages\/36\/revisions"}],"predecessor-version":[{"id":109451,"href":"https:\/\/certyfikatpolski.pl\/uk\/wp-json\/wp\/v2\/pages\/36\/revisions\/109451"}],"up":[{"embeddable":true,"href":"https:\/\/certyfikatpolski.pl\/uk\/wp-json\/wp\/v2\/pages\/13"}],"wp:attachment":[{"href":"https:\/\/certyfikatpolski.pl\/uk\/wp-json\/wp\/v2\/media?parent=36"}],"curies":[{"name":"wp","href":"https:\/\/api.w.org\/{rel}","templated":true}]}}