{"id":38,"date":"2017-03-01T22:31:29","date_gmt":"2017-03-01T21:31:29","guid":{"rendered":"http:\/\/serwer1554250.home.pl\/pl.certyfikatpolski\/?page_id=38"},"modified":"2022-10-18T21:58:51","modified_gmt":"2022-10-18T19:58:51","slug":"zgloszenia-na-egzamin","status":"publish","type":"page","link":"https:\/\/certyfikatpolski.pl\/uk\/o-egzaminie\/zgloszenia-na-egzamin\/","title":{"rendered":"Zg\u0142oszenia na egzamin"},"content":{"rendered":"<p>Kandydaci powinni si\u0119 zg\u0142asza\u0107 do o\u015brodk\u00f3w, kt\u00f3re b\u0119d\u0105 organizowa\u0107 egzaminy. Minister Nauki i Szkolnictwa Wy\u017cszego nadaje, na drodze administracyjnej, uprawnienia do organizowania egzamin\u00f3w. Wed\u0142ug ustawy o\u015brodkiem egzaminacyjnym mog\u0105 by\u0107 polskie lub zagraniczne szko\u0142y wy\u017csze prowadz\u0105ce studia w zakresie filologii polskiej oraz polskie lub zagraniczne plac\u00f3wki, kt\u00f3re od co najmniej trzech lat prowadz\u0105 zaj\u0119cia dydaktyczne z j\u0119zyka polskiego jako obcego lub inne zaj\u0119cia w j\u0119zyku polskim. Po rejestracji kandydat\u00f3w w elektronicznej bazie danych, przeprowadzaniem egzamin\u00f3w zajmuj\u0105 si\u0119 egzaminatorzy \u2013 przewodnicz\u0105cy komisji \u2013 wpisani na ministerialn\u0105 list\u0119 oraz cz\u0142onkowie komisji zwi\u0105zani z danym o\u015brodkiem. Ich kwalifikacje i zadania doprecyzowano w ustawie.<\/p>\n\n\n\n<p>Lista podmiot\u00f3w uprawnionych do przeprowadzania egzamin\u00f3w z j\u0119zyka polskiego jako obcego jest dost\u0119pna na stronie BIP Ministerstwa Nauki i Szkolnictwa Wy\u017cszego na<\/p>\n\n\n\n<p><a href=\"http:\/\/www.bip.nauka.gov.pl\/certyfikacja-jezyka-polskiego-jako-obcego\/lista-podmiotow-uprawnionych-do-organizowania-egzaminow-z-jezyka-polskiego-jako-obcego_mnisw.html\" target=\"_blank\" rel=\"noopener\">http:\/\/www.bip.nauka.gov.pl\/certyfikacja-jezyka-polskiego-jako-obcego\/lista-podmiotow-uprawnionych-do-organizowania-egzaminow-z-jezyka-polskiego-jako-obcego_mnisw.html<\/a><\/p>","protected":false},"excerpt":{"rendered":"<p>Kandydaci powinni si\u0119 zg\u0142asza\u0107 do o\u015brodk\u00f3w, kt\u00f3re b\u0119d\u0105 organizowa\u0107 egzaminy. Minister Nauki i Szkolnictwa Wy\u017cszego nadaje, na drodze administracyjnej, uprawnienia do organizowania egzamin\u00f3w. Wed\u0142ug ustawy o\u015brodkiem egzaminacyjnym mog\u0105 by\u0107 polskie lub zagraniczne szko\u0142y wy\u017csze prowadz\u0105ce studia w zakresie filologii polskiej oraz polskie lub zagraniczne plac\u00f3wki, kt\u00f3re od co najmniej trzech lat prowadz\u0105 zaj\u0119cia dydaktyczne z [&hellip;]<\/p>\n","protected":false},"author":1,"featured_media":0,"parent":13,"menu_order":0,"comment_status":"closed","ping_status":"closed","template":"","meta":{"footnotes":""},"class_list":["post-38","page","type-page","status-publish","hentry"],"_links":{"self":[{"href":"https:\/\/certyfikatpolski.pl\/uk\/wp-json\/wp\/v2\/pages\/38","targetHints":{"allow":["GET"]}}],"collection":[{"href":"https:\/\/certyfikatpolski.pl\/uk\/wp-json\/wp\/v2\/pages"}],"about":[{"href":"https:\/\/certyfikatpolski.pl\/uk\/wp-json\/wp\/v2\/types\/page"}],"author":[{"embeddable":true,"href":"https:\/\/certyfikatpolski.pl\/uk\/wp-json\/wp\/v2\/users\/1"}],"replies":[{"embeddable":true,"href":"https:\/\/certyfikatpolski.pl\/uk\/wp-json\/wp\/v2\/comments?post=38"}],"version-history":[{"count":2,"href":"https:\/\/certyfikatpolski.pl\/uk\/wp-json\/wp\/v2\/pages\/38\/revisions"}],"predecessor-version":[{"id":109458,"href":"https:\/\/certyfikatpolski.pl\/uk\/wp-json\/wp\/v2\/pages\/38\/revisions\/109458"}],"up":[{"embeddable":true,"href":"https:\/\/certyfikatpolski.pl\/uk\/wp-json\/wp\/v2\/pages\/13"}],"wp:attachment":[{"href":"https:\/\/certyfikatpolski.pl\/uk\/wp-json\/wp\/v2\/media?parent=38"}],"curies":[{"name":"wp","href":"https:\/\/api.w.org\/{rel}","templated":true}]}}