{"id":40,"date":"2017-03-01T22:31:37","date_gmt":"2017-03-01T21:31:37","guid":{"rendered":"http:\/\/serwer1554250.home.pl\/pl.certyfikatpolski\/?page_id=40"},"modified":"2026-01-28T16:38:33","modified_gmt":"2026-01-28T15:38:33","slug":"%d0%b2%d0%b8%d0%b4%d0%b0%d1%87%d0%b0-%d1%81%d0%b5%d1%80%d1%82%d0%b8%d1%84%d1%96%d0%ba%d0%b0%d1%82%d0%b0-%d0%b1%d0%b5%d0%b7-%d1%96%d1%81%d0%bf%d0%b8%d1%82%d1%83","status":"publish","type":"page","link":"https:\/\/certyfikatpolski.pl\/uk\/wydawanie-certyfikatu-bez-egzaminu\/","title":{"rendered":"\u0412\u0438\u0434\u0430\u0447\u0430 \u0441\u0435\u0440\u0442\u0438\u0444\u0456\u043a\u0430\u0442\u0430 \u0431\u0435\u0437 \u0456\u0441\u043f\u0438\u0442\u0443"},"content":{"rendered":"<p>\u0417 1 \u043b\u0438\u043f\u043d\u044f 2025 \u0440\u043e\u043a\u0443 \u043f\u043e\u043b\u043e\u0436\u0435\u043d\u043d\u044f \u0437\u043c\u0456\u043d\u044e\u044e\u0442\u044c\u0441\u044f&nbsp;<em>\u0417\u0430\u043a\u043e\u043d\u0438 \u043f\u0440\u043e \u043f\u043e\u043b\u044c\u0441\u044c\u043a\u0443 \u043c\u043e\u0432\u0443<\/em>. \u0417\u0433\u0456\u0434\u043d\u043e \u0437 \u0447\u0438\u043d\u043d\u0438\u043c \u043d\u0430 \u0442\u043e\u0439 \u043c\u043e\u043c\u0435\u043d\u0442 \u0437\u0430\u043a\u043e\u043d\u043e\u0434\u0430\u0432\u0441\u0442\u0432\u043e\u043c, \u043b\u044e\u0434\u0438, \u044f\u043a\u0456:<\/p>\n\n\n\n<p>- \u0437\u0434\u043e\u0431\u0443\u043b\u0438 \u0441\u0442\u0443\u043f\u0456\u043d\u044c \u0434\u043e\u043a\u0442\u043e\u0440\u0430 \u043d\u0430 \u043e\u0441\u043d\u043e\u0432\u0456 \u0434\u043e\u043a\u0442\u043e\u0440\u0441\u044c\u043a\u043e\u0457 \u0434\u0438\u0441\u0435\u0440\u0442\u0430\u0446\u0456\u0457, \u043d\u0430\u043f\u0438\u0441\u0430\u043d\u043e\u0457 \u0442\u0430 \u0437\u0430\u0445\u0438\u0449\u0435\u043d\u043e\u0457 \u043f\u043e\u043b\u044c\u0441\u044c\u043a\u043e\u044e \u043c\u043e\u0432\u043e\u044e \u0443 \u0432\u0438\u0449\u043e\u043c\u0443 \u043d\u0430\u0432\u0447\u0430\u043b\u044c\u043d\u043e\u043c\u0443 \u0437\u0430\u043a\u043b\u0430\u0434\u0456 \u0430\u0431\u043e \u0432 \u0443\u0441\u0442\u0430\u043d\u043e\u0432\u0456, \u0449\u043e \u0434\u0456\u0454 \u0432 \u0441\u0438\u0441\u0442\u0435\u043c\u0456 \u0432\u0438\u0449\u043e\u0457 \u043e\u0441\u0432\u0456\u0442\u0438 \u0456 \u043d\u0430\u0443\u043a\u0438 \u0420\u0435\u0441\u043f\u0443\u0431\u043b\u0456\u043a\u0438 \u041f\u043e\u043b\u044c\u0449\u0430.<\/p>\n\n\n\n<p><strong>(\u041d\u0415\u041e\u0411\u0425\u0406\u0414\u041d\u0406 \u0414\u041e\u041a\u0423\u041c\u0415\u041d\u0422\u0418: \u0434\u0438\u043f\u043b\u043e\u043c \u0434\u043e\u043a\u0442\u043e\u0440\u0430 \u043d\u0430\u0443\u043a \u0442\u0430 \u0434\u043e\u0432\u0456\u0434\u043a\u0430 \u0437 \u0443\u043d\u0456\u0432\u0435\u0440\u0441\u0438\u0442\u0435\u0442\u0443, \u044f\u043a\u0430 \u043f\u0456\u0434\u0442\u0432\u0435\u0440\u0434\u0436\u0443\u0454, \u0449\u043e \u0434\u043e\u043a\u0442\u043e\u0440\u0441\u044c\u043a\u0430 \u0434\u0438\u0441\u0435\u0440\u0442\u0430\u0446\u0456\u044f \u0431\u0443\u043b\u0430 \u043d\u0430\u043f\u0438\u0441\u0430\u043d\u0430 \u0442\u0430 \u0437\u0430\u0445\u0438\u0449\u0435\u043d\u0430 \u043f\u043e\u043b\u044c\u0441\u044c\u043a\u043e\u044e \u043c\u043e\u0432\u043e\u044e.<\/strong>);<\/p>\n\n\n\n<p>- \u0437\u0430\u043a\u0456\u043d\u0447\u0438\u043b\u0438 \u043f\u0440\u043e\u0433\u0440\u0430\u043c\u0443 \u0432\u0438\u0449\u043e\u0457 \u043e\u0441\u0432\u0456\u0442\u0438 \u0437 \u0432\u0438\u043a\u043b\u0430\u0434\u0430\u043d\u043d\u044f\u043c \u043f\u043e\u043b\u044c\u0441\u044c\u043a\u043e\u044e \u043c\u043e\u0432\u043e\u044e \u0443 \u0432\u0438\u0449\u043e\u043c\u0443 \u043d\u0430\u0432\u0447\u0430\u043b\u044c\u043d\u043e\u043c\u0443 \u0437\u0430\u043a\u043b\u0430\u0434\u0456, \u0449\u043e \u0432\u0445\u043e\u0434\u0438\u0442\u044c \u0434\u043e \u0441\u0438\u0441\u0442\u0435\u043c\u0438 \u0432\u0438\u0449\u043e\u0457 \u043e\u0441\u0432\u0456\u0442\u0438 \u0456 \u043d\u0430\u0443\u043a\u0438 \u0420\u0435\u0441\u043f\u0443\u0431\u043b\u0456\u043a\u0438 \u041f\u043e\u043b\u044c\u0449\u0430;<\/p>\n\n\n\n<p><strong>(\u041d\u0415\u041e\u0411\u0425\u0406\u0414\u041d\u0406 \u0414\u041e\u041a\u0423\u041c\u0415\u041d\u0422\u0418: \u0434\u0438\u043f\u043b\u043e\u043c \u043f\u0440\u043e \u0437\u0430\u043a\u0456\u043d\u0447\u0435\u043d\u043d\u044f \u043d\u0430\u0432\u0447\u0430\u043d\u043d\u044f \u0437 \u0434\u043e\u0434\u0430\u0442\u043a\u043e\u043c \u0434\u043e \u0434\u0438\u043f\u043b\u043e\u043c\u0430);<\/strong><\/p>\n\n\n\n<p>- \u043e\u0442\u0440\u0438\u043c\u0430\u0432 \u0430\u0442\u0435\u0441\u0442\u0430\u0442 \u043f\u0440\u043e \u043f\u043e\u0432\u043d\u0443 \u0437\u0430\u0433\u0430\u043b\u044c\u043d\u0443 \u0441\u0435\u0440\u0435\u0434\u043d\u044e \u043e\u0441\u0432\u0456\u0442\u0443 \u0432 \u0441\u0438\u0441\u0442\u0435\u043c\u0456 \u043e\u0441\u0432\u0456\u0442\u0438 \u0420\u0435\u0441\u043f\u0443\u0431\u043b\u0456\u043a\u0438 \u041f\u043e\u043b\u044c\u0449\u0430.<\/p>\n\n\n\n<p><strong>(\u041d\u0415\u041e\u0411\u0425\u0406\u0414\u041d\u0406 \u0414\u041e\u041a\u0423\u041c\u0415\u041d\u0422\u0418: \u0410\u0442\u0435\u0441\u0442\u0430\u0442 \u043f\u0440\u043e \u043f\u043e\u0432\u043d\u0443 \u0437\u0430\u0433\u0430\u043b\u044c\u043d\u0443 \u0441\u0435\u0440\u0435\u0434\u043d\u044e \u043e\u0441\u0432\u0456\u0442\u0443);<\/strong><\/p>\n\n\n\n<p>\u0421\u0435\u0440\u0442\u0438\u0444\u0456\u043a\u0430\u0442 \u0442\u0430\u043a\u043e\u0436 \u043c\u043e\u0436\u0435 \u0431\u0443\u0442\u0438 \u0432\u0440\u0443\u0447\u0435\u043d\u0438\u0439 \u0442\u0438\u043c, \u0445\u0442\u043e \u0437\u0430\u0432\u0435\u0440\u0448\u0438\u0432 \u043d\u0430\u0432\u0447\u0430\u043d\u043d\u044f:<\/p>\n\n\n\n<p>- \u0448\u043a\u043e\u043b\u0430 \u043f\u0440\u0438 \u0434\u0438\u043f\u043b\u043e\u043c\u0430\u0442\u0438\u0447\u043d\u0438\u0445 \u043f\u0440\u0435\u0434\u0441\u0442\u0430\u0432\u043d\u0438\u0446\u0442\u0432\u0430\u0445, \u043a\u043e\u043d\u0441\u0443\u043b\u044c\u0441\u044c\u043a\u0438\u0445 \u0443\u0441\u0442\u0430\u043d\u043e\u0432\u0430\u0445 \u0442\u0430 \u0432\u0456\u0439\u0441\u044c\u043a\u043e\u0432\u0438\u0445 \u043f\u0440\u0435\u0434\u0441\u0442\u0430\u0432\u043d\u0438\u0446\u0442\u0432\u0430\u0445 \u0420\u0435\u0441\u043f\u0443\u0431\u043b\u0456\u043a\u0438 \u041f\u043e\u043b\u044c\u0449\u0430;<\/p>\n\n\n\n<p><strong>(\u041d\u0415\u041e\u0411\u0425\u0406\u0414\u041d\u0418\u0419 \u0414\u041e\u041a\u0423\u041c\u0415\u041d\u0422: \u0421\u0432\u0456\u0434\u043e\u0446\u0442\u0432\u043e \u043f\u0440\u043e \u0437\u0430\u043a\u0456\u043d\u0447\u0435\u043d\u043d\u044f \u0434\u043e\u0434\u0430\u0442\u043a\u043e\u0432\u043e\u0457 \u043e\u0441\u0432\u0456\u0442\u0438 \u043f\u0440\u043e \u043f\u043e\u0432\u043d\u0443 \u0437\u0430\u0433\u0430\u043b\u044c\u043d\u0443 \u0441\u0435\u0440\u0435\u0434\u043d\u044e \u043e\u0441\u0432\u0456\u0442\u0443);<\/strong><\/p>\n\n\n\n<p>- \u0448\u043a\u043e\u043b\u0443 \u0432 \u0456\u043d\u0448\u0456\u0439 \u043a\u0440\u0430\u0457\u043d\u0456, \u043d\u0456\u0436 \u041f\u043e\u043b\u044c\u0449\u0430, \u0432 \u044f\u043a\u0456\u0439 \u0432\u043e\u043d\u0438 \u0432\u0438\u0432\u0447\u0430\u043b\u0438 \u043f\u043e\u043b\u044c\u0441\u044c\u043a\u0443 \u043c\u043e\u0432\u0443 \u0442\u0430 \u0456\u043d\u0448\u0456 \u043f\u0440\u0435\u0434\u043c\u0435\u0442\u0438 \u0446\u0456\u0454\u044e \u043c\u043e\u0432\u043e\u044e \u0456 \u043e\u0442\u0440\u0438\u043c\u0430\u043b\u0438 \u043f\u043e\u0432\u043d\u0443 \u0441\u0435\u0440\u0435\u0434\u043d\u044e \u043e\u0441\u0432\u0456\u0442\u0443;<\/p>\n\n\n\n<p><strong>(\u041d\u0415\u041e\u0411\u0425\u0406\u0414\u041d\u0406 \u0414\u041e\u041a\u0423\u041c\u0415\u041d\u0422\u0418: \u0430\u0442\u0435\u0441\u0442\u0430\u0442 \u043f\u0440\u043e \u043f\u043e\u0432\u043d\u0443 \u0437\u0430\u0433\u0430\u043b\u044c\u043d\u0443 \u0441\u0435\u0440\u0435\u0434\u043d\u044e \u043e\u0441\u0432\u0456\u0442\u0443, \u043e\u0442\u0440\u0438\u043c\u0430\u043d\u0438\u0439 \u0443 \u0448\u043a\u043e\u043b\u0456 \u0437 \u043f\u043e\u043b\u044c\u0441\u044c\u043a\u043e\u044e \u043c\u043e\u0432\u043e\u044e \u043d\u0430\u0432\u0447\u0430\u043d\u043d\u044f, \u0449\u043e \u0444\u0443\u043d\u043a\u0446\u0456\u043e\u043d\u0443\u0454 \u0432 \u043e\u0441\u0432\u0456\u0442\u043d\u0456\u0439 \u0441\u0438\u0441\u0442\u0435\u043c\u0456 \u0456\u043d\u0448\u043e\u0457 \u043a\u0440\u0430\u0457\u043d\u0438, \u0440\u0430\u0437\u043e\u043c \u0456\u0437 \u0437\u0430\u0432\u0456\u0440\u0435\u043d\u0438\u043c \u043f\u0435\u0440\u0435\u043a\u043b\u0430\u0434\u043e\u043c \u0434\u043e\u043a\u0443\u043c\u0435\u043d\u0442\u0456\u0432 \u043d\u0430 \u043f\u043e\u043b\u044c\u0441\u044c\u043a\u0443 \u043c\u043e\u0432\u0443);<\/strong><\/p>\n\n\n\n<p>- European School \u0456 \u043c\u0430\u044e\u0442\u044c \u0434\u0438\u043f\u043b\u043e\u043c \u0454\u0432\u0440\u043e\u043f\u0435\u0439\u0441\u044c\u043a\u043e\u0433\u043e \u0431\u0430\u043a\u0430\u043b\u0430\u0432\u0440\u0430, \u0432 \u0442\u043e\u043c\u0443 \u0447\u0438\u0441\u043b\u0456 \u0437\u0430 \u0440\u0435\u0437\u0443\u043b\u044c\u0442\u0430\u0442\u0430\u043c\u0438 \u0456\u0441\u043f\u0438\u0442\u0443 \u0437 \u043f\u043e\u043b\u044c\u0441\u044c\u043a\u043e\u0457 \u043c\u043e\u0432\u0438 \u044f\u043a \u0440\u0456\u0434\u043d\u043e\u0457,<\/p>\n\n\n\n<p><strong>(\u041d\u0415\u041e\u0411\u0425\u0406\u0414\u041d\u0406 \u0414\u041e\u041a\u0423\u041c\u0415\u041d\u0422\u0418: \u0404\u0432\u0440\u043e\u043f\u0435\u0439\u0441\u044c\u043a\u0438\u0439 \u0430\u0442\u0435\u0441\u0442\u0430\u0442 \u043f\u0440\u043e \u043f\u043e\u0432\u043d\u0443 \u0437\u0430\u0433\u0430\u043b\u044c\u043d\u0443 \u0441\u0435\u0440\u0435\u0434\u043d\u044e \u043e\u0441\u0432\u0456\u0442\u0443 \u0437 \u0434\u0438\u043f\u043b\u043e\u043c\u043e\u043c \u0454\u0432\u0440\u043e\u043f\u0435\u0439\u0441\u044c\u043a\u043e\u0433\u043e \u0431\u0430\u043a\u0430\u043b\u0430\u0432\u0440\u0430\u0442\u0443)<\/strong>);<\/p>\n\n\n\n<p>- \u0444\u043e\u0440\u043c\u0430 \u043e\u0441\u0432\u0456\u0442\u0438, \u044f\u043a\u0443 \u043d\u0430\u0434\u0430\u0454 \u0433\u0440\u043e\u043c\u0430\u0434\u0441\u044c\u043a\u0430 \u043e\u0440\u0433\u0430\u043d\u0456\u0437\u0430\u0446\u0456\u044f, \u0437\u0430\u0440\u0435\u0454\u0441\u0442\u0440\u043e\u0432\u0430\u043d\u0430 \u0437\u0430 \u043a\u043e\u0440\u0434\u043e\u043d\u043e\u043c, \u0430\u0431\u043e \u0456\u043d\u0448\u0438\u0439 \u0456\u043d\u043e\u0437\u0435\u043c\u043d\u0438\u0439 \u0441\u0443\u0431'\u0454\u043a\u0442, \u0432 \u044f\u043a\u0456\u0439 \u043d\u0430\u0432\u0447\u0430\u043d\u043d\u044f \u043f\u043e\u043b\u044c\u0441\u044c\u043a\u043e\u0457 \u043c\u043e\u0432\u0438 \u0430\u0431\u043e \u0456\u043d\u0448\u0438\u0445 \u043f\u0440\u0435\u0434\u043c\u0435\u0442\u0456\u0432 \u043f\u043e\u043b\u044c\u0441\u044c\u043a\u043e\u044e \u043c\u043e\u0432\u043e\u044e \u0437\u0434\u0456\u0439\u0441\u043d\u044e\u0454\u0442\u044c\u0441\u044f \u0437\u0430 \u043a\u043e\u0440\u0434\u043e\u043d\u043e\u043c. \u041d\u0435\u043e\u0431\u0445\u0456\u0434\u043d\u043e\u044e \u0443\u043c\u043e\u0432\u043e\u044e \u0454 \u043d\u0430\u0432\u0447\u0430\u043d\u043d\u044f \u043f\u043e\u043b\u044c\u0441\u044c\u043a\u043e\u0457 \u043c\u043e\u0432\u0438 \u0430\u0431\u043e \u0456\u043d\u0448\u0438\u0445 \u043f\u0440\u0435\u0434\u043c\u0435\u0442\u0456\u0432 \u043f\u043e\u043b\u044c\u0441\u044c\u043a\u043e\u044e \u043c\u043e\u0432\u043e\u044e \u043f\u0440\u043e\u0442\u044f\u0433\u043e\u043c \u0449\u043e\u043d\u0430\u0439\u043c\u0435\u043d\u0448\u0435 11 \u0440\u043e\u043a\u0456\u0432;<\/p>\n\n\n\n<p><strong>(\u041d\u0415\u041e\u0411\u0425\u0406\u0414\u041d\u0406 \u0414\u041e\u041a\u0423\u041c\u0415\u041d\u0422\u0418: \u0434\u043e\u0432\u0456\u0434\u043a\u0430 \u043a\u043e\u043d\u0441\u0443\u043b\u0430 - \u0437\u0440\u0430\u0437\u043e\u043a \u0434\u043e\u0432\u0456\u0434\u043a\u0438 \u0434\u043e\u0441\u0442\u0443\u043f\u043d\u0438\u0439 \u0443 \u0440\u043e\u0437\u0434\u0456\u043b\u0456 \u201e\u041d\u0435\u043e\u0431\u0445\u0456\u0434\u043d\u0456 \u0434\u043e\u043a\u0443\u043c\u0435\u043d\u0442\u0438\u201d).<\/strong><\/p>\n\n\n\n<p><strong>\u0417\u0412\u0415\u0420\u041d\u0406\u0422\u042c \u0423\u0412\u0410\u0413\u0423: \u0437\u0430\u043a\u0456\u043d\u0447\u0435\u043d\u043d\u044f \u0441\u0435\u0440\u0435\u0434\u043d\u044c\u043e\u0457 \u0448\u043a\u043e\u043b\u0438 \u0442\u0430 \u0430\u0441\u043f\u0456\u0440\u0430\u043d\u0442\u0443\u0440\u0438 \u043d\u0435 \u0434\u0430\u0454 \u043f\u0440\u0430\u0432\u0430 \u043d\u0430 \u043e\u0442\u0440\u0438\u043c\u0430\u043d\u043d\u044f \u0441\u0435\u0440\u0442\u0438\u0444\u0456\u043a\u0430\u0442\u0443 \u0431\u0435\u0437 \u0456\u0441\u043f\u0438\u0442\u0443.<\/strong><\/p>\n\n\n\n<p>\u0417\u0430\u044f\u0432\u043a\u0438 \u043d\u0430 \u0443\u0447\u0430\u0441\u0442\u044c \u0443 \u043a\u043e\u043d\u043a\u0443\u0440\u0441\u0456 \u043d\u0435\u043e\u0431\u0445\u0456\u0434\u043d\u043e \u043f\u043e\u0434\u0430\u0432\u0430\u0442\u0438 \u0437\u0430 \u0430\u0434\u0440\u0435\u0441\u043e\u044e&nbsp;<a href=\"https:\/\/programs.nawa.gov.pl\/login\" target=\"_blank\" rel=\"noreferrer noopener\">\u0406\u041a\u0422-\u0441\u0438\u0441\u0442\u0435\u043c\u0430 NAWA<\/a><\/p>\n\n\n\n<p>\u0406\u043d\u0441\u0442\u0440\u0443\u043a\u0446\u0456\u044f \u043f\u043e \u0437\u0430\u0441\u0442\u043e\u0441\u0443\u0432\u0430\u043d\u043d\u044e -&nbsp;<a href=\"https:\/\/certyfikatpolski.pl\/wp-content\/uploads\/2023\/12\/Instrukcja_wniosek-NAWA.pdf\" target=\"_blank\" rel=\"noreferrer noopener\">\u0437\u0430\u0432\u0430\u043d\u0442\u0430\u0436\u0438\u0442\u0438<\/a><\/p>\n\n\n\n<p>\u0423\u0441\u0456\u0445, \u0445\u0442\u043e \u0437\u0430\u0446\u0456\u043a\u0430\u0432\u043b\u0435\u043d\u0438\u0439 \u0443 \u043f\u0440\u043e\u0446\u0435\u0434\u0443\u0440\u0456, \u043f\u0440\u043e\u0441\u0438\u043c\u043e \u0437\u0432'\u044f\u0437\u0430\u0442\u0438\u0441\u044f \u0437 \u043d\u0430\u043c\u0438 \u0435\u043b\u0435\u043a\u0442\u0440\u043e\u043d\u043d\u043e\u044e \u043f\u043e\u0448\u0442\u043e\u044e \u0430\u0431\u043e \u0442\u0435\u043b\u0435\u0444\u043e\u043d\u043e\u043c: <br>+48 451\u00a0058\u00a0645<br>+48 509 359\u00a0543<br>+48 451 058\u00a0652<\/p>\n\n\n\n<p>\u0413\u043e\u0434\u0438\u043d\u0438 \u0447\u0435\u0440\u0433\u0443\u0432\u0430\u043d\u043d\u044f \u043f\u043e \u0442\u0435\u043b\u0435\u0444\u043e\u043d\u0443:<\/p>\n\n\n\n<p>\u041f\u043e\u043d\u0435\u0434\u0456\u043b\u043e\u043a: 13:00 - 15:00<br>\u0412\u0456\u0432\u0442\u043e\u0440\u043e\u043a - \u043f'\u044f\u0442\u043d\u0438\u0446\u044f: 9:00 - 11:00.<\/p>\n\n\n\n<div style=\"height:50px\" aria-hidden=\"true\" class=\"wp-block-spacer\"><\/div>\n\n\n\n<div class=\"wp-block-columns is-layout-flex wp-container-core-columns-is-layout-9d6595d7 wp-block-columns-is-layout-flex\">\n<div class=\"wp-block-column is-layout-flow wp-block-column-is-layout-flow\">\n<figure class=\"wp-block-embed is-type-wp-embed is-provider-certyfikatpolski-pl wp-block-embed-certyfikatpolski-pl\"><div class=\"wp-block-embed__wrapper\">\n<blockquote class=\"wp-embedded-content\" data-secret=\"hOIY6gezP3\"><a href=\"https:\/\/certyfikatpolski.pl\/uk\/%d0%b2%d0%b8%d0%b4%d0%b0%d1%87%d0%b0-%d1%81%d0%b5%d1%80%d1%82%d0%b8%d1%84%d1%96%d0%ba%d0%b0%d1%82%d0%b0-%d0%b1%d0%b5%d0%b7-%d1%96%d1%81%d0%bf%d0%b8%d1%82%d1%83\/%d0%bf%d1%80%d0%b0%d0%b2%d0%be%d0%b2%d0%b0-%d0%be%d1%81%d0%bd%d0%be%d0%b2%d0%b0\/\">\u041f\u0440\u0430\u0432\u043e\u0432\u0430 \u043e\u0441\u043d\u043e\u0432\u0430<\/a><\/blockquote><iframe loading=\"lazy\" class=\"wp-embedded-content\" sandbox=\"allow-scripts\" security=\"restricted\" style=\"position: absolute; visibility: hidden;\" title=\"\u201e\u041f\u0440\u0430\u0432\u043e\u0432\u0430 \u043e\u0441\u043d\u043e\u0432\u0430\u201d - certyfikatpolski.pl\" src=\"https:\/\/certyfikatpolski.pl\/wydawanie-certyfikatu-bez-egzaminu\/podstawa-prawna\/embed\/#?secret=TCXPVYYzH6#?secret=hOIY6gezP3\" data-secret=\"hOIY6gezP3\" width=\"600\" height=\"338\" frameborder=\"0\" marginwidth=\"0\" marginheight=\"0\" scrolling=\"no\"><\/iframe>\n<\/div><\/figure>\n\n\n\n<figure class=\"wp-block-embed is-type-wp-embed is-provider-certyfikatpolski-pl wp-block-embed-certyfikatpolski-pl\"><div class=\"wp-block-embed__wrapper\">\n<blockquote class=\"wp-embedded-content\" data-secret=\"RlcUuM1g3s\"><a href=\"https:\/\/certyfikatpolski.pl\/uk\/%d0%b2%d0%b8%d0%b4%d0%b0%d1%87%d0%b0-%d1%81%d0%b5%d1%80%d1%82%d0%b8%d1%84%d1%96%d0%ba%d0%b0%d1%82%d0%b0-%d0%b1%d0%b5%d0%b7-%d1%96%d1%81%d0%bf%d0%b8%d1%82%d1%83\/%d0%bd%d0%b5%d0%be%d0%b1%d1%85%d1%96%d0%b4%d0%bd%d1%96-%d0%b4%d0%be%d0%ba%d1%83%d0%bc%d0%b5%d0%bd%d1%82%d0%b8\/\">\u041d\u0435\u043e\u0431\u0445\u0456\u0434\u043d\u0456 \u0434\u043e\u043a\u0443\u043c\u0435\u043d\u0442\u0438<\/a><\/blockquote><iframe loading=\"lazy\" class=\"wp-embedded-content\" sandbox=\"allow-scripts\" security=\"restricted\" style=\"position: absolute; visibility: hidden;\" title=\"\u201e\u041d\u0435\u043e\u0431\u0445\u0456\u0434\u043d\u0456 \u0434\u043e\u043a\u0443\u043c\u0435\u043d\u0442\u0438\u201d - certyfikatpolski.pl\" src=\"https:\/\/certyfikatpolski.pl\/wydawanie-certyfikatu-bez-egzaminu\/wymagane-dokumenty\/embed\/#?secret=0h3tZtcbcv#?secret=RlcUuM1g3s\" data-secret=\"RlcUuM1g3s\" width=\"600\" height=\"338\" frameborder=\"0\" marginwidth=\"0\" marginheight=\"0\" scrolling=\"no\"><\/iframe>\n<\/div><\/figure>\n\n\n\n<figure class=\"wp-block-embed is-type-wp-embed is-provider-certyfikatpolski-pl wp-block-embed-certyfikatpolski-pl\"><div class=\"wp-block-embed__wrapper\">\n<blockquote class=\"wp-embedded-content\" data-secret=\"cMDjwcRusK\"><a href=\"https:\/\/certyfikatpolski.pl\/uk\/%d1%80%d1%96%d1%87%d0%bd%d0%b8%d0%b9-%d0%b3%d1%80%d0%b0%d1%84%d1%96%d0%ba-%d0%b7%d0%b0%d1%81%d1%96%d0%b4%d0%b0%d0%bd%d1%8c-%d0%bd%d0%b0%d1%86%d1%96%d0%be%d0%bd%d0%b0%d0%bb%d1%8c%d0%bd%d0%be%d1%97\/\">\u0420\u043e\u0437\u043a\u043b\u0430\u0434 \u0437\u0430\u0441\u0456\u0434\u0430\u043d\u044c \u0414\u0435\u0440\u0436\u0430\u0432\u043d\u043e\u0457 \u043a\u043e\u043c\u0456\u0441\u0456\u0457<\/a><\/blockquote><iframe loading=\"lazy\" class=\"wp-embedded-content\" sandbox=\"allow-scripts\" security=\"restricted\" style=\"position: absolute; visibility: hidden;\" title=\"\u201e\u0420\u043e\u0437\u043a\u043b\u0430\u0434 \u0437\u0430\u0441\u0456\u0434\u0430\u043d\u044c \u0414\u0435\u0440\u0436\u0430\u0432\u043d\u043e\u0457 \u043a\u043e\u043c\u0456\u0441\u0456\u0457\u201d. - certyfikatpolski.pl\" src=\"https:\/\/certyfikatpolski.pl\/roczny-harmonogram-posiedzen-panstwowej-komisji\/embed\/#?secret=UpZJt3QykR#?secret=cMDjwcRusK\" data-secret=\"cMDjwcRusK\" width=\"600\" height=\"338\" frameborder=\"0\" marginwidth=\"0\" marginheight=\"0\" scrolling=\"no\"><\/iframe>\n<\/div><\/figure>\n<\/div>\n\n\n\n<div class=\"wp-block-column is-layout-flow wp-block-column-is-layout-flow\">\n<figure class=\"wp-block-embed is-type-wp-embed is-provider-certyfikatpolski-pl wp-block-embed-certyfikatpolski-pl\"><div class=\"wp-block-embed__wrapper\">\n<blockquote class=\"wp-embedded-content\" data-secret=\"YnNBMp4yay\"><a href=\"https:\/\/certyfikatpolski.pl\/uk\/%d0%b2%d0%b8%d0%b4%d0%b0%d1%87%d0%b0-%d1%81%d0%b5%d1%80%d1%82%d0%b8%d1%84%d1%96%d0%ba%d0%b0%d1%82%d0%b0-%d0%b1%d0%b5%d0%b7-%d1%96%d1%81%d0%bf%d0%b8%d1%82%d1%83\/%d0%bf%d0%be%d0%b4%d0%b0%d1%87%d0%b0-%d0%b7%d0%b0%d1%8f%d0%b2%d0%ba%d0%b8\/\">\u041f\u043e\u0434\u0430\u043d\u043d\u044f \u0437\u0430\u044f\u0432\u043a\u0438<\/a><\/blockquote><iframe loading=\"lazy\" class=\"wp-embedded-content\" sandbox=\"allow-scripts\" security=\"restricted\" style=\"position: absolute; visibility: hidden;\" title=\"\u201e\u041f\u043e\u0434\u0430\u043d\u043d\u044f \u0437\u0430\u044f\u0432\u0438\u201d - certyfikatpolski.pl\" src=\"https:\/\/certyfikatpolski.pl\/wydawanie-certyfikatu-bez-egzaminu\/skladanie-wniosku\/embed\/#?secret=jyysvPhx9h#?secret=YnNBMp4yay\" data-secret=\"YnNBMp4yay\" width=\"600\" height=\"338\" frameborder=\"0\" marginwidth=\"0\" marginheight=\"0\" scrolling=\"no\"><\/iframe>\n<\/div><\/figure>\n\n\n\n<figure class=\"wp-block-embed is-type-wp-embed is-provider-certyfikatpolski-pl wp-block-embed-certyfikatpolski-pl\"><div class=\"wp-block-embed__wrapper\">\n<blockquote class=\"wp-embedded-content\" data-secret=\"FjMuZU1sX7\"><a href=\"https:\/\/certyfikatpolski.pl\/uk\/%d0%b2%d0%b8%d0%b4%d0%b0%d1%87%d0%b0-%d1%81%d0%b5%d1%80%d1%82%d0%b8%d1%84%d1%96%d0%ba%d0%b0%d1%82%d0%b0-%d0%b1%d0%b5%d0%b7-%d1%96%d1%81%d0%bf%d0%b8%d1%82%d1%83\/%d1%80%d1%96%d0%b2%d0%b5%d0%bd%d1%8c-%d0%b2%d0%be%d0%bb%d0%be%d0%b4%d1%96%d0%bd%d0%bd%d1%8f-%d0%bc%d0%be%d0%b2%d0%be%d1%8e\/\">\u0420\u0456\u0432\u0435\u043d\u044c \u0432\u043e\u043b\u043e\u0434\u0456\u043d\u043d\u044f \u043c\u043e\u0432\u043e\u044e<\/a><\/blockquote><iframe loading=\"lazy\" class=\"wp-embedded-content\" sandbox=\"allow-scripts\" security=\"restricted\" style=\"position: absolute; visibility: hidden;\" title=\"\u201e\u0420\u0456\u0432\u0435\u043d\u044c \u0432\u043e\u043b\u043e\u0434\u0456\u043d\u043d\u044f \u043c\u043e\u0432\u043e\u044e\u201d - certyfikatpolski.pl\" src=\"https:\/\/certyfikatpolski.pl\/wydawanie-certyfikatu-bez-egzaminu\/poziom-bieglosci-jezykowej\/embed\/#?secret=rge7hHQ9ZL#?secret=FjMuZU1sX7\" data-secret=\"FjMuZU1sX7\" width=\"600\" height=\"338\" frameborder=\"0\" marginwidth=\"0\" marginheight=\"0\" scrolling=\"no\"><\/iframe>\n<\/div><\/figure>\n<\/div>\n<\/div>","protected":false},"excerpt":{"rendered":"<p>Od 1 lipca 2025 r. zmianie ulegaj\u0105 zapisy&nbsp;Ustawy o j\u0119zyku polskim. Zgodnie z obowi\u0105zuj\u0105cymi od tego dnia przepisami, o wydanie certyfikatu po\u015bwiadczaj\u0105cego znajomo\u015b\u0107 j\u0119zyka polskiego jako obcego bez zdawania egzaminu mog\u0105 si\u0119 ubiega\u0107 osoby, kt\u00f3re: \u2013 uzyska\u0142y stopie\u0144 doktora na podstawie rozprawy doktorskiej napisanej i obronionej w j\u0119zyku polskim w uczelni lub podmiocie, dzia\u0142aj\u0105cych w [&hellip;]<\/p>\n","protected":false},"author":1,"featured_media":0,"parent":0,"menu_order":0,"comment_status":"closed","ping_status":"closed","template":"","meta":{"footnotes":""},"class_list":["post-40","page","type-page","status-publish","hentry"],"_links":{"self":[{"href":"https:\/\/certyfikatpolski.pl\/uk\/wp-json\/wp\/v2\/pages\/40","targetHints":{"allow":["GET"]}}],"collection":[{"href":"https:\/\/certyfikatpolski.pl\/uk\/wp-json\/wp\/v2\/pages"}],"about":[{"href":"https:\/\/certyfikatpolski.pl\/uk\/wp-json\/wp\/v2\/types\/page"}],"author":[{"embeddable":true,"href":"https:\/\/certyfikatpolski.pl\/uk\/wp-json\/wp\/v2\/users\/1"}],"replies":[{"embeddable":true,"href":"https:\/\/certyfikatpolski.pl\/uk\/wp-json\/wp\/v2\/comments?post=40"}],"version-history":[{"count":22,"href":"https:\/\/certyfikatpolski.pl\/uk\/wp-json\/wp\/v2\/pages\/40\/revisions"}],"predecessor-version":[{"id":111228,"href":"https:\/\/certyfikatpolski.pl\/uk\/wp-json\/wp\/v2\/pages\/40\/revisions\/111228"}],"wp:attachment":[{"href":"https:\/\/certyfikatpolski.pl\/uk\/wp-json\/wp\/v2\/media?parent=40"}],"curies":[{"name":"wp","href":"https:\/\/api.w.org\/{rel}","templated":true}]}}