{"id":44,"date":"2017-03-01T22:31:55","date_gmt":"2017-03-01T21:31:55","guid":{"rendered":"http:\/\/serwer1554250.home.pl\/pl.certyfikatpolski\/?page_id=44"},"modified":"2026-02-27T21:37:51","modified_gmt":"2026-02-27T20:37:51","slug":"%d0%bf%d1%80%d0%be%d1%86%d0%b5%d0%b4%d1%83%d1%80%d0%b8","status":"publish","type":"page","link":"https:\/\/certyfikatpolski.pl\/uk\/o-egzaminie\/procedury\/","title":{"rendered":"\u041f\u0440\u043e\u0446\u0435\u0434\u0443\u0440\u0438"},"content":{"rendered":"<p><strong>\u041f\u0420\u041e\u0426\u0415\u0414\u0423\u0420\u0418 \u041e\u0411\u0420\u041e\u0411\u041a\u0418 \u0417\u0410\u041f\u0418\u0422\u0406\u0412 \u041d\u0410 \u0420\u0415\u0426\u0415\u041d\u0417\u0423\u0412\u0410\u041d\u041d\u042f \u0420\u041e\u0411\u0406\u0422<\/strong><\/p>\n\n\n\n<h3 class=\"wp-block-heading\">I. \u041f\u0440\u0430\u0432\u043e\u0432\u0430 \u043e\u0441\u043d\u043e\u0432\u0430<\/h3>\n\n\n\n<div style=\"height:30px\" aria-hidden=\"true\" class=\"wp-block-spacer\"><\/div>\n\n\n\n<h4 class=\"wp-block-heading\">A.<em> \u0417\u0430\u043a\u043e\u043d \u0432\u0456\u0434 12 \u0447\u0435\u0440\u0432\u043d\u044f 2015 \u0440\u043e\u043a\u0443 \u043f\u0440\u043e \u0432\u043d\u0435\u0441\u0435\u043d\u043d\u044f \u0437\u043c\u0456\u043d \u0434\u043e \u0417\u0430\u043a\u043e\u043d\u0443 \u043f\u0440\u043e \u043f\u043e\u043b\u044c\u0441\u044c\u043a\u0443 \u043c\u043e\u0432\u0443 \u0442\u0430 \u0444\u0443\u043d\u043a\u0446\u0456\u043e\u043d\u0443\u0432\u0430\u043d\u043d\u044f \u043f\u0435\u043d\u0441\u0456\u0439\u043d\u0438\u0445 \u0444\u043e\u043d\u0434\u0456\u0432<\/em><\/h4>\n\n\n\n<p>\u0421\u0442. 11h (4) \u041e\u0441\u043e\u0431\u0430, \u044f\u043a\u0430 \u0441\u043a\u043b\u0430\u043b\u0430 \u0456\u0441\u043f\u0438\u0442, \u043c\u043e\u0436\u0435 \u043f\u0440\u043e\u0442\u044f\u0433\u043e\u043c 21 \u0434\u043d\u044f \u0437 \u043c\u043e\u043c\u0435\u043d\u0442\u0443 \u043e\u0442\u0440\u0438\u043c\u0430\u043d\u043d\u044f \u0456\u043d\u0444\u043e\u0440\u043c\u0430\u0446\u0456\u0457 \u043f\u0440\u043e \u0440\u0435\u0437\u0443\u043b\u044c\u0442\u0430\u0442 \u0456\u0441\u043f\u0438\u0442\u0443 \u0437\u0432\u0435\u0440\u043d\u0443\u0442\u0438\u0441\u044f \u0434\u043e \u041a\u043e\u043c\u0456\u0441\u0456\u0457 \u0456\u0437 \u0437\u0430\u044f\u0432\u043e\u044e \u043f\u0440\u043e \u043f\u0435\u0440\u0435\u0433\u043b\u044f\u0434 \u043f\u0438\u0441\u044c\u043c\u043e\u0432\u043e\u0457 \u0447\u0430\u0441\u0442\u0438\u043d\u0438 \u0456\u0441\u043f\u0438\u0442\u0443. \u0420\u043e\u0437\u043c\u0456\u0440 \u043f\u043b\u0430\u0442\u0438 \u0437\u0430 \u0456\u0441\u043f\u0438\u0442 \u0441\u0442\u0430\u043d\u043e\u0432\u0438\u0442\u044c 20 \u0454\u0432\u0440\u043e \u0430\u0431\u043e \u0435\u043a\u0432\u0456\u0432\u0430\u043b\u0435\u043d\u0442 \u0446\u0456\u0454\u0457 \u0441\u0443\u043c\u0438 \u0432 \u0437\u043b\u043e\u0442\u0438\u0445 (<a href=\"https:\/\/certyfikatpolski.pl\/wp-content\/uploads\/2026\/02\/dane_do_przelewu_v2.pdf\" target=\"_blank\" rel=\"noreferrer noopener\">\u0440\u0435\u043a\u0432\u0456\u0437\u0438\u0442\u0438 \u0434\u043b\u044f \u043f\u0435\u0440\u0435\u043a\u0430\u0437\u0443<\/a>).<\/p>\n\n\n\n<p>\u0421\u0442\u0430\u0442\u0442\u044f 11k, \u0430\u0431\u0437\u0430\u0446 1, \u043f\u0443\u043d\u043a\u0442 11. \u0417\u0430\u0432\u0434\u0430\u043d\u043d\u044f\u043c\u0438 \u041a\u043e\u043c\u0456\u0441\u0456\u0457 \u0454 \u043a\u043e\u043e\u0440\u0434\u0438\u043d\u0430\u0446\u0456\u044f \u0442\u0430 \u0437\u0430\u0431\u0435\u0437\u043f\u0435\u0447\u0435\u043d\u043d\u044f \u043d\u0430\u043b\u0435\u0436\u043d\u043e\u0433\u043e \u0444\u0443\u043d\u043a\u0446\u0456\u043e\u043d\u0443\u0432\u0430\u043d\u043d\u044f \u0441\u0438\u0441\u0442\u0435\u043c\u0438 \u0441\u0435\u0440\u0442\u0438\u0444\u0456\u043a\u0430\u0446\u0456\u0457 \u0437\u043d\u0430\u043d\u043d\u044f \u043f\u043e\u043b\u044c\u0441\u044c\u043a\u043e\u0457 \u043c\u043e\u0432\u0438 \u044f\u043a \u0456\u043d\u043e\u0437\u0435\u043c\u043d\u043e\u0457, \u0432 \u0442\u043e\u043c\u0443 \u0447\u0438\u0441\u043b\u0456 \u0440\u043e\u0437\u0433\u043b\u044f\u0434 \u043a\u043b\u043e\u043f\u043e\u0442\u0430\u043d\u044c \u043f\u0440\u043e \u043f\u0435\u0440\u0435\u0437\u0434\u0430\u0447\u0443 \u043f\u0438\u0441\u044c\u043c\u043e\u0432\u043e\u0457 \u0447\u0430\u0441\u0442\u0438\u043d\u0438 \u0456\u0441\u043f\u0438\u0442\u0443.<\/p>\n\n\n\n<p><a href=\"https:\/\/certyfikatpolski.pl\/wp-content\/uploads\/2024\/04\/Wniosek-o-ponowne-sprawdzenie-czesci-pisemnej.pdf\" target=\"_blank\" rel=\"noreferrer noopener\">\u0417\u0430\u0432\u0430\u043d\u0442\u0430\u0436\u0438\u0442\u0438 \u0437\u0430\u043f\u0438\u0442 \u043d\u0430 \u0440\u0435\u0446\u0435\u043d\u0437\u0443\u0432\u0430\u043d\u043d\u044f \u043f\u0438\u0441\u044c\u043c\u043e\u0432\u043e\u0457 \u0447\u0430\u0441\u0442\u0438\u043d\u0438<\/a><\/p>\n\n\n\n<p>\u0417\u0430\u043f\u043e\u0432\u043d\u0435\u043d\u0443 \u0430\u043f\u043b\u0456\u043a\u0430\u0446\u0456\u0439\u043d\u0443 \u0444\u043e\u0440\u043c\u0443 \u0441\u043b\u0456\u0434 \u043d\u0430\u0434\u0456\u0441\u043b\u0430\u0442\u0438 \u043f\u043e\u0448\u0442\u043e\u044e \u0430\u0431\u043e \u043f\u043e\u0434\u0430\u0442\u0438 \u043e\u0441\u043e\u0431\u0438\u0441\u0442\u043e \u0434\u043e \u0448\u0442\u0430\u0431-\u043a\u0432\u0430\u0440\u0442\u0438\u0440\u0438 NAWA (\u0432\u0443\u043b. \u041f\u043e\u043b\u044c\u043d\u0430 40, 00-635 \u0412\u0430\u0440\u0448\u0430\u0432\u0430).<\/p>\n\n\n\n<div style=\"height:30px\" aria-hidden=\"true\" class=\"wp-block-spacer\"><\/div>\n\n\n\n<h4 class=\"wp-block-heading\">B.<em> \u0420\u043e\u0437\u043f\u043e\u0440\u044f\u0434\u0436\u0435\u043d\u043d\u044f \u041c\u0456\u043d\u0456\u0441\u0442\u0440\u0430 \u043d\u0430\u0443\u043a\u0438 \u0456 \u0432\u0438\u0449\u043e\u0457 \u043e\u0441\u0432\u0456\u0442\u0438 \u0432\u0456\u0434 26 \u043b\u044e\u0442\u043e\u0433\u043e 2016 \u0440\u043e\u043a\u0443 \u043f\u0440\u043e \u0456\u0441\u043f\u0438\u0442\u0438 \u0437 \u043f\u043e\u043b\u044c\u0441\u044c\u043a\u043e\u0457 \u043c\u043e\u0432\u0438 \u044f\u043a \u0456\u043d\u043e\u0437\u0435\u043c\u043d\u043e\u0457<\/em><\/h4>\n\n\n\n<p>\u0421\u0442\u0430\u0442\u0442\u044f 26 (1) \u0423 \u0432\u0438\u043f\u0430\u0434\u043a\u0443, \u0437\u0430\u0437\u043d\u0430\u0447\u0435\u043d\u043e\u043c\u0443 \u0432 \u0441\u0442\u0430\u0442\u0442\u0456 11h (4) \u0417\u0430\u043a\u043e\u043d\u0443, \u041a\u043e\u043c\u0456\u0441\u0456\u044f:<\/p>\n\n\n\n<ol class=\"wp-block-list\">\n<li>\u043f\u0435\u0440\u0435\u043e\u0446\u0456\u043d\u0438\u0442\u0438 \u0435\u043a\u0437\u0430\u043c\u0435\u043d\u0430\u0446\u0456\u0439\u043d\u0443 \u0440\u043e\u0431\u043e\u0442\u0443;<br>\u043f\u043e\u0432\u0456\u0434\u043e\u043c\u0438\u0442\u0438 \u043e\u0441\u043e\u0431\u0443, \u044f\u043a\u0443 \u0446\u0435 \u0441\u0442\u043e\u0441\u0443\u0454\u0442\u044c\u0441\u044f, \u043f\u0440\u043e \u0440\u0435\u0437\u0443\u043b\u044c\u0442\u0430\u0442 \u043f\u043e\u0432\u0442\u043e\u0440\u043d\u043e\u0433\u043e \u043e\u0446\u0456\u043d\u044e\u0432\u0430\u043d\u043d\u044f \u0435\u043a\u0437\u0430\u043c\u0435\u043d\u0430\u0446\u0456\u0439\u043d\u043e\u0457 \u0440\u043e\u0431\u043e\u0442\u0438;<\/li>\n\n\n\n<li>\u0456\u043d\u0444\u043e\u0440\u043c\u0443\u0454 \u0433\u043e\u043b\u043e\u0432\u0443 \u0435\u043a\u0437\u0430\u043c\u0435\u043d\u0430\u0446\u0456\u0439\u043d\u043e\u0457 \u043a\u043e\u043c\u0456\u0441\u0456\u0457 \u043f\u0440\u043e<\/li>\n\n\n\n<li>\u043f\u0440\u043e \u043f\u043e\u0440\u0443\u0448\u0435\u043d\u043d\u044f, \u0432\u0438\u044f\u0432\u043b\u0435\u043d\u0456 \u0432 \u0440\u0435\u0437\u0443\u043b\u044c\u0442\u0430\u0442\u0456 \u043f\u043e\u0432\u0442\u043e\u0440\u043d\u043e\u0433\u043e \u043e\u0446\u0456\u043d\u044e\u0432\u0430\u043d\u043d\u044f \u0435\u043a\u0437\u0430\u043c\u0435\u043d\u0430\u0446\u0456\u0439\u043d\u043e\u0457 \u0440\u043e\u0431\u043e\u0442\u0438, \u0442\u0430 \u043f\u0440\u043e\u043f\u043e\u043d\u0443\u0454 \u0439\u043e\u043c\u0443\/\u0457\u0439 \u043f\u043e\u0434\u0430\u0442\u0438 \u043f\u043e\u044f\u0441\u043d\u0435\u043d\u043d\u044f \u0443 \u0432\u0441\u0442\u0430\u043d\u043e\u0432\u043b\u0435\u043d\u0438\u0439 \u0442\u0435\u0440\u043c\u0456\u043d.<\/li>\n<\/ol>\n\n\n\n<div style=\"height:30px\" aria-hidden=\"true\" class=\"wp-block-spacer\"><\/div>\n\n\n\n<h3 class=\"wp-block-heading\">II. \u041f\u0440\u0430\u0432\u0438\u043b\u0430 \u0440\u043e\u0437\u0433\u043b\u044f\u0434\u0443 \u043a\u043b\u043e\u043f\u043e\u0442\u0430\u043d\u044c \u043f\u0440\u043e \u043f\u043e\u0432\u0442\u043e\u0440\u043d\u0438\u0439 \u0440\u043e\u0437\u0433\u043b\u044f\u0434 \u043f\u0438\u0441\u044c\u043c\u043e\u0432\u043e\u0457 \u0447\u0430\u0441\u0442\u0438\u043d\u0438 \u0456\u0441\u043f\u0438\u0442\u0443<\/h3>\n\n\n\n<ol class=\"wp-block-list\">\n<li>\u041a\u0430\u043d\u0434\u0438\u0434\u0430\u0442, \u044f\u043a\u0438\u0439 \u043d\u0435 \u0437\u0433\u043e\u0434\u0435\u043d \u0437 \u0432\u0438\u0441\u0442\u0430\u0432\u043b\u0435\u043d\u0438\u043c\u0438 \u043e\u0446\u0456\u043d\u043a\u0430\u043c\u0438, \u043f\u043e\u0432\u0438\u043d\u0435\u043d \u0437\u0432\u0435\u0440\u043d\u0443\u0442\u0438\u0441\u044f \u0434\u043e \u041a\u043e\u043c\u0456\u0441\u0456\u0457 \u0437 \u043f\u0440\u043e\u0445\u0430\u043d\u043d\u044f\u043c \u043f\u0440\u043e \u043f\u0435\u0440\u0435\u0433\u043b\u044f\u0434 \u043f\u0438\u0441\u044c\u043c\u043e\u0432\u043e\u0457 \u0447\u0430\u0441\u0442\u0438\u043d\u0438 \u0456\u0441\u043f\u0438\u0442\u0443.<\/li>\n\n\n\n<li>\u0417\u0430\u043f\u0438\u0442 \u043f\u043e\u0432\u0438\u043d\u0435\u043d \u0431\u0443\u0442\u0438 \u043f\u043e\u0434\u0430\u043d\u0438\u0439 \u0443 \u043f\u0438\u0441\u044c\u043c\u043e\u0432\u0456\u0439 \u0444\u043e\u0440\u043c\u0456 \u043f\u0440\u043e\u0442\u044f\u0433\u043e\u043c 21 \u0434\u043d\u044f \u0437 \u043c\u043e\u043c\u0435\u043d\u0442\u0443 \u043e\u0442\u0440\u0438\u043c\u0430\u043d\u043d\u044f \u043f\u043e\u0432\u0456\u0434\u043e\u043c\u043b\u0435\u043d\u043d\u044f \u043f\u0440\u043e \u0440\u0435\u0437\u0443\u043b\u044c\u0442\u0430\u0442 \u0435\u043a\u0441\u043f\u0435\u0440\u0442\u0438\u0437\u0438.<\/li>\n\n\n\n<li>\u041f\u0440\u043e\u043f\u043e\u0437\u0438\u0446\u0456\u044f \u0432\u043a\u043b\u044e\u0447\u0430\u0454 \u0432 \u0441\u0435\u0431\u0435:\n<ol class=\"wp-block-list\">\n<li>\u043f\u0435\u0440\u0441\u043e\u043d\u0430\u043b\u044c\u043d\u0456 \u0434\u0430\u043d\u0456 \u043f\u0430\u0441\u0430\u0436\u0438\u0440\u0430 (\u0456\u043c'\u044f, \u0434\u0430\u0442\u0430 \u043d\u0430\u0440\u043e\u0434\u0436\u0435\u043d\u043d\u044f, \u043f\u043e\u0448\u0442\u043e\u0432\u0430 \u0430\u0434\u0440\u0435\u0441\u0430);<\/li>\n\n\n\n<li>\u0434\u0430\u043d\u0456 \u043f\u0440\u043e \u0456\u0441\u043f\u0438\u0442 (\u0434\u0430\u0442\u0430 \u0456\u0441\u043f\u0438\u0442\u0443, \u0440\u0456\u0432\u0435\u043d\u044c, \u0434\u0430\u0442\u0430 \u043e\u0442\u0440\u0438\u043c\u0430\u043d\u043d\u044f \u0456\u043d\u0444\u043e\u0440\u043c\u0430\u0446\u0456\u0457 \u043f\u0440\u043e \u0440\u0435\u0437\u0443\u043b\u044c\u0442\u0430\u0442 \u0456\u0441\u043f\u0438\u0442\u0443, \u043d\u0430\u0437\u0432\u0430 \u0435\u043a\u0437\u0430\u043c\u0435\u043d\u0430\u0446\u0456\u0439\u043d\u043e\u0433\u043e \u0446\u0435\u043d\u0442\u0440\u0443);<\/li>\n\n\n\n<li>\u0432\u043a\u0430\u0437\u0430\u0442\u0438, \u044f\u043a\u0449\u043e \u0454, \u0442\u0443 \u0447\u0430\u0441\u0442\u0438\u043d\u0443 \u0440\u043e\u0431\u043e\u0442\u0438, \u0437 \u044f\u043a\u043e\u044e \u0437\u0430\u044f\u0432\u043d\u0438\u043a \u043d\u0435 \u0437\u0433\u043e\u0434\u0435\u043d, \u0456 \u043f\u0440\u0438\u0447\u0438\u043d\u0438 \u0446\u044c\u043e\u0433\u043e;<\/li>\n\n\n\n<li>\u043f\u0456\u0434\u043f\u0438\u0441 \u0437\u0430\u044f\u0432\u043d\u0438\u043a\u0430 \u0430\u0431\u043e \u043e\u0441\u043e\u0431\u0438, \u0443\u043f\u043e\u0432\u043d\u043e\u0432\u0430\u0436\u0435\u043d\u043e\u0457 \u043f\u0440\u0435\u0434\u0441\u0442\u0430\u0432\u043b\u044f\u0442\u0438 \u0439\u043e\u0433\u043e \u0456\u043d\u0442\u0435\u0440\u0435\u0441\u0438 (\u0437 \u0434\u043e\u0434\u0430\u0432\u0430\u043d\u043d\u044f\u043c \u0434\u043e\u043a\u0443\u043c\u0435\u043d\u0442\u0430, \u0449\u043e \u0443\u043f\u043e\u0432\u043d\u043e\u0432\u0430\u0436\u0443\u0454 \u0442\u0430\u043a\u0443 \u043e\u0441\u043e\u0431\u0443 \u043f\u0440\u0435\u0434\u0441\u0442\u0430\u0432\u043b\u044f\u0442\u0438 \u0456\u043d\u0442\u0435\u0440\u0435\u0441\u0438 \u0437\u0430\u044f\u0432\u043d\u0438\u043a\u0430);<\/li>\n\n\n\n<li>\u0414\u043e\u0434\u0430\u0442\u043e\u043a - \u043f\u0456\u0434\u0442\u0432\u0435\u0440\u0434\u0436\u0435\u043d\u043d\u044f \u0441\u043f\u043b\u0430\u0442\u0438 \u0432\u043d\u0435\u0441\u043a\u0443 \u0437\u0430 \u043f\u0435\u0440\u0435\u0437\u0434\u0430\u0447\u0443 \u043f\u0438\u0441\u044c\u043c\u043e\u0432\u043e\u0457 \u0447\u0430\u0441\u0442\u0438\u043d\u0438 \u0456\u0441\u043f\u0438\u0442\u0443.<\/li>\n<\/ol>\n<\/li>\n\n\n\n<li>\u0424\u043e\u0440\u043c\u0430\u043b\u044c\u043d\u0430 \u043f\u0435\u0440\u0435\u0432\u0456\u0440\u043a\u0430 \u0437\u0430\u044f\u0432\u043a\u0438 \u0437\u0434\u0456\u0439\u0441\u043d\u044e\u0454\u0442\u044c\u0441\u044f \u043a\u043e\u043c\u0430\u043d\u0434\u043e\u044e \u0435\u043a\u0441\u043f\u0435\u0440\u0442\u0456\u0432.<\/li>\n\n\n\n<li>\u0417\u0430\u044f\u0432\u043a\u0430 \u043d\u0435 \u0431\u0443\u0434\u0435 \u0440\u043e\u0437\u0433\u043b\u044f\u043d\u0443\u0442\u0430 \u041a\u043e\u043c\u0456\u0441\u0456\u0454\u044e, \u044f\u043a\u0449\u043e \u0432\u043e\u043d\u0430 \u0431\u0443\u043b\u0430 \u043f\u043e\u0434\u0430\u043d\u0430 \u043f\u0456\u0441\u043b\u044f \u0432\u0441\u0442\u0430\u043d\u043e\u0432\u043b\u0435\u043d\u043e\u0433\u043e \u0437\u0430\u043a\u043e\u043d\u043e\u043c \u0442\u0435\u0440\u043c\u0456\u043d\u0443 (\u0443 \u0432\u0438\u043f\u0430\u0434\u043a\u0443 \u0437\u0430\u044f\u0432\u043e\u043a, \u043d\u0430\u0434\u0456\u0441\u043b\u0430\u043d\u0438\u0445 \u043f\u043e\u0448\u0442\u043e\u044e, \u0432\u0438\u0440\u0456\u0448\u0430\u043b\u044c\u043d\u043e\u044e \u0431\u0443\u0434\u0435 \u0434\u0430\u0442\u0430 \u043d\u0430 \u043f\u043e\u0448\u0442\u043e\u0432\u043e\u043c\u0443 \u0448\u0442\u0435\u043c\u043f\u0435\u043b\u0456).<\/li>\n\n\n\n<li>\u042f\u043a\u0449\u043e \u0437\u0430\u044f\u0432\u043a\u0430 \u0431\u0443\u043b\u0430 \u043f\u043e\u0434\u0430\u043d\u0430 \u0443 \u0432\u0441\u0442\u0430\u043d\u043e\u0432\u043b\u0435\u043d\u0438\u0439 \u0437\u0430\u043a\u043e\u043d\u043e\u043c \u0442\u0435\u0440\u043c\u0456\u043d, \u0430\u043b\u0435 \u043d\u0435 \u043c\u0456\u0441\u0442\u0438\u0442\u044c \u043d\u0435\u043e\u0431\u0445\u0456\u0434\u043d\u0438\u0445 \u0434\u043b\u044f \u0457\u0457 \u0440\u043e\u0437\u0433\u043b\u044f\u0434\u0443 \u0434\u0430\u043d\u0438\u0445, \u0434\u043e\u0434\u0430\u0442\u043a\u0443 - \u043f\u0456\u0434\u0442\u0432\u0435\u0440\u0434\u0436\u0435\u043d\u043d\u044f \u0441\u043f\u043b\u0430\u0442\u0438 \u0437\u0431\u043e\u0440\u0443 - \u0430\u0431\u043e \u043c\u0456\u0441\u0442\u0438\u0442\u044c \u043e\u0447\u0435\u0432\u0438\u0434\u043d\u0456 \u043f\u043e\u043c\u0438\u043b\u043a\u0438, \u041a\u043e\u043c\u0456\u0441\u0456\u044f \u0447\u0435\u0440\u0435\u0437 \u041d\u0430\u0446\u0456\u043e\u043d\u0430\u043b\u044c\u043d\u0435 \u0430\u0433\u0435\u043d\u0442\u0441\u0442\u0432\u043e \u0437 \u0430\u043a\u0430\u0434\u0435\u043c\u0456\u0447\u043d\u0438\u0445 \u043e\u0431\u043c\u0456\u043d\u0456\u0432 \u043f\u0440\u043e\u0441\u0438\u0442\u044c \u0437\u0430\u044f\u0432\u043d\u0438\u043a\u0430 \u0434\u043e\u043f\u043e\u0432\u043d\u0438\u0442\u0438 \u0434\u043e\u043a\u0443\u043c\u0435\u043d\u0442\u0430\u0446\u0456\u044e \u043f\u0440\u043e\u0442\u044f\u0433\u043e\u043c 14 \u0434\u043d\u0456\u0432 \u0437 \u0434\u043d\u044f \u043e\u0442\u0440\u0438\u043c\u0430\u043d\u043d\u044f \u0437\u0430\u043f\u0438\u0442\u0443, \u043f\u0456\u0434 \u0437\u0430\u0433\u0440\u043e\u0437\u043e\u044e \u0437\u0430\u043b\u0438\u0448\u0435\u043d\u043d\u044f \u0437\u0430\u044f\u0432\u043a\u0438 \u0431\u0435\u0437 \u0440\u043e\u0437\u0433\u043b\u044f\u0434\u0443.<\/li>\n\n\n\n<li>\u0417\u0430\u044f\u0432\u043a\u0430 \u0440\u043e\u0437\u0433\u043b\u044f\u0434\u0430\u0454\u0442\u044c\u0441\u044f \u041a\u043e\u043c\u0456\u0441\u0456\u0454\u044e \u043f\u0440\u043e\u0442\u044f\u0433\u043e\u043c 30 \u0434\u043d\u0456\u0432 \u0437 \u043c\u043e\u043c\u0435\u043d\u0442\u0443 \u0457\u0457 \u043e\u0442\u0440\u0438\u043c\u0430\u043d\u043d\u044f \u0430\u0431\u043e \u043e\u0442\u0440\u0438\u043c\u0430\u043d\u043d\u044f \u0434\u043e\u0434\u0430\u0442\u043a\u0456\u0432, \u0437\u0430\u0437\u043d\u0430\u0447\u0435\u043d\u0438\u0445 \u0443 \u043f\u0443\u043d\u043a\u0442\u0456 6, \u0443 \u0442\u0430\u043a\u0438\u0439 \u0441\u043f\u043e\u0441\u0456\u0431:\n<ol class=\"wp-block-list\">\n<li>\u0424\u043e\u0440\u043c\u0430\u043b\u044c\u043d\u043e \u043f\u0440\u0430\u0432\u0438\u043b\u044c\u043d\u043e \u043e\u0444\u043e\u0440\u043c\u043b\u0435\u043d\u0430 \u0437\u0430\u044f\u0432\u0430 \u0440\u0430\u0437\u043e\u043c \u0437 \u0435\u043a\u0437\u0430\u043c\u0435\u043d\u0430\u0446\u0456\u0439\u043d\u043e\u044e \u0440\u043e\u0431\u043e\u0442\u043e\u044e \u043d\u0435\u0433\u0430\u0439\u043d\u043e \u043f\u0435\u0440\u0435\u0434\u0430\u0454\u0442\u044c\u0441\u044f \u041d\u0430\u0446\u0456\u043e\u043d\u0430\u043b\u044c\u043d\u0438\u043c \u0430\u0433\u0435\u043d\u0442\u0441\u0442\u0432\u043e\u043c \u0430\u043a\u0430\u0434\u0435\u043c\u0456\u0447\u043d\u0438\u0445 \u043e\u0431\u043c\u0456\u043d\u0456\u0432 \u0433\u043e\u043b\u043e\u0432\u0456 \u0430\u0443\u0434\u0438\u0442\u043e\u0440\u0441\u044c\u043a\u043e\u0457 \u0433\u0440\u0443\u043f\u0438. \u041f\u0438\u0441\u044c\u043c\u043e\u0432\u0430 \u0447\u0430\u0441\u0442\u0438\u043d\u0430 \u0435\u043a\u0437\u0430\u043c\u0435\u043d\u0430\u0446\u0456\u0439\u043d\u043e\u0457 \u0440\u043e\u0431\u043e\u0442\u0438 \u043f\u0435\u0440\u0435\u0432\u0456\u0440\u044f\u0454\u0442\u044c\u0441\u044f \u0449\u043e\u043d\u0430\u0439\u043c\u0435\u043d\u0448\u0435 \u0434\u0432\u043e\u043c\u0430 \u0457\u0457 \u0447\u043b\u0435\u043d\u0430\u043c\u0438. \u0420\u0435\u0437\u0443\u043b\u044c\u0442\u0430\u0442\u0438 \u043f\u0435\u0440\u0435\u0432\u0456\u0440\u043a\u0438 \u043a\u043e\u043c\u0456\u0441\u0456\u044f \u043d\u0430\u0434\u0441\u0438\u043b\u0430\u0454 \u0433\u043e\u043b\u043e\u0432\u0456 \u0440\u0430\u0437\u043e\u043c \u0437 \u043e\u0431\u0491\u0440\u0443\u043d\u0442\u0443\u0432\u0430\u043d\u043d\u044f\u043c \u043f\u0440\u043e\u0442\u044f\u0433\u043e\u043c 20 \u0434\u043d\u0456\u0432 \u0437 \u043c\u043e\u043c\u0435\u043d\u0442\u0443 \u043e\u0442\u0440\u0438\u043c\u0430\u043d\u043d\u044f \u0437\u0430\u044f\u0432\u0438 \u041a\u043e\u043c\u0456\u0441\u0456\u0454\u044e;<\/li>\n\n\n\n<li>\u041a\u043e\u043c\u0456\u0441\u0456\u044f \u043f\u0440\u0438\u0439\u043c\u0430\u0454 \u0440\u0456\u0448\u0435\u043d\u043d\u044f \u0449\u043e\u0434\u043e \u0437\u0430\u044f\u0432\u0438 \u043f\u0440\u043e\u0442\u044f\u0433\u043e\u043c 30 \u0434\u043d\u0456\u0432 \u0437 \u043c\u043e\u043c\u0435\u043d\u0442\u0443 \u043e\u0442\u0440\u0438\u043c\u0430\u043d\u043d\u044f \u0437\u0430\u044f\u0432\u0438 \u0430\u0431\u043e \u0434\u043e\u043f\u043e\u0432\u043d\u0435\u043d\u044c \u0434\u043e \u043d\u0435\u0457.<\/li>\n<\/ol>\n<\/li>\n\n\n\n<li>\u0423 \u043d\u0430\u043b\u0435\u0436\u043d\u0438\u043c \u0447\u0438\u043d\u043e\u043c \u043e\u0431\u0491\u0440\u0443\u043d\u0442\u043e\u0432\u0430\u043d\u0438\u0445 \u0432\u0438\u043f\u0430\u0434\u043a\u0430\u0445 (\u043d\u0430\u043f\u0440\u0438\u043a\u043b\u0430\u0434, \u0443 \u0440\u0430\u0437\u0456 \u043d\u0435\u043e\u0431\u0445\u0456\u0434\u043d\u043e\u0441\u0442\u0456 \u0437\u0430\u043b\u0443\u0447\u0435\u043d\u043d\u044f \u0456\u043d\u0448\u0438\u0445 \u0435\u043a\u0441\u043f\u0435\u0440\u0442\u0456\u0432 \u043f\u0456\u0434 \u0447\u0430\u0441 \u0440\u043e\u0437\u0433\u043b\u044f\u0434\u0443 \u0437\u0430\u044f\u0432\u043a\u0438) \u0441\u0442\u0440\u043e\u043a \u043f\u0440\u043e\u0432\u0435\u0434\u0435\u043d\u043d\u044f \u0435\u043a\u0441\u043f\u0435\u0440\u0442\u0438\u0437\u0438 \u043c\u043e\u0436\u0435 \u0431\u0443\u0442\u0438 \u043f\u0440\u043e\u0434\u043e\u0432\u0436\u0435\u043d\u043e, \u043f\u0440\u043e \u0449\u043e \u041a\u043e\u043c\u0456\u0441\u0456\u044f \u043f\u0438\u0441\u044c\u043c\u043e\u0432\u043e \u043f\u043e\u0432\u0456\u0434\u043e\u043c\u043b\u044f\u0454 \u0437\u0430\u044f\u0432\u043d\u0438\u043a\u0430. \u041e\u0434\u043d\u0430\u043a \u0446\u0435\u0439 \u0441\u0442\u0440\u043e\u043a \u043d\u0435 \u043c\u043e\u0436\u0435 \u043f\u0435\u0440\u0435\u0432\u0438\u0449\u0443\u0432\u0430\u0442\u0438 60 \u0434\u043d\u0456\u0432.<\/li>\n\n\n\n<li>\u0414\u043e \u0440\u043e\u0437\u0433\u043b\u044f\u0434\u0443 \u0437\u0430\u044f\u0432\u0438 \u041a\u043e\u043c\u0456\u0441\u0456\u0454\u044e \u0432\u0438\u0434\u0430\u0447\u0430 \u0441\u0435\u0440\u0442\u0438\u0444\u0456\u043a\u0430\u0442\u0430 \u043f\u0440\u0438\u0437\u0443\u043f\u0438\u043d\u044f\u0454\u0442\u044c\u0441\u044f.<\/li>\n\n\n\n<li>\u041a\u043e\u043c\u0456\u0441\u0456\u044f \u043f\u0438\u0441\u044c\u043c\u043e\u0432\u043e \u0456\u043d\u0444\u043e\u0440\u043c\u0443\u0454 \u0437\u0430\u044f\u0432\u043d\u0438\u043a\u0430 \u043f\u0440\u043e \u0440\u0435\u0437\u0443\u043b\u044c\u0442\u0430\u0442 \u043f\u043e\u0432\u0442\u043e\u0440\u043d\u043e\u0433\u043e \u043e\u0446\u0456\u043d\u044e\u0432\u0430\u043d\u043d\u044f \u0435\u043a\u0437\u0430\u043c\u0435\u043d\u0430\u0446\u0456\u0439\u043d\u043e\u0457 \u0440\u043e\u0431\u043e\u0442\u0438.<\/li>\n\n\n\n<li>\u041a\u043e\u043c\u0456\u0441\u0456\u044f \u0456\u043d\u0444\u043e\u0440\u043c\u0443\u0454 \u0433\u043e\u043b\u043e\u0432\u0443 \u0415\u043a\u0437\u0430\u043c\u0435\u043d\u0430\u0446\u0456\u0439\u043d\u043e\u0457 \u043a\u043e\u043c\u0456\u0441\u0456\u0457 \u043f\u0440\u043e \u043f\u043e\u0440\u0443\u0448\u0435\u043d\u043d\u044f, \u0432\u0438\u044f\u0432\u043b\u0435\u043d\u0456 \u0432 \u0440\u0435\u0437\u0443\u043b\u044c\u0442\u0430\u0442\u0456 \u043f\u043e\u0432\u0442\u043e\u0440\u043d\u043e\u0433\u043e \u043e\u0446\u0456\u043d\u044e\u0432\u0430\u043d\u043d\u044f \u043f\u0438\u0441\u044c\u043c\u043e\u0432\u043e\u0457 \u0447\u0430\u0441\u0442\u0438\u043d\u0438 \u0440\u043e\u0431\u043e\u0442\u0438, \u0456 \u043f\u0440\u043e\u043f\u043e\u043d\u0443\u0454 \u0439\u043e\u043c\u0443\/\u0457\u0439 \u043f\u043e\u0434\u0430\u0442\u0438 \u043f\u043e\u044f\u0441\u043d\u0435\u043d\u043d\u044f \u0443 \u0432\u0438\u0437\u043d\u0430\u0447\u0435\u043d\u0438\u0439 \u0442\u0435\u0440\u043c\u0456\u043d.<\/li>\n<\/ol>\n\n\n\n<p class=\"has-text-align-center\"><strong>\u041e\u0413\u041b\u042f\u0414 \u0420\u041e\u0411\u0406\u0422<\/strong><\/p>\n\n\n\n<p><em>\u0420\u043e\u0437\u043f\u043e\u0440\u044f\u0434\u0436\u0435\u043d\u043d\u044f \u041c\u0456\u043d\u0456\u0441\u0442\u0440\u0430 \u043d\u0430\u0443\u043a\u0438 \u0456 \u0432\u0438\u0449\u043e\u0457 \u043e\u0441\u0432\u0456\u0442\u0438 \u0432\u0456\u0434 26 \u043b\u044e\u0442\u043e\u0433\u043e 2016 \u0440\u043e\u043a\u0443 \u043f\u0440\u043e \u0456\u0441\u043f\u0438\u0442\u0438 \u0437 \u043f\u043e\u043b\u044c\u0441\u044c\u043a\u043e\u0457 \u043c\u043e\u0432\u0438 \u044f\u043a \u0456\u043d\u043e\u0437\u0435\u043c\u043d\u043e\u0457<\/em><\/p>\n\n\n\n<p><em>\u00a7 25 (1) \u0423\u043f\u043e\u0432\u043d\u043e\u0432\u0430\u0436\u0435\u043d\u0438\u0439 \u043e\u0440\u0433\u0430\u043d \u043f\u043e\u0432\u0438\u043d\u0435\u043d \u043d\u0430\u0434\u0430\u0442\u0438 \u043e\u0441\u043e\u0431\u0456, \u044f\u043a\u0430 \u0441\u043a\u043b\u0430\u0434\u0430\u0454 \u0456\u0441\u043f\u0438\u0442, \u0456\u043d\u0444\u043e\u0440\u043c\u0430\u0446\u0456\u044e \u043f\u0440\u043e \u0440\u0435\u0437\u0443\u043b\u044c\u0442\u0430\u0442\u0438 \u0456\u0441\u043f\u0438\u0442\u0443 \u0432 \u043f\u0438\u0441\u044c\u043c\u043e\u0432\u0456\u0439 \u0444\u043e\u0440\u043c\u0456 \u043f\u0440\u043e\u0442\u044f\u0433\u043e\u043c \u0442\u0440\u044c\u043e\u0445 \u0434\u043d\u0456\u0432 \u0437 \u0434\u043d\u044f \u0432\u0440\u0443\u0447\u0435\u043d\u043d\u044f \u0435\u043a\u0437\u0430\u043c\u0435\u043d\u0430\u0446\u0456\u0439\u043d\u043e\u044e \u043a\u043e\u043c\u0456\u0441\u0456\u0454\u044e \u0437\u0432\u0456\u0442\u0443 \u043f\u0440\u043e \u0440\u0435\u0437\u0443\u043b\u044c\u0442\u0430\u0442\u0438 \u0456\u0441\u043f\u0438\u0442\u0443 \u043e\u0441\u043e\u0431\u0456, \u044f\u043a\u0430 \u0441\u043a\u043b\u0430\u0434\u0430\u0454 \u0456\u0441\u043f\u0438\u0442.<\/em><\/p>\n\n\n\n<p><em>(2) \u041d\u0430 \u0432\u0438\u043c\u043e\u0433\u0443 \u043e\u0441\u043e\u0431\u0438, \u044f\u043a\u0430 \u0441\u043a\u043b\u0430\u043b\u0430 \u0456\u0441\u043f\u0438\u0442, \u043f\u043e\u0434\u0430\u043d\u0443 \u043f\u0440\u043e\u0442\u044f\u0433\u043e\u043c 21 \u0434\u043d\u044f \u0437 \u0434\u043d\u044f \u043e\u0442\u0440\u0438\u043c\u0430\u043d\u043d\u044f \u0456\u043d\u0444\u043e\u0440\u043c\u0430\u0446\u0456\u0457 \u043f\u0440\u043e \u0440\u0435\u0437\u0443\u043b\u044c\u0442\u0430\u0442 \u0456\u0441\u043f\u0438\u0442\u0443, \u0443\u043f\u043e\u0432\u043d\u043e\u0432\u0430\u0436\u0435\u043d\u0438\u0439 \u0441\u0443\u0431'\u0454\u043a\u0442, \u044f\u043a\u0438\u0439 \u043e\u0440\u0433\u0430\u043d\u0456\u0437\u0443\u0432\u0430\u0432 \u0456\u0441\u043f\u0438\u0442, \u0437\u043e\u0431\u043e\u0432'\u044f\u0437\u0430\u043d\u0438\u0439 \u043d\u0430\u0434\u0430\u0442\u0438 \u043e\u0441\u043e\u0431\u0456, \u044f\u043a\u0430 \u0441\u043a\u043b\u0430\u043b\u0430 \u0456\u0441\u043f\u0438\u0442, \u043a\u043e\u043f\u0456\u044e \u0435\u043a\u0437\u0430\u043c\u0435\u043d\u0430\u0446\u0456\u0439\u043d\u043e\u0457 \u0440\u043e\u0431\u043e\u0442\u0438 \u0434\u043b\u044f \u043e\u0437\u043d\u0430\u0439\u043e\u043c\u043b\u0435\u043d\u043d\u044f.<\/em><\/p>","protected":false},"excerpt":{"rendered":"<p>PROCEDURY ROZPATRYWANIA WNIOSK\u00d3W O PONOWNE SPRAWDZENIE PRAC I. Podstawa prawna A. Ustawa z dnia 12 czerwca 2015 r. o zmianie ustawy o j\u0119zyku polskim i funkcjonowaniu funduszy emerytalnych Art. 11h ust. 4. Osoba, kt\u00f3ra przyst\u0105pi\u0142a do egzaminu, mo\u017ce w terminie 21 dni od dnia otrzymania informacji o wyniku egzaminu z\u0142o\u017cy\u0107 do Komisji wniosek o ponowne [&hellip;]<\/p>\n","protected":false},"author":1,"featured_media":0,"parent":13,"menu_order":0,"comment_status":"closed","ping_status":"closed","template":"","meta":{"footnotes":""},"class_list":["post-44","page","type-page","status-publish","hentry"],"_links":{"self":[{"href":"https:\/\/certyfikatpolski.pl\/uk\/wp-json\/wp\/v2\/pages\/44","targetHints":{"allow":["GET"]}}],"collection":[{"href":"https:\/\/certyfikatpolski.pl\/uk\/wp-json\/wp\/v2\/pages"}],"about":[{"href":"https:\/\/certyfikatpolski.pl\/uk\/wp-json\/wp\/v2\/types\/page"}],"author":[{"embeddable":true,"href":"https:\/\/certyfikatpolski.pl\/uk\/wp-json\/wp\/v2\/users\/1"}],"replies":[{"embeddable":true,"href":"https:\/\/certyfikatpolski.pl\/uk\/wp-json\/wp\/v2\/comments?post=44"}],"version-history":[{"count":11,"href":"https:\/\/certyfikatpolski.pl\/uk\/wp-json\/wp\/v2\/pages\/44\/revisions"}],"predecessor-version":[{"id":111308,"href":"https:\/\/certyfikatpolski.pl\/uk\/wp-json\/wp\/v2\/pages\/44\/revisions\/111308"}],"up":[{"embeddable":true,"href":"https:\/\/certyfikatpolski.pl\/uk\/wp-json\/wp\/v2\/pages\/13"}],"wp:attachment":[{"href":"https:\/\/certyfikatpolski.pl\/uk\/wp-json\/wp\/v2\/media?parent=44"}],"curies":[{"name":"wp","href":"https:\/\/api.w.org\/{rel}","templated":true}]}}