{"id":446,"date":"2018-05-22T13:15:32","date_gmt":"2018-05-22T11:15:32","guid":{"rendered":"http:\/\/certyfikatpolski.pl\/?page_id=446"},"modified":"2022-10-10T09:28:08","modified_gmt":"2022-10-10T07:28:08","slug":"%d0%b7%d0%be%d0%b1%d0%be%d0%b2%d1%8f%d0%b7%d0%b0%d0%bd%d0%bd%d1%8f-%d1%89%d0%be%d0%b4%d0%be-%d1%96%d0%bd%d1%84%d0%be%d1%80%d0%bc%d1%83%d0%b2%d0%b0%d0%bd%d0%bd%d1%8f-%d1%80%d0%be%d0%b4%d0%be","status":"publish","type":"page","link":"https:\/\/certyfikatpolski.pl\/uk\/rodo-obowiazek-informacyjny\/","title":{"rendered":"RODO - \u0406\u043d\u0444\u043e\u0440\u043c\u0430\u0446\u0456\u0439\u043d\u0435 \u0437\u043e\u0431\u043e\u0432'\u044f\u0437\u0430\u043d\u043d\u044f"},"content":{"rendered":"<p><strong>\u0429\u041e \u0422\u0410\u041a\u0415 \u0420\u041e\u0414\u041e?<\/strong><\/p>\n<p>RODO - \u0446\u0435 \u0437\u0430\u043a\u043e\u043d \u0404\u0421, \u0449\u043e \u0440\u0435\u0433\u0443\u043b\u044e\u0454 \u043f\u0440\u0438\u043d\u0446\u0438\u043f\u0438 \u0437\u0430\u0445\u0438\u0441\u0442\u0443 \u043f\u0435\u0440\u0441\u043e\u043d\u0430\u043b\u044c\u043d\u0438\u0445 \u0434\u0430\u043d\u0438\u0445, \u044f\u043a\u0438\u0439 \u043c\u0438 \u0437\u0430\u0441\u0442\u043e\u0441\u043e\u0432\u0443\u0454\u043c\u043e \u0437 25 \u0442\u0440\u0430\u0432\u043d\u044f 2018 \u0440\u043e\u043a\u0443. \u041f\u043e\u0447\u0438\u043d\u0430\u044e\u0447\u0438 \u0437 \u0446\u0456\u0454\u0457 \u0434\u0430\u0442\u0438, NAWA \u0434\u043e\u0442\u0440\u0438\u043c\u0443\u0454\u0442\u044c\u0441\u044f \u043f\u0440\u0438\u043d\u0446\u0438\u043f\u0456\u0432, \u0432\u0438\u043a\u043b\u0430\u0434\u0435\u043d\u0438\u0445 \u0443 RODO.<\/p>\n<p>\u041f\u043e\u0432\u043d\u0430 \u043d\u0430\u0437\u0432\u0430 \u0420\u041e\u0414\u041e: <em>\u0420\u0435\u0433\u043b\u0430\u043c\u0435\u043d\u0442 (\u0404\u0421) 2016\/679 \u0404\u0432\u0440\u043e\u043f\u0435\u0439\u0441\u044c\u043a\u043e\u0433\u043e \u041f\u0430\u0440\u043b\u0430\u043c\u0435\u043d\u0442\u0443 \u0442\u0430 \u0420\u0430\u0434\u0438 \u0432\u0456\u0434 27 \u043a\u0432\u0456\u0442\u043d\u044f 2016 \u0440\u043e\u043a\u0443 \u043f\u0440\u043e \u0437\u0430\u0445\u0438\u0441\u0442 \u0444\u0456\u0437\u0438\u0447\u043d\u0438\u0445 \u043e\u0441\u0456\u0431 \u043f\u0440\u0438 \u043e\u0431\u0440\u043e\u0431\u0446\u0456 \u043f\u0435\u0440\u0441\u043e\u043d\u0430\u043b\u044c\u043d\u0438\u0445 \u0434\u0430\u043d\u0438\u0445 \u0456 \u043f\u0440\u043e \u0432\u0456\u043b\u044c\u043d\u0438\u0439 \u0440\u0443\u0445 \u0442\u0430\u043a\u0438\u0445 \u0434\u0430\u043d\u0438\u0445 \u0442\u0430 \u043f\u0440\u043e \u0441\u043a\u0430\u0441\u0443\u0432\u0430\u043d\u043d\u044f \u0414\u0438\u0440\u0435\u043a\u0442\u0438\u0432\u0438 95\/46\/\u0404\u0421.<\/em><\/p>\n<p><strong>\u0425\u0422\u041e \u0404 \u041a\u041e\u041d\u0422\u0420\u041e\u041b\u0415\u0420\u041e\u041c \u0414\u0410\u041d\u0418\u0425?<\/strong><\/p>\n<p>\u0410\u0434\u043c\u0456\u043d\u0456\u0441\u0442\u0440\u0430\u0442\u043e\u0440\u043e\u043c \u0432\u0430\u0448\u0438\u0445 \u043f\u0435\u0440\u0441\u043e\u043d\u0430\u043b\u044c\u043d\u0438\u0445 \u0434\u0430\u043d\u0438\u0445 \u0454 \u041d\u0430\u0446\u0456\u043e\u043d\u0430\u043b\u044c\u043d\u0435 \u0430\u0433\u0435\u043d\u0442\u0441\u0442\u0432\u043e \u0437 \u0430\u043a\u0430\u0434\u0435\u043c\u0456\u0447\u043d\u0438\u0445 \u043e\u0431\u043c\u0456\u043d\u0456\u0432<br \/>\n(\u0432\u0443\u043b. \u041f\u043e\u043b\u044c\u043d\u0430 40, 00-635 \u0412\u0430\u0440\u0448\u0430\u0432\u0430). \u041d\u0430\u0448\u0456 \u043a\u043e\u043d\u0442\u0430\u043a\u0442\u043d\u0456 \u0434\u0430\u043d\u0456: biuro@nawa.gov.pl, +48 22 390 35 00.<\/p>\n<p>\u041a\u043e\u043d\u0442\u0440\u043e\u043b\u0435\u0440 \u0434\u0430\u043d\u0438\u0445 \u043d\u0435\u0441\u0435 \u0432\u0456\u0434\u043f\u043e\u0432\u0456\u0434\u0430\u043b\u044c\u043d\u0456\u0441\u0442\u044c \u0437\u0430 \u0431\u0435\u0437\u043f\u0435\u043a\u0443 \u043d\u0430\u0434\u0430\u043d\u0438\u0445 \u043f\u0435\u0440\u0441\u043e\u043d\u0430\u043b\u044c\u043d\u0438\u0445 \u0434\u0430\u043d\u0438\u0445 \u0442\u0430 \u0457\u0445 \u043e\u0431\u0440\u043e\u0431\u043a\u0443 \u0432\u0456\u0434\u043f\u043e\u0432\u0456\u0434\u043d\u043e \u0434\u043e \u0437\u0430\u043a\u043e\u043d\u043e\u0434\u0430\u0432\u0441\u0442\u0432\u0430.<\/p>\n<p><strong>\u0417 \u042f\u041a\u041e\u042e \u041c\u0415\u0422\u041e\u042e \u0406 \u041d\u0410 \u042f\u041a\u0406\u0419 \u041f\u0420\u0410\u0412\u041e\u0412\u0406\u0419 \u041e\u0421\u041d\u041e\u0412\u0406 \u041c\u0418 \u0412\u0418\u041a\u041e\u0420\u0418\u0421\u0422\u041e\u0412\u0423\u0404\u041c\u041e \u0414\u0410\u041d\u0406?<\/strong><\/p>\n<p>\u041c\u0438 \u0431\u0443\u0434\u0435\u043c\u043e \u0432\u0438\u043a\u043e\u0440\u0438\u0441\u0442\u043e\u0432\u0443\u0432\u0430\u0442\u0438 \u0432\u0430\u0448\u0456 \u043f\u0435\u0440\u0441\u043e\u043d\u0430\u043b\u044c\u043d\u0456 \u0434\u0430\u043d\u0456 \u0434\u043b\u044f \u043d\u0430\u0441\u0442\u0443\u043f\u043d\u0438\u0445 \u0446\u0456\u043b\u0435\u0439:<\/p>\n<ul>\n<li>\u0443\u043a\u043b\u0430\u0434\u0435\u043d\u043d\u044f \u0442\u0430 \u0432\u0438\u043a\u043e\u043d\u0430\u043d\u043d\u044f \u0434\u043e\u0433\u043e\u0432\u043e\u0440\u0443, \u0432\u043a\u043b\u044e\u0447\u0430\u044e\u0447\u0438 \u0437\u0430\u0431\u0435\u0437\u043f\u0435\u0447\u0435\u043d\u043d\u044f \u043d\u0430\u043b\u0435\u0436\u043d\u043e\u0457 \u044f\u043a\u043e\u0441\u0442\u0456 \u0437\u0430\u0432\u0434\u0430\u043d\u044c, \u0449\u043e \u0432\u0438\u043a\u043e\u043d\u0443\u044e\u0442\u044c\u0441\u044f \u041a\u043e\u043d\u0442\u0440\u043e\u043b\u0435\u0440\u043e\u043c \u0434\u0430\u043d\u0438\u0445 (\u043f\u0440\u0430\u0432\u043e\u0432\u0430 \u043e\u0441\u043d\u043e\u0432\u0430 - \u0441\u0442\u0430\u0442\u0442\u044f 6(1)(b) DPA) - \u201e\u0432\u0438\u043a\u043e\u043d\u0430\u043d\u043d\u044f \u0434\u043e\u0433\u043e\u0432\u043e\u0440\u0443\u201d,<\/li>\n<li>\u0434\u043e\u0442\u0440\u0438\u043c\u0443\u0432\u0430\u0442\u0438\u0441\u044f \u043d\u0430\u0448\u0438\u0445 \u044e\u0440\u0438\u0434\u0438\u0447\u043d\u0438\u0445 \u0437\u043e\u0431\u043e\u0432'\u044f\u0437\u0430\u043d\u044c, \u0449\u043e \u0432\u0438\u043f\u043b\u0438\u0432\u0430\u044e\u0442\u044c, \u0437\u043e\u043a\u0440\u0435\u043c\u0430, \u0456\u0437 \u0417\u0430\u043a\u043e\u043d\u0443 \u0432\u0456\u0434 7 \u043b\u0438\u043f\u043d\u044f 2017 \u0440\u043e\u043a\u0443 \u043f\u0440\u043e \u041d\u0430\u0446\u0456\u043e\u043d\u0430\u043b\u044c\u043d\u0435 \u0430\u0433\u0435\u043d\u0442\u0441\u0442\u0432\u043e \u0430\u043a\u0430\u0434\u0435\u043c\u0456\u0447\u043d\u0438\u0445 \u043e\u0431\u043c\u0456\u043d\u0456\u0432 (\u043f\u0440\u0430\u0432\u043e\u0432\u0430 \u043e\u0441\u043d\u043e\u0432\u0430 - \u0441\u0442\u0430\u0442\u0442\u044f 6(1)(c) RODO) - \u201e\u044e\u0440\u0438\u0434\u0438\u0447\u043d\u0435 \u0437\u043e\u0431\u043e\u0432'\u044f\u0437\u0430\u043d\u043d\u044f\u201d,<\/li>\n<li>\u0432\u0438\u043a\u043e\u043d\u0430\u043d\u043d\u044f \u041a\u043e\u043d\u0442\u0440\u043e\u043b\u0435\u0440\u043e\u043c \u0437\u0430\u0432\u0434\u0430\u043d\u044c, \u0449\u043e \u0432\u0438\u043a\u043e\u043d\u0443\u044e\u0442\u044c\u0441\u044f \u0432 \u0441\u0443\u0441\u043f\u0456\u043b\u044c\u043d\u0438\u0445 \u0456\u043d\u0442\u0435\u0440\u0435\u0441\u0430\u0445, \u0437\u043e\u043a\u0440\u0435\u043c\u0430 \u0437\u0430\u0432\u0434\u0430\u043d\u044c, \u0449\u043e \u0432\u0438\u043a\u043e\u043d\u0443\u044e\u0442\u044c\u0441\u044f \u0443 \u0437\u0432'\u044f\u0437\u043a\u0443 \u0437 \u0417\u0430\u043a\u043e\u043d\u043e\u043c \u0432\u0456\u0434 7 \u043b\u0438\u043f\u043d\u044f 2017 \u0440\u043e\u043a\u0443 \u043f\u0440\u043e \u041d\u0430\u0446\u0456\u043e\u043d\u0430\u043b\u044c\u043d\u0435 \u0430\u0433\u0435\u043d\u0442\u0441\u0442\u0432\u043e \u0430\u043a\u0430\u0434\u0435\u043c\u0456\u0447\u043d\u0438\u0445 \u043e\u0431\u043c\u0456\u043d\u0456\u0432 (\u043f\u0440\u0430\u0432\u043e\u0432\u0430 \u043e\u0441\u043d\u043e\u0432\u0430 - \u0441\u0442\u0430\u0442\u0442\u044f 6(1)(e) RODO) - \u201e\u0441\u0443\u0441\u043f\u0456\u043b\u044c\u043d\u0438\u0439 \u0456\u043d\u0442\u0435\u0440\u0435\u0441\u201d,<\/li>\n<li>\u043c\u0430\u0440\u043a\u0435\u0442\u0438\u043d\u0433, \u043a\u043e\u043b\u0438 \u0432\u0438 \u043d\u0430\u0434\u0430\u043b\u0438 \u0437\u0433\u043e\u0434\u0443 \u043d\u0430 \u0432\u0438\u043a\u043e\u0440\u0438\u0441\u0442\u0430\u043d\u043d\u044f \u0432\u0430\u0448\u0438\u0445 \u0434\u0430\u043d\u0438\u0445 \u0434\u043b\u044f \u0446\u0456\u0454\u0457 \u043c\u0435\u0442\u0438 (\u043f\u0440\u0430\u0432\u043e\u0432\u0430 \u043f\u0456\u0434\u0441\u0442\u0430\u0432\u0430 - \u0441\u0442\u0430\u0442\u0442\u044f 6(1)(\u0430) RODO) - \u201e\u0437\u0433\u043e\u0434\u0430\u201d.<\/li>\n<\/ul>\n<p><strong>\u042f\u041a \u0414\u041e\u0412\u0413\u041e \u041c\u0418 \u0411\u0423\u0414\u0415\u041c\u041e \u0412\u0418\u041a\u041e\u0420\u0418\u0421\u0422\u041e\u0412\u0423\u0412\u0410\u0422\u0418 \u0414\u0410\u041d\u0406?<\/strong><\/p>\n<p>\u041c\u0438 \u0431\u0443\u0434\u0435\u043c\u043e \u0432\u0438\u043a\u043e\u0440\u0438\u0441\u0442\u043e\u0432\u0443\u0432\u0430\u0442\u0438 \u0434\u0430\u043d\u0456 \u043f\u0440\u043e\u0442\u044f\u0433\u043e\u043c \u043f\u0435\u0440\u0456\u043e\u0434\u0443, \u043d\u0435\u043e\u0431\u0445\u0456\u0434\u043d\u043e\u0433\u043e \u0434\u043b\u044f \u0446\u0456\u043b\u0435\u0439, \u043e\u043f\u0438\u0441\u0430\u043d\u0438\u0445 \u0432\u0438\u0449\u0435. \u0417\u0430\u043b\u0435\u0436\u043d\u043e \u0432\u0456\u0434 \u043f\u0440\u0430\u0432\u043e\u0432\u043e\u0457 \u043e\u0441\u043d\u043e\u0432\u0438, \u0446\u0435 \u0431\u0443\u0434\u0435 \u0432\u0456\u0434\u043f\u043e\u0432\u0456\u0434\u043d\u043e:<\/p>\n<ul>\n<li>\u0442\u0440\u0438\u0432\u0430\u043b\u0456\u0441\u0442\u044c \u043a\u043e\u043d\u0442\u0440\u0430\u043a\u0442\u0443,<\/li>\n<li>\u0442\u0440\u0438\u0432\u0430\u043b\u0456\u0441\u0442\u044c \u044e\u0440\u0438\u0434\u0438\u0447\u043d\u0438\u0445 \u0437\u043e\u0431\u043e\u0432'\u044f\u0437\u0430\u043d\u044c \u0456 \u0447\u0430\u0441, \u043f\u0440\u043e\u0442\u044f\u0433\u043e\u043c \u044f\u043a\u043e\u0433\u043e \u043c\u0438 \u0437\u043e\u0431\u043e\u0432'\u044f\u0437\u0430\u043d\u0456 \u0437\u0431\u0435\u0440\u0456\u0433\u0430\u0442\u0438 \u0434\u0430\u043d\u0456 \u0432\u0456\u0434\u043f\u043e\u0432\u0456\u0434\u043d\u043e \u0434\u043e \u0437\u0430\u043a\u043e\u043d\u0443, \u043d\u0430\u043f\u0440\u0438\u043a\u043b\u0430\u0434, \u043f\u043e\u0434\u0430\u0442\u043a\u043e\u0432\u043e\u0433\u043e \u0437\u0430\u043a\u043e\u043d\u043e\u0434\u0430\u0432\u0441\u0442\u0432\u0430,<\/li>\n<li>\u0447\u0430\u0441 \u043d\u0430 \u0432\u0438\u043a\u043e\u043d\u0430\u043d\u043d\u044f \u0437\u0430\u0432\u0434\u0430\u043d\u044c, \u0449\u043e \u0441\u0442\u0430\u043d\u043e\u0432\u043b\u044f\u0442\u044c \u0441\u0443\u0441\u043f\u0456\u043b\u044c\u043d\u0438\u0439 \u0456\u043d\u0442\u0435\u0440\u0435\u0441,<\/li>\n<li>\u0447\u0430\u0441, \u043f\u043e\u043a\u0438 \u0432\u0438 \u043d\u0435 \u0432\u0456\u0434\u043a\u043b\u0438\u0447\u0435\u0442\u0435 \u0441\u0432\u043e\u044e \u0437\u0433\u043e\u0434\u0443.<\/li>\n<\/ul>\n<p><strong>\u042f\u041a\u0406 \u041f\u0420\u0410\u0412\u0410 \u0412\u0418 \u041c\u0410\u0404\u0422\u0415? <\/strong><\/p>\n<p>\u0412\u0438 \u043c\u043e\u0436\u0435\u0442\u0435 \u043f\u043e\u0434\u0430\u0442\u0438 \u0437\u0430\u044f\u0432\u043a\u0443 \u0434\u043e NAWA \u043d\u0430:<\/p>\n<ul>\n<li>\u0434\u043e\u0441\u0442\u0443\u043f \u0434\u043e \u043f\u0435\u0440\u0441\u043e\u043d\u0430\u043b\u044c\u043d\u0438\u0445 \u0434\u0430\u043d\u0438\u0445 (\u0456\u043d\u0444\u043e\u0440\u043c\u0430\u0446\u0456\u044f \u043f\u0440\u043e \u043e\u0431\u0440\u043e\u0431\u043b\u044e\u0432\u0430\u043d\u0456 \u043f\u0435\u0440\u0441\u043e\u043d\u0430\u043b\u044c\u043d\u0456 \u0434\u0430\u043d\u0456 \u0442\u0430 \u043a\u043e\u043f\u0456\u044f \u0434\u0430\u043d\u0438\u0445),<\/li>\n<li>\u0432\u0438\u043f\u0440\u0430\u0432\u043b\u0435\u043d\u043d\u044f \u0434\u0430\u043d\u0438\u0445, \u044f\u043a\u0449\u043e \u0432\u043e\u043d\u0438 \u043d\u0435\u0442\u043e\u0447\u043d\u0456,<\/li>\n<li>\u043f\u0435\u0440\u0435\u043d\u0435\u0441\u0435\u043d\u043d\u044f \u0434\u0430\u043d\u0438\u0445, \u0443 \u0432\u0438\u043f\u0430\u0434\u043a\u0430\u0445, \u0432\u0438\u0437\u043d\u0430\u0447\u0435\u043d\u0438\u0445 \u0443 RODO,<\/li>\n<li>\u0432\u0438\u0434\u0430\u043b\u0435\u043d\u043d\u044f \u0430\u0431\u043e \u043e\u0431\u043c\u0435\u0436\u0435\u043d\u043d\u044f \u043e\u0431\u0440\u043e\u0431\u043a\u0438 \u043f\u0435\u0440\u0441\u043e\u043d\u0430\u043b\u044c\u043d\u0438\u0445 \u0434\u0430\u043d\u0438\u0445.<\/li>\n<\/ul>\n<p>\u0412\u0438 \u0442\u0430\u043a\u043e\u0436 \u043c\u0430\u0454\u0442\u0435 \u043f\u0440\u0430\u0432\u043e \u043f\u043e\u0434\u0430\u0442\u0438 \u0441\u043a\u0430\u0440\u0433\u0443 \u041f\u0440\u0435\u0437\u0438\u0434\u0435\u043d\u0442\u0443 \u0423\u043f\u0440\u0430\u0432\u043b\u0456\u043d\u043d\u044f \u0437 \u043f\u0438\u0442\u0430\u043d\u044c \u0437\u0430\u0445\u0438\u0441\u0442\u0443 \u0434\u0430\u043d\u0438\u0445, \u044f\u043a\u0449\u043e \u0432\u0432\u0430\u0436\u0430\u0454\u0442\u0435, \u0449\u043e \u043e\u0431\u0440\u043e\u0431\u043a\u0430 \u0432\u0430\u0448\u0438\u0445 \u043f\u0435\u0440\u0441\u043e\u043d\u0430\u043b\u044c\u043d\u0438\u0445 \u0434\u0430\u043d\u0438\u0445 \u043f\u043e\u0440\u0443\u0448\u0443\u0454 \u0437\u0430\u043a\u043e\u043d.<\/p>\n<p>\u0417\u0433\u043e\u0434\u0430, \u043d\u0430\u0434\u0430\u043d\u0430 \u043d\u0430 \u043e\u0431\u0440\u043e\u0431\u043a\u0443 \u043f\u0435\u0440\u0441\u043e\u043d\u0430\u043b\u044c\u043d\u0438\u0445 \u0434\u0430\u043d\u0438\u0445 \u0432 \u043c\u0430\u0440\u043a\u0435\u0442\u0438\u043d\u0433\u043e\u0432\u0438\u0445 \u0446\u0456\u043b\u044f\u0445, \u043c\u043e\u0436\u0435 \u0431\u0443\u0442\u0438 \u0432\u0456\u0434\u043a\u043b\u0438\u043a\u0430\u043d\u0430 \u0432 \u0431\u0443\u0434\u044c-\u044f\u043a\u0438\u0439 \u0447\u0430\u0441.<\/p>\n<p><strong>\u041a\u041e\u041c\u0423 \u041c\u0418 \u041f\u0415\u0420\u0415\u0414\u0410\u0404\u041c\u041e \u0412\u0410\u0428\u0406 \u0414\u0410\u041d\u0406?<\/strong><\/p>\n<p>\u0417\u0430 \u0443\u043c\u043e\u0432\u0438 \u0434\u043e\u0442\u0440\u0438\u043c\u0430\u043d\u043d\u044f \u0432\u0441\u0456\u0445 \u0433\u0430\u0440\u0430\u043d\u0442\u0456\u0439 \u0431\u0435\u0437\u043f\u0435\u043a\u0438 \u0434\u0430\u043d\u0438\u0445, \u043c\u0438 \u043c\u043e\u0436\u0435\u043c\u043e \u043f\u0435\u0440\u0435\u0434\u0430\u0432\u0430\u0442\u0438 \u0432\u0430\u0448\u0456 \u0434\u0430\u043d\u0456 - \u043d\u0430 \u0434\u043e\u0434\u0430\u0442\u043e\u043a \u0434\u043e \u043e\u0441\u0456\u0431, \u0443\u043f\u043e\u0432\u043d\u043e\u0432\u0430\u0436\u0435\u043d\u0438\u0445 \u041a\u043e\u043d\u0442\u0440\u043e\u043b\u0435\u0440\u043e\u043c \u0434\u0430\u043d\u0438\u0445 - \u0456\u043d\u0448\u0438\u043c \u0441\u0443\u0431'\u0454\u043a\u0442\u0430\u043c, \u0432\u043a\u043b\u044e\u0447\u0430\u044e\u0447\u0438 \u0441\u0443\u0431'\u0454\u043a\u0442\u0456\u0432, \u044f\u043a\u0456 \u043e\u0431\u0440\u043e\u0431\u043b\u044f\u044e\u0442\u044c \u0457\u0445 \u0432\u0456\u0434 \u043d\u0430\u0448\u043e\u0433\u043e \u0456\u043c\u0435\u043d\u0456, \u043d\u0430\u043f\u0440\u0438\u043a\u043b\u0430\u0434, \u043f\u043e\u0441\u0442\u0430\u0447\u0430\u043b\u044c\u043d\u0438\u043a\u0430\u043c \u0442\u0435\u0445\u043d\u0456\u0447\u043d\u0438\u0445 \u043f\u043e\u0441\u043b\u0443\u0433 \u0442\u0430 \u0441\u0443\u0431'\u0454\u043a\u0442\u0430\u043c, \u044f\u043a\u0456 \u043d\u0430\u0434\u0430\u044e\u0442\u044c \u043d\u0430\u043c \u043a\u043e\u043d\u0441\u0443\u043b\u044c\u0442\u0430\u0446\u0456\u0439\u043d\u0456 \u043f\u043e\u0441\u043b\u0443\u0433\u0438.<\/p>\n<p>\u0412\u0430\u0448\u0456 \u0434\u0430\u043d\u0456 \u0442\u0430\u043a\u043e\u0436 \u043c\u043e\u0436\u0443\u0442\u044c \u0431\u0443\u0442\u0438 \u043f\u0435\u0440\u0435\u0434\u0430\u043d\u0456 \u0432 \u043a\u0440\u0430\u0457\u043d\u0438 \u0437\u0430 \u043c\u0435\u0436\u0430\u043c\u0438 \u0404\u0432\u0440\u043e\u043f\u0435\u0439\u0441\u044c\u043a\u043e\u0457 \u0435\u043a\u043e\u043d\u043e\u043c\u0456\u0447\u043d\u043e\u0457 \u0437\u043e\u043d\u0438 (\u043a\u0440\u0430\u0457\u043d\u0438, \u0449\u043e \u043d\u0435 \u0432\u0445\u043e\u0434\u044f\u0442\u044c \u0434\u043e \u0404\u0432\u0440\u043e\u043f\u0435\u0439\u0441\u044c\u043a\u043e\u0433\u043e \u0421\u043e\u044e\u0437\u0443, \u0430 \u0442\u0430\u043a\u043e\u0436 \u0406\u0441\u043b\u0430\u043d\u0434\u0456\u044f, \u041d\u043e\u0440\u0432\u0435\u0433\u0456\u044f \u0442\u0430 \u041b\u0456\u0445\u0442\u0435\u043d\u0448\u0442\u0435\u0439\u043d) \u0437\u0430 \u0443\u043c\u043e\u0432\u0438 \u0434\u043e\u0442\u0440\u0438\u043c\u0430\u043d\u043d\u044f \u0443\u043c\u043e\u0432, \u0432\u0438\u043a\u043b\u0430\u0434\u0435\u043d\u0438\u0445 \u0443 \u0413\u043b\u0430\u0432\u0456 V DPA.<\/p>\n<p><strong>\u042f\u041a \u0412\u0418 \u041c\u041e\u0416\u0415\u0422\u0415 \u0417\u0412'\u042f\u0417\u0410\u0422\u0418\u0421\u042f \u0417 \u041d\u0410\u041c\u0418 \u0429\u041e\u0414\u041e \u0417\u0410\u0425\u0418\u0421\u0422\u0423 \u0414\u0410\u041d\u0418\u0425?<\/strong><\/p>\n<p>NAWA \u043f\u0440\u0438\u0437\u043d\u0430\u0447\u0438\u043b\u0430 \u0432\u0456\u0434\u043f\u043e\u0432\u0456\u0434\u0430\u043b\u044c\u043d\u043e\u0433\u043e \u0437\u0430 \u0437\u0430\u0445\u0438\u0441\u0442 \u0434\u0430\u043d\u0438\u0445, \u0437 \u044f\u043a\u0438\u043c \u0432\u0438 \u043c\u043e\u0436\u0435\u0442\u0435 \u0437\u0432'\u044f\u0437\u0430\u0442\u0438\u0441\u044f \u0435\u043b\u0435\u043a\u0442\u0440\u043e\u043d\u043d\u043e\u044e \u043f\u043e\u0448\u0442\u043e\u044e: <a href=\"mailto:odo@nawa.gov.pl\">odo@nawa.gov.pl<\/a>.<\/p>","protected":false},"excerpt":{"rendered":"<p>CO TO JEST RODO? RODO jest unijnym prawem reguluj\u0105cym zasady ochrony danych osobowych, kt\u00f3re stosujemy od 25&nbsp;maja 2018 r. Od tego dnia NAWA przestrzega zasad okre\u015blonych w RODO. Pe\u0142na nazwa RODO: Rozporz\u0105dzenie Parlamentu Europejskiego i Rady (UE) 2016\/679 z dnia 27&nbsp;kwietnia 2016 r. w sprawie ochrony os\u00f3b fizycznych w zwi\u0105zku z przetwarzaniem danych osobowych i [&hellip;]<\/p>\n","protected":false},"author":2,"featured_media":0,"parent":0,"menu_order":0,"comment_status":"closed","ping_status":"closed","template":"","meta":{"footnotes":""},"class_list":["post-446","page","type-page","status-publish","hentry"],"_links":{"self":[{"href":"https:\/\/certyfikatpolski.pl\/uk\/wp-json\/wp\/v2\/pages\/446","targetHints":{"allow":["GET"]}}],"collection":[{"href":"https:\/\/certyfikatpolski.pl\/uk\/wp-json\/wp\/v2\/pages"}],"about":[{"href":"https:\/\/certyfikatpolski.pl\/uk\/wp-json\/wp\/v2\/types\/page"}],"author":[{"embeddable":true,"href":"https:\/\/certyfikatpolski.pl\/uk\/wp-json\/wp\/v2\/users\/2"}],"replies":[{"embeddable":true,"href":"https:\/\/certyfikatpolski.pl\/uk\/wp-json\/wp\/v2\/comments?post=446"}],"version-history":[{"count":2,"href":"https:\/\/certyfikatpolski.pl\/uk\/wp-json\/wp\/v2\/pages\/446\/revisions"}],"predecessor-version":[{"id":1291,"href":"https:\/\/certyfikatpolski.pl\/uk\/wp-json\/wp\/v2\/pages\/446\/revisions\/1291"}],"wp:attachment":[{"href":"https:\/\/certyfikatpolski.pl\/uk\/wp-json\/wp\/v2\/media?parent=446"}],"curies":[{"name":"wp","href":"https:\/\/api.w.org\/{rel}","templated":true}]}}