{"id":46,"date":"2017-03-01T22:32:40","date_gmt":"2017-03-01T21:32:40","guid":{"rendered":"http:\/\/serwer1554250.home.pl\/pl.certyfikatpolski\/?page_id=46"},"modified":"2022-10-18T22:30:26","modified_gmt":"2022-10-18T20:30:26","slug":"%d1%81%d1%82%d1%80%d1%83%d0%ba%d1%82%d1%83%d1%80%d0%b0-%d1%96%d1%81%d0%bf%d0%b8%d1%82%d1%83","status":"publish","type":"page","link":"https:\/\/certyfikatpolski.pl\/uk\/o-egzaminie\/struktura-egzaminu\/","title":{"rendered":"\u0421\u0442\u0440\u0443\u043a\u0442\u0443\u0440\u0430 \u0456\u0441\u043f\u0438\u0442\u0443"},"content":{"rendered":"<figure class=\"wp-block-table\"><table><thead><tr><th class=\"has-text-align-center\" data-align=\"center\">\n\t\t\t\t\t<strong>\u0420\u0456\u0432\u0435\u043d\u044c \u0432\u043e\u043b\u043e\u0434\u0456\u043d\u043d\u044f \u043c\u043e\u0432\u043e\u044e \/ \u0446\u0456\u043b\u044c\u043e\u0432\u0430 \u0433\u0440\u0443\u043f\u0430<\/strong><\/th><th class=\"has-text-align-center\" data-align=\"center\"><strong>\u0422\u0440\u0438\u0432\u0430\u043b\u0456\u0441\u0442\u044c \u043f\u0438\u0441\u044c\u043c\u043e\u0432\u043e\u0433\u043e \u0442\u0435\u0441\u0442\u0443<\/strong>\n\t\t\t\t<\/th><th>\n\t\t\t\t\t<strong>\u041a\u043e\u043c\u043f\u043e\u043d\u0435\u043d\u0442\u0438 \u043f\u0438\u0441\u044c\u043c\u043e\u0432\u043e\u0433\u043e \u0456\u0441\u043f\u0438\u0442\u0443 (\u043f\u0435\u0440\u0435\u0432\u0456\u0440\u044f\u044e\u0442\u044c\u0441\u044f \u043d\u0430\u0432\u0438\u0447\u043a\u0438)<\/strong>\n\t\t\t\t<\/th><th class=\"has-text-align-center\" data-align=\"center\">\n\t\t\t\t\t<strong>\u0422\u0440\u0438\u0432\u0430\u043b\u0456\u0441\u0442\u044c \u0443\u0441\u043d\u043e\u0433\u043e \u0456\u0441\u043f\u0438\u0442\u0443<\/strong>\n\t\t\t\t<\/th><th class=\"has-text-align-center\" data-align=\"center\">\n\t\t\t\t\t<strong>\u041f\u043e\u0440\u0456\u0433 \u0434\u043b\u044f \u0441\u043a\u043b\u0430\u0434\u0430\u043d\u043d\u044f \u0456\u0441\u043f\u0438\u0442\u0443<\/strong>\n\t\t\t\t<\/th><\/tr><\/thead><tbody><tr><td class=\"has-text-align-center\" data-align=\"center\"><strong style=\"font-size: revert; font-family: inherit;\">A1 \u0434\u043e\u0440\u043e\u0441\u043b\u0456<\/strong>\t\t\t\t<\/td><td class=\"has-text-align-center\" data-align=\"center\">\u043d\u0435 \u0434\u043e\u0432\u0448\u0435 120 \u0445\u0432\u0438\u043b\u0438\u043d<\/td><td><ul><li>\u0441\u043f\u0440\u0438\u0439\u043d\u044f\u0442\u0442\u044f \u043d\u0430 \u0441\u043b\u0443\u0445<\/li><li>\u0440\u043e\u0437\u0443\u043c\u0456\u043d\u043d\u044f \u043f\u0440\u043e\u0447\u0438\u0442\u0430\u043d\u043e\u0433\u043e<\/li><li>\u043f\u0438\u0441\u044c\u043c\u043e\u0432\u0435 \u0432\u0438\u0441\u043b\u043e\u0432\u043b\u044e\u0432\u0430\u043d\u043d\u044f<\/li><\/ul><\/td><td class=\"has-text-align-center\" data-align=\"center\">\u043d\u0435 \u0431\u0456\u043b\u044c\u0448\u0435 10 \u0445\u0432\u0438\u043b\u0438\u043d<\/td><td class=\"has-text-align-center\" data-align=\"center\">\u0449\u043e\u043d\u0430\u0439\u043c\u0435\u043d\u0448\u0435 50% \u0431\u0430\u043b\u0456\u0432 \u0437\u0430 \u043f\u0438\u0441\u044c\u043c\u043e\u0432\u0443 \u0447\u0430\u0441\u0442\u0438\u043d\u0443 \u0442\u0430 50% \u0431\u0430\u043b\u0456\u0432 \u0437\u0430 \u0443\u0441\u043d\u0443 \u0447\u0430\u0441\u0442\u0438\u043d\u0443 \u0456\u0441\u043f\u0438\u0442\u0443<\/td><\/tr><tr><td class=\"has-text-align-center\" data-align=\"center\"><strong style=\"font-size: revert; font-family: inherit;\">A2 \u0434\u043e\u0440\u043e\u0441\u043b\u0456<\/strong><\/td><td class=\"has-text-align-center\" data-align=\"center\">\u043d\u0435 \u0431\u0456\u043b\u044c\u0448\u0435 160 \u0445\u0432\u0438\u043b\u0438\u043d<\/td><td><ul><li>\u0441\u043f\u0440\u0438\u0439\u043d\u044f\u0442\u0442\u044f \u043d\u0430 \u0441\u043b\u0443\u0445<\/li><li>\u0440\u043e\u0437\u0443\u043c\u0456\u043d\u043d\u044f \u043f\u0440\u043e\u0447\u0438\u0442\u0430\u043d\u043e\u0433\u043e \u0437 \u0440\u043e\u0437\u043f\u0456\u0437\u043d\u0430\u0432\u0430\u043d\u043d\u044f\u043c \u0433\u0440\u0430\u043c\u0430\u0442\u0438\u0447\u043d\u0438\u0445 \u0441\u0442\u0440\u0443\u043a\u0442\u0443\u0440<\/li><li>\u043f\u0438\u0441\u044c\u043c\u043e\u0432\u0435 \u0432\u0438\u0441\u043b\u043e\u0432\u043b\u044e\u0432\u0430\u043d\u043d\u044f<\/li><\/ul><\/td><td class=\"has-text-align-center\" data-align=\"center\">\u043d\u0435 \u0431\u0456\u043b\u044c\u0448\u0435 10 \u0445\u0432\u0438\u043b\u0438\u043d<\/td><td class=\"has-text-align-center\" data-align=\"center\">\u0449\u043e\u043d\u0430\u0439\u043c\u0435\u043d\u0448\u0435 50% \u0431\u0430\u043b\u0456\u0432 \u0437\u0430 \u043f\u0438\u0441\u044c\u043c\u043e\u0432\u0443 \u0447\u0430\u0441\u0442\u0438\u043d\u0443 \u0442\u0430 50% \u0431\u0430\u043b\u0456\u0432 \u0437\u0430 \u0443\u0441\u043d\u0443 \u0447\u0430\u0441\u0442\u0438\u043d\u0443 \u0456\u0441\u043f\u0438\u0442\u0443<\/td><\/tr><tr><td class=\"has-text-align-center\" data-align=\"center\"><strong style=\"font-size: revert; font-family: inherit;\">B1 \u0434\u043e\u0440\u043e\u0441\u043b\u0456<\/strong><\/td><td class=\"has-text-align-center\" data-align=\"center\">\u043d\u0435 \u0434\u043e\u0432\u0448\u0435 190 \u0445\u0432\u0438\u043b\u0438\u043d<\/td><td><ul><li>\u0441\u043f\u0440\u0438\u0439\u043d\u044f\u0442\u0442\u044f \u043d\u0430 \u0441\u043b\u0443\u0445<\/li><li>\u0440\u043e\u0437\u0443\u043c\u0456\u043d\u043d\u044f \u043f\u0440\u043e\u0447\u0438\u0442\u0430\u043d\u043e\u0433\u043e<\/li><li>\u0433\u0440\u0430\u043c\u0430\u0442\u0438\u0447\u043d\u0430 \u043f\u0440\u0430\u0432\u0438\u043b\u044c\u043d\u0456\u0441\u0442\u044c<\/li><li>\u043f\u0438\u0441\u044c\u043c\u043e\u0432\u0435 \u0432\u0438\u0441\u043b\u043e\u0432\u043b\u044e\u0432\u0430\u043d\u043d\u044f<\/li><\/ul><\/td><td class=\"has-text-align-center\" data-align=\"center\">\u043d\u0435 \u0434\u043e\u0432\u0448\u0435 15 \u0445\u0432\u0438\u043b\u0438\u043d<\/td><td class=\"has-text-align-center\" data-align=\"center\">\u0449\u043e\u043d\u0430\u0439\u043c\u0435\u043d\u0448\u0435 50% \u0431\u0430\u043b\u0456\u0432 \u0437 \u043a\u043e\u0436\u043d\u043e\u0457 \u0447\u0430\u0441\u0442\u0438\u043d\u0438 \u0456\u0441\u043f\u0438\u0442\u0443<\/td><\/tr><tr><td class=\"has-text-align-center\" data-align=\"center\"><strong style=\"font-size: revert; font-family: inherit;\">B2 \u0434\u043e\u0440\u043e\u0441\u043b\u0456<\/strong><\/td><td class=\"has-text-align-center\" data-align=\"center\">\u043d\u0435 \u0431\u0456\u043b\u044c\u0448\u0435 250 \u0445\u0432\u0438\u043b\u0438\u043d<\/td><td><ul><li>\u0441\u043f\u0440\u0438\u0439\u043d\u044f\u0442\u0442\u044f \u043d\u0430 \u0441\u043b\u0443\u0445<\/li><li>\u0440\u043e\u0437\u0443\u043c\u0456\u043d\u043d\u044f \u043f\u0440\u043e\u0447\u0438\u0442\u0430\u043d\u043e\u0433\u043e<\/li><li>\u0433\u0440\u0430\u043c\u0430\u0442\u0438\u0447\u043d\u0430 \u043f\u0440\u0430\u0432\u0438\u043b\u044c\u043d\u0456\u0441\u0442\u044c<\/li><li>\u043f\u0438\u0441\u044c\u043c\u043e\u0432\u0435 \u0432\u0438\u0441\u043b\u043e\u0432\u043b\u044e\u0432\u0430\u043d\u043d\u044f<\/li><\/ul><\/td><td class=\"has-text-align-center\" data-align=\"center\">\u043d\u0435 \u0434\u043e\u0432\u0448\u0435 15 \u0445\u0432\u0438\u043b\u0438\u043d<\/td><td class=\"has-text-align-center\" data-align=\"center\">\u0449\u043e\u043d\u0430\u0439\u043c\u0435\u043d\u0448\u0435 60% \u0431\u0430\u043b\u0456\u0432 \u0443 \u043a\u043e\u0436\u043d\u0456\u0439 \u0447\u0430\u0441\u0442\u0438\u043d\u0456 \u0456\u0441\u043f\u0438\u0442\u0443<\/td><\/tr><tr><td class=\"has-text-align-center\" data-align=\"center\"><strong style=\"font-size: revert; font-family: inherit;\">C1 \u0434\u043e\u0440\u043e\u0441\u043b\u0456<\/strong><\/td><td class=\"has-text-align-center\" data-align=\"center\">\u043d\u0435 \u0431\u0456\u043b\u044c\u0448\u0435 250 \u0445\u0432\u0438\u043b\u0438\u043d<\/td><td><ul><li>\u0441\u043f\u0440\u0438\u0439\u043d\u044f\u0442\u0442\u044f \u043d\u0430 \u0441\u043b\u0443\u0445<\/li><li>\u0440\u043e\u0437\u0443\u043c\u0456\u043d\u043d\u044f \u043f\u0440\u043e\u0447\u0438\u0442\u0430\u043d\u043e\u0433\u043e<\/li><li>\u0433\u0440\u0430\u043c\u0430\u0442\u0438\u0447\u043d\u0430 \u043f\u0440\u0430\u0432\u0438\u043b\u044c\u043d\u0456\u0441\u0442\u044c<\/li><li>\u043f\u0438\u0441\u044c\u043c\u043e\u0432\u0435 \u0432\u0438\u0441\u043b\u043e\u0432\u043b\u044e\u0432\u0430\u043d\u043d\u044f<\/li><\/ul><\/td><td class=\"has-text-align-center\" data-align=\"center\">\u043d\u0435 \u0431\u0456\u043b\u044c\u0448\u0435 20 \u0445\u0432\u0438\u043b\u0438\u043d<\/td><td class=\"has-text-align-center\" data-align=\"center\">\u0449\u043e\u043d\u0430\u0439\u043c\u0435\u043d\u0448\u0435 60% \u0431\u0430\u043b\u0456\u0432 \u0443 \u043a\u043e\u0436\u043d\u0456\u0439 \u0447\u0430\u0441\u0442\u0438\u043d\u0456 \u0456\u0441\u043f\u0438\u0442\u0443<\/td><\/tr><tr><td class=\"has-text-align-center\" data-align=\"center\"><strong style=\"font-size: revert; font-family: inherit;\">\u0414\u043e\u0440\u043e\u0441\u043b\u0456 C2<\/strong><\/td><td class=\"has-text-align-center\" data-align=\"center\">\u043d\u0435 \u0434\u043e\u0432\u0448\u0435 290 \u0445\u0432\u0438\u043b\u0438\u043d<\/td><td><ul><li>\u0441\u043f\u0440\u0438\u0439\u043d\u044f\u0442\u0442\u044f \u043d\u0430 \u0441\u043b\u0443\u0445<\/li><li>\u0440\u043e\u0437\u0443\u043c\u0456\u043d\u043d\u044f \u043f\u0440\u043e\u0447\u0438\u0442\u0430\u043d\u043e\u0433\u043e<\/li><li>\u0433\u0440\u0430\u043c\u0430\u0442\u0438\u0447\u043d\u0430 \u043f\u0440\u0430\u0432\u0438\u043b\u044c\u043d\u0456\u0441\u0442\u044c<\/li><li>\u043f\u0438\u0441\u044c\u043c\u043e\u0432\u0435 \u0432\u0438\u0441\u043b\u043e\u0432\u043b\u044e\u0432\u0430\u043d\u043d\u044f<\/li><\/ul><\/td><td class=\"has-text-align-center\" data-align=\"center\">\u043d\u0435 \u0434\u043e\u0432\u0448\u0435 30 \u0445\u0432\u0438\u043b\u0438\u043d<\/td><td class=\"has-text-align-center\" data-align=\"center\">\u0449\u043e\u043d\u0430\u0439\u043c\u0435\u043d\u0448\u0435 60% \u0431\u0430\u043b\u0456\u0432 \u0443 \u043a\u043e\u0436\u043d\u0456\u0439 \u0447\u0430\u0441\u0442\u0438\u043d\u0456 \u0456\u0441\u043f\u0438\u0442\u0443<\/td><\/tr><tr><td class=\"has-text-align-center\" data-align=\"center\"><strong style=\"font-size: revert; font-family: inherit;\">A1 \u0434\u0456\u0442\u0438 \u0442\u0430 \u043f\u0456\u0434\u043b\u0456\u0442\u043a\u0438<\/strong><\/td><td class=\"has-text-align-center\" data-align=\"center\">\u043d\u0435 \u0434\u043e\u0432\u0448\u0435 120 \u0445\u0432\u0438\u043b\u0438\u043d<\/td><td><ul><li>\u0441\u043f\u0440\u0438\u0439\u043d\u044f\u0442\u0442\u044f \u043d\u0430 \u0441\u043b\u0443\u0445<\/li><li>\u0440\u043e\u0437\u0443\u043c\u0456\u043d\u043d\u044f \u043f\u0440\u043e\u0447\u0438\u0442\u0430\u043d\u043e\u0433\u043e<\/li><li>\u043f\u0438\u0441\u044c\u043c\u043e\u0432\u0435 \u0432\u0438\u0441\u043b\u043e\u0432\u043b\u044e\u0432\u0430\u043d\u043d\u044f<\/li><\/ul><\/td><td class=\"has-text-align-center\" data-align=\"center\">\u043d\u0435 \u0431\u0456\u043b\u044c\u0448\u0435 10 \u0445\u0432\u0438\u043b\u0438\u043d<\/td><td class=\"has-text-align-center\" data-align=\"center\">\u0449\u043e\u043d\u0430\u0439\u043c\u0435\u043d\u0448\u0435 50% \u0431\u0430\u043b\u0456\u0432 \u0437\u0430 \u043f\u0438\u0441\u044c\u043c\u043e\u0432\u0443 \u0447\u0430\u0441\u0442\u0438\u043d\u0443 \u0442\u0430 50% \u0431\u0430\u043b\u0456\u0432 \u0437\u0430 \u0443\u0441\u043d\u0443 \u0447\u0430\u0441\u0442\u0438\u043d\u0443 \u0456\u0441\u043f\u0438\u0442\u0443<\/td><\/tr><tr><td class=\"has-text-align-center\" data-align=\"center\"><strong style=\"font-size: revert; font-family: inherit;\">A2 \u0434\u0456\u0442\u0438 \u0442\u0430 \u043f\u0456\u0434\u043b\u0456\u0442\u043a\u0438<\/strong><\/td><td class=\"has-text-align-center\" data-align=\"center\">\u043d\u0435 \u0431\u0456\u043b\u044c\u0448\u0435 160 \u0445\u0432\u0438\u043b\u0438\u043d<\/td><td><ul><li>\u0441\u043f\u0440\u0438\u0439\u043d\u044f\u0442\u0442\u044f \u043d\u0430 \u0441\u043b\u0443\u0445<\/li><li>\u0440\u043e\u0437\u0443\u043c\u0456\u043d\u043d\u044f \u043f\u0440\u043e\u0447\u0438\u0442\u0430\u043d\u043e\u0433\u043e \u0437 \u0440\u043e\u0437\u043f\u0456\u0437\u043d\u0430\u0432\u0430\u043d\u043d\u044f\u043c \u0433\u0440\u0430\u043c\u0430\u0442\u0438\u0447\u043d\u0438\u0445 \u0441\u0442\u0440\u0443\u043a\u0442\u0443\u0440<\/li><li>\u043f\u0438\u0441\u044c\u043c\u043e\u0432\u0435 \u0432\u0438\u0441\u043b\u043e\u0432\u043b\u044e\u0432\u0430\u043d\u043d\u044f<\/li><\/ul><\/td><td class=\"has-text-align-center\" data-align=\"center\">\u043d\u0435 \u0431\u0456\u043b\u044c\u0448\u0435 10 \u0445\u0432\u0438\u043b\u0438\u043d<\/td><td class=\"has-text-align-center\" data-align=\"center\">\u0449\u043e\u043d\u0430\u0439\u043c\u0435\u043d\u0448\u0435 50% \u0431\u0430\u043b\u0456\u0432 \u0437\u0430 \u043f\u0438\u0441\u044c\u043c\u043e\u0432\u0443 \u0447\u0430\u0441\u0442\u0438\u043d\u0443 \u0442\u0430 50% \u0431\u0430\u043b\u0456\u0432 \u0437\u0430 \u0443\u0441\u043d\u0443 \u0447\u0430\u0441\u0442\u0438\u043d\u0443 \u0456\u0441\u043f\u0438\u0442\u0443<\/td><\/tr><tr><td class=\"has-text-align-center\" data-align=\"center\"><strong style=\"font-size: revert; font-family: inherit;\">B1 \u0434\u0456\u0442\u0438 \u0442\u0430 \u043f\u0456\u0434\u043b\u0456\u0442\u043a\u0438<\/strong><\/td><td class=\"has-text-align-center\" data-align=\"center\">\u043d\u0435 \u0434\u043e\u0432\u0448\u0435 190 \u0445\u0432\u0438\u043b\u0438\u043d<\/td><td><ul><li>\u0441\u043f\u0440\u0438\u0439\u043d\u044f\u0442\u0442\u044f \u043d\u0430 \u0441\u043b\u0443\u0445<\/li><li>\u0440\u043e\u0437\u0443\u043c\u0456\u043d\u043d\u044f \u043f\u0440\u043e\u0447\u0438\u0442\u0430\u043d\u043e\u0433\u043e \u0437 \u0440\u043e\u0437\u043f\u0456\u0437\u043d\u0430\u0432\u0430\u043d\u043d\u044f\u043c \u0433\u0440\u0430\u043c\u0430\u0442\u0438\u0447\u043d\u0438\u0445 \u0441\u0442\u0440\u0443\u043a\u0442\u0443\u0440<\/li><li>\u043f\u0438\u0441\u044c\u043c\u043e\u0432\u0435 \u0432\u0438\u0441\u043b\u043e\u0432\u043b\u044e\u0432\u0430\u043d\u043d\u044f<\/li><\/ul><\/td><td class=\"has-text-align-center\" data-align=\"center\">\u043d\u0435 \u0434\u043e\u0432\u0448\u0435 15 \u0445\u0432\u0438\u043b\u0438\u043d<\/td><td class=\"has-text-align-center\" data-align=\"center\">\u0449\u043e\u043d\u0430\u0439\u043c\u0435\u043d\u0448\u0435 50% \u0431\u0430\u043b\u0456\u0432 \u0437\u0430 \u043f\u0438\u0441\u044c\u043c\u043e\u0432\u0443 \u0447\u0430\u0441\u0442\u0438\u043d\u0443 \u0442\u0430 50% \u0431\u0430\u043b\u0456\u0432 \u0437\u0430 \u0443\u0441\u043d\u0443 \u0447\u0430\u0441\u0442\u0438\u043d\u0443 \u0456\u0441\u043f\u0438\u0442\u0443<\/td><\/tr><tr><td class=\"has-text-align-center\" data-align=\"center\"><strong style=\"font-size: revert; font-family: inherit;\">B2 \u0434\u0456\u0442\u0438 \u0442\u0430 \u043f\u0456\u0434\u043b\u0456\u0442\u043a\u0438<\/strong><\/td><td class=\"has-text-align-center\" data-align=\"center\">\u043d\u0435 \u0431\u0456\u043b\u044c\u0448\u0435 250 \u0445\u0432\u0438\u043b\u0438\u043d<\/td><td><ul><li>\u0441\u043f\u0440\u0438\u0439\u043d\u044f\u0442\u0442\u044f \u043d\u0430 \u0441\u043b\u0443\u0445<\/li><li>\u0440\u043e\u0437\u0443\u043c\u0456\u043d\u043d\u044f \u043f\u0440\u043e\u0447\u0438\u0442\u0430\u043d\u043e\u0433\u043e<\/li><li>\u0433\u0440\u0430\u043c\u0430\u0442\u0438\u0447\u043d\u0430 \u043f\u0440\u0430\u0432\u0438\u043b\u044c\u043d\u0456\u0441\u0442\u044c<\/li><li>\u043f\u0438\u0441\u044c\u043c\u043e\u0432\u0435 \u0432\u0438\u0441\u043b\u043e\u0432\u043b\u044e\u0432\u0430\u043d\u043d\u044f<\/li><\/ul><\/td><td class=\"has-text-align-center\" data-align=\"center\">\u043d\u0435 \u0434\u043e\u0432\u0448\u0435 15 \u0445\u0432\u0438\u043b\u0438\u043d<\/td><td class=\"has-text-align-center\" data-align=\"center\">\u0449\u043e\u043d\u0430\u0439\u043c\u0435\u043d\u0448\u0435 50% \u0431\u0430\u043b\u0456\u0432 \u0437\u0430 \u043f\u0438\u0441\u044c\u043c\u043e\u0432\u0443 \u0447\u0430\u0441\u0442\u0438\u043d\u0443 \u0442\u0430 50% \u0431\u0430\u043b\u0456\u0432 \u0437\u0430 \u0443\u0441\u043d\u0443 \u0447\u0430\u0441\u0442\u0438\u043d\u0443 \u0456\u0441\u043f\u0438\u0442\u0443<\/td><\/tr><\/tbody><\/table><\/figure>\n\n\n\n<p><i>* \u041d\u0430\u0440\u0430\u0437\u0456 \u0456\u0441\u043f\u0438\u0442\u0438 \u043c\u043e\u0436\u043d\u0430 \u0441\u043a\u043b\u0430\u0441\u0442\u0438 \u043d\u0430 \u0440\u0456\u0432\u043d\u0456 A2, B1, B2, C1 \u0442\u0430 C2 \u0443 \u0433\u0440\u0443\u043f\u0456, \u0430\u0434\u0430\u043f\u0442\u043e\u0432\u0430\u043d\u0456\u0439 \u0434\u043b\u044f \u0434\u043e\u0440\u043e\u0441\u043b\u0438\u0445, \u0442\u0430 \u043d\u0430 \u0440\u0456\u0432\u043d\u0456 B1 \u0442\u0430 B2 \u0443 \u0433\u0440\u0443\u043f\u0456, \u0430\u0434\u0430\u043f\u0442\u043e\u0432\u0430\u043d\u0456\u0439 \u0434\u043b\u044f \u0434\u0456\u0442\u0435\u0439 \u0442\u0430 \u043c\u043e\u043b\u043e\u0434\u0456.<\/i><\/p>\n\n\n\n<div style=\"height:30px\" aria-hidden=\"true\" class=\"wp-block-spacer\"><\/div>\n\n\n\n<h2 class=\"wp-block-heading\"><strong>\u041f\u0438\u0441\u044c\u043c\u043e\u0432\u0438\u0439 \u0456\u0441\u043f\u0438\u0442<\/strong><\/h2>\n\n\n\n<div style=\"height:30px\" aria-hidden=\"true\" class=\"wp-block-spacer\"><\/div>\n\n\n\n<h4 class=\"wp-block-heading\">\u0421\u043f\u0440\u0438\u0439\u043d\u044f\u0442\u0442\u044f \u043d\u0430 \u0441\u043b\u0443\u0445<\/h4>\n\n\n\n<p>\u0423 \u0446\u0456\u0439 \u0447\u0430\u0441\u0442\u0438\u043d\u0456 \u0456\u0441\u043f\u0438\u0442\u0443 \u043a\u0430\u043d\u0434\u0438\u0434\u0430\u0442\u0438 \u043f\u0440\u043e\u0441\u043b\u0443\u0445\u043e\u0432\u0443\u044e\u0442\u044c \u0437\u0430\u043f\u0438\u0441\u0438 \u043e\u0434\u0438\u043d \u0430\u0431\u043e \u0434\u0432\u0430 \u0440\u0430\u0437\u0438. \u041f\u0456\u0434 \u0447\u0430\u0441 \u043f\u0440\u043e\u0441\u043b\u0443\u0445\u043e\u0432\u0443\u0432\u0430\u043d\u043d\u044f \u0432\u043e\u043d\u0438 \u0432\u0438\u043a\u043e\u043d\u0443\u044e\u0442\u044c \u0437\u0430\u0432\u0434\u0430\u043d\u043d\u044f: \u043f\u043e\u0437\u043d\u0430\u0447\u0430\u044e\u0442\u044c \u043f\u0440\u0430\u0432\u0438\u043b\u044c\u043d\u0456 \u0432\u0456\u0434\u043f\u043e\u0432\u0456\u0434\u0456, \u0437\u0430\u043f\u043e\u0432\u043d\u044e\u044e\u0442\u044c \u043f\u0440\u043e\u043f\u0443\u0441\u043a\u0438 \u0432 \u0442\u0435\u043a\u0441\u0442\u0456 \u0430\u0431\u043e \u0432\u0456\u0434\u043f\u043e\u0432\u0456\u0434\u0430\u044e\u0442\u044c \u043d\u0430 \u0437\u0430\u043f\u0438\u0442\u0430\u043d\u043d\u044f. \u0417\u0430\u0432\u0434\u0430\u043d\u043d\u044f \u043f\u0435\u0440\u0435\u0432\u0456\u0440\u044f\u044e\u0442\u044c \u0440\u043e\u0437\u0443\u043c\u0456\u043d\u043d\u044f \u0442\u0435\u043a\u0441\u0442\u0443.<\/p>\n\n\n\n<h4 class=\"wp-block-heading\">\u0420\u043e\u0437\u0443\u043c\u0456\u043d\u043d\u044f \u043f\u0440\u043e\u0447\u0438\u0442\u0430\u043d\u043e\u0433\u043e<\/h4>\n\n\n\n<p>\u0423 \u0446\u0456\u0439 \u0447\u0430\u0441\u0442\u0438\u043d\u0456 \u0456\u0441\u043f\u0438\u0442\u0443 \u043a\u0430\u043d\u0434\u0438\u0434\u0430\u0442\u0438 \u0447\u0438\u0442\u0430\u044e\u0442\u044c \u0442\u0435\u043a\u0441\u0442\u0438. \u0417\u0430\u0432\u0434\u0430\u043d\u043d\u044f \u043f\u043e\u043b\u044f\u0433\u0430\u0454 \u0432 \u0442\u043e\u043c\u0443, \u0449\u043e\u0431 \u0443\u0432\u0430\u0436\u043d\u043e \u043f\u0440\u043e\u0447\u0438\u0442\u0430\u0442\u0438 \u0442\u0435\u043a\u0441\u0442\u0438 (\u0442\u0435\u043a\u0441\u0442\u0438 \u0437 \u043e\u0434\u043d\u043e\u0433\u043e \u0440\u0435\u0447\u0435\u043d\u043d\u044f, \u0430\u0431\u0437\u0430\u0446\u0438, \u0434\u043e\u0432\u0448\u0456 \u0442\u0435\u043a\u0441\u0442\u0438) \u0442\u0430 \u043f\u043e\u0437\u043d\u0430\u0447\u0438\u0442\u0438 \u0430\u0431\u043e \u0434\u0430\u0442\u0438 \u043f\u0440\u0430\u0432\u0438\u043b\u044c\u043d\u0443 \u0432\u0456\u0434\u043f\u043e\u0432\u0456\u0434\u044c \u043d\u0430 \u0437\u0430\u043f\u0438\u0442\u0430\u043d\u043d\u044f \u0434\u043e \u043a\u043e\u0436\u043d\u043e\u0433\u043e \u0442\u0435\u043a\u0441\u0442\u0443. \u0417\u0430\u0432\u0434\u0430\u043d\u043d\u044f \u043f\u0435\u0440\u0435\u0432\u0456\u0440\u044f\u044e\u0442\u044c \u0437\u0430\u0433\u0430\u043b\u044c\u043d\u0435 \u0442\u0430 \u0432\u0438\u0431\u0456\u0440\u043a\u043e\u0432\u0435 \u0440\u043e\u0437\u0443\u043c\u0456\u043d\u043d\u044f \u043f\u0440\u043e\u0447\u0438\u0442\u0430\u043d\u043e\u0433\u043e.<\/p>\n\n\n\n<h4 class=\"wp-block-heading\">\u0413\u0440\u0430\u043c\u0430\u0442\u0438\u0447\u043d\u0430 \u043f\u0440\u0430\u0432\u0438\u043b\u044c\u043d\u0456\u0441\u0442\u044c<\/h4>\n\n\n\n<p>\u0417\u0430\u0432\u0434\u0430\u043d\u043d\u044f \u0446\u0456\u0454\u0457 \u0447\u0430\u0441\u0442\u0438\u043d\u0438 \u0456\u0441\u043f\u0438\u0442\u0443 \u043f\u0435\u0440\u0435\u0434\u0431\u0430\u0447\u0430\u044e\u0442\u044c \u0430\u0431\u043e \u0432\u0438\u0437\u043d\u0430\u0447\u0435\u043d\u043d\u044f \u0442\u0430 \u043f\u043e\u0437\u043d\u0430\u0447\u0435\u043d\u043d\u044f \u043f\u0440\u0430\u0432\u0438\u043b\u044c\u043d\u043e\u0457 \u0444\u043e\u0440\u043c\u0438 (\u0437\u0430\u0432\u0434\u0430\u043d\u043d\u044f \u043d\u0430 \u0432\u0438\u0431\u0456\u0440), \u0430\u0431\u043e \u0441\u0442\u0432\u043e\u0440\u0435\u043d\u043d\u044f \u0442\u0430 \u0437\u0430\u043f\u0438\u0441 \u043f\u0440\u0430\u0432\u0438\u043b\u044c\u043d\u043e\u0457 \u0433\u0440\u0430\u043c\u0430\u0442\u0438\u0447\u043d\u043e\u0457 \u0444\u043e\u0440\u043c\u0438. \u041c\u0435\u0442\u043e\u044e \u0446\u0456\u0454\u0457 \u0447\u0430\u0441\u0442\u0438\u043d\u0438 \u0442\u0435\u0441\u0442\u0443 \u0454 \u043f\u0435\u0440\u0435\u0432\u0456\u0440\u043a\u0430 \u0432\u043c\u0456\u043d\u043d\u044f \u0432\u0438\u043a\u043e\u0440\u0438\u0441\u0442\u043e\u0432\u0443\u0432\u0430\u0442\u0438 \u043f\u0440\u0430\u0432\u0438\u043b\u044c\u043d\u0456 \u0433\u0440\u0430\u043c\u0430\u0442\u0438\u0447\u043d\u0456 \u0444\u043e\u0440\u043c\u0438 \u043d\u0430 \u043f\u0440\u0430\u043a\u0442\u0438\u0446\u0456, \u0442\u043e\u043c\u0443 \u0437\u0430\u0432\u0434\u0430\u043d\u043d\u044f \u0437\u0430\u0437\u0432\u0438\u0447\u0430\u0439 \u043c\u0430\u044e\u0442\u044c \u0444\u043e\u0440\u043c\u0443 \u043a\u043e\u0440\u043e\u0442\u043a\u0438\u0445 \u0442\u0435\u043a\u0441\u0442\u0456\u0432, \u044f\u043a\u0456 \u0443\u0442\u0432\u043e\u0440\u044e\u044e\u0442\u044c \u043b\u043e\u0433\u0456\u0447\u043d\u0435 \u0446\u0456\u043b\u0435.<\/p>\n\n\n\n<h4 class=\"wp-block-heading\">\u041f\u0438\u0441\u044c\u043c\u043e\u0432\u0430 \u0437\u0430\u044f\u0432\u0430<\/h4>\n\n\n\n<p>\u0417\u0430\u0432\u0434\u0430\u043d\u043d\u044f \u0434\u043b\u044f \u043a\u0430\u043d\u0434\u0438\u0434\u0430\u0442\u0456\u0432 - \u0432\u0438\u0431\u0440\u0430\u0442\u0438 \u043e\u0434\u043d\u0435 \u0456\u0437 \u0437\u0430\u043f\u0440\u043e\u043f\u043e\u043d\u043e\u0432\u0430\u043d\u0438\u0445 \u0437\u0430\u0432\u0434\u0430\u043d\u044c \u0456 \u043d\u0430\u043f\u0438\u0441\u0430\u0442\u0438 \u0442\u0435\u043a\u0441\u0442\u0438 \u0432\u0456\u0434\u043f\u043e\u0432\u0456\u0434\u043d\u043e \u0434\u043e \u0456\u043d\u0441\u0442\u0440\u0443\u043a\u0446\u0456\u0439. \u0422\u0435\u043c\u0438 \u0441\u0444\u043e\u0440\u043c\u0443\u043b\u044c\u043e\u0432\u0430\u043d\u0456 \u0442\u0430\u043a\u0438\u043c \u0447\u0438\u043d\u043e\u043c, \u0449\u043e \u043d\u0435 \u0432\u0438\u043c\u0430\u0433\u0430\u044e\u0442\u044c \u0441\u043f\u0435\u0446\u0456\u0430\u043b\u044c\u043d\u0438\u0445 \u0437\u043d\u0430\u043d\u044c. \u041c\u0435\u0442\u043e\u044e \u0446\u0456\u0454\u0457 \u0447\u0430\u0441\u0442\u0438\u043d\u0438 \u0456\u0441\u043f\u0438\u0442\u0443 \u0454 \u043f\u0435\u0440\u0435\u0432\u0456\u0440\u043a\u0430 \u0432\u043c\u0456\u043d\u043d\u044f \u0444\u043e\u0440\u043c\u0443\u043b\u044e\u0432\u0430\u0442\u0438 \u043f\u0438\u0441\u044c\u043c\u043e\u0432\u0435 \u0432\u0438\u0441\u043b\u043e\u0432\u043b\u044e\u0432\u0430\u043d\u043d\u044f, \u0430 \u043d\u0435 \u043f\u0435\u0440\u0435\u0432\u0456\u0440\u043a\u0430 \u0437\u043d\u0430\u043d\u044c \u043a\u0430\u043d\u0434\u0438\u0434\u0430\u0442\u0456\u0432 \u0437 \u043a\u043e\u043d\u043a\u0440\u0435\u0442\u043d\u043e\u0457 \u0442\u0435\u043c\u0438.<\/p>\n\n\n\n<h3 class=\"wp-block-heading\">&nbsp;<\/h3>\n\n\n\n<h2 class=\"wp-block-heading\"><strong>\u0423\u0441\u043d\u0435 \u043e\u0431\u0441\u0442\u0435\u0436\u0435\u043d\u043d\u044f<\/strong><\/h2>\n\n\n\n<p>\u0423 \u0446\u0456\u0439 \u0447\u0430\u0441\u0442\u0438\u043d\u0456 \u0456\u0441\u043f\u0438\u0442\u0443 \u0437\u0430\u0432\u0434\u0430\u043d\u043d\u044f \u043f\u043e\u043b\u044f\u0433\u0430\u0454 \u0443 \u0441\u0442\u0432\u043e\u0440\u0435\u043d\u043d\u0456 \u0443\u0441\u043d\u043e\u0433\u043e \u0432\u0438\u0441\u043b\u043e\u0432\u043b\u044e\u0432\u0430\u043d\u043d\u044f \u043d\u0430 \u043e\u0441\u043d\u043e\u0432\u0456 \u0440\u0456\u0437\u043d\u043e\u043c\u0430\u043d\u0456\u0442\u043d\u043e\u0433\u043e \u043c\u0430\u0442\u0435\u0440\u0456\u0430\u043b\u0443 - \u0442\u0435\u043a\u0441\u0442\u043e\u0432\u043e\u0433\u043e \u0442\u0430 \u0456\u043a\u043e\u043d\u043e\u0433\u0440\u0430\u0444\u0456\u0447\u043d\u043e\u0433\u043e. \u041a\u0430\u043d\u0434\u0438\u0434\u0430\u0442\u0438 \u0432\u0438\u0442\u044f\u0433\u0443\u044e\u0442\u044c \u043e\u0434\u0438\u043d \u0437 \u0442\u0440\u044c\u043e\u0445 \u043d\u0430\u0431\u043e\u0440\u0456\u0432, \u043a\u043e\u0436\u0435\u043d \u0437 \u044f\u043a\u0438\u0445 \u0441\u043a\u043b\u0430\u0434\u0430\u0454\u0442\u044c\u0441\u044f \u0437 \u0434\u0432\u043e\u0445-\u0442\u0440\u044c\u043e\u0445 \u0437\u0430\u0432\u0434\u0430\u043d\u044c, \u0430 \u043f\u043e\u0442\u0456\u043c \u0432\u0438\u043a\u043e\u043d\u0443\u044e\u0442\u044c \u0457\u0445 \u043f\u0435\u0440\u0435\u0434 \u043a\u043e\u043c\u0456\u0441\u0456\u0454\u044e.<\/p>","protected":false},"excerpt":{"rendered":"<p>Poziom zaawansowania \/ grupa docelowa Czas trwania egzaminu pisemnego Cz\u0119\u015bci sk\u0142adowe egzaminu pisemnego (testowane umiej\u0119tno\u015bci) Czas trwania egzaminu ustnego Pr\u00f3g zaliczenia egzaminu A1 doro\u015bli nie d\u0142u\u017cej ni\u017c 120 minut rozumienie ze s\u0142uchu rozumienie tekst\u00f3w pisanych wypowied\u017a pisemna nie d\u0142u\u017cej ni\u017c 10 minut co najmniej 50% punkt\u00f3w z cz\u0119\u015bci pisemnej i 50% punkt\u00f3w z cz\u0119\u015bci ustnej [&hellip;]<\/p>\n","protected":false},"author":1,"featured_media":0,"parent":13,"menu_order":10,"comment_status":"closed","ping_status":"closed","template":"","meta":{"footnotes":""},"class_list":["post-46","page","type-page","status-publish","hentry"],"_links":{"self":[{"href":"https:\/\/certyfikatpolski.pl\/uk\/wp-json\/wp\/v2\/pages\/46","targetHints":{"allow":["GET"]}}],"collection":[{"href":"https:\/\/certyfikatpolski.pl\/uk\/wp-json\/wp\/v2\/pages"}],"about":[{"href":"https:\/\/certyfikatpolski.pl\/uk\/wp-json\/wp\/v2\/types\/page"}],"author":[{"embeddable":true,"href":"https:\/\/certyfikatpolski.pl\/uk\/wp-json\/wp\/v2\/users\/1"}],"replies":[{"embeddable":true,"href":"https:\/\/certyfikatpolski.pl\/uk\/wp-json\/wp\/v2\/comments?post=46"}],"version-history":[{"count":9,"href":"https:\/\/certyfikatpolski.pl\/uk\/wp-json\/wp\/v2\/pages\/46\/revisions"}],"predecessor-version":[{"id":109472,"href":"https:\/\/certyfikatpolski.pl\/uk\/wp-json\/wp\/v2\/pages\/46\/revisions\/109472"}],"up":[{"embeddable":true,"href":"https:\/\/certyfikatpolski.pl\/uk\/wp-json\/wp\/v2\/pages\/13"}],"wp:attachment":[{"href":"https:\/\/certyfikatpolski.pl\/uk\/wp-json\/wp\/v2\/media?parent=46"}],"curies":[{"name":"wp","href":"https:\/\/api.w.org\/{rel}","templated":true}]}}