{"id":48,"date":"2017-03-01T22:32:50","date_gmt":"2017-03-01T21:32:50","guid":{"rendered":"http:\/\/serwer1554250.home.pl\/pl.certyfikatpolski\/?page_id=48"},"modified":"2023-01-19T07:51:18","modified_gmt":"2023-01-19T06:51:18","slug":"%d1%81%d0%b0%d0%bc%d0%be%d0%be%d1%86%d1%96%d0%bd%d0%ba%d0%b0","status":"publish","type":"page","link":"https:\/\/certyfikatpolski.pl\/uk\/o-egzaminie\/samoocena\/","title":{"rendered":"\u0421\u0430\u043c\u043e\u043e\u0446\u0456\u043d\u043a\u0430"},"content":{"rendered":"<p>\u0414\u0443\u0436\u0435 \u0447\u0430\u0441\u0442\u043e \u043b\u044e\u0434\u0438\u043d\u0456, \u044f\u043a\u0430 \u0431\u0430\u0436\u0430\u0454 \u0441\u043a\u043b\u0430\u0441\u0442\u0438 \u0456\u0441\u043f\u0438\u0442, \u0432\u0430\u0436\u043a\u043e \u0442\u043e\u0447\u043d\u043e \u0432\u0438\u0437\u043d\u0430\u0447\u0438\u0442\u0438 \u0432\u043b\u0430\u0441\u043d\u0438\u0439 \u0440\u0456\u0432\u0435\u043d\u044c \u0432\u043e\u043b\u043e\u0434\u0456\u043d\u043d\u044f \u043c\u043e\u0432\u043e\u044e. \u0424\u0430\u0445\u0456\u0432\u0446\u0456 \u0437 \u043c\u043e\u0432\u043d\u043e\u0457 \u043f\u043e\u043b\u0456\u0442\u0438\u043a\u0438 \u0420\u0430\u0434\u0438 \u0404\u0432\u0440\u043e\u043f\u0438 \u0440\u043e\u0437\u0440\u043e\u0431\u0438\u043b\u0438 <em>\u0417\u0430\u0433\u0430\u043b\u044c\u043d\u043e\u0454\u0432\u0440\u043e\u043f\u0435\u0439\u0441\u044c\u043a\u0456 \u0440\u0435\u043a\u043e\u043c\u0435\u043d\u0434\u0430\u0446\u0456\u0457 \u0437 \u043c\u043e\u0432\u043d\u043e\u0457 \u043e\u0441\u0432\u0456\u0442\u0438<\/em> (ESCE), \u0443\u0440\u0438\u0432\u043a\u0438 \u0437 \u044f\u043a\u0438\u0445 \u043c\u043e\u0436\u0443\u0442\u044c \u0431\u0443\u0442\u0438 \u043a\u043e\u0440\u0438\u0441\u043d\u0438\u043c\u0438 \u043f\u0440\u0438 \u043f\u0435\u0440\u0432\u0438\u043d\u043d\u0456\u0439 \u043e\u0446\u0456\u043d\u0446\u0456 \u0440\u0456\u0432\u043d\u044f \u043c\u043e\u0432\u043d\u043e\u0457 \u043a\u043e\u043c\u043f\u0435\u0442\u0435\u043d\u0446\u0456\u0457 \u043a\u0430\u043d\u0434\u0438\u0434\u0430\u0442\u0456\u0432 \u043d\u0430 \u0441\u043a\u043b\u0430\u0434\u0430\u043d\u043d\u044f \u0441\u0435\u0440\u0442\u0438\u0444\u0456\u043a\u0430\u0446\u0456\u0439\u043d\u0438\u0445 \u0456\u0441\u043f\u0438\u0442\u0456\u0432.<\/p>\n\n\n\n<p>\u0428\u043a\u0430\u043b\u0430 \u0417\u0430\u0433\u0430\u043b\u044c\u043d\u043e\u0454\u0432\u0440\u043e\u043f\u0435\u0439\u0441\u044c\u043a\u0438\u0445 \u0440\u0435\u043a\u043e\u043c\u0435\u043d\u0434\u0430\u0446\u0456\u0439 \u0437 \u043c\u043e\u0432\u043d\u043e\u0457 \u043e\u0441\u0432\u0456\u0442\u0438 \u0454 \u043e\u0440\u0456\u0454\u043d\u0442\u0438\u0440\u043e\u043c \u0434\u043b\u044f \u043e\u0446\u0456\u043d\u044e\u0432\u0430\u043d\u043d\u044f \u0440\u0456\u0432\u043d\u044f \u0432\u043e\u043b\u043e\u0434\u0456\u043d\u043d\u044f \u043c\u043e\u0432\u043e\u044e \u0437 \u0442\u043e\u0447\u043a\u0438 \u0437\u043e\u0440\u0443 \u0435\u043a\u0437\u0430\u043c\u0435\u043d\u0430\u0446\u0456\u0439\u043d\u0438\u0445 \u0432\u0438\u043c\u043e\u0433. \u041a\u0430\u043d\u0434\u0438\u0434\u0430\u0442\u0438, \u0437\u0430\u0446\u0456\u043a\u0430\u0432\u043b\u0435\u043d\u0456 \u0443 \u0441\u043a\u043b\u0430\u0434\u0430\u043d\u043d\u0456 \u0441\u0435\u0440\u0442\u0438\u0444\u0456\u043a\u0430\u0446\u0456\u0439\u043d\u0438\u0445 \u0456\u0441\u043f\u0438\u0442\u0456\u0432, \u043c\u043e\u0436\u0443\u0442\u044c \u043e\u0437\u043d\u0430\u0439\u043e\u043c\u0438\u0442\u0438\u0441\u044f \u0437 \u043d\u0430\u0432\u0435\u0434\u0435\u043d\u0438\u043c\u0438 \u043d\u0438\u0436\u0447\u0435 \u0448\u043a\u0430\u043b\u0430\u043c\u0438 \u043c\u043e\u0432\u043d\u043e\u0433\u043e \u0440\u0456\u0432\u043d\u044f. \u0422\u0430\u043a\u0438\u043c \u0447\u0438\u043d\u043e\u043c, \u043a\u0430\u043d\u0434\u0438\u0434\u0430\u0442\u0438 \u043c\u043e\u0436\u0443\u0442\u044c \u043e\u0442\u0440\u0438\u043c\u0430\u0442\u0438 \u0443\u044f\u0432\u043b\u0435\u043d\u043d\u044f \u043f\u0440\u043e \u0442\u0435, \u0449\u043e \u0432\u043e\u043d\u0438 \u0432\u0436\u0435 \u043f\u043e\u0432\u0438\u043d\u043d\u0456 \u0437\u043d\u0430\u0442\u0438, \u0449\u043e\u0431 \u0441\u043a\u043b\u0430\u0441\u0442\u0438 \u0456\u0441\u043f\u0438\u0442 \u043d\u0430 \u043f\u0435\u0432\u043d\u043e\u043c\u0443 \u0440\u0456\u0432\u043d\u0456.<\/p>\n\n\n\n<p><a href=\"http:\/\/certyfikatpolski.pl\/wp-content\/uploads\/2017\/03\/Poziomy-bieg\u0142o\u015bci-j\u0119zykowej.pdf\" target=\"_blank\" rel=\"noopener noreferrer\">\u0420\u0456\u0432\u043d\u0456 \u0432\u043e\u043b\u043e\u0434\u0456\u043d\u043d\u044f \u043c\u043e\u0432\u043e\u044e<\/a><\/p>\n\n\n<a href=\"https:\/\/certyfikatpolski.pl\/wp-content\/uploads\/2017\/03\/Poziomy-bieg\u0142o\u015bci-j\u0119zykowej.pdf\" class=\"pdfemb-viewer\" style=\"\" data-width=\"max\" data-height=\"max\" data-toolbar=\"both\" data-toolbar-fixed=\"on\">\u0420\u0456\u0432\u043d\u0456 \u0432\u043e\u043b\u043e\u0434\u0456\u043d\u043d\u044f \u043c\u043e\u0432\u043e\u044e<\/a>\n<p class=\"wp-block-pdfemb-pdf-embedder-viewer\"><\/p>","protected":false},"excerpt":{"rendered":"<p>Bardzo cz\u0119sto osoba, kt\u00f3ra pragnie przyst\u0105pi\u0107 do egzaminu, ma problem z dok\u0142adnym okre\u015bleniem w\u0142asnego poziomu zaawansowania j\u0119zykowego. Specjali\u015bci ds. polityki j\u0119zykowej Rady Europy opracowali Europejski system opisu kszta\u0142cenia j\u0119zykowego (ESOKJ), kt\u00f3rego fragmenty mog\u0105 by\u0107 pomocne przy wst\u0119pnej ocenie poziomu kompetencji j\u0119zykowej kandydat\u00f3w do egzamin\u00f3w certyfikatowych. Skale ESOKJ stanowi\u0105 punkt odniesienia przy ocenianiu stopnia bieg\u0142o\u015bci j\u0119zykowej [&hellip;]<\/p>\n","protected":false},"author":1,"featured_media":0,"parent":13,"menu_order":20,"comment_status":"closed","ping_status":"closed","template":"","meta":{"footnotes":""},"class_list":["post-48","page","type-page","status-publish","hentry"],"_links":{"self":[{"href":"https:\/\/certyfikatpolski.pl\/uk\/wp-json\/wp\/v2\/pages\/48","targetHints":{"allow":["GET"]}}],"collection":[{"href":"https:\/\/certyfikatpolski.pl\/uk\/wp-json\/wp\/v2\/pages"}],"about":[{"href":"https:\/\/certyfikatpolski.pl\/uk\/wp-json\/wp\/v2\/types\/page"}],"author":[{"embeddable":true,"href":"https:\/\/certyfikatpolski.pl\/uk\/wp-json\/wp\/v2\/users\/1"}],"replies":[{"embeddable":true,"href":"https:\/\/certyfikatpolski.pl\/uk\/wp-json\/wp\/v2\/comments?post=48"}],"version-history":[{"count":1,"href":"https:\/\/certyfikatpolski.pl\/uk\/wp-json\/wp\/v2\/pages\/48\/revisions"}],"predecessor-version":[{"id":109473,"href":"https:\/\/certyfikatpolski.pl\/uk\/wp-json\/wp\/v2\/pages\/48\/revisions\/109473"}],"up":[{"embeddable":true,"href":"https:\/\/certyfikatpolski.pl\/uk\/wp-json\/wp\/v2\/pages\/13"}],"wp:attachment":[{"href":"https:\/\/certyfikatpolski.pl\/uk\/wp-json\/wp\/v2\/media?parent=48"}],"curies":[{"name":"wp","href":"https:\/\/api.w.org\/{rel}","templated":true}]}}