{"id":50,"date":"2017-03-01T22:33:06","date_gmt":"2017-03-01T21:33:06","guid":{"rendered":"http:\/\/serwer1554250.home.pl\/pl.certyfikatpolski\/?page_id=50"},"modified":"2024-06-03T10:09:25","modified_gmt":"2024-06-03T08:09:25","slug":"%d0%bf%d1%80%d0%b8%d0%ba%d0%bb%d0%b0%d0%b4%d0%b8-%d1%82%d0%b5%d1%81%d1%82%d0%be%d0%b2%d0%b8%d1%85-%d0%bd%d0%b0%d0%b1%d0%be%d1%80%d1%96%d0%b2-%d0%b7%d0%b0%d0%b2%d0%b4%d0%b0%d0%bd%d1%8c","status":"publish","type":"page","link":"https:\/\/certyfikatpolski.pl\/uk\/o-egzaminie\/przykladowe-testy-zbiory-zadan\/","title":{"rendered":"\u041f\u0440\u0438\u043a\u043b\u0430\u0434\u0438 \u0442\u0435\u0441\u0442\u0456\u0432"},"content":{"rendered":"<h2 class=\"wp-block-heading\"><strong>\u0420\u0406\u0412\u0415\u041d\u042c A2 - 2018<\/strong><\/h2>\n\n\n\n<p><a href=\"http:\/\/certyfikatpolski.pl\/wp-content\/uploads\/2018\/10\/t_a2.pdf\" target=\"_blank\" rel=\"noopener noreferrer\">\u0417\u0430\u0432\u0430\u043d\u0442\u0430\u0436\u0438\u0442\u0438 \u0435\u043a\u0437\u0430\u043c\u0435\u043d\u0430\u0446\u0456\u0439\u043d\u0438\u0439 \u043b\u0438\u0441\u0442<\/a><a href=\"http:\/\/certyfikatpolski.pl\/wp-content\/uploads\/2017\/03\/5_B2_test.pdf\"><br><\/a><a href=\"http:\/\/certyfikatpolski.pl\/wp-content\/uploads\/2018\/10\/A2_przyklad.mp3\" target=\"_blank\" rel=\"noopener noreferrer\">\u0417\u0430\u0432\u0430\u043d\u0442\u0430\u0436\u0438\u0442\u0438 \u0430\u0443\u0434\u0456\u043e\u0444\u0430\u0439\u043b<\/a><a href=\"http:\/\/certyfikatpolski.pl\/wp-content\/uploads\/2018\/10\/A2_przyklad.mp3\"><br><\/a><a href=\"http:\/\/certyfikatpolski.pl\/wp-content\/uploads\/2018\/10\/tr_klucz_a2.pdf\">\u0417\u0430\u0432\u0430\u043d\u0442\u0430\u0436\u0438\u0442\u0438 \u0440\u043e\u0437\u0448\u0438\u0444\u0440\u043e\u0432\u043a\u0443 \u0437\u0430\u043f\u0438\u0441\u0456\u0432 \u0442\u0430 \u043a\u043b\u044e\u0447 \u0434\u043e \u0432\u043f\u0440\u0430\u0432<\/a><\/p>\n\n\n\n<h2 class=\"wp-block-heading\"><strong>\u0420\u0406\u0412\u0415\u041d\u042c B1<\/strong><\/h2>\n\n\n\n<h3 class=\"wp-block-heading\">\u0422\u0435\u0441\u0442 1 - 2017<\/h3>\n\n\n\n<p><a href=\"http:\/\/certyfikatpolski.pl\/wp-content\/uploads\/2017\/05\/5_B1_test.pdf\">\u0417\u0430\u0432\u0430\u043d\u0442\u0430\u0436\u0438\u0442\u0438 \u0435\u043a\u0437\u0430\u043c\u0435\u043d\u0430\u0446\u0456\u0439\u043d\u0438\u0439 \u043b\u0438\u0441\u0442<\/a><a href=\"http:\/\/certyfikatpolski.pl\/wp-content\/uploads\/2017\/03\/5_B2_test.pdf\"><br><\/a><a href=\"http:\/\/certyfikatpolski.pl\/wp-content\/uploads\/2017\/03\/Egzamin-Przyk\u0142adowy-B1-gru2016.mp3\" target=\"_blank\" rel=\"noopener noreferrer\">\u0417\u0430\u0432\u0430\u043d\u0442\u0430\u0436\u0438\u0442\u0438 \u0430\u0443\u0434\u0456\u043e\u0444\u0430\u0439\u043b<\/a><br><a href=\"http:\/\/certyfikatpolski.pl\/wp-content\/uploads\/2017\/03\/5_B1_tr-klucz.pdf\" target=\"_blank\" rel=\"noopener noreferrer\">\u0417\u0430\u0432\u0430\u043d\u0442\u0430\u0436\u0438\u0442\u0438 \u0440\u043e\u0437\u0448\u0438\u0444\u0440\u043e\u0432\u043a\u0443 \u0437\u0430\u043f\u0438\u0441\u0456\u0432 \u0442\u0430 \u043a\u043b\u044e\u0447 \u0434\u043e \u0432\u043f\u0440\u0430\u0432<\/a><\/p>\n\n\n\n<h3 class=\"wp-block-heading\">\u0422\u0435\u0441\u0442 2 - 2019<\/h3>\n\n\n\n<p><a href=\"http:\/\/certyfikatpolski.pl\/wp-content\/uploads\/2019\/09\/B1_test.pdf\">\u0417\u0430\u0432\u0430\u043d\u0442\u0430\u0436\u0438\u0442\u0438 \u0435\u043a\u0437\u0430\u043c\u0435\u043d\u0430\u0446\u0456\u0439\u043d\u0438\u0439 \u043b\u0438\u0441\u0442<\/a><a href=\"http:\/\/certyfikatpolski.pl\/wp-content\/uploads\/2017\/03\/5_B2_test.pdf\"><br><\/a><a href=\"http:\/\/certyfikatpolski.pl\/wp-content\/uploads\/2019\/09\/B1_audio.mp3\">\u0417\u0430\u0432\u0430\u043d\u0442\u0430\u0436\u0438\u0442\u0438 \u0430\u0443\u0434\u0456\u043e\u0444\u0430\u0439\u043b<\/a><br><a href=\"http:\/\/certyfikatpolski.pl\/wp-content\/uploads\/2019\/09\/B1_klucz.pdf\">\u0417\u0430\u0432\u0430\u043d\u0442\u0430\u0436\u0438\u0442\u0438 \u0440\u043e\u0437\u0448\u0438\u0444\u0440\u043e\u0432\u043a\u0443 \u0437\u0430\u043f\u0438\u0441\u0456\u0432 \u0442\u0430 \u043a\u043b\u044e\u0447 \u0434\u043e \u0432\u043f\u0440\u0430\u0432<\/a><\/p>\n\n\n\n<h3 class=\"wp-block-heading\">\u0422\u0435\u0441\u0442 3 - 2020<\/h3>\n\n\n\n<p><a href=\"http:\/\/certyfikatpolski.pl\/wp-content\/uploads\/2020\/12\/B1_przykladowy_test_2020_03.pdf\">\u0417\u0430\u0432\u0430\u043d\u0442\u0430\u0436\u0438\u0442\u0438 \u0435\u043a\u0437\u0430\u043c\u0435\u043d\u0430\u0446\u0456\u0439\u043d\u0438\u0439 \u043b\u0438\u0441\u0442<\/a><a href=\"http:\/\/certyfikatpolski.pl\/wp-content\/uploads\/2017\/03\/5_B2_test.pdf\"><br><\/a><a href=\"http:\/\/certyfikatpolski.pl\/wp-content\/uploads\/2020\/12\/B1_2020_03.mp3\">\u0417\u0430\u0432\u0430\u043d\u0442\u0430\u0436\u0438\u0442\u0438 \u0430\u0443\u0434\u0456\u043e\u0444\u0430\u0439\u043b<\/a><br><a href=\"http:\/\/certyfikatpolski.pl\/wp-content\/uploads\/2020\/12\/B1_przykladowy_transkrypcje_i_klucz_2020_03.pdf\">\u0417\u0430\u0432\u0430\u043d\u0442\u0430\u0436\u0438\u0442\u0438 \u0440\u043e\u0437\u0448\u0438\u0444\u0440\u043e\u0432\u043a\u0443 \u0437\u0430\u043f\u0438\u0441\u0456\u0432 \u0442\u0430 \u043a\u043b\u044e\u0447 \u0434\u043e \u0432\u043f\u0440\u0430\u0432<\/a><\/p>\n\n\n\n<h2 class=\"wp-block-heading\"><strong>\u0420\u0406\u0412\u0415\u041d\u042c B2<\/strong><\/h2>\n\n\n\n<h3 class=\"wp-block-heading\">\u0422\u0435\u0441\u0442 1 - 2017<\/h3>\n\n\n\n<p><a href=\"http:\/\/certyfikatpolski.pl\/wp-content\/uploads\/2017\/03\/5_B2_test.pdf\" target=\"_blank\" rel=\"noopener noreferrer\">\u0417\u0430\u0432\u0430\u043d\u0442\u0430\u0436\u0438\u0442\u0438 \u0435\u043a\u0437\u0430\u043c\u0435\u043d\u0430\u0446\u0456\u0439\u043d\u0438\u0439 \u043b\u0438\u0441\u0442<\/a><br><a href=\"http:\/\/certyfikatpolski.pl\/wp-content\/uploads\/2017\/03\/Egzamin-przyk\u0142adowy-B2-listopad-2016-poprawiony.mp3\" target=\"_blank\" rel=\"noopener noreferrer\">\u0417\u0430\u0432\u0430\u043d\u0442\u0430\u0436\u0438\u0442\u0438 \u0430\u0443\u0434\u0456\u043e\u0444\u0430\u0439\u043b<\/a><br><a href=\"http:\/\/certyfikatpolski.pl\/wp-content\/uploads\/2017\/03\/5_B2_tr-klucz.pdf\" target=\"_blank\" rel=\"noopener noreferrer\">\u0417\u0430\u0432\u0430\u043d\u0442\u0430\u0436\u0438\u0442\u0438 \u0440\u043e\u0437\u0448\u0438\u0444\u0440\u043e\u0432\u043a\u0443 \u0437\u0430\u043f\u0438\u0441\u0456\u0432 \u0442\u0430 \u043a\u043b\u044e\u0447 \u0434\u043e \u0432\u043f\u0440\u0430\u0432<\/a><\/p>\n\n\n\n<h3 class=\"wp-block-heading\">\u0422\u0435\u0441\u0442 2 - 2019<\/h3>\n\n\n\n<p><a href=\"http:\/\/certyfikatpolski.pl\/wp-content\/uploads\/2019\/09\/B2_test.pdf\">\u0417\u0430\u0432\u0430\u043d\u0442\u0430\u0436\u0438\u0442\u0438 \u0435\u043a\u0437\u0430\u043c\u0435\u043d\u0430\u0446\u0456\u0439\u043d\u0438\u0439 \u043b\u0438\u0441\u0442<\/a><a href=\"http:\/\/certyfikatpolski.pl\/wp-content\/uploads\/2017\/03\/5_B2_test.pdf\"><br><\/a><a href=\"http:\/\/certyfikatpolski.pl\/wp-content\/uploads\/2019\/09\/B2_audio.mp3\">\u0417\u0430\u0432\u0430\u043d\u0442\u0430\u0436\u0438\u0442\u0438 \u0430\u0443\u0434\u0456\u043e\u0444\u0430\u0439\u043b<\/a><br><a href=\"http:\/\/certyfikatpolski.pl\/wp-content\/uploads\/2019\/09\/B2_klucz.pdf\">\u0417\u0430\u0432\u0430\u043d\u0442\u0430\u0436\u0438\u0442\u0438 \u0440\u043e\u0437\u0448\u0438\u0444\u0440\u043e\u0432\u043a\u0443 \u0437\u0430\u043f\u0438\u0441\u0456\u0432 \u0442\u0430 \u043a\u043b\u044e\u0447 \u0434\u043e \u0432\u043f\u0440\u0430\u0432<\/a><\/p>\n\n\n\n<h3 class=\"wp-block-heading\">\u0422\u0435\u0441\u0442 3 - 2020<\/h3>\n\n\n\n<p><a href=\"http:\/\/certyfikatpolski.pl\/wp-content\/uploads\/2020\/12\/B2_przykladowy_test_03_2020.pdf\">\u0417\u0430\u0432\u0430\u043d\u0442\u0430\u0436\u0438\u0442\u0438 \u0435\u043a\u0437\u0430\u043c\u0435\u043d\u0430\u0446\u0456\u0439\u043d\u0438\u0439 \u043b\u0438\u0441\u0442<\/a><a href=\"http:\/\/certyfikatpolski.pl\/wp-content\/uploads\/2020\/12\/B2_przykladowy_test_03_2020.pdf\"><br><\/a><a href=\"http:\/\/certyfikatpolski.pl\/wp-content\/uploads\/2020\/12\/B2_03_2020.mp3\">\u0417\u0430\u0432\u0430\u043d\u0442\u0430\u0436\u0438\u0442\u0438 \u0430\u0443\u0434\u0456\u043e\u0444\u0430\u0439\u043b<\/a><br><a href=\"http:\/\/certyfikatpolski.pl\/wp-content\/uploads\/2020\/12\/B2_przykladowy_transkrypcje-i-klucz_03_2020.pdf\">\u0417\u0430\u0432\u0430\u043d\u0442\u0430\u0436\u0438\u0442\u0438 \u0440\u043e\u0437\u0448\u0438\u0444\u0440\u043e\u0432\u043a\u0443 \u0437\u0430\u043f\u0438\u0441\u0456\u0432 \u0442\u0430 \u043a\u043b\u044e\u0447 \u0434\u043e \u0432\u043f\u0440\u0430\u0432<\/a><\/p>\n\n\n\n<h2 class=\"wp-block-heading\"><strong>\u0420\u0406\u0412\u0415\u041d\u042c C1<\/strong><\/h2>\n\n\n\n<h3 class=\"wp-block-heading\">\u0422\u0435\u0441\u0442 1 - 2017<\/h3>\n\n\n\n<p><a href=\"http:\/\/certyfikatpolski.pl\/wp-content\/uploads\/2017\/03\/5_C1_test.pdf\" target=\"_blank\" rel=\"noopener noreferrer\">\u0417\u0430\u0432\u0430\u043d\u0442\u0430\u0436\u0438\u0442\u0438 \u0435\u043a\u0437\u0430\u043c\u0435\u043d\u0430\u0446\u0456\u0439\u043d\u0438\u0439 \u043b\u0438\u0441\u0442<\/a><br><a href=\"http:\/\/certyfikatpolski.pl\/wp-content\/uploads\/2017\/03\/egzaminy_C1__test_calosc.mp3\" target=\"_blank\" rel=\"noopener noreferrer\">\u0417\u0430\u0432\u0430\u043d\u0442\u0430\u0436\u0438\u0442\u0438 \u0430\u0443\u0434\u0456\u043e\u0444\u0430\u0439\u043b<\/a><br><a href=\"http:\/\/certyfikatpolski.pl\/wp-content\/uploads\/2017\/03\/5_C1_tr-klucz.pdf\" target=\"_blank\" rel=\"noopener noreferrer\">\u0417\u0430\u0432\u0430\u043d\u0442\u0430\u0436\u0438\u0442\u0438 \u0440\u043e\u0437\u0448\u0438\u0444\u0440\u043e\u0432\u043a\u0443 \u0437\u0430\u043f\u0438\u0441\u0456\u0432 \u0442\u0430 \u043a\u043b\u044e\u0447 \u0434\u043e \u0432\u043f\u0440\u0430\u0432<\/a><\/p>\n\n\n\n<h3 class=\"wp-block-heading\">\u0422\u0435\u0441\u0442 2 - 2019<\/h3>\n\n\n\n<p><a href=\"http:\/\/certyfikatpolski.pl\/wp-content\/uploads\/2019\/09\/C1_test.pdf\">\u0417\u0430\u0432\u0430\u043d\u0442\u0430\u0436\u0438\u0442\u0438 \u0435\u043a\u0437\u0430\u043c\u0435\u043d\u0430\u0446\u0456\u0439\u043d\u0438\u0439 \u043b\u0438\u0441\u0442<\/a><a href=\"http:\/\/certyfikatpolski.pl\/wp-content\/uploads\/2017\/03\/5_B2_test.pdf\"><br><\/a><a href=\"http:\/\/certyfikatpolski.pl\/wp-content\/uploads\/2019\/09\/C1_audio.mp3\">\u0417\u0430\u0432\u0430\u043d\u0442\u0430\u0436\u0438\u0442\u0438 \u0430\u0443\u0434\u0456\u043e\u0444\u0430\u0439\u043b<\/a><br><a href=\"http:\/\/certyfikatpolski.pl\/wp-content\/uploads\/2019\/09\/C1_klucz.pdf\">\u0417\u0430\u0432\u0430\u043d\u0442\u0430\u0436\u0438\u0442\u0438 \u0440\u043e\u0437\u0448\u0438\u0444\u0440\u043e\u0432\u043a\u0443 \u0437\u0430\u043f\u0438\u0441\u0456\u0432 \u0442\u0430 \u043a\u043b\u044e\u0447 \u0434\u043e \u0432\u043f\u0440\u0430\u0432<\/a><\/p>\n\n\n\n<h3 class=\"wp-block-heading\">\u0422\u0435\u0441\u0442 3 - 2020<\/h3>\n\n\n\n<p><a href=\"http:\/\/certyfikatpolski.pl\/wp-content\/uploads\/2020\/11\/C1_przykladowy_test_marzec2020.pdf\">\u0417\u0430\u0432\u0430\u043d\u0442\u0430\u0436\u0438\u0442\u0438 \u0435\u043a\u0437\u0430\u043c\u0435\u043d\u0430\u0446\u0456\u0439\u043d\u0438\u0439 \u043b\u0438\u0441\u0442<\/a><a href=\"http:\/\/certyfikatpolski.pl\/wp-content\/uploads\/2017\/03\/5_B2_test.pdf\"><br><\/a><a href=\"http:\/\/certyfikatpolski.pl\/wp-content\/uploads\/2020\/11\/C1_nagrania_-marzec-2020.mp3\">\u0417\u0430\u0432\u0430\u043d\u0442\u0430\u0436\u0438\u0442\u0438 \u0430\u0443\u0434\u0456\u043e\u0444\u0430\u0439\u043b<\/a><br><a href=\"http:\/\/certyfikatpolski.pl\/wp-content\/uploads\/2020\/11\/C1_przykladowy_transkrypcje-i-klucz_marzec-2020.pdf\">\u0417\u0430\u0432\u0430\u043d\u0442\u0430\u0436\u0438\u0442\u0438 \u0440\u043e\u0437\u0448\u0438\u0444\u0440\u043e\u0432\u043a\u0443 \u0437\u0430\u043f\u0438\u0441\u0456\u0432 \u0442\u0430 \u043a\u043b\u044e\u0447 \u0434\u043e \u0432\u043f\u0440\u0430\u0432<\/a><\/p>\n\n\n\n<h2 class=\"wp-block-heading\"><strong>\u0420\u0406\u0412\u0415\u041d\u042c C2 - 2017<\/strong><\/h2>\n\n\n\n<p><a href=\"http:\/\/certyfikatpolski.pl\/wp-content\/uploads\/2018\/11\/arkusz_c2_2.pdf\" target=\"_blank\" rel=\"noopener noreferrer\">\u0417\u0430\u0432\u0430\u043d\u0442\u0430\u0436\u0438\u0442\u0438 \u0435\u043a\u0437\u0430\u043c\u0435\u043d\u0430\u0446\u0456\u0439\u043d\u0438\u0439 \u043b\u0438\u0441\u0442<\/a><br><a href=\"http:\/\/certyfikatpolski.pl\/wp-content\/uploads\/2017\/10\/egzaminy_przykladowy_C2.mp3\" target=\"_blank\" rel=\"noopener noreferrer\">\u0417\u0430\u0432\u0430\u043d\u0442\u0430\u0436\u0438\u0442\u0438 \u0430\u0443\u0434\u0456\u043e\u0444\u0430\u0439\u043b<\/a><br><a href=\"http:\/\/certyfikatpolski.pl\/wp-content\/uploads\/2017\/03\/trans_c2.pdf\" target=\"_blank\" rel=\"noopener noreferrer\">\u0417\u0430\u0432\u0430\u043d\u0442\u0430\u0436\u0438\u0442\u0438 \u0440\u043e\u0437\u0448\u0438\u0444\u0440\u043e\u0432\u043a\u0443 \u0437\u0430\u043f\u0438\u0441\u0456\u0432 \u0442\u0430 \u043a\u043b\u044e\u0447 \u0434\u043e \u0432\u043f\u0440\u0430\u0432<\/a><\/p>\n\n\n\n<h2 class=\"wp-block-heading\"><strong>\u0420\u0406\u0412\u0415\u041d\u042c B1 \u0414\u0406\u0422\u0418 \u0422\u0410 \u041f\u0406\u0414\u041b\u0406\u0422\u041a\u0418<\/strong><\/h2>\n\n\n\n<h3 class=\"wp-block-heading\">\u0422\u0435\u0441\u0442 1 - 2017<\/h3>\n\n\n\n<p><a href=\"http:\/\/certyfikatpolski.pl\/wp-content\/uploads\/2017\/03\/B1_DM_test-przykladowy.pdf\" target=\"_blank\" rel=\"noopener noreferrer\">\u0417\u0430\u0432\u0430\u043d\u0442\u0430\u0436\u0438\u0442\u0438 \u0435\u043a\u0437\u0430\u043c\u0435\u043d\u0430\u0446\u0456\u0439\u043d\u0438\u0439 \u043b\u0438\u0441\u0442<br><\/a><a href=\"http:\/\/certyfikatpolski.pl\/wp-content\/uploads\/2017\/03\/Egzaminy-kwiecie\u0144-PL-B1-m\u0142odzie\u017c-PRZYK\u0141ADOWY.mp3\">\u0417\u0430\u0432\u0430\u043d\u0442\u0430\u0436\u0438\u0442\u0438 \u0430\u0443\u0434\u0456\u043e\u0444\u0430\u0439\u043b<\/a><a href=\"http:\/\/certyfikatpolski.pl\/wp-content\/uploads\/2017\/03\/B1_DM_test-przykladowy.pdf\" target=\"_blank\" rel=\"noopener noreferrer\"><br><\/a><a href=\"http:\/\/certyfikatpolski.pl\/wp-content\/uploads\/2017\/03\/B1_DM_TRANS-KLUCZ_test-przykladowy.pdf\" target=\"_blank\" rel=\"noopener noreferrer\">\u0417\u0430\u0432\u0430\u043d\u0442\u0430\u0436\u0438\u0442\u0438 \u0440\u043e\u0437\u0448\u0438\u0444\u0440\u043e\u0432\u043a\u0443 \u0437\u0430\u043f\u0438\u0441\u0456\u0432 \u0442\u0430 \u043a\u043b\u044e\u0447 \u0434\u043e \u0432\u043f\u0440\u0430\u0432<\/a><\/p>\n\n\n\n<h3 class=\"wp-block-heading\">\u0422\u0435\u0441\u0442 2 - 2019<\/h3>\n\n\n\n<p><a href=\"http:\/\/certyfikatpolski.pl\/wp-content\/uploads\/2019\/11\/B1_test2_test.pdf\" target=\"_blank\" rel=\"noopener noreferrer\">\u0417\u0430\u0432\u0430\u043d\u0442\u0430\u0436\u0438\u0442\u0438 \u0435\u043a\u0437\u0430\u043c\u0435\u043d\u0430\u0446\u0456\u0439\u043d\u0438\u0439 \u043b\u0438\u0441\u0442<br><\/a><a href=\"http:\/\/certyfikatpolski.pl\/wp-content\/uploads\/2019\/11\/B1_test2_audio.mp3\">\u0417\u0430\u0432\u0430\u043d\u0442\u0430\u0436\u0438\u0442\u0438 \u0430\u0443\u0434\u0456\u043e\u0444\u0430\u0439\u043b<\/a><a href=\"http:\/\/certyfikatpolski.pl\/wp-content\/uploads\/2017\/03\/B1_DM_test-przykladowy.pdf\" target=\"_blank\" rel=\"noopener noreferrer\"><br><\/a><a href=\"http:\/\/certyfikatpolski.pl\/wp-content\/uploads\/2019\/11\/B1_test2_klucz.pdf\" target=\"_blank\" rel=\"noopener noreferrer\">\u0417\u0430\u0432\u0430\u043d\u0442\u0430\u0436\u0438\u0442\u0438 \u0440\u043e\u0437\u0448\u0438\u0444\u0440\u043e\u0432\u043a\u0443 \u0437\u0430\u043f\u0438\u0441\u0456\u0432 \u0442\u0430 \u043a\u043b\u044e\u0447 \u0434\u043e \u0432\u043f\u0440\u0430\u0432<\/a><a href=\"http:\/\/certyfikatpolski.pl\/wp-content\/uploads\/2017\/03\/B1_DM_test-przykladowy.pdf\"><br><\/a><\/p>\n\n\n\n<h2 class=\"wp-block-heading\"><strong>\u0420\u0406\u0412\u0415\u041d\u042c B2 \u0414\u0406\u0422\u0418 \u0422\u0410 \u041c\u041e\u041b\u041e\u0414\u042c - 2018<\/strong><\/h2>\n\n\n\n<p><a href=\"http:\/\/certyfikatpolski.pl\/wp-content\/uploads\/2018\/04\/B2_DiM-test-przyk\u0142adowy_-scalony-27.04-do-publikacji1.pdf\">\u0417\u0430\u0432\u0430\u043d\u0442\u0430\u0436\u0438\u0442\u0438 \u0435\u043a\u0437\u0430\u043c\u0435\u043d\u0430\u0446\u0456\u0439\u043d\u0438\u0439 \u043b\u0438\u0441\u0442<\/a><br><a href=\"http:\/\/certyfikatpolski.pl\/wp-content\/uploads\/2018\/04\/Egzaminy-B2DM-przyk\u0142adowy-24_04_20181.mp3\">\u0417\u0430\u0432\u0430\u043d\u0442\u0430\u0436\u0438\u0442\u0438 \u0430\u0443\u0434\u0456\u043e\u0444\u0430\u0439\u043b<\/a><a href=\"http:\/\/certyfikatpolski.pl\/wp-content\/uploads\/2017\/03\/B1_DM_test-przykladowy.pdf\" target=\"_blank\" rel=\"noopener noreferrer\"><br><\/a><a href=\"http:\/\/certyfikatpolski.pl\/wp-content\/uploads\/2018\/04\/B2_DiM_TRANS_KLUCZ-test-przyk\u0142adowy-do-publikacji1.pdf\">\u0417\u0430\u0432\u0430\u043d\u0442\u0430\u0436\u0438\u0442\u0438 \u0440\u043e\u0437\u0448\u0438\u0444\u0440\u043e\u0432\u043a\u0443 \u0437\u0430\u043f\u0438\u0441\u0456\u0432 \u0442\u0430 \u043a\u043b\u044e\u0447 \u0434\u043e \u0432\u043f\u0440\u0430\u0432<\/a><\/p>\n\n\n\n<p>\u0411\u0443\u0434\u044c \u043b\u0430\u0441\u043a\u0430, \u043d\u0430\u0431\u0435\u0440\u0456\u0442\u044c\u0441\u044f \u0442\u0435\u0440\u043f\u0456\u043d\u043d\u044f \u043f\u0440\u0438 \u0432\u0456\u0434\u043a\u0440\u0438\u0442\u0442\u0456 \u0437\u0432\u0443\u043a\u043e\u0432\u0438\u0445 \u0444\u0430\u0439\u043b\u0456\u0432.<\/p>\n\n\n\n<p>\u0422\u0435\u0441\u0442\u0438 \u043d\u0430\u0441\u0442\u0443\u043f\u043d\u0438\u0445 \u0440\u043e\u043a\u0456\u0432 \u0431\u0443\u0434\u0443\u0442\u044c \u043f\u0443\u0431\u043b\u0456\u043a\u0443\u0432\u0430\u0442\u0438\u0441\u044f \u0441\u0438\u0441\u0442\u0435\u043c\u0430\u0442\u0438\u0447\u043d\u043e.<\/p>","protected":false},"excerpt":{"rendered":"<p>POZIOM A2 &#8211; rok 2018 Pobierz arkusz egzaminacyjnyPobierz plik d\u017awi\u0119kowyPobierz transkrypcj\u0119 nagra\u0144 i klucz do \u0107wicze\u0144 POZIOM B1 Test 1 &#8211; rok 2017 Pobierz arkusz egzaminacyjnyPobierz plik d\u017awi\u0119kowyPobierz transkrypcj\u0119 nagra\u0144 i klucz do \u0107wicze\u0144 Test 2 &#8211; rok 2019 Pobierz arkusz egzaminacyjnyPobierz plik d\u017awi\u0119kowyPobierz transkrypcj\u0119 nagra\u0144 i klucz do \u0107wicze\u0144 Test 3 &#8211; rok 2020 [&hellip;]<\/p>\n","protected":false},"author":1,"featured_media":0,"parent":13,"menu_order":30,"comment_status":"closed","ping_status":"closed","template":"","meta":{"footnotes":""},"class_list":["post-50","page","type-page","status-publish","hentry"],"_links":{"self":[{"href":"https:\/\/certyfikatpolski.pl\/uk\/wp-json\/wp\/v2\/pages\/50","targetHints":{"allow":["GET"]}}],"collection":[{"href":"https:\/\/certyfikatpolski.pl\/uk\/wp-json\/wp\/v2\/pages"}],"about":[{"href":"https:\/\/certyfikatpolski.pl\/uk\/wp-json\/wp\/v2\/types\/page"}],"author":[{"embeddable":true,"href":"https:\/\/certyfikatpolski.pl\/uk\/wp-json\/wp\/v2\/users\/1"}],"replies":[{"embeddable":true,"href":"https:\/\/certyfikatpolski.pl\/uk\/wp-json\/wp\/v2\/comments?post=50"}],"version-history":[{"count":2,"href":"https:\/\/certyfikatpolski.pl\/uk\/wp-json\/wp\/v2\/pages\/50\/revisions"}],"predecessor-version":[{"id":110647,"href":"https:\/\/certyfikatpolski.pl\/uk\/wp-json\/wp\/v2\/pages\/50\/revisions\/110647"}],"up":[{"embeddable":true,"href":"https:\/\/certyfikatpolski.pl\/uk\/wp-json\/wp\/v2\/pages\/13"}],"wp:attachment":[{"href":"https:\/\/certyfikatpolski.pl\/uk\/wp-json\/wp\/v2\/media?parent=50"}],"curies":[{"name":"wp","href":"https:\/\/api.w.org\/{rel}","templated":true}]}}