{"id":52,"date":"2017-03-01T22:33:20","date_gmt":"2017-03-01T21:33:20","guid":{"rendered":"http:\/\/serwer1554250.home.pl\/pl.certyfikatpolski\/?page_id=52"},"modified":"2022-10-18T22:33:02","modified_gmt":"2022-10-18T20:33:02","slug":"%d0%bc%d0%b0%d1%82%d0%b5%d1%80%d1%96%d0%b0%d0%bb%d0%b8-%d1%82%d0%b0-%d0%bf%d0%be%d1%81%d1%96%d0%b1%d0%bd%d0%b8%d0%ba%d0%b8","status":"publish","type":"page","link":"https:\/\/certyfikatpolski.pl\/uk\/o-egzaminie\/materialy-i-podreczniki\/","title":{"rendered":"\u041c\u0430\u0442\u0435\u0440\u0456\u0430\u043b\u0438 \u0442\u0430 \u043f\u043e\u0441\u0456\u0431\u043d\u0438\u043a\u0438"},"content":{"rendered":"<p>\u041d\u0430 \u0440\u0438\u043d\u043a\u0443 \u0456\u0441\u043d\u0443\u0454 \u043d\u0438\u0437\u043a\u0430 \u043d\u0430\u0432\u0447\u0430\u043b\u044c\u043d\u0438\u0445 \u043f\u043e\u0441\u0456\u0431\u043d\u0438\u043a\u0456\u0432, \u044f\u043a\u0456 \u043c\u043e\u0436\u043d\u0430 \u0432\u0438\u043a\u043e\u0440\u0438\u0441\u0442\u043e\u0432\u0443\u0432\u0430\u0442\u0438 \u0434\u043b\u044f \u043f\u0456\u0434\u0433\u043e\u0442\u043e\u0432\u043a\u0438 \u0434\u043e \u0441\u0435\u0440\u0442\u0438\u0444\u0456\u043a\u0430\u0446\u0456\u0439\u043d\u043e\u0433\u043e \u0456\u0441\u043f\u0438\u0442\u0443 \u0437 \u043f\u043e\u043b\u044c\u0441\u044c\u043a\u043e\u0457 \u043c\u043e\u0432\u0438 \u044f\u043a \u0456\u043d\u043e\u0437\u0435\u043c\u043d\u043e\u0457. \u041d\u0438\u0436\u0447\u0435 \u043f\u043e\u0434\u0430\u043d\u043e \u043f\u0435\u0440\u0435\u043b\u0456\u043a \u043f\u0443\u0431\u043b\u0456\u043a\u0430\u0446\u0456\u0439 \u0434\u043b\u044f \u043a\u043e\u0436\u043d\u043e\u0433\u043e \u043c\u043e\u0432\u043d\u043e\u0433\u043e \u0440\u0456\u0432\u043d\u044f. \u041e\u0434\u043d\u0430\u043a, \u0446\u0435 \u043d\u0435 \u0432\u0438\u0447\u0435\u0440\u043f\u043d\u0438\u0439 \u043f\u0435\u0440\u0435\u043b\u0456\u043a, \u0430 \u0432\u0438\u0431\u0456\u0440\u043a\u0430 \u043c\u0430\u0442\u0435\u0440\u0456\u0430\u043b\u0456\u0432, \u043e\u043f\u0443\u0431\u043b\u0456\u043a\u043e\u0432\u0430\u043d\u0438\u0445 \u043f\u0456\u0441\u043b\u044f 2000 \u0440. \u041f\u0440\u0435\u0434\u0441\u0442\u0430\u0432\u043b\u0435\u043d\u0456 \u0441\u043f\u0438\u0441\u043a\u0438 \u043f\u0443\u0431\u043b\u0456\u043a\u0430\u0446\u0456\u0439 (\u043e\u043d\u043e\u0432\u043b\u0435\u043d\u0456 \u0432 \u0433\u0440\u0443\u0434\u043d\u0456 2016 \u0440.) \u043d\u0435 \u0454 \u043e\u0444\u0456\u0446\u0456\u0439\u043d\u043e\u044e \u0440\u0435\u043a\u043e\u043c\u0435\u043d\u0434\u0430\u0446\u0456\u0454\u044e \u0456 \u043d\u0435 \u0432\u0438\u043a\u043b\u044e\u0447\u0430\u044e\u0442\u044c \u0432\u0438\u043a\u043e\u0440\u0438\u0441\u0442\u0430\u043d\u043d\u044f \u0456\u043d\u0448\u0438\u0445 \u043f\u043e\u0441\u0456\u0431\u043d\u0438\u043a\u0456\u0432.<\/p>\n\n\n\n<p><strong>\u041f\u0415\u0420\u0415\u041b\u0406\u041a \u041d\u0410\u0412\u0427\u0410\u041b\u042c\u041d\u0418\u0425 \u041f\u041e\u0421\u0406\u0411\u041d\u0418\u041a\u0406\u0412 \u0414\u041b\u042f \u041a\u041e\u0416\u041d\u041e\u0413\u041e \u0420\u0406\u0412\u041d\u042f<\/strong><\/p>\n\n\n\n<ul class=\"wp-block-list\"><li><a href=\"http:\/\/certyfikatpolski.pl\/wp-content\/uploads\/2017\/03\/7_PUB_A1.pdf\">\u0420\u0406\u0412\u0415\u041d\u042c A1<\/a><\/li><li><a href=\"http:\/\/certyfikatpolski.pl\/wp-content\/uploads\/2017\/03\/7_PUB_A2.pdf\">\u0420\u0406\u0412\u0415\u041d\u042c A2<\/a><\/li><li><a href=\"http:\/\/certyfikatpolski.pl\/wp-content\/uploads\/2017\/03\/7_PUB_B1.pdf\">\u0420\u0406\u0412\u0415\u041d\u042c B1<\/a><\/li><li><a href=\"http:\/\/certyfikatpolski.pl\/wp-content\/uploads\/2017\/03\/7_PUB_B2.pdf\">\u0420\u0406\u0412\u0415\u041d\u042c B2<\/a><\/li><li><a href=\"http:\/\/certyfikatpolski.pl\/wp-content\/uploads\/2017\/03\/7_PUB_C1.pdf\">\u0420\u0406\u0412\u0415\u041d\u042c C1<\/a><\/li><li><a href=\"http:\/\/certyfikatpolski.pl\/wp-content\/uploads\/2017\/03\/7_PUB_C2.pdf\">\u0420\u0406\u0412\u0415\u041d\u042c C2<\/a><\/li><\/ul>","protected":false},"excerpt":{"rendered":"<p>Na rynku wydawniczym istnieje szereg pomocy dydaktycznych, przy pomocy kt\u00f3rych mo\u017cna przygotowywa\u0107 si\u0119 do egzaminu certyfikatowego z j\u0119zyka polskiego jako obcego. Spis publikacji dla ka\u017cdego z poziom\u00f3w zaawansowania j\u0119zykowego zamieszczono poni\u017cej. Nie jest to jednak wyczerpuj\u0105ca lista, lecz wyb\u00f3r materia\u0142\u00f3w, kt\u00f3re ukaza\u0142y si\u0119 po 2000 r. Przedstawione listy publikacji (uaktualnione w grudniu 2016 r.) nie [&hellip;]<\/p>\n","protected":false},"author":1,"featured_media":0,"parent":13,"menu_order":40,"comment_status":"closed","ping_status":"closed","template":"","meta":{"footnotes":""},"class_list":["post-52","page","type-page","status-publish","hentry"],"_links":{"self":[{"href":"https:\/\/certyfikatpolski.pl\/uk\/wp-json\/wp\/v2\/pages\/52","targetHints":{"allow":["GET"]}}],"collection":[{"href":"https:\/\/certyfikatpolski.pl\/uk\/wp-json\/wp\/v2\/pages"}],"about":[{"href":"https:\/\/certyfikatpolski.pl\/uk\/wp-json\/wp\/v2\/types\/page"}],"author":[{"embeddable":true,"href":"https:\/\/certyfikatpolski.pl\/uk\/wp-json\/wp\/v2\/users\/1"}],"replies":[{"embeddable":true,"href":"https:\/\/certyfikatpolski.pl\/uk\/wp-json\/wp\/v2\/comments?post=52"}],"version-history":[{"count":2,"href":"https:\/\/certyfikatpolski.pl\/uk\/wp-json\/wp\/v2\/pages\/52\/revisions"}],"predecessor-version":[{"id":109480,"href":"https:\/\/certyfikatpolski.pl\/uk\/wp-json\/wp\/v2\/pages\/52\/revisions\/109480"}],"up":[{"embeddable":true,"href":"https:\/\/certyfikatpolski.pl\/uk\/wp-json\/wp\/v2\/pages\/13"}],"wp:attachment":[{"href":"https:\/\/certyfikatpolski.pl\/uk\/wp-json\/wp\/v2\/media?parent=52"}],"curies":[{"name":"wp","href":"https:\/\/api.w.org\/{rel}","templated":true}]}}