{"id":54,"date":"2017-03-01T22:33:30","date_gmt":"2017-03-01T21:33:30","guid":{"rendered":"http:\/\/serwer1554250.home.pl\/pl.certyfikatpolski\/?page_id=54"},"modified":"2022-10-18T22:35:43","modified_gmt":"2022-10-18T20:35:43","slug":"%d0%bf%d0%be%d1%80%d0%b0%d0%b4%d0%b8-%d0%b4%d0%bb%d1%8f-%d0%bf%d0%b5%d1%80%d0%b5%d1%85%d0%be%d0%b6%d0%b8%d1%85","status":"publish","type":"page","link":"https:\/\/certyfikatpolski.pl\/uk\/o-egzaminie\/wskazowki-dla-zdajacych\/","title":{"rendered":"\u0412\u043a\u0430\u0437\u0456\u0432\u043a\u0438 \u0434\u043b\u044f \u0432\u0456\u0434\u0432\u0456\u0434\u0443\u0432\u0430\u0447\u0456\u0432"},"content":{"rendered":"<h3 class=\"wp-block-heading\">\u041f\u0440\u0430\u0432\u043e\u0432\u0456 \u043f\u043e\u043b\u043e\u0436\u0435\u043d\u043d\u044f<\/h3>\n\n\n\n<div style=\"height:30px\" aria-hidden=\"true\" class=\"wp-block-spacer\"><\/div>\n\n\n\n<p><strong>\u0420\u043e\u0437\u043f\u043e\u0440\u044f\u0434\u0436\u0435\u043d\u043d\u044f \u041c\u0456\u043d\u0456\u0441\u0442\u0440\u0430 \u043d\u0430\u0443\u043a\u0438 \u0456 \u0432\u0438\u0449\u043e\u0457 \u043e\u0441\u0432\u0456\u0442\u0438 \u0432\u0456\u0434 26 \u043b\u044e\u0442\u043e\u0433\u043e 2016 \u0440\u043e\u043a\u0443 \u043f\u0440\u043e \u0456\u0441\u043f\u0438\u0442\u0438 \u0437 \u043f\u043e\u043b\u044c\u0441\u044c\u043a\u043e\u0457 \u043c\u043e\u0432\u0438 \u044f\u043a \u0456\u043d\u043e\u0437\u0435\u043c\u043d\u043e\u0457<\/strong><\/p>\n\n\n\n<p><strong><em>\u0421\u0442\u0430\u0442\u0442\u044f 12.<\/em><\/strong><em> (2) \u0417\u0430\u044f\u0432\u043d\u0438\u043a <strong>\u043d\u0435 \u043c\u043e\u0436\u043d\u0430 \u043f\u0440\u0438\u043d\u043e\u0441\u0438\u0442\u0438 \u0432 \u043f\u0440\u0438\u043c\u0456\u0449\u0435\u043d\u043d\u044f<\/strong>, \u0434\u0435 \u043f\u0440\u043e\u0445\u043e\u0434\u0438\u0442\u044c \u043e\u0431\u0441\u0442\u0435\u0436\u0435\u043d\u043d\u044f, <strong>\u0434\u043e\u043f\u043e\u043c\u0456\u0436\u043d\u0456 \u043c\u0430\u0442\u0435\u0440\u0456\u0430\u043b\u0438 \u0442\u0430 \u043f\u0440\u0438\u0441\u0442\u0440\u043e\u0457 \u0434\u043b\u044f \u043f\u0435\u0440\u0435\u0434\u0430\u0447\u0456, \u043f\u0440\u0438\u0439\u043e\u043c\u0443 \u0430\u0431\u043e \u0437\u0430\u043f\u0438\u0441\u0443 \u0456\u043d\u0444\u043e\u0440\u043c\u0430\u0446\u0456\u0457<\/strong>. <\/em><\/p>\n\n\n\n<ol class=\"wp-block-list\" start=\"3\"><li><em> \u041f\u0435\u0440\u0435\u0434 \u043f\u043e\u0447\u0430\u0442\u043a\u043e\u043c \u0456\u0441\u043f\u0438\u0442\u0443 \u0433\u043e\u043b\u043e\u0432\u0430 \u0435\u043a\u0437\u0430\u043c\u0435\u043d\u0430\u0446\u0456\u0439\u043d\u043e\u0457 \u043a\u043e\u043c\u0456\u0441\u0456\u0457 <strong>\u043f\u0435\u0440\u0435\u0432\u0456\u0440\u044f\u0442\u0438 \u043e\u0441\u043e\u0431\u0443 \u043b\u044e\u0434\u0438\u043d\u0438<\/strong> \u044f\u043a\u0456 \u043c\u0430\u044e\u0442\u044c \u043d\u0430\u043c\u0456\u0440 \u0441\u043a\u043b\u0430\u0434\u0430\u0442\u0438 \u0456\u0441\u043f\u0438\u0442, \u0442\u0430 \u0456\u043d\u0444\u043e\u0440\u043c\u0443\u0454 \u043f\u0440\u043e \u0446\u0435 \u0446\u0438\u0445 \u043e\u0441\u0456\u0431: <\/em>\n<ol>\n<li><em>\u0437\u0430\u043f\u043b\u0430\u043d\u043e\u0432\u0430\u043d\u0435 \u043f\u0440\u043e\u0432\u0435\u0434\u0435\u043d\u043d\u044f \u043e\u0431\u0441\u0442\u0435\u0436\u0435\u043d\u043d\u044f; <\/em><\/li>\n<li><em>\u043e\u0431\u043e\u0432'\u044f\u0437\u043e\u043a \u0430\u0431\u0456\u0442\u0443\u0440\u0456\u0454\u043d\u0442\u0430 \u043f\u043e\u0432\u0456\u0434\u043e\u043c\u043b\u044f\u0442\u0438 \u043f\u0440\u043e \u0431\u0443\u0434\u044c-\u044f\u043a\u0456 \u043d\u0435\u0434\u043e\u043b\u0456\u043a\u0438, \u0432\u0438\u044f\u0432\u043b\u0435\u043d\u0456 \u0432 \u0435\u043a\u0437\u0430\u043c\u0435\u043d\u0430\u0446\u0456\u0439\u043d\u043e\u043c\u0443 \u043b\u0438\u0441\u0442\u0456; <\/em><\/li>\n<li><em>\u043d\u0430\u0441\u043b\u0456\u0434\u043a\u0438 \u043f\u043e\u0440\u0443\u0448\u0435\u043d\u043d\u044f \u0437\u0430\u0431\u043e\u0440\u043e\u043d, \u0437\u0430\u0437\u043d\u0430\u0447\u0435\u043d\u0438\u0445 \u0443 \u043f\u0443\u043d\u043a\u0442\u0456 2 \u0442\u0430 \u00a7 13(1); <\/em><\/li>\n<li><em>\u043d\u0430\u0441\u043b\u0456\u0434\u043a\u0438 \u0437\u0440\u0438\u0432\u0443 \u0456\u0441\u043f\u0438\u0442\u0443.<\/em><\/li>\n<\/ol>\n<\/li><\/ol>\n\n\n\n<p><strong><em>\u0421\u0442\u0430\u0442\u0442\u044f 13.<\/em><\/strong><em> \u041f\u0456\u0434 \u0447\u0430\u0441 \u043e\u0431\u0441\u0442\u0435\u0436\u0435\u043d\u043d\u044f:<\/em><\/p>\n\n\n\n<p><em>(1) \u043f\u0435\u0440\u0435\u0445\u043e\u0436\u0438\u0439 <strong>\u043d\u0435 \u043c\u043e\u0436\u0443\u0442\u044c \u0441\u043f\u0456\u043b\u043a\u0443\u0432\u0430\u0442\u0438\u0441\u044f<\/strong> \u043e\u0434\u0438\u043d \u0437 \u043e\u0434\u043d\u0438\u043c; <\/em><\/p>\n\n\n\n<p><em>(2) \u0427\u043b\u0435\u043d\u0438 \u0435\u043a\u0437\u0430\u043c\u0435\u043d\u0430\u0446\u0456\u0439\u043d\u043e\u0457 \u043a\u043e\u043c\u0456\u0441\u0456\u0457 \u043d\u0435 \u043c\u0430\u044e\u0442\u044c \u043f\u0440\u0430\u0432\u0430 \u043a\u043e\u043c\u0435\u043d\u0442\u0443\u0432\u0430\u0442\u0438 \u0435\u043a\u0437\u0430\u043c\u0435\u043d\u0430\u0446\u0456\u0439\u043d\u0456 \u0437\u0430\u0432\u0434\u0430\u043d\u043d\u044f \u0430\u0431\u043e \u0434\u0430\u0432\u0430\u0442\u0438 \u043f\u043e\u044f\u0441\u043d\u0435\u043d\u043d\u044f \u0449\u043e\u0434\u043e \u0435\u043a\u0437\u0430\u043c\u0435\u043d\u0430\u0446\u0456\u0439\u043d\u0438\u0445 \u0437\u0430\u0432\u0434\u0430\u043d\u044c.<\/em><\/p>\n\n\n\n<p><strong><em>\u0421\u0442\u0430\u0442\u0442\u044f 16. <\/em><\/strong><em>1. \u043f\u0456\u0441\u043b\u044f \u0437\u0430\u043a\u0456\u043d\u0447\u0435\u043d\u043d\u044f \u0447\u0430\u0441\u0443, \u0432\u0456\u0434\u0432\u0435\u0434\u0435\u043d\u043e\u0433\u043e \u043d\u0430 \u0432\u0456\u0434\u043f\u043e\u0432\u0456\u0434\u043d\u0438\u0439 \u043c\u043e\u0434\u0443\u043b\u044c \u0443 \u043f\u0438\u0441\u044c\u043c\u043e\u0432\u0456\u0439 \u0447\u0430\u0441\u0442\u0438\u043d\u0456 \u0456\u0441\u043f\u0438\u0442\u0443: <\/em><\/p>\n\n\n\n<p><em>(1) \u0433\u043e\u043b\u043e\u0432\u0430 \u0435\u043a\u0437\u0430\u043c\u0435\u043d\u0430\u0446\u0456\u0439\u043d\u043e\u0457 \u043a\u043e\u043c\u0456\u0441\u0456\u0457 \u043e\u0433\u043e\u043b\u043e\u0448\u0443\u0454 \u043f\u0440\u043e \u0437\u0430\u043a\u0456\u043d\u0447\u0435\u043d\u043d\u044f \u0446\u044c\u043e\u0433\u043e \u043c\u043e\u0434\u0443\u043b\u044f; <\/em><\/p>\n\n\n\n<p><em>(2) \u0427\u043b\u0435\u043d\u0438 \u0435\u043a\u0437\u0430\u043c\u0435\u043d\u0430\u0446\u0456\u0439\u043d\u043e\u0457 \u043a\u043e\u043c\u0456\u0441\u0456\u0457 \u043f\u0440\u0438\u0439\u043c\u0430\u044e\u0442\u044c \u0435\u043a\u0437\u0430\u043c\u0435\u043d\u0430\u0446\u0456\u0439\u043d\u0456 \u0440\u043e\u0431\u043e\u0442\u0438 \u0432\u0456\u0434 \u0435\u043a\u0437\u0430\u043c\u0435\u043d\u043e\u0432\u0430\u043d\u0438\u0445; <\/em><\/p>\n\n\n\n<p><em>(3) \u0413\u043e\u043b\u043e\u0432\u0430 \u0435\u043a\u0437\u0430\u043c\u0435\u043d\u0430\u0446\u0456\u0439\u043d\u043e\u0457 \u043a\u043e\u043c\u0456\u0441\u0456\u0457 \u043e\u0433\u043e\u043b\u043e\u0448\u0443\u0454 \u043f\u0435\u0440\u0435\u0440\u0432\u0443 \u0442\u0440\u0438\u0432\u0430\u043b\u0456\u0441\u0442\u044e \u043d\u0435 \u043c\u0435\u043d\u0448\u0435 \u0434\u0435\u0441\u044f\u0442\u0438 \u0445\u0432\u0438\u043b\u0438\u043d \u0442\u0430 \u0456\u043d\u0444\u043e\u0440\u043c\u0443\u0454 \u043a\u0430\u043d\u0434\u0438\u0434\u0430\u0442\u0456\u0432 \u043f\u0440\u043e \u0447\u0430\u0441 \u043f\u043e\u0447\u0430\u0442\u043a\u0443 \u043d\u0430\u0441\u0442\u0443\u043f\u043d\u043e\u0433\u043e \u043c\u043e\u0434\u0443\u043b\u044f \u043f\u0438\u0441\u044c\u043c\u043e\u0432\u043e\u0457 \u0447\u0430\u0441\u0442\u0438\u043d\u0438 \u0456\u0441\u043f\u0438\u0442\u0443; <\/em><\/p>\n\n\n\n<p><em>4) \u043e\u0431\u0441\u0442\u0435\u0436\u0443\u0432\u0430\u043d\u0456 \u0432\u0438\u0445\u043e\u0434\u044f\u0442\u044c \u0437 \u043a\u0430\u0431\u0456\u043d\u0435\u0442\u0443. <\/em><\/p>\n\n\n\n<ol class=\"wp-block-list\" start=\"2\"><li><em> \u0412 \u043e\u0431\u0491\u0440\u0443\u043d\u0442\u043e\u0432\u0430\u043d\u0438\u0445 \u0432\u0438\u043f\u0430\u0434\u043a\u0430\u0445 \u0433\u043e\u043b\u043e\u0432\u0430 \u0435\u043a\u0437\u0430\u043c\u0435\u043d\u0430\u0446\u0456\u0439\u043d\u043e\u0457 \u043a\u043e\u043c\u0456\u0441\u0456\u0457 \u043c\u043e\u0436\u0435 \u0434\u043e\u0437\u0432\u043e\u043b\u0438\u0442\u0438 \u0435\u043a\u0437\u0430\u043c\u0435\u043d\u043e\u0432\u0430\u043d\u043e\u043c\u0443 \u0432\u0438\u0439\u0442\u0438 \u0437 \u0430\u0443\u0434\u0438\u0442\u043e\u0440\u0456\u0457 \u043f\u0456\u0434 \u0447\u0430\u0441 \u0432\u0438\u043a\u043e\u043d\u0430\u043d\u043d\u044f \u043f\u0435\u0432\u043d\u043e\u0433\u043e \u043c\u043e\u0434\u0443\u043b\u044f \u043f\u0438\u0441\u044c\u043c\u043e\u0432\u043e\u0457 \u0447\u0430\u0441\u0442\u0438\u043d\u0438 \u0456\u0441\u043f\u0438\u0442\u0443, \u0437\u0430\u0431\u0435\u0437\u043f\u0435\u0447\u0438\u0432\u0448\u0438 \u0443\u043c\u043e\u0432\u0438, \u0449\u043e \u0443\u043d\u0435\u043c\u043e\u0436\u043b\u0438\u0432\u043b\u044e\u044e\u0442\u044c \u043a\u043e\u043d\u0442\u0430\u043a\u0442 \u0435\u043a\u0437\u0430\u043c\u0435\u043d\u043e\u0432\u0430\u043d\u043e\u0433\u043e \u0437 \u0456\u043d\u0448\u0438\u043c\u0438 \u043e\u0441\u043e\u0431\u0430\u043c\u0438. <\/em><\/li><li><em> \u041a\u0430\u043d\u0434\u0438\u0434\u0430\u0442, \u044f\u043a\u0438\u0439 \u0437\u0430\u043a\u0456\u043d\u0447\u0438\u0432 \u0432\u0438\u0440\u0456\u0448\u0435\u043d\u043d\u044f \u0437\u0430\u0432\u0434\u0430\u043d\u044c \u0434\u043e \u0437\u0430\u043a\u0456\u043d\u0447\u0435\u043d\u043d\u044f \u0447\u0430\u0441\u0443, \u0432\u0456\u0434\u0432\u0435\u0434\u0435\u043d\u043e\u0433\u043e \u043d\u0430 \u043c\u043e\u0434\u0443\u043b\u044c \u043f\u0438\u0441\u044c\u043c\u043e\u0432\u043e\u0457 \u0447\u0430\u0441\u0442\u0438\u043d\u0438 \u0456\u0441\u043f\u0438\u0442\u0443, \u0437\u0434\u0430\u0454 \u0435\u043a\u0437\u0430\u043c\u0435\u043d\u0430\u0446\u0456\u0439\u043d\u0443 \u0440\u043e\u0431\u043e\u0442\u0443 \u043e\u0434\u043d\u043e\u043c\u0443 \u0437 \u0447\u043b\u0435\u043d\u0456\u0432 \u0435\u043a\u0437\u0430\u043c\u0435\u043d\u0430\u0446\u0456\u0439\u043d\u043e\u0457 \u043a\u043e\u043c\u0456\u0441\u0456\u0457 \u0442\u0430 \u0437\u0430\u043b\u0438\u0448\u0430\u0454 \u0435\u043a\u0437\u0430\u043c\u0435\u043d\u0430\u0446\u0456\u0439\u043d\u0443 \u0430\u0443\u0434\u0438\u0442\u043e\u0440\u0456\u044e. <\/em><\/li><li><em> \u041a\u0430\u043d\u0434\u0438\u0434\u0430\u0442 \u043c\u043e\u0436\u0435 \u043f\u043e\u0432\u0456\u0434\u043e\u043c\u0438\u0442\u0438 \u0433\u043e\u043b\u043e\u0432\u0443 \u0435\u043a\u0437\u0430\u043c\u0435\u043d\u0430\u0446\u0456\u0439\u043d\u043e\u0457 \u043a\u043e\u043c\u0456\u0441\u0456\u0457 \u043f\u0440\u043e \u0441\u0432\u043e\u044e \u0432\u0456\u0434\u043c\u043e\u0432\u0443 \u0432\u0456\u0434 \u0441\u043a\u043b\u0430\u0434\u0430\u043d\u043d\u044f \u0456\u0441\u043f\u0438\u0442\u0443. \u0406\u043d\u0444\u043e\u0440\u043c\u0430\u0446\u0456\u044f \u043f\u0440\u043e \u0432\u0456\u0434\u043c\u043e\u0432\u0443 \u0432\u043d\u043e\u0441\u0438\u0442\u044c\u0441\u044f \u0434\u043e \u0435\u043a\u0437\u0430\u043c\u0435\u043d\u0430\u0446\u0456\u0439\u043d\u043e\u0433\u043e \u043b\u0438\u0441\u0442\u043a\u0430, \u044f\u043a\u0438\u0439 \u0434\u043e\u0434\u0430\u0454\u0442\u044c\u0441\u044f \u0434\u043e \u0435\u043a\u0437\u0430\u043c\u0435\u043d\u0430\u0446\u0456\u0439\u043d\u043e\u0433\u043e \u0434\u043e\u0441\u044c\u0454.<\/em><\/li><\/ol>\n\n\n\n<p><strong><em>\u0421\u0442\u0430\u0442\u0442\u044f 18.<\/em><\/strong><em> 1. \u0433\u043e\u043b\u043e\u0432\u0430 \u0435\u043a\u0437\u0430\u043c\u0435\u043d\u0430\u0446\u0456\u0439\u043d\u043e\u0457 \u043a\u043e\u043c\u0456\u0441\u0456\u0457 \u043c\u043e\u0436\u0435 <strong>\u043f\u0435\u0440\u0435\u0440\u0432\u0430\u0442\u0438 \u0430\u0431\u043e \u043f\u0440\u0438\u0437\u0443\u043f\u0438\u043d\u0438\u0442\u0438 \u043f\u0440\u043e\u0432\u0435\u0434\u0435\u043d\u043d\u044f \u0435\u043a\u0441\u043f\u0435\u0440\u0442\u0438\u0437\u0438 \u0443 \u0440\u0430\u0437\u0456<\/strong>:<\/em><\/p>\n\n\n\n<p><em>1) \u0437\u0440\u0438\u0432\u0443 \u0456\u0441\u043f\u0438\u0442\u0443 \u0447\u043b\u0435\u043d\u043e\u043c \u0435\u043a\u0437\u0430\u043c\u0435\u043d\u0430\u0446\u0456\u0439\u043d\u043e\u0457 \u043a\u043e\u043c\u0456\u0441\u0456\u0457, <\/em><\/p>\n\n\n\n<p><em>2) \u043d\u0430\u0441\u0442\u0430\u043d\u043d\u044f \u043d\u0435\u043f\u0435\u0440\u0435\u0434\u0431\u0430\u0447\u0443\u0432\u0430\u043d\u043e\u0457 \u043f\u043e\u0434\u0456\u0457 - \u044f\u043a\u0449\u043e \u0446\u0435 \u043c\u043e\u0436\u0435 \u0432\u043f\u043b\u0438\u043d\u0443\u0442\u0438 \u043d\u0430 \u043d\u0430\u043b\u0435\u0436\u043d\u0435 \u043f\u0440\u043e\u0432\u0435\u0434\u0435\u043d\u043d\u044f \u0435\u043a\u0441\u043f\u0435\u0440\u0442\u0438\u0437\u0438. <\/em><\/p>\n\n\n\n<ol class=\"wp-block-list\" start=\"2\"><li><em> \u042f\u043a\u0449\u043e \u0456\u0441\u043f\u0438\u0442 \u043f\u0440\u0438\u0437\u0443\u043f\u0438\u043d\u0435\u043d\u043e \u0437 \u043f\u0440\u0438\u0447\u0438\u043d, \u0437\u0430\u0437\u043d\u0430\u0447\u0435\u043d\u0438\u0445 \u0443 \u043f\u0443\u043d\u043a\u0442\u0456 1, \u0433\u043e\u043b\u043e\u0432\u0430 \u0435\u043a\u0437\u0430\u043c\u0435\u043d\u0430\u0446\u0456\u0439\u043d\u043e\u0457 \u043a\u043e\u043c\u0456\u0441\u0456\u0457 \u043c\u043e\u0436\u0435 \u043f\u0440\u0438\u0439\u043d\u044f\u0442\u0438 \u0440\u0456\u0448\u0435\u043d\u043d\u044f \u043f\u0440\u043e \u043f\u0440\u043e\u0434\u043e\u0432\u0436\u0435\u043d\u043d\u044f \u0456\u0441\u043f\u0438\u0442\u0443 \u043f\u0456\u0441\u043b\u044f \u0442\u043e\u0433\u043e, \u044f\u043a \u0446\u0456 \u043f\u0440\u0438\u0447\u0438\u043d\u0438 \u0437\u043d\u0438\u043a\u043d\u0443\u0442\u044c.<\/em><\/li><\/ol>\n\n\n\n<p><strong><em>\u0421\u0442\u0430\u0442\u0442\u044f 19.<\/em><\/strong><em> \u0413\u043e\u043b\u043e\u0432\u0430 \u0435\u043a\u0437\u0430\u043c\u0435\u043d\u0430\u0446\u0456\u0439\u043d\u043e\u0457 \u043a\u043e\u043c\u0456\u0441\u0456\u0457 \u043f\u043e\u0432\u0438\u043d\u0435\u043d \u043f\u0435\u0440\u0435\u0440\u0432\u0430\u0442\u0438 \u0456\u0441\u043f\u0438\u0442 \u0456 <strong>\u0430\u043d\u0443\u043b\u044e\u0454 \u0456\u0441\u043f\u0438\u0442 \u0434\u043b\u044f \u043a\u0430\u043d\u0434\u0438\u0434\u0430\u0442\u0430 <\/strong>\u0443 \u0432\u0438\u043f\u0430\u0434\u043a\u0443<\/em><\/p>\n\n\n\n<p><em>(1) \u043f\u0440\u0438\u043d\u043e\u0441\u0438\u0442\u0438 \u0434\u043e \u0435\u043a\u0437\u0430\u043c\u0435\u043d\u0430\u0446\u0456\u0439\u043d\u043e\u0457 \u043a\u0456\u043c\u043d\u0430\u0442\u0438 \u0434\u043e\u043f\u043e\u043c\u0456\u0436\u043d\u0456 \u043c\u0430\u0442\u0435\u0440\u0456\u0430\u043b\u0438 \u0442\u0430 \u043f\u0440\u0438\u0441\u0442\u0440\u043e\u0457 \u0434\u043b\u044f \u043f\u0435\u0440\u0435\u0434\u0430\u0447\u0456, \u043f\u0440\u0438\u0439\u043e\u043c\u0443 \u0430\u0431\u043e \u0437\u0430\u043f\u0438\u0441\u0443 \u0456\u043d\u0444\u043e\u0440\u043c\u0430\u0446\u0456\u0457; <\/em><\/p>\n\n\n\n<p><em>2) \u043a\u043e\u043c\u0443\u043d\u0456\u043a\u0430\u0446\u0456\u044f \u043f\u0435\u0440\u0435\u0445\u043e\u0436\u043e\u0433\u043e \u0437 \u0456\u043d\u0448\u0438\u043c\u0438 \u043f\u0435\u0440\u0435\u0445\u043e\u0436\u0438\u043c\u0438; <\/em><\/p>\n\n\n\n<p><em>3) \u043e\u0431\u0441\u0442\u0435\u0436\u0443\u0432\u0430\u043d\u0438\u0439 \u043f\u0435\u0440\u0435\u0448\u043a\u043e\u0434\u0436\u0430\u0454 \u043f\u0440\u043e\u0432\u0435\u0434\u0435\u043d\u043d\u044e \u043e\u0431\u0441\u0442\u0435\u0436\u0435\u043d\u043d\u044f.<\/em><\/p>\n\n\n\n<div style=\"height:30px\" aria-hidden=\"true\" class=\"wp-block-spacer\"><\/div>\n\n\n\n<h3 class=\"wp-block-heading\">\u041f\u0440\u0430\u043a\u0442\u0438\u0447\u043d\u0456 \u043f\u043e\u0440\u0430\u0434\u0438<\/h3>\n\n\n\n<div style=\"height:30px\" aria-hidden=\"true\" class=\"wp-block-spacer\"><\/div>\n\n\n\n<ul class=\"wp-block-list\"><li>\u041a\u0430\u043d\u0434\u0438\u0434\u0430\u0442\u0438 \u0437\u043e\u0431\u043e\u0432'\u044f\u0437\u0430\u043d\u0456 \u0437'\u044f\u0432\u0438\u0442\u0438\u0441\u044f \u043d\u0430 \u0456\u0441\u043f\u0438\u0442 \u0432\u0447\u0430\u0441\u043d\u043e \u0432\u0456\u0434\u043f\u043e\u0432\u0456\u0434\u043d\u043e \u0434\u043e \u043e\u0433\u043e\u043b\u043e\u0448\u0435\u043d\u043e\u0433\u043e \u0440\u043e\u0437\u043a\u043b\u0430\u0434\u0443.<\/li><li>\u0423 \u043f\u0440\u0438\u0437\u043d\u0430\u0447\u0435\u043d\u0438\u0439 \u0447\u0430\u0441 \u0432\u0456\u0434\u0432\u0456\u0434\u0443\u0432\u0430\u0447\u0456 \u0437\u0430\u0445\u043e\u0434\u044f\u0442\u044c \u0434\u043e \u043a\u0456\u043c\u043d\u0430\u0442\u0438 \u043f\u043e \u043e\u0434\u043d\u043e\u043c\u0443, \u0432\u0456\u0434\u043f\u043e\u0432\u0456\u0434\u043d\u043e \u0434\u043e \u0447\u0435\u0440\u0433\u043e\u0432\u043e\u0441\u0442\u0456 \u0437\u0430 \u0441\u043f\u0438\u0441\u043a\u043e\u043c.<\/li><li>\u041a\u043e\u0436\u0435\u043d \u0432\u0456\u0434\u0432\u0456\u0434\u0443\u0432\u0430\u0447 \u043f\u043e\u0432\u0438\u043d\u0435\u043d \u043c\u0430\u0442\u0438 \u043f\u0440\u0438 \u0441\u043e\u0431\u0456 \u043f\u043e\u0441\u0432\u0456\u0434\u0447\u0435\u043d\u043d\u044f \u043e\u0441\u043e\u0431\u0438 \u0437 \u0444\u043e\u0442\u043e\u0433\u0440\u0430\u0444\u0456\u0454\u044e \u0442\u0430 \u043f\u0440\u0435\u0434'\u044f\u0432\u0438\u0442\u0438 \u0439\u043e\u0433\u043e \u043d\u0430 \u0432\u0445\u043e\u0434\u0456 \u0434\u043e \u0437\u0430\u043b\u0438.<\/li><li>\u041f\u0456\u0434 \u0447\u0430\u0441 \u0456\u0441\u043f\u0438\u0442\u0443 \u043e\u0431\u0441\u0442\u0435\u0436\u0443\u0432\u0430\u043d\u0438\u0439:\n<ul>\n<li>\u043f\u043e\u0432\u043e\u0434\u044c\u0442\u0435\u0441\u044f \u0442\u0438\u0445\u043e \u0456 \u043a\u0443\u043b\u044c\u0442\u0443\u0440\u043d\u043e;<\/li>\n<li>\u043d\u0435 \u043c\u043e\u0436\u0443\u0442\u044c \u0441\u043f\u0456\u043b\u043a\u0443\u0432\u0430\u0442\u0438\u0441\u044f \u043e\u0434\u0438\u043d \u0437 \u043e\u0434\u043d\u0438\u043c<\/li>\n<li>\u043d\u0435 \u0432\u0438\u043a\u043e\u0440\u0438\u0441\u0442\u043e\u0432\u0443\u0439\u0442\u0435 \u043a\u043e\u043d\u0441\u0438\u043b\u0435\u0440;<\/li>\n<li>\u043d\u0435 \u043f\u0438\u0448\u0456\u0442\u044c \u043e\u043b\u0456\u0432\u0446\u0435\u043c;<\/li>\n<li>\u043d\u0435 \u0437\u0430\u043b\u0438\u0448\u0430\u0442\u0438 \u043a\u0430\u0431\u0456\u043d\u0435\u0442 \u043e\u0431\u0441\u0442\u0435\u0436\u0435\u043d\u043d\u044f \u0442\u0430 \u0441\u0432\u043e\u0457 \u043c\u0456\u0441\u0446\u044f;<\/li>\n<li>\u043d\u0435 \u0440\u043e\u0431\u0456\u0442\u044c \u0433\u0443\u0447\u043d\u0438\u0445 \u0437\u0430\u0443\u0432\u0430\u0436\u0435\u043d\u044c \u0447\u0438 \u043a\u043e\u043c\u0435\u043d\u0442\u0430\u0440\u0456\u0432;<\/li>\n<\/ul>\n<\/li><li>\u0423\u0447\u0430\u0441\u043d\u0438\u043a\u0438 \u043f\u0456\u0434\u043f\u0438\u0441\u0443\u044e\u0442\u044c \u0456 \u0437\u0430\u043f\u043e\u0432\u043d\u044e\u044e\u0442\u044c \u0442\u0435\u0441\u0442\u0438 \u0443 \u0432\u0456\u0434\u0432\u0435\u0434\u0435\u043d\u043e\u043c\u0443 \u0434\u043b\u044f \u0446\u044c\u043e\u0433\u043e \u043c\u0456\u0441\u0446\u0456.<\/li><\/ul>","protected":false},"excerpt":{"rendered":"<p>Przepisy prawne Rozporz\u0105dzenie Ministra Nauki i Szkolnictwa Wy\u017cszego z dnia 26 lutego 2016 r. w sprawie egzamin\u00f3w z j\u0119zyka polskiego jako obcego art. 12. 2. Zdaj\u0105cy nie mog\u0105 wnosi\u0107 do pomieszczenia, w kt\u00f3rym odbywa si\u0119 egzamin, materia\u0142\u00f3w pomocniczych oraz urz\u0105dze\u0144 s\u0142u\u017c\u0105cych do przekazu, odbioru lub rejestracji informacji. Przed rozpocz\u0119ciem egzaminu przewodnicz\u0105cy komisji egzaminacyjnej sprawdza to\u017csamo\u015b\u0107 [&hellip;]<\/p>\n","protected":false},"author":1,"featured_media":0,"parent":13,"menu_order":50,"comment_status":"closed","ping_status":"closed","template":"","meta":{"footnotes":""},"class_list":["post-54","page","type-page","status-publish","hentry"],"_links":{"self":[{"href":"https:\/\/certyfikatpolski.pl\/uk\/wp-json\/wp\/v2\/pages\/54","targetHints":{"allow":["GET"]}}],"collection":[{"href":"https:\/\/certyfikatpolski.pl\/uk\/wp-json\/wp\/v2\/pages"}],"about":[{"href":"https:\/\/certyfikatpolski.pl\/uk\/wp-json\/wp\/v2\/types\/page"}],"author":[{"embeddable":true,"href":"https:\/\/certyfikatpolski.pl\/uk\/wp-json\/wp\/v2\/users\/1"}],"replies":[{"embeddable":true,"href":"https:\/\/certyfikatpolski.pl\/uk\/wp-json\/wp\/v2\/comments?post=54"}],"version-history":[{"count":5,"href":"https:\/\/certyfikatpolski.pl\/uk\/wp-json\/wp\/v2\/pages\/54\/revisions"}],"predecessor-version":[{"id":109487,"href":"https:\/\/certyfikatpolski.pl\/uk\/wp-json\/wp\/v2\/pages\/54\/revisions\/109487"}],"up":[{"embeddable":true,"href":"https:\/\/certyfikatpolski.pl\/uk\/wp-json\/wp\/v2\/pages\/13"}],"wp:attachment":[{"href":"https:\/\/certyfikatpolski.pl\/uk\/wp-json\/wp\/v2\/media?parent=54"}],"curies":[{"name":"wp","href":"https:\/\/api.w.org\/{rel}","templated":true}]}}