{"id":598,"date":"2019-11-26T05:52:44","date_gmt":"2019-11-26T04:52:44","guid":{"rendered":"http:\/\/certyfikatpolski.pl\/?page_id=598"},"modified":"2025-02-21T22:53:00","modified_gmt":"2025-02-21T21:53:00","slug":"%d1%81%d1%85%d0%b5%d0%bc%d0%b0-%d1%81%d0%b5%d1%80%d1%82%d0%b8%d1%84%d1%96%d0%ba%d0%b0%d1%86%d1%96%d1%97","status":"publish","type":"page","link":"https:\/\/certyfikatpolski.pl\/uk\/system-certyfikacji\/","title":{"rendered":"\u0421\u0445\u0435\u043c\u0430 \u0441\u0435\u0440\u0442\u0438\u0444\u0456\u043a\u0430\u0446\u0456\u0457"},"content":{"rendered":"<p>\u041f\u0435\u0440\u0448\u0456 \u0434\u0435\u0440\u0436\u0430\u0432\u043d\u0456 \u0441\u0435\u0440\u0442\u0438\u0444\u0456\u043a\u0430\u0446\u0456\u0439\u043d\u0456 \u0456\u0441\u043f\u0438\u0442\u0438 \u0437 \u043f\u043e\u043b\u044c\u0441\u044c\u043a\u043e\u0457 \u043c\u043e\u0432\u0438 \u044f\u043a \u0456\u043d\u043e\u0437\u0435\u043c\u043d\u043e\u0457 \u0432\u0456\u0434\u0431\u0443\u043b\u0438\u0441\u044f \u0443 2004 \u0440\u043e\u0446\u0456. \u0426\u044f \u043f\u043e\u0434\u0456\u044f, \u0449\u043e \u043c\u0430\u0454 \u0432\u0435\u043b\u0438\u043a\u0435 \u0437\u043d\u0430\u0447\u0435\u043d\u043d\u044f \u0434\u043b\u044f \u043f\u043e\u043f\u0443\u043b\u044f\u0440\u0438\u0437\u0430\u0446\u0456\u0457 \u043f\u043e\u043b\u044c\u0441\u044c\u043a\u043e\u0457 \u043c\u043e\u0432\u0438, \u0441\u0442\u0430\u043b\u0430 \u043a\u0443\u043b\u044c\u043c\u0456\u043d\u0430\u0446\u0456\u0454\u044e \u0431\u0430\u0433\u0430\u0442\u043e\u0440\u0456\u0447\u043d\u043e\u0457 \u0440\u043e\u0431\u043e\u0442\u0438 \u043a\u043e\u043c\u0430\u043d\u0434\u0438 \u0444\u0430\u0445\u0456\u0432\u0446\u0456\u0432 - \u043f\u0440\u0435\u0434\u0441\u0442\u0430\u0432\u043d\u0438\u043a\u0456\u0432 \u0430\u043a\u0430\u0434\u0435\u043c\u0456\u0447\u043d\u0438\u0445 \u0446\u0435\u043d\u0442\u0440\u0456\u0432, \u0449\u043e \u0437\u0430\u0439\u043c\u0430\u044e\u0442\u044c\u0441\u044f \u043d\u0430\u0432\u0447\u0430\u043d\u043d\u044f\u043c \u0456\u043d\u043e\u0437\u0435\u043c\u0446\u0456\u0432 \u0443 \u041f\u043e\u043b\u044c\u0449\u0456.<\/p>\n\n\n\n<p>\u041d\u0430 \u0442\u043e\u0439 \u0447\u0430\u0441 \u0437\u0430\u0433\u0430\u043b\u044c\u043d\u0456 \u0440\u0430\u043c\u043a\u0438 \u043e\u0444\u0456\u0446\u0456\u0439\u043d\u043e\u0457 \u0441\u0435\u0440\u0442\u0438\u0444\u0456\u043a\u0430\u0446\u0456\u0457 \u0437\u043d\u0430\u043d\u044c \u043f\u043e\u043b\u044c\u0441\u044c\u043a\u043e\u0457 \u043c\u043e\u0432\u0438 \u0442\u0430 \u0432\u0438\u0434\u0430\u0447\u0456 \u0441\u0435\u0440\u0442\u0438\u0444\u0456\u043a\u0430\u0442\u0456\u0432 \u0431\u0443\u043b\u0438 \u0432\u0438\u043a\u043b\u0430\u0434\u0435\u043d\u0456 \u0432 \u0417\u0430\u043a\u043e\u043d\u0456 \u0432\u0456\u0434 11 \u043a\u0432\u0456\u0442\u043d\u044f 2003 \u0440\u043e\u043a\u0443 (\u0417\u0430\u043a\u043e\u043d \u043f\u0440\u043e \u0432\u043d\u0435\u0441\u0435\u043d\u043d\u044f \u0437\u043c\u0456\u043d \u0434\u043e \u0417\u0430\u043a\u043e\u043d\u0443 \u043f\u0440\u043e \u043f\u043e\u043b\u044c\u0441\u044c\u043a\u0443 \u043c\u043e\u0432\u0443 - \u0417\u0430\u043a\u043e\u043d\u043e\u0434\u0430\u0432\u0447\u0438\u0439 \u0432\u0456\u0441\u043d\u0438\u043a \u0420\u0435\u0441\u043f\u0443\u0431\u043b\u0456\u043a\u0438 \u041f\u043e\u043b\u044c\u0449\u0430 \u2116 73 \u0432\u0456\u0434 30 \u043a\u0432\u0456\u0442\u043d\u044f 2003 \u0440.). \u0414\u0432\u0430 \u0434\u0435\u0442\u0430\u043b\u044c\u043d\u0456 \u043f\u043e\u043b\u043e\u0436\u0435\u043d\u043d\u044f (\u0420\u043e\u0437\u043f\u043e\u0440\u044f\u0434\u0436\u0435\u043d\u043d\u044f \u041c\u0456\u043d\u0456\u0441\u0442\u0440\u0430 \u043d\u0430\u0446\u0456\u043e\u043d\u0430\u043b\u044c\u043d\u043e\u0457 \u043e\u0441\u0432\u0456\u0442\u0438 \u0456 \u0441\u043f\u043e\u0440\u0442\u0443 \u043f\u0440\u043e \u0414\u0435\u0440\u0436\u0430\u0432\u043d\u0443 \u043a\u043e\u043c\u0456\u0441\u0456\u044e \u0437 \u0441\u0435\u0440\u0442\u0438\u0444\u0456\u043a\u0430\u0446\u0456\u0457 \u0440\u0456\u0432\u043d\u044f \u0432\u043e\u043b\u043e\u0434\u0456\u043d\u043d\u044f \u043f\u043e\u043b\u044c\u0441\u044c\u043a\u043e\u044e \u043c\u043e\u0432\u043e\u044e \u044f\u043a \u0456\u043d\u043e\u0437\u0435\u043c\u043d\u043e\u044e \u0442\u0430 \u043f\u0440\u043e \u0456\u0441\u043f\u0438\u0442\u0438 \u0437 \u043f\u043e\u043b\u044c\u0441\u044c\u043a\u043e\u0457 \u043c\u043e\u0432\u0438 \u044f\u043a \u0456\u043d\u043e\u0437\u0435\u043c\u043d\u043e\u0457 \u0432\u0456\u0434 15 \u0436\u043e\u0432\u0442\u043d\u044f 2003 \u0440. - \u0417\u0430\u043a\u043e\u043d\u043e\u0434\u0430\u0432\u0447\u0438\u0439 \u0432\u0456\u0441\u043d\u0438\u043a \u0420\u0435\u0441\u043f\u0443\u0431\u043b\u0456\u043a\u0438 \u041f\u043e\u043b\u044c\u0449\u0430 \u2116 191 \u0432\u0456\u0434 12 \u043b\u0438\u0441\u0442\u043e\u043f\u0430\u0434\u0430 2003 \u0440.) \u0434\u043e \u0446\u044c\u043e\u0433\u043e \u0437\u0430\u043a\u043e\u043d\u0443, \u0432\u0438\u0434\u0430\u043d\u0456 \u0442\u043e\u0433\u043e \u0436 \u0440\u043e\u043a\u0443, \u0432\u0438\u0437\u043d\u0430\u0447\u0438\u043b\u0438 \u0437\u0430\u0432\u0434\u0430\u043d\u043d\u044f \u0456 \u043f\u0440\u0430\u0432\u0438\u043b\u0430 \u0434\u0456\u044f\u043b\u044c\u043d\u043e\u0441\u0442\u0456 \u0414\u0435\u0440\u0436\u0430\u0432\u043d\u043e\u0457 \u043a\u043e\u043c\u0456\u0441\u0456\u0457 \u0437 \u0441\u0435\u0440\u0442\u0438\u0444\u0456\u043a\u0430\u0446\u0456\u0457 \u0440\u0456\u0432\u043d\u044f \u0432\u043e\u043b\u043e\u0434\u0456\u043d\u043d\u044f \u043f\u043e\u043b\u044c\u0441\u044c\u043a\u043e\u044e \u043c\u043e\u0432\u043e\u044e \u044f\u043a \u0456\u043d\u043e\u0437\u0435\u043c\u043d\u043e\u044e \u0442\u0430 \u0414\u0435\u0440\u0436\u0430\u0432\u043d\u0438\u0445 \u0435\u043a\u0437\u0430\u043c\u0435\u043d\u0430\u0446\u0456\u0439\u043d\u0438\u0445 \u043a\u043e\u043c\u0456\u0441\u0456\u0439, \u0430 \u0442\u0430\u043a\u043e\u0436 \u0434\u0435\u0442\u0430\u043b\u044c\u043d\u0456 \u0443\u043c\u043e\u0432\u0438 \u043f\u0440\u043e\u0432\u0435\u0434\u0435\u043d\u043d\u044f \u0456\u0441\u043f\u0438\u0442\u0456\u0432 \u0456 \u0432\u0438\u0434\u0430\u0447\u0456 \u0441\u0435\u0440\u0442\u0438\u0444\u0456\u043a\u0430\u0442\u0456\u0432, \u044f\u043a\u0456 \u043d\u0430\u0437\u0438\u0432\u0430\u044e\u0442\u044c\u0441\u044f \u0441\u0432\u0456\u0434\u043e\u0446\u0442\u0432\u0430\u043c\u0438 \u043f\u0440\u043e \u0440\u0456\u0432\u0435\u043d\u044c \u0432\u043e\u043b\u043e\u0434\u0456\u043d\u043d\u044f \u043f\u043e\u043b\u044c\u0441\u044c\u043a\u043e\u044e \u043c\u043e\u0432\u043e\u044e, \u0430 \u0442\u0430\u043a\u043e\u0436 \u0441\u0442\u0430\u043d\u0434\u0430\u0440\u0442\u0438 \u0432\u0438\u043c\u043e\u0433 \u0434\u043e \u043f\u0435\u0432\u043d\u0438\u0445 \u0440\u0456\u0432\u043d\u0456\u0432 \u0432\u043e\u043b\u043e\u0434\u0456\u043d\u043d\u044f \u043c\u043e\u0432\u043e\u044e. \u0412\u0438\u0449\u0435\u0437\u0433\u0430\u0434\u0430\u043d\u0456 \u043d\u043e\u0440\u043c\u0430\u0442\u0438\u0432\u043d\u043e-\u043f\u0440\u0430\u0432\u043e\u0432\u0456 \u0430\u043a\u0442\u0438 \u0431\u0443\u043b\u0438 \u043e\u0441\u043d\u043e\u0432\u043e\u044e \u0434\u043b\u044f \u043f\u0440\u043e\u0432\u0435\u0434\u0435\u043d\u043d\u044f \u0456\u0441\u043f\u0438\u0442\u0456\u0432 \u0434\u043b\u044f \u0434\u043e\u0440\u043e\u0441\u043b\u0438\u0445 \u043d\u0430 \u0442\u0440\u044c\u043e\u0445 \u0440\u0456\u0432\u043d\u044f\u0445 \u0432\u043e\u043b\u043e\u0434\u0456\u043d\u043d\u044f \u043c\u043e\u0432\u043e\u044e: \u04121, \u04122 \u0456 \u04212 \u043f\u0440\u043e\u0442\u044f\u0433\u043e\u043c 11 \u0440\u043e\u043a\u0456\u0432 (2004-2015). \u0417\u0430 \u0446\u0435\u0439 \u043f\u0435\u0440\u0456\u043e\u0434 \u0456\u0441\u043f\u0438\u0442 \u0437 \u043f\u043e\u043b\u044c\u0441\u044c\u043a\u043e\u0457 \u043c\u043e\u0432\u0438 \u0441\u043a\u043b\u0430\u043b\u0438 10 029 \u043e\u0441\u0456\u0431.<\/p>\n\n\n\n<p>\u0420\u0435\u0444\u043e\u0440\u043c\u0430 \u0441\u0438\u0441\u0442\u0435\u043c\u0438 \u0440\u043e\u0437\u043f\u043e\u0447\u0430\u043b\u0430\u0441\u044f \u0443 2015 \u0440\u043e\u0446\u0456. \u041e\u0441\u043d\u043e\u0432\u043d\u0438\u043c\u0438 \u043f\u0440\u0430\u0432\u043e\u0432\u0438\u043c\u0438 \u0430\u043a\u0442\u0430\u043c\u0438, \u043d\u0430 \u044f\u043a\u0438\u0445 \u0431\u0430\u0437\u0443\u0454\u0442\u044c\u0441\u044f \u043d\u0438\u043d\u0456\u0448\u043d\u044f \u0441\u0438\u0441\u0442\u0435\u043c\u0430, \u0454 \u0417\u0430\u043a\u043e\u043d \u043f\u0440\u043e \u043f\u043e\u043b\u044c\u0441\u044c\u043a\u0443 \u043c\u043e\u0432\u0443 (\u0434\u0438\u0432. \u043d\u0438\u0436\u0447\u0435) \u0442\u0430 \u0434\u0432\u0430 \u043f\u043e\u043b\u043e\u0436\u0435\u043d\u043d\u044f, \u0449\u043e \u0440\u0435\u0433\u0443\u043b\u044e\u044e\u0442\u044c \u0434\u0456\u044f\u043b\u044c\u043d\u0456\u0441\u0442\u044c \u0414\u0435\u0440\u0436\u0430\u0432\u043d\u043e\u0457 \u043a\u043e\u043c\u0456\u0441\u0456\u0457 \u0437 \u043f\u0438\u0442\u0430\u043d\u044c \u0441\u0435\u0440\u0442\u0438\u0444\u0456\u043a\u0430\u0446\u0456\u0457 \u0440\u0456\u0432\u043d\u044f \u0432\u043e\u043b\u043e\u0434\u0456\u043d\u043d\u044f \u043f\u043e\u043b\u044c\u0441\u044c\u043a\u043e\u044e \u043c\u043e\u0432\u043e\u044e \u044f\u043a \u0456\u043d\u043e\u0437\u0435\u043c\u043d\u043e\u044e (\u0434\u0438\u0432. \u043d\u0438\u0436\u0447\u0435) \u0442\u0430 \u043f\u0440\u0430\u0432\u0438\u043b\u0430 \u043e\u0440\u0433\u0430\u043d\u0456\u0437\u0430\u0446\u0456\u0457 \u0456\u0441\u043f\u0438\u0442\u0456\u0432 (\u0434\u0438\u0432. \u043d\u0438\u0436\u0447\u0435). \u0417\u0433\u0430\u0434\u0430\u043d\u0456 \u043f\u0440\u0430\u0432\u043e\u0432\u0456 \u0430\u043a\u0442\u0438 \u043f\u0435\u0440\u0435\u0434\u0431\u0430\u0447\u0430\u044e\u0442\u044c \u043f\u0440\u043e\u0432\u0435\u0434\u0435\u043d\u043d\u044f \u0456\u0441\u043f\u0438\u0442\u0456\u0432 \u043d\u0430 6 \u0440\u0456\u0432\u043d\u044f\u0445 \u0432\u043e\u043b\u043e\u0434\u0456\u043d\u043d\u044f \u043c\u043e\u0432\u043e\u044e: A1 - C2 \u0443 \u0433\u0440\u0443\u043f\u0456, \u0430\u0434\u0430\u043f\u0442\u043e\u0432\u0430\u043d\u0456\u0439 \u0434\u043b\u044f \u0434\u043e\u0440\u043e\u0441\u043b\u0438\u0445, \u0442\u0430 A1 - B2 \u0443 \u0433\u0440\u0443\u043f\u0456, \u0430\u0434\u0430\u043f\u0442\u043e\u0432\u0430\u043d\u0456\u0439 \u0434\u043b\u044f \u0434\u0456\u0442\u0435\u0439 \u0442\u0430 \u043f\u0456\u0434\u043b\u0456\u0442\u043a\u0456\u0432. \u0420\u043e\u0437\u043f\u043e\u0440\u044f\u0434\u0436\u0435\u043d\u043d\u044f \u043f\u0440\u043e \u0456\u0441\u043f\u0438\u0442\u0438 \u0442\u0430\u043a\u043e\u0436 \u0432\u0441\u0442\u0430\u043d\u043e\u0432\u043b\u044e\u0454 \u043f\u0440\u0430\u0432\u0438\u043b\u0430 \u0432\u0438\u0434\u0430\u0447\u0456 \u0441\u0435\u0440\u0442\u0438\u0444\u0456\u043a\u0430\u0442\u0456\u0432 \u0431\u0435\u0437 \u0441\u043a\u043b\u0430\u0434\u0430\u043d\u043d\u044f \u0456\u0441\u043f\u0438\u0442\u0456\u0432, \u043d\u0430 \u044f\u043a\u0456 \u043c\u043e\u0436\u0443\u0442\u044c \u043f\u0440\u0435\u0442\u0435\u043d\u0434\u0443\u0432\u0430\u0442\u0438 \u0432\u0438\u043f\u0443\u0441\u043a\u043d\u0438\u043a\u0438 \u043f\u043e\u043b\u044c\u0441\u044c\u043a\u0438\u0445 \u0433\u0456\u043c\u043d\u0430\u0437\u0456\u0439, \u0441\u0435\u0440\u0435\u0434\u043d\u0456\u0445 \u0448\u043a\u0456\u043b \u0442\u0430 \u0432\u0438\u0449\u0438\u0445 \u043d\u0430\u0432\u0447\u0430\u043b\u044c\u043d\u0438\u0445 \u0437\u0430\u043a\u043b\u0430\u0434\u0456\u0432.<\/p>\n\n\n\n<p><a href=\"http:\/\/certyfikatpolski.pl\/wp-content\/uploads\/2017\/03\/1_Ustawa.pdf\" target=\"_blank\" rel=\"noopener noreferrer\">\u0417\u0430\u043a\u043e\u043d \u043f\u0440\u043e \u043f\u043e\u043b\u044c\u0441\u044c\u043a\u0443 \u043c\u043e\u0432\u0443 \u0432\u0456\u0434 12 \u0447\u0435\u0440\u0432\u043d\u044f 2015 \u0440\u043e\u043a\u0443 \u043f\u0440\u043e \u0432\u043d\u0435\u0441\u0435\u043d\u043d\u044f \u0437\u043c\u0456\u043d \u0434\u043e \u0417\u0430\u043a\u043e\u043d\u0443 \u043f\u0440\u043e \u043f\u043e\u043b\u044c\u0441\u044c\u043a\u0443 \u043c\u043e\u0432\u0443<\/a><\/p>\n\n\n\n<p><a href=\"http:\/\/certyfikatpolski.pl\/wp-content\/uploads\/2017\/03\/2_Rozporzadzenie-o-PKdsPZJPjO.pdf\" target=\"_blank\" rel=\"noopener noreferrer\">\u0420\u043e\u0437\u043f\u043e\u0440\u044f\u0434\u0436\u0435\u043d\u043d\u044f \u041c\u0456\u043d\u0456\u0441\u0442\u0440\u0430 \u043d\u0430\u0443\u043a\u0438 \u0456 \u0432\u0438\u0449\u043e\u0457 \u043e\u0441\u0432\u0456\u0442\u0438 \u0432\u0456\u0434 11 \u0433\u0440\u0443\u0434\u043d\u044f 2015 \u0440\u043e\u043a\u0443 \u043f\u0440\u043e \u0414\u0435\u0440\u0436\u0430\u0432\u043d\u0443 \u043a\u043e\u043c\u0456\u0441\u0456\u044e \u0437 \u043f\u0438\u0442\u0430\u043d\u044c \u0430\u0442\u0435\u0441\u0442\u0430\u0446\u0456\u0457 \u0440\u0456\u0432\u043d\u044f \u0432\u043e\u043b\u043e\u0434\u0456\u043d\u043d\u044f \u043f\u043e\u043b\u044c\u0441\u044c\u043a\u043e\u044e \u043c\u043e\u0432\u043e\u044e \u044f\u043a \u0456\u043d\u043e\u0437\u0435\u043c\u043d\u043e\u044e<\/a><\/p>\n\n\n\n<p><a href=\"https:\/\/dziennikustaw.gov.pl\/D2025000021701.pdf\" target=\"_blank\" rel=\"noreferrer noopener\">\u0420\u043e\u0437\u043f\u043e\u0440\u044f\u0434\u0436\u0435\u043d\u043d\u044f \u041c\u0456\u043d\u0456\u0441\u0442\u0440\u0430 \u043d\u0430\u0443\u043a\u0438 \u0456 \u0432\u0438\u0449\u043e\u0457 \u043e\u0441\u0432\u0456\u0442\u0438 \u0432\u0456\u0434 14 \u043b\u044e\u0442\u043e\u0433\u043e 2025 \u0440\u043e\u043a\u0443 \u043f\u0440\u043e \u0456\u0441\u043f\u0438\u0442\u0438 \u0437 \u043f\u043e\u043b\u044c\u0441\u044c\u043a\u043e\u0457 \u043c\u043e\u0432\u0438 \u044f\u043a \u0456\u043d\u043e\u0437\u0435\u043c\u043d\u043e\u0457<\/a><\/p>","protected":false},"excerpt":{"rendered":"<p>Pierwsze pa\u0144stwowe egzaminy certyfikatowe z j\u0119zyka polskiego jako obcego odby\u0142y si\u0119 w 2004 roku. To wydarzenie wielkiej wagi dla promocji j\u0119zyka polskiego by\u0142o ukoronowaniem wieloletniej pracy zespo\u0142u specjalist\u00f3w \u2013 przedstawicieli o\u015brodk\u00f3w akademickich zajmuj\u0105cych si\u0119 kszta\u0142ceniem obcokrajowc\u00f3w w Polsce. Og\u00f3lne ramy urz\u0119dowego po\u015bwiadczania znajomo\u015bci j\u0119zyka polskiego i wydawania certyfikat\u00f3w okre\u015bla\u0142a w\u00f3wczas ustawa z 11 kwietnia 2003 [&hellip;]<\/p>\n","protected":false},"author":1,"featured_media":0,"parent":0,"menu_order":0,"comment_status":"closed","ping_status":"closed","template":"","meta":{"footnotes":""},"class_list":["post-598","page","type-page","status-publish","hentry"],"_links":{"self":[{"href":"https:\/\/certyfikatpolski.pl\/uk\/wp-json\/wp\/v2\/pages\/598","targetHints":{"allow":["GET"]}}],"collection":[{"href":"https:\/\/certyfikatpolski.pl\/uk\/wp-json\/wp\/v2\/pages"}],"about":[{"href":"https:\/\/certyfikatpolski.pl\/uk\/wp-json\/wp\/v2\/types\/page"}],"author":[{"embeddable":true,"href":"https:\/\/certyfikatpolski.pl\/uk\/wp-json\/wp\/v2\/users\/1"}],"replies":[{"embeddable":true,"href":"https:\/\/certyfikatpolski.pl\/uk\/wp-json\/wp\/v2\/comments?post=598"}],"version-history":[{"count":5,"href":"https:\/\/certyfikatpolski.pl\/uk\/wp-json\/wp\/v2\/pages\/598\/revisions"}],"predecessor-version":[{"id":111012,"href":"https:\/\/certyfikatpolski.pl\/uk\/wp-json\/wp\/v2\/pages\/598\/revisions\/111012"}],"wp:attachment":[{"href":"https:\/\/certyfikatpolski.pl\/uk\/wp-json\/wp\/v2\/media?parent=598"}],"curies":[{"name":"wp","href":"https:\/\/api.w.org\/{rel}","templated":true}]}}