{"id":62,"date":"2017-03-01T22:34:29","date_gmt":"2017-03-01T21:34:29","guid":{"rendered":"http:\/\/serwer1554250.home.pl\/pl.certyfikatpolski\/?page_id=62"},"modified":"2023-01-19T07:52:23","modified_gmt":"2023-01-19T06:52:23","slug":"%d1%94%d0%b2%d1%80%d0%be%d0%bf%d0%b5%d0%b9%d1%81%d1%8c%d0%ba%d0%b8%d0%b9-%d0%b7%d0%bd%d0%b0%d0%ba-%d1%96%d0%bd%d0%bd%d0%be%d0%b2%d0%b0%d1%86%d1%96%d0%b9","status":"publish","type":"page","link":"https:\/\/certyfikatpolski.pl\/uk\/system-certyfikacji\/europejski-znak-innowacyjnosci\/","title":{"rendered":"\u0404\u0432\u0440\u043e\u043f\u0435\u0439\u0441\u044c\u043a\u0438\u0439 \u0437\u043d\u0430\u043a \u0456\u043d\u043d\u043e\u0432\u0430\u0446\u0456\u0439"},"content":{"rendered":"<p>\u041c\u0438 \u0440\u0430\u0434\u0456 \u043f\u043e\u0432\u0456\u0434\u043e\u043c\u0438\u0442\u0438, \u0449\u043e 23 \u0432\u0435\u0440\u0435\u0441\u043d\u044f 2015 \u0440\u043e\u043a\u0443 \u043f\u0440\u043e\u0444\u0435\u0441\u043e\u0440 \u0412\u043b\u0430\u0434\u0438\u0441\u043b\u0430\u0432 \u041c\u044c\u043e\u0434\u0443\u043d\u043a\u0430 \u0442\u0430 \u0434\u043e\u043a\u0442\u043e\u0440 \u0413\u0440\u0430\u0436\u0438\u043d\u0430 \u041f\u0448\u0435\u0445\u043e\u0434\u0437\u044c\u043a\u0430 \u043e\u0442\u0440\u0438\u043c\u0430\u043b\u0438 \u0432 \u041f\u0440\u0435\u0434\u0441\u0442\u0430\u0432\u043d\u0438\u0446\u0442\u0432\u0456 \u0404\u0432\u0440\u043e\u043f\u0435\u0439\u0441\u044c\u043a\u043e\u0457 \u041a\u043e\u043c\u0456\u0441\u0456\u0457 \u0432 \u041f\u043e\u043b\u044c\u0449\u0456 \u0404\u0412\u0420\u041e\u041f\u0415\u0419\u0421\u042c\u041a\u0418\u0419 \u0417\u041d\u0410\u041a \u0406\u041d\u041d\u041e\u0412\u0410\u0426\u0406\u0419 \u0423 \u0412\u0418\u041a\u041b\u0410\u0414\u0410\u041d\u041d\u0406 \u0406\u041d\u041e\u0417\u0415\u041c\u041d\u0418\u0425 \u041c\u041e\u0412 \u0442\u0430 \u0412\u0418\u0412\u0427\u0415\u041d\u041d\u0406 \u0406\u041d\u041e\u0417\u0415\u041c\u041d\u0418\u0425 \u041c\u041e\u0412.<\/p>\n\n\n\n<p>\u0413\u043e\u043b\u043e\u0432\u0430 \u0436\u0443\u0440\u0456 \u043a\u043e\u043d\u043a\u0443\u0440\u0441\u0443 European Language Label, \u043f\u0440\u043e\u0444\u0435\u0441\u043e\u0440 \u0410\u043d\u043d\u0430 \u041a\u043e\u043c\u043e\u0440\u043e\u0432\u0441\u044c\u043a\u0430, \u0432\u0440\u0443\u0447\u0438\u043b\u0430 \u041f\u0440\u0435\u0437\u0438\u0434\u0435\u043d\u0442\u0443 PKPZJPjO \u0442\u0430 \u0434\u043e\u043a\u0442\u043e\u0440\u0443 \u0413. \u041f\u0448\u0435\u0445\u043e\u0434\u0437\u044c\u043a\u0456\u0439, \u043a\u043e\u043e\u0440\u0434\u0438\u043d\u0430\u0442\u043e\u0440\u0443 \u0433\u0440\u0443\u043f\u0438 \u0430\u0432\u0442\u043e\u0440\u0456\u0432 \u0437\u0430\u0432\u0434\u0430\u043d\u044c \u0442\u0430 \u0435\u043a\u0437\u0430\u043c\u0435\u043d\u0430\u0442\u043e\u0440\u0456\u0432, \u0434\u0438\u043f\u043b\u043e\u043c, \u043f\u0456\u0434\u043f\u0438\u0441\u0430\u043d\u0438\u0439 \u041a\u043e\u043c\u0456\u0441\u0430\u0440\u043e\u043c \u0404\u0421 \u0437 \u043f\u0438\u0442\u0430\u043d\u044c \u043e\u0441\u0432\u0456\u0442\u0438, \u043a\u0443\u043b\u044c\u0442\u0443\u0440\u0438, \u043c\u043e\u043b\u043e\u0434\u0456 \u0442\u0430 \u0441\u043f\u043e\u0440\u0442\u0443 \u0442\u0430 \u041c\u0456\u043d\u0456\u0441\u0442\u0440\u043e\u043c \u043d\u0430\u0446\u0456\u043e\u043d\u0430\u043b\u044c\u043d\u043e\u0457 \u043e\u0441\u0432\u0456\u0442\u0438.<\/p>\n\n\n\n<p>\u041f\u0440\u0435\u0434\u043c\u0435\u0442\u043e\u043c \u043f\u0440\u043e\u0435\u043a\u0442\u0443, \u043d\u0430\u0433\u043e\u0440\u043e\u0434\u0436\u0435\u043d\u043e\u0433\u043e \u043f\u043e\u0447\u0435\u0441\u043d\u0438\u043c \u0441\u0435\u0440\u0442\u0438\u0444\u0456\u043a\u0430\u0442\u043e\u043c European Language Label 2015, \u0454 \u0441\u0438\u0441\u0442\u0435\u043c\u0430 \u0441\u0435\u0440\u0442\u0438\u0444\u0456\u043a\u0430\u0446\u0456\u0457 \u0440\u0456\u0432\u043d\u044f \u0432\u043e\u043b\u043e\u0434\u0456\u043d\u043d\u044f \u043f\u043e\u043b\u044c\u0441\u044c\u043a\u043e\u044e \u043c\u043e\u0432\u043e\u044e \u044f\u043a \u0456\u043d\u043e\u0437\u0435\u043c\u043d\u043e\u044e. \u0426\u044f \u0441\u0438\u0441\u0442\u0435\u043c\u0430, \u043f\u0456\u0441\u043b\u044f \u0447\u043e\u0442\u0438\u0440\u044c\u043e\u0445 \u0440\u043e\u043a\u0456\u0432 \u043f\u0456\u0434\u0433\u043e\u0442\u043e\u0432\u043a\u0438, \u0431\u0443\u043b\u0430 \u0437\u0430\u043f\u0440\u043e\u0432\u0430\u0434\u0436\u0435\u043d\u0430 \u0443 2004 \u0440\u043e\u0446\u0456 \u043f\u043e\u043f\u0440\u0430\u0432\u043a\u043e\u044e \u0434\u043e \u0417\u0430\u043a\u043e\u043d\u0443 \u043f\u0440\u043e \u043f\u043e\u043b\u044c\u0441\u044c\u043a\u0443 \u043c\u043e\u0432\u0443 \u0432\u0456\u0434 11 \u043a\u0432\u0456\u0442\u043d\u044f 2003 \u0440\u043e\u043a\u0443. \u041f\u0440\u043e\u0435\u043a\u0442 \u0431\u0443\u0432 \u0440\u043e\u0437\u0440\u043e\u0431\u043b\u0435\u043d\u0438\u0439 \u0414\u0435\u0440\u0436\u0430\u0432\u043d\u043e\u044e \u043a\u043e\u043c\u0456\u0441\u0456\u0454\u044e \u0437 \u043f\u0438\u0442\u0430\u043d\u044c \u0441\u0435\u0440\u0442\u0438\u0444\u0456\u043a\u0430\u0446\u0456\u0457 \u0440\u0456\u0432\u043d\u044f \u0432\u043e\u043b\u043e\u0434\u0456\u043d\u043d\u044f \u043f\u043e\u043b\u044c\u0441\u044c\u043a\u043e\u044e \u043c\u043e\u0432\u043e\u044e \u044f\u043a \u0456\u043d\u043e\u0437\u0435\u043c\u043d\u043e\u044e \u0442\u0430 \u0433\u0440\u0443\u043f\u043e\u044e \u0430\u0432\u0442\u043e\u0440\u0456\u0432 \u0437\u0430\u0432\u0434\u0430\u043d\u044c \u0442\u0430 \u0435\u043a\u0437\u0430\u043c\u0435\u043d\u0430\u0442\u043e\u0440\u0456\u0432 \u043d\u0430 \u0447\u043e\u043b\u0456 \u0437 \u043f\u0440\u043e\u0444\u0435\u0441\u043e\u0440\u043e\u043c \u0412\u043b\u0430\u0434\u0438\u0441\u043b\u0430\u0432\u043e\u043c \u041c\u044c\u043e\u0434\u0443\u043d\u043a\u043e\u044e.<\/p>\n\n\n\n<p><a href=\"http:\/\/certyfikatpolski.pl\/wp-content\/uploads\/2017\/03\/ELL-2015.pdf\">\u0404\u0432\u0440\u043e\u043f\u0435\u0439\u0441\u044c\u043a\u0438\u0439 \u0437\u043d\u0430\u043a \u0456\u043d\u043d\u043e\u0432\u0430\u0446\u0456\u0439<\/a><\/p>\n\n\n<a href=\"https:\/\/certyfikatpolski.pl\/wp-content\/uploads\/2017\/03\/ELL-2015.pdf\" class=\"pdfemb-viewer\" style=\"\" data-width=\"max\" data-height=\"max\" data-toolbar=\"both\" data-toolbar-fixed=\"on\">ELL-2015<\/a>\n<p class=\"wp-block-pdfemb-pdf-embedder-viewer\"><\/p>","protected":false},"excerpt":{"rendered":"<p>Z rado\u015bci\u0105 informujemy, \u017ce 23 wrze\u015bnia 2015 r. prof. W\u0142adys\u0142aw Miodunka i dr Gra\u017cyna Przechodzka odebrali w siedzibie Przedstawicielstwa Komisji Europejskiej w Polsce EUROPEJSKI ZNAK INNOWACYJNO\u015aCI W DZIEDZINIE NAUCZANIA I UCZENIA SI\u0118 J\u0118ZYK\u00d3W OBCYCH. Przewodnicz\u0105ca jury konkursu European Language Label prof. Anna Komorowska wr\u0119czy\u0142a Przewodnicz\u0105cemu PKPZJPjO i dr G. Przechodzkiej, koordynatorowi Zespo\u0142u Autor\u00f3w Zada\u0144 i [&hellip;]<\/p>\n","protected":false},"author":1,"featured_media":0,"parent":598,"menu_order":40,"comment_status":"closed","ping_status":"closed","template":"","meta":{"footnotes":""},"class_list":["post-62","page","type-page","status-publish","hentry"],"_links":{"self":[{"href":"https:\/\/certyfikatpolski.pl\/uk\/wp-json\/wp\/v2\/pages\/62","targetHints":{"allow":["GET"]}}],"collection":[{"href":"https:\/\/certyfikatpolski.pl\/uk\/wp-json\/wp\/v2\/pages"}],"about":[{"href":"https:\/\/certyfikatpolski.pl\/uk\/wp-json\/wp\/v2\/types\/page"}],"author":[{"embeddable":true,"href":"https:\/\/certyfikatpolski.pl\/uk\/wp-json\/wp\/v2\/users\/1"}],"replies":[{"embeddable":true,"href":"https:\/\/certyfikatpolski.pl\/uk\/wp-json\/wp\/v2\/comments?post=62"}],"version-history":[{"count":1,"href":"https:\/\/certyfikatpolski.pl\/uk\/wp-json\/wp\/v2\/pages\/62\/revisions"}],"predecessor-version":[{"id":109402,"href":"https:\/\/certyfikatpolski.pl\/uk\/wp-json\/wp\/v2\/pages\/62\/revisions\/109402"}],"up":[{"embeddable":true,"href":"https:\/\/certyfikatpolski.pl\/uk\/wp-json\/wp\/v2\/pages\/598"}],"wp:attachment":[{"href":"https:\/\/certyfikatpolski.pl\/uk\/wp-json\/wp\/v2\/media?parent=62"}],"curies":[{"name":"wp","href":"https:\/\/api.w.org\/{rel}","templated":true}]}}