{"id":677,"date":"2019-12-10T08:18:20","date_gmt":"2019-12-10T07:18:20","guid":{"rendered":"http:\/\/certyfikatpolski.pl\/?page_id=677"},"modified":"2026-03-09T12:26:15","modified_gmt":"2026-03-09T11:26:15","slug":"%d1%80%d0%b5%d1%94%d1%81%d1%82%d1%80%d0%b0%d1%86%d1%96%d1%8f-%d0%bd%d0%b0-%d1%96%d1%81%d0%bf%d0%b8%d1%82","status":"publish","type":"page","link":"https:\/\/certyfikatpolski.pl\/uk\/rejestracja-na-egzamin\/","title":{"rendered":"\u0420\u0415\u0404\u0421\u0422\u0420\u0410\u0426\u0406\u042f \u041d\u0410 \u0406\u0421\u041f\u0418\u0422"},"content":{"rendered":"<p><strong>\u041a\u0420\u041e\u041a 1<\/strong><\/p>\n\n\n\n<p>\u0411\u0443\u0434\u044c \u043b\u0430\u0441\u043a\u0430, \u043e\u0431\u0435\u0440\u0456\u0442\u044c \u0437\u0456 \u0441\u043f\u0438\u0441\u043a\u0443 \u043d\u0438\u0436\u0447\u0435 \u0446\u0435\u043d\u0442\u0440, \u0434\u0435 \u0432\u0438 \u043f\u043b\u0430\u043d\u0443\u0454\u0442\u0435 \u0441\u043a\u043b\u0430\u0434\u0430\u0442\u0438 \u0456\u0441\u043f\u0438\u0442.<\/p>\n\n\n\n<div class=\"wp-block-buttons alignfull is-content-justification-left is-layout-flex wp-container-core-buttons-is-layout-45245d17 wp-block-buttons-is-layout-flex\">\n<div class=\"wp-block-button is-style-outline is-style-outline--1\"><a class=\"wp-block-button__link wp-element-button\" href=\"https:\/\/certyfikatpolski.pl\/wp-content\/uploads\/2026\/03\/LO_2026_04_25_26_v4.pdf\" target=\"_blank\" rel=\"noreferrer noopener\">\u0421\u043f\u0438\u0441\u043e\u043a \u0446\u0435\u043d\u0442\u0440\u0456\u0432<\/a><\/div>\n<\/div>\n\n\n\n<p><br><strong>\u041a\u0420\u041e\u041a 2<\/strong><\/p>\n\n\n\n<p>\u0411\u0443\u0434\u044c \u043b\u0430\u0441\u043a\u0430, \u0432\u0456\u0434\u0432\u0456\u0434\u0430\u0439\u0442\u0435 \u0432\u0435\u0431-\u0441\u0430\u0439\u0442 \u043e\u0431\u0440\u0430\u043d\u043e\u0433\u043e \u0432\u0430\u043c\u0438 \u0446\u0435\u043d\u0442\u0440\u0443 \u0442\u0430 \u0437\u0430\u0440\u0435\u0454\u0441\u0442\u0440\u0443\u0439\u0442\u0435\u0441\u044f \u0434\u043e \u0432\u0441\u0442\u0430\u043d\u043e\u0432\u043b\u0435\u043d\u043e\u0433\u043e \u043d\u0438\u043c \u0442\u0435\u0440\u043c\u0456\u043d\u0443.<\/p>\n\n\n\n<p><strong>\u041a\u0420\u041e\u041a 3<\/strong><\/p>\n\n\n\n<p>\u0411\u0443\u0434\u044c \u043b\u0430\u0441\u043a\u0430, \u0441\u043f\u043b\u0430\u0442\u0456\u0442\u044c \u0432\u0430\u0440\u0442\u0456\u0441\u0442\u044c \u0456\u0441\u043f\u0438\u0442\u0443 \u0434\u043e \u0446\u0435\u043d\u0442\u0440\u0443, \u0434\u0435 \u0432\u0438 \u0437\u0430\u0440\u0435\u0454\u0441\u0442\u0440\u0443\u0432\u0430\u043b\u0438\u0441\u044f. \u0420\u0435\u043a\u0432\u0456\u0437\u0438\u0442\u0438 \u0434\u043b\u044f \u043f\u0435\u0440\u0435\u043a\u0430\u0437\u0443 \u0432\u0438 \u0437\u043d\u0430\u0439\u0434\u0435\u0442\u0435 \u043d\u0430 \u0441\u0430\u0439\u0442\u0456 \u0446\u0435\u043d\u0442\u0440\u0443.<\/p>\n\n\n\n<p><strong>\u0423\u0412\u0410\u0413\u0410!<\/strong><\/p>\n\n\n\n<p>\u0421\u043f\u0438\u0441\u043a\u0438 \u0446\u0435\u043d\u0442\u0440\u0456\u0432, \u0449\u043e \u043e\u0440\u0433\u0430\u043d\u0456\u0437\u043e\u0432\u0443\u044e\u0442\u044c \u0456\u0441\u043f\u0438\u0442\u0438 \u043d\u0430 \u043f\u0435\u0432\u043d\u0456\u0439 \u0441\u0435\u0441\u0456\u0457, \u043f\u0443\u0431\u043b\u0456\u043a\u0443\u044e\u0442\u044c\u0441\u044f \u0437\u0430 \u0434\u0432\u0430 \u043c\u0456\u0441\u044f\u0446\u0456 \u0434\u043e \u043f\u043e\u0447\u0430\u0442\u043a\u0443 \u0456\u0441\u043f\u0438\u0442\u0443. \u0422\u043e\u0434\u0456 \u0436 \u043f\u043e\u0447\u0438\u043d\u0430\u0454\u0442\u044c\u0441\u044f \u0440\u0435\u0454\u0441\u0442\u0440\u0430\u0446\u0456\u044f \u0432 \u043e\u043a\u0440\u0435\u043c\u0438\u0445 \u0446\u0435\u043d\u0442\u0440\u0430\u0445.<\/p>\n\n\n\n<p><\/p>\n\n\n\n<div class=\"wp-block-buttons alignfull is-horizontal is-content-justification-left is-layout-flex wp-container-core-buttons-is-layout-3c257f7b wp-block-buttons-is-layout-flex\">\n<div class=\"wp-block-button is-style-outline is-style-outline--2\"><a class=\"wp-block-button__link wp-element-button\" href=\"https:\/\/certyfikatpolski.pl\/wp-content\/uploads\/2023\/05\/terminy-wydawania-certyfikatow.pdf\" target=\"_blank\" rel=\"noreferrer noopener\">\u0406\u043d\u0444\u043e\u0440\u043c\u0430\u0446\u0456\u044f \u043f\u0440\u043e \u0442\u0435\u0440\u043c\u0456\u043d\u0438 \u0432\u0438\u0434\u0430\u0447\u0456 \u0441\u0435\u0440\u0442\u0438\u0444\u0456\u043a\u0430\u0442\u0456\u0432<\/a><\/div>\n<\/div>","protected":false},"excerpt":{"rendered":"<p>KROK 1 Prosz\u0119 wybra\u0107 z poni\u017cszej listy o\u015brodek, w kt\u00f3rym planuje Pan\/Pani zdawa\u0107 egzamin. KROK 2 Prosz\u0119 wej\u015b\u0107 na stron\u0119 wybranego o\u015brodka i dokona\u0107 rejestracji w terminie wyznaczonym przez o\u015brodek. KROK 3 Prosz\u0119 dokona\u0107 op\u0142aty za egzamin na konto o\u015brodka, w kt\u00f3rym zosta\u0142a dokonana rejestracja. Dane do przelewu znajdzie Pan\/Pani na stronie o\u015brodka. UWAGA! Listy [&hellip;]<\/p>\n","protected":false},"author":1,"featured_media":0,"parent":0,"menu_order":0,"comment_status":"closed","ping_status":"closed","template":"","meta":{"footnotes":""},"class_list":["post-677","page","type-page","status-publish","hentry"],"_links":{"self":[{"href":"https:\/\/certyfikatpolski.pl\/uk\/wp-json\/wp\/v2\/pages\/677","targetHints":{"allow":["GET"]}}],"collection":[{"href":"https:\/\/certyfikatpolski.pl\/uk\/wp-json\/wp\/v2\/pages"}],"about":[{"href":"https:\/\/certyfikatpolski.pl\/uk\/wp-json\/wp\/v2\/types\/page"}],"author":[{"embeddable":true,"href":"https:\/\/certyfikatpolski.pl\/uk\/wp-json\/wp\/v2\/users\/1"}],"replies":[{"embeddable":true,"href":"https:\/\/certyfikatpolski.pl\/uk\/wp-json\/wp\/v2\/comments?post=677"}],"version-history":[{"count":48,"href":"https:\/\/certyfikatpolski.pl\/uk\/wp-json\/wp\/v2\/pages\/677\/revisions"}],"predecessor-version":[{"id":111313,"href":"https:\/\/certyfikatpolski.pl\/uk\/wp-json\/wp\/v2\/pages\/677\/revisions\/111313"}],"wp:attachment":[{"href":"https:\/\/certyfikatpolski.pl\/uk\/wp-json\/wp\/v2\/media?parent=677"}],"curies":[{"name":"wp","href":"https:\/\/api.w.org\/{rel}","templated":true}]}}