{"id":9,"date":"2017-03-01T20:55:47","date_gmt":"2017-03-01T19:55:47","guid":{"rendered":"http:\/\/serwer1554250.home.pl\/pl.certyfikatpolski\/?page_id=9"},"modified":"2022-10-18T21:29:18","modified_gmt":"2022-10-18T19:29:18","slug":"%d0%bf%d1%80%d0%be-%d0%bf%d0%be%d0%bb%d1%8c%d1%81%d1%8c%d0%ba%d1%83-%d0%bc%d0%be%d0%b2%d1%83","status":"publish","type":"page","link":"https:\/\/certyfikatpolski.pl\/uk\/system-certyfikacji\/o-jezyku-polskim\/","title":{"rendered":"\u041f\u0440\u043e \u043f\u043e\u043b\u044c\u0441\u044c\u043a\u0443 \u043c\u043e\u0432\u0443"},"content":{"rendered":"<p>\u041f\u043e\u043b\u044c\u0441\u044c\u043a\u0430 \u043c\u043e\u0432\u0430 \u043d\u0430\u043b\u0435\u0436\u0438\u0442\u044c \u0434\u043e \u0437\u0430\u0445\u0456\u0434\u043d\u043e\u0441\u043b\u043e\u0432'\u044f\u043d\u0441\u044c\u043a\u043e\u0457 \u0433\u0440\u0443\u043f\u0438 \u0456\u043d\u0434\u043e\u0454\u0432\u0440\u043e\u043f\u0435\u0439\u0441\u044c\u043a\u0438\u0445 \u043c\u043e\u0432. \u0417\u0430 \u0441\u0432\u043e\u0454\u044e \u0441\u0442\u0440\u0443\u043a\u0442\u0443\u0440\u043e\u044e \u0432\u043e\u043d\u0430 \u043a\u043b\u0430\u0441\u0438\u0444\u0456\u043a\u0443\u0454\u0442\u044c\u0441\u044f \u044f\u043a \u0444\u043b\u0435\u043a\u0442\u0438\u0432\u043d\u0430, \u0441\u0438\u043d\u0442\u0435\u0442\u0438\u0447\u043d\u0430 \u043c\u043e\u0432\u0430. \u042f\u043a \u043e\u043a\u0440\u0435\u043c\u0430 \u043c\u043e\u0432\u0430 \u043f\u043e\u043b\u044c\u0441\u044c\u043a\u0430 \u043f\u043e\u0447\u0430\u043b\u0430 \u0444\u043e\u0440\u043c\u0443\u0432\u0430\u0442\u0438\u0441\u044f \u0432 10 \u0441\u0442\u043e\u043b\u0456\u0442\u0442\u0456, \u0432\u0456\u0434\u0456\u0433\u0440\u0430\u0432\u0448\u0438 \u0432\u0430\u0436\u043b\u0438\u0432\u0443 \u0440\u043e\u043b\u044c \u0443 \u0441\u0442\u0430\u043d\u043e\u0432\u043b\u0435\u043d\u043d\u0456 \u0442\u0430 \u0440\u043e\u0437\u0432\u0438\u0442\u043a\u0443 \u043f\u043e\u043b\u044c\u0441\u044c\u043a\u043e\u0457 \u0434\u0435\u0440\u0436\u0430\u0432\u0438. \u041d\u0430\u0439\u0434\u0430\u0432\u043d\u0456\u0448\u0456 \u0437\u0431\u0435\u0440\u0435\u0436\u0435\u043d\u0456 \u0437\u0430\u043f\u0438\u0441\u0438 \u043e\u043a\u0440\u0435\u043c\u0438\u0445 \u0441\u043b\u0456\u0432 \u043f\u043e\u043b\u044c\u0441\u044c\u043a\u043e\u044e \u043c\u043e\u0432\u043e\u044e \u0434\u0430\u0442\u0443\u044e\u0442\u044c\u0441\u044f 12 \u0441\u0442\u043e\u043b\u0456\u0442\u0442\u044f\u043c. \u041d\u0430\u0439\u0434\u0430\u0432\u043d\u0456\u0448\u0435 \u0437\u0431\u0435\u0440\u0435\u0436\u0435\u043d\u0435 \u043f\u043e\u0432\u043d\u0435 \u0440\u0435\u0447\u0435\u043d\u043d\u044f \u043f\u043e\u043b\u044c\u0441\u044c\u043a\u043e\u044e \u043c\u043e\u0432\u043e\u044e - \u201eDaj, a\u0107 ja pobrusz\u0119, a ty poczywaj\u201d. \u0419\u043e\u0433\u043e \u0431\u0443\u043b\u043e \u0437\u043d\u0430\u0439\u0434\u0435\u043d\u043e \u0432 \u043b\u0430\u0442\u0438\u043d\u0441\u044c\u043a\u043e\u043c\u0443 \u0442\u0435\u043a\u0441\u0442\u0456 1270 \u0440\u043e\u043a\u0443. \u0414\u043e 14 \u0441\u0442\u043e\u043b\u0456\u0442\u0442\u044f \u043f\u043e\u043b\u044c\u0441\u044c\u043a\u0430 \u043c\u043e\u0432\u0430 \u0456\u0441\u043d\u0443\u0432\u0430\u043b\u0430 \u043b\u0438\u0448\u0435 \u0432 \u0440\u0435\u0433\u0456\u043e\u043d\u0430\u043b\u044c\u043d\u0438\u0445 \u0442\u0430 \u043d\u0430\u0440\u043e\u0434\u043d\u0438\u0445 \u0440\u043e\u0437\u043c\u043e\u0432\u043d\u0438\u0445 \u0440\u0456\u0437\u043d\u043e\u0432\u0438\u0434\u0430\u0445. \u041b\u0456\u0442\u0435\u0440\u0430\u0442\u0443\u0440\u043d\u0438\u0439, \u043d\u0430\u0434\u0440\u0435\u0433\u0456\u043e\u043d\u0430\u043b\u044c\u043d\u0438\u0439 \u0440\u0456\u0437\u043d\u043e\u0432\u0438\u0434 \u043c\u043e\u0432\u0438 \u0440\u043e\u0437\u0432\u0438\u043d\u0443\u0432\u0441\u044f \u0432 15-16 \u0441\u0442\u043e\u043b\u0456\u0442\u0442\u044f\u0445, \u043f\u0440\u043e \u0449\u043e \u0441\u0432\u0456\u0434\u0447\u0438\u0442\u044c \u0431\u0430\u0433\u0430\u0442\u0430 \u0440\u0435\u043d\u0435\u0441\u0430\u043d\u0441\u043d\u0430 \u043b\u0456\u0442\u0435\u0440\u0430\u0442\u0443\u0440\u0430, \u043d\u0430\u043f\u0438\u0441\u0430\u043d\u0430 \u043f\u043e\u043b\u044c\u0441\u044c\u043a\u043e\u044e \u043c\u043e\u0432\u043e\u044e. \u0421\u043f\u043e\u0447\u0430\u0442\u043a\u0443 \u043d\u0430 \u0440\u043e\u0437\u0432\u0438\u0442\u043e\u043a \u043f\u043e\u043b\u044c\u0441\u044c\u043a\u043e\u0457 \u043c\u043e\u0432\u0438 \u0441\u0438\u043b\u044c\u043d\u043e \u0432\u043f\u043b\u0438\u043d\u0443\u043b\u0438 \u043c\u043e\u0432\u0438 \u0457\u0457 \u0441\u0443\u0441\u0456\u0434\u0456\u0432 - \u043d\u0456\u043c\u0435\u0446\u044c\u043a\u0430 \u0442\u0430 \u0447\u0435\u0441\u044c\u043a\u0430, \u0430 \u0442\u0430\u043a\u043e\u0436 \u043b\u0430\u0442\u0438\u043d\u0430. \u0423 \u043d\u0430\u0441\u0442\u0443\u043f\u043d\u0456 \u0441\u0442\u043e\u043b\u0456\u0442\u0442\u044f \u0437\u043d\u0430\u0447\u043d\u043e\u0433\u043e \u0432\u043f\u043b\u0438\u0432\u0443 \u0437\u0430\u0437\u043d\u0430\u043b\u0430 \u0444\u0440\u0430\u043d\u0446\u0443\u0437\u044c\u043a\u0430 \u043c\u043e\u0432\u0430, \u0430 \u0441\u044c\u043e\u0433\u043e\u0434\u043d\u0456 \u043f\u043e\u043b\u044c\u0441\u044c\u043a\u0430, \u044f\u043a \u0456 \u0456\u043d\u0448\u0456 \u0454\u0432\u0440\u043e\u043f\u0435\u0439\u0441\u044c\u043a\u0456 \u043c\u043e\u0432\u0438, \u0431\u0430\u0433\u0430\u0442\u043e \u0437\u0430\u043f\u043e\u0437\u0438\u0447\u0438\u043b\u0430 \u0437 \u0430\u043d\u0433\u043b\u0456\u0439\u0441\u044c\u043a\u043e\u0457.<\/p>\n\n\n\n<p>\u041a\u0456\u043b\u044c\u043a\u0456\u0441\u0442\u044c \u043a\u043e\u0440\u0438\u0441\u0442\u0443\u0432\u0430\u0447\u0456\u0432 \u043f\u043e\u043b\u044c\u0441\u044c\u043a\u043e\u0457 \u043c\u043e\u0432\u0438 \u043c\u043e\u0436\u043d\u0430 \u043e\u0446\u0456\u043d\u0438\u0442\u0438 \u0443 \u043f\u043e\u043d\u0430\u0434 45 \u043c\u0456\u043b\u044c\u0439\u043e\u043d\u0456\u0432 \u043e\u0441\u0456\u0431, \u0437 \u044f\u043a\u0438\u0445 \u043f\u0440\u0438\u0431\u043b\u0438\u0437\u043d\u043e 38 \u043c\u0456\u043b\u044c\u0439\u043e\u043d\u0456\u0432 \u043f\u0440\u043e\u0436\u0438\u0432\u0430\u044e\u0442\u044c \u0443 \u041f\u043e\u043b\u044c\u0449\u0456. \u041f\u043e\u043b\u044c\u0441\u044c\u043a\u043e\u044e \u0442\u0430\u043a\u043e\u0436 \u0440\u043e\u0437\u043c\u043e\u0432\u043b\u044f\u044e\u0442\u044c \u0447\u0438\u0441\u043b\u0435\u043d\u043d\u0456 \u0433\u0440\u0443\u043f\u0438 \u043f\u043e\u043b\u044f\u043a\u0456\u0432 \u0430\u0431\u043e \u043e\u0441\u0456\u0431 \u043f\u043e\u043b\u044c\u0441\u044c\u043a\u043e\u0433\u043e \u043f\u043e\u0445\u043e\u0434\u0436\u0435\u043d\u043d\u044f, \u044f\u043a\u0456 \u043f\u0440\u043e\u0436\u0438\u0432\u0430\u044e\u0442\u044c \u0437\u0430 \u043a\u043e\u0440\u0434\u043e\u043d\u043e\u043c, \u0437\u043e\u043a\u0440\u0435\u043c\u0430 \u0432 \u0421\u0428\u0410, \u041a\u0430\u043d\u0430\u0434\u0456, \u0410\u0432\u0441\u0442\u0440\u0430\u043b\u0456\u0457, \u041d\u0456\u043c\u0435\u0447\u0447\u0438\u043d\u0456, \u0412\u0435\u043b\u0438\u043a\u043e\u0431\u0440\u0438\u0442\u0430\u043d\u0456\u0457, \u0424\u0440\u0430\u043d\u0446\u0456\u0457, \u0406\u0440\u043b\u0430\u043d\u0434\u0456\u0457, \u0406\u0441\u043b\u0430\u043d\u0434\u0456\u0457, \u0430 \u0442\u0430\u043a\u043e\u0436 \u0432 \u0411\u0456\u043b\u043e\u0440\u0443\u0441\u0456, \u041a\u0430\u0437\u0430\u0445\u0441\u0442\u0430\u043d\u0456, \u041b\u0438\u0442\u0432\u0456 \u0442\u0430 \u0423\u043a\u0440\u0430\u0457\u043d\u0456.<\/p>\n\n\n\n<p>\u0421\u044c\u043e\u0433\u043e\u0434\u043d\u0456 \u043f\u043e\u043b\u044c\u0441\u044c\u043a\u0430 \u043c\u043e\u0432\u0430 \u0432\u0438\u043a\u043e\u0440\u0438\u0441\u0442\u043e\u0432\u0443\u0454\u0442\u044c\u0441\u044f \u0432 \u041f\u043e\u043b\u044c\u0449\u0456 \u0443 \u0432\u0438\u0433\u043b\u044f\u0434\u0456 \u043e\u0444\u0456\u0446\u0456\u0439\u043d\u043e\u0457, \u043b\u0456\u0442\u0435\u0440\u0430\u0442\u0443\u0440\u043d\u043e\u0457 \u0437\u0430\u0433\u0430\u043b\u044c\u043d\u043e\u043f\u043e\u043b\u044c\u0441\u044c\u043a\u043e\u0457 \u0444\u043e\u0440\u043c\u0438, \u044f\u043a\u0430 \u0432\u0438\u043d\u0438\u043a\u043b\u0430 \u043d\u0430 \u043e\u0441\u043d\u043e\u0432\u0456 \u0432\u0435\u043b\u0438\u043a\u043e\u043f\u043e\u043b\u044c\u0441\u044c\u043a\u043e\u0433\u043e \u0442\u0430 \u043c\u0430\u043b\u043e\u043f\u043e\u043b\u044c\u0441\u044c\u043a\u043e\u0433\u043e \u0434\u0456\u0430\u043b\u0435\u043a\u0442\u0456\u0432, \u0430 \u0442\u0430\u043a\u043e\u0436 \u043f\u0456\u0434 \u0432\u043f\u043b\u0438\u0432\u043e\u043c \u043c\u0430\u0437\u043e\u0432\u0435\u0446\u044c\u043a\u043e\u0433\u043e \u0434\u0456\u0430\u043b\u0435\u043a\u0442\u0443. \u041d\u0430 \u043c\u0456\u0441\u0446\u0435\u0432\u043e\u043c\u0443 \u0440\u0456\u0432\u043d\u0456 \u0432 \u0440\u043e\u0437\u043c\u043e\u0432\u043d\u043e\u043c\u0443 \u0432\u0430\u0440\u0456\u0430\u043d\u0442\u0456 \u043d\u0430\u0439\u0447\u0430\u0441\u0442\u0456\u0448\u0435 \u0432\u0438\u043a\u043e\u0440\u0438\u0441\u0442\u043e\u0432\u0443\u044e\u0442\u044c\u0441\u044f \u0442\u0430\u043a\u0456 \u0434\u0456\u0430\u043b\u0435\u043a\u0442\u0438, \u044f\u043a \u043a\u0430\u0448\u0443\u0431\u0441\u044c\u043a\u0438\u0439, \u0441\u0456\u043b\u0435\u0437\u044c\u043a\u0438\u0439, \u043c\u0430\u043b\u043e\u043f\u043e\u043b\u044c\u0441\u044c\u043a\u0438\u0439, \u043c\u0430\u0437\u043e\u0432\u0435\u0446\u044c\u043a\u0438\u0439 \u0456 \u0432\u0435\u043b\u0438\u043a\u043e\u043f\u043e\u043b\u044c\u0441\u044c\u043a\u0438\u0439.<\/p>\n\n\n\n<p>\u041d\u0430\u0439\u043f\u043e\u0432\u043d\u0456\u0448\u0456 \u0441\u043b\u043e\u0432\u043d\u0438\u043a\u0438 \u043f\u043e\u043b\u044c\u0441\u044c\u043a\u043e\u0457 \u043c\u043e\u0432\u0438 \u0432\u043a\u043b\u044e\u0447\u0430\u044e\u0442\u044c \u043f\u043e\u043d\u0430\u0434 130 000 \u043e\u0434\u0438\u043d\u0438\u0446\u044c, \u0437 \u044f\u043a\u0438\u0445 \u043f\u0440\u0438\u0431\u043b\u0438\u0437\u043d\u043e 20 000 \u0432\u0438\u043a\u043e\u0440\u0438\u0441\u0442\u043e\u0432\u0443\u044e\u0442\u044c\u0441\u044f \u0449\u043e\u0434\u043d\u044f. \u0412\u0441\u0435 \u0431\u0456\u043b\u044c\u0448\u0435 \u043b\u044e\u0434\u0435\u0439 \u0432\u0438\u0432\u0447\u0430\u044e\u0442\u044c \u043f\u043e\u043b\u044c\u0441\u044c\u043a\u0443 \u043c\u043e\u0432\u0443 \u044f\u043a \u0456\u043d\u043e\u0437\u0435\u043c\u043d\u0443. \u0407\u0445 \u043a\u0456\u043b\u044c\u043a\u0456\u0441\u0442\u044c \u043c\u043e\u0436\u043d\u0430 \u043e\u0446\u0456\u043d\u0438\u0442\u0438 \u043c\u0430\u0439\u0436\u0435 \u0432 10 000 \u0443 \u0432\u0441\u044c\u043e\u043c\u0443 \u0441\u0432\u0456\u0442\u0456, \u0437 \u044f\u043a\u0438\u0445 \u0431\u043b\u0438\u0437\u044c\u043a\u043e \u0442\u0440\u0435\u0442\u0438\u043d\u0438 \u0432\u0438\u0432\u0447\u0430\u044e\u0442\u044c \u043f\u043e\u043b\u044c\u0441\u044c\u043a\u0443 \u043c\u043e\u0432\u0443 \u0432 \u0443\u043d\u0456\u0432\u0435\u0440\u0441\u0438\u0442\u0435\u0442\u0430\u0445 \u0442\u0430 \u043c\u043e\u0432\u043d\u0438\u0445 \u0448\u043a\u043e\u043b\u0430\u0445 \u041f\u043e\u043b\u044c\u0449\u0456. \u0412\u043e\u043d\u0438 \u0437\u0430\u0456\u043d\u0442\u0440\u0438\u0433\u043e\u0432\u0430\u043d\u0456 \u0442\u0438\u043c, \u0449\u043e \u0434\u0435\u044f\u043a\u0456 \u0456\u043c\u0435\u043d\u043d\u0438\u043a\u0438 \u0432 \u043f\u043e\u043b\u044c\u0441\u044c\u043a\u0456\u0439 \u043c\u043e\u0432\u0456 \u043c\u043e\u0436\u0443\u0442\u044c \u043c\u0430\u0442\u0438 \u0434\u043e 14 \u0440\u0456\u0437\u043d\u0438\u0445 \u0444\u043b\u0435\u043a\u0441\u0456\u0439\u043d\u0438\u0445 \u0444\u043e\u0440\u043c, \u0456 \u043d\u0435 \u0431\u043e\u044f\u0442\u044c\u0441\u044f \u0432\u0438\u043c\u043e\u0432\u043b\u044f\u0442\u0438 \u043b\u0456\u043d\u0433\u0432\u0456\u0441\u0442\u0438\u0447\u043d\u0456 \u043c\u0456\u0448\u0430\u043d\u0438\u043d\u0438, \u0442\u0430\u043a\u0456 \u044f\u043a \u201eW Szczebrzeszynie chrz\u0105szcz brzmi w trzcinie\u201d. \u0412\u043e\u043d\u0438 \u0434\u0438\u0432\u0443\u044e\u0442\u044c\u0441\u044f, \u043a\u043e\u043b\u0438 \u0437\u043d\u0430\u0445\u043e\u0434\u044f\u0442\u044c \u0443 \u043f\u043e\u043b\u044c\u0441\u044c\u043a\u0456\u0439 \u043c\u043e\u0432\u0456 \u0441\u043b\u043e\u0432\u0430, \u0437\u043d\u0430\u0439\u043e\u043c\u0456 \u0457\u043c \u0437 \u0457\u0445\u043d\u0456\u0445 \u0440\u0456\u0434\u043d\u0438\u0445 \u043c\u043e\u0432. \u0414\u043b\u044f \u043d\u0456\u043c\u0446\u0456\u0432 \u0446\u0435 \u0431\u0443\u0434\u0443\u0442\u044c, \u043d\u0430\u043f\u0440\u0438\u043a\u043b\u0430\u0434, \u0434\u0430\u0445, \u043c\u0435\u0442\u0430\u043b\u0435\u0432\u0438\u0439 \u043b\u0438\u0441\u0442, \u044f\u0440\u043c\u0430\u0440\u043e\u043a, \u0431\u0443\u0434\u0456\u0432\u043b\u044f, \u0440\u0430\u0442\u0443\u0448\u0430; \u0434\u043b\u044f \u0456\u0442\u0430\u043b\u0456\u0439\u0446\u0456\u0432 - \u0444\u043e\u043d\u0442\u0430\u043d, \u0433\u0440\u0430\u0446\u0456\u044f, \u043f\u043e\u043c\u0456\u0434\u043e\u0440, \u043f\u0456\u0434\u0432\u0456\u043a\u043e\u043d\u043d\u044f; \u0434\u043b\u044f \u0444\u0440\u0430\u043d\u0446\u0443\u0437\u0456\u0432 - \u0431\u0430\u0433\u0430\u0436, \u043a\u0432\u0438\u0442\u043e\u043a, \u0431\u0443\u043a\u0435\u0442, \u0440\u043e\u043c\u0430\u043d, \u0432\u0456\u0437\u0438\u0442; \u0434\u043b\u044f \u0430\u043d\u0433\u043b\u0456\u0439\u0446\u0456\u0432 \u0442\u0430 \u0430\u043c\u0435\u0440\u0438\u043a\u0430\u043d\u0446\u0456\u0432 - \u0430\u0432\u0442\u043e\u0431\u0443\u0441, \u043a\u043e\u043c\u043f'\u044e\u0442\u0435\u0440, \u0434\u0438\u0441\u043a\u0435\u0442\u0430, \u0431\u0456\u0437\u043d\u0435\u0441\u043c\u0435\u043d, \u043f\u0430\u043f\u043a\u0430, \u043c\u0456\u043a\u0441\u0435\u0440, \u0434\u0440\u0438\u0431\u043b\u0456\u043d\u0433, \u0440\u0435\u043b\u0430\u043a\u0441, \u043a\u0435\u0442\u0447\u0443\u043f, \u0434\u0436\u0438\u043d\u0441\u0438. \u041a\u043e\u0436\u0435\u043d \u043b\u0435\u0433\u043a\u043e \u0432\u043f\u0456\u0437\u043d\u0430\u0454 \u0442\u0435\u043c\u0430\u0442\u0438\u043a\u0443 \u0433\u0430\u0437\u0435\u0442\u043d\u0438\u0445 \u0442\u0435\u043a\u0441\u0442\u0456\u0432, \u0437\u0430\u0433\u043e\u043b\u043e\u0432\u043a\u0438 \u044f\u043a\u0438\u0445 \u0437\u0432\u0443\u0447\u0430\u0442\u044c, \u043d\u0430\u043f\u0440\u0438\u043a\u043b\u0430\u0434, \u0442\u0430\u043a \u201e\u0420\u0430\u0446\u0456\u043e\u043d\u0430\u043b\u044c\u043d\u0430 \u0435\u043a\u043e\u043d\u043e\u043c\u0456\u0447\u043d\u0430 \u043f\u043e\u043b\u0456\u0442\u0438\u043a\u0430\u201d, \u201e\u041a\u0430\u0442\u0430\u0441\u0442\u0440\u043e\u0444\u0456\u0447\u043d\u0430 \u0456\u043d\u0444\u043b\u044f\u0446\u0456\u044f - \u0446\u0435\u043d\u0442\u0440\u0430\u043b\u044c\u043d\u0438\u0439 \u0431\u0430\u043d\u043a \u0432\u0442\u0440\u0443\u0447\u0430\u0454\u0442\u044c\u0441\u044f\u201d, \u201e\u041f\u0440\u0435\u0441-\u043a\u043e\u043d\u0444\u0435\u0440\u0435\u043d\u0446\u0456\u044f \u043c\u0456\u043d\u0456\u0441\u0442\u0440\u0430 \u0444\u0456\u043d\u0430\u043d\u0441\u0456\u0432\u201d, \u201e\u041a\u043e\u0440\u0443\u043f\u0446\u0456\u044f \u0432 \u043c\u0456\u0441\u0446\u0435\u0432\u0456\u0439 \u0430\u0434\u043c\u0456\u043d\u0456\u0441\u0442\u0440\u0430\u0446\u0456\u0457\u201d, \u201e\u041d\u043e\u0432\u0438\u0439 \u0434\u043e\u043f\u0456\u043d\u0433\u043e\u0432\u0438\u0439 \u0441\u043a\u0430\u043d\u0434\u0430\u043b \u0443 \u0442\u0435\u043d\u0456\u0441\u0456\u201d. \u0406 \u0432\u0441\u0435 \u0446\u0435 \u043f\u043e\u043b\u044c\u0441\u044c\u043a\u043e\u044e \u043c\u043e\u0432\u043e\u044e!<\/p>","protected":false},"excerpt":{"rendered":"<p>J\u0119zyk polski nale\u017cy do zachodnios\u0142owia\u0144skiej grupy j\u0119zyk\u00f3w indoeuropejskich. Ze wzgl\u0119du na swoj\u0105 struktur\u0119 zaliczany jest do j\u0119zyk\u00f3w fleksyjnych, syntetycznych. Jako odr\u0119bny j\u0119zyk polszczyzna zacz\u0119\u0142a si\u0119 kszta\u0142towa\u0107 w X wieku, pe\u0142ni\u0105c wa\u017cn\u0105 rol\u0119 w powstaniu i rozwoju pa\u0144stwa polskiego. Najdawniejsze zachowane zapisy pojedynczych s\u0142\u00f3w w j\u0119zyku polskim pochodz\u0105 z XII wieku. Najstarsze zachowane pe\u0142ne zdanie zapisane [&hellip;]<\/p>\n","protected":false},"author":1,"featured_media":0,"parent":598,"menu_order":200,"comment_status":"closed","ping_status":"closed","template":"","meta":{"footnotes":""},"class_list":["post-9","page","type-page","status-publish","hentry"],"_links":{"self":[{"href":"https:\/\/certyfikatpolski.pl\/uk\/wp-json\/wp\/v2\/pages\/9","targetHints":{"allow":["GET"]}}],"collection":[{"href":"https:\/\/certyfikatpolski.pl\/uk\/wp-json\/wp\/v2\/pages"}],"about":[{"href":"https:\/\/certyfikatpolski.pl\/uk\/wp-json\/wp\/v2\/types\/page"}],"author":[{"embeddable":true,"href":"https:\/\/certyfikatpolski.pl\/uk\/wp-json\/wp\/v2\/users\/1"}],"replies":[{"embeddable":true,"href":"https:\/\/certyfikatpolski.pl\/uk\/wp-json\/wp\/v2\/comments?post=9"}],"version-history":[{"count":2,"href":"https:\/\/certyfikatpolski.pl\/uk\/wp-json\/wp\/v2\/pages\/9\/revisions"}],"predecessor-version":[{"id":109405,"href":"https:\/\/certyfikatpolski.pl\/uk\/wp-json\/wp\/v2\/pages\/9\/revisions\/109405"}],"up":[{"embeddable":true,"href":"https:\/\/certyfikatpolski.pl\/uk\/wp-json\/wp\/v2\/pages\/598"}],"wp:attachment":[{"href":"https:\/\/certyfikatpolski.pl\/uk\/wp-json\/wp\/v2\/media?parent=9"}],"curies":[{"name":"wp","href":"https:\/\/api.w.org\/{rel}","templated":true}]}}